{"id":15034,"date":"2020-08-26T14:40:06","date_gmt":"2020-08-26T12:40:06","guid":{"rendered":"https:\/\/fulbat.com\/product\/fltx20hl\/"},"modified":"2024-11-20T15:07:45","modified_gmt":"2024-11-20T14:07:45","slug":"fltx20hl","status":"publish","type":"product","link":"https:\/\/fulbat.com\/es\/producto\/fltx20hl\/","title":{"rendered":"FLTX20HL"},"content":{"rendered":"<p style=\"text-align: justify;\">La bater\u00eda FLTX20HL forma parte de nuestra gama de Litio LiFePO4. Equipada con un sistema de gesti\u00f3n de la bater\u00eda integrado y un comprobador de bater\u00edas con pantalla LCD, esta bater\u00eda de 12,8 V y 153.6Wh garantiza un rendimiento de arranque extremo, una autodescarga muy baja y una vida \u00fatil extrema en condiciones m\u00e1s seguras.<\/p>\n<p>Lista para usar y con una concepci\u00f3n ultraligera, la bater\u00eda FLTX20HL es ideal para los pilotos m\u00e1s exigentes que buscan la m\u00e1xima experiencia de conducci\u00f3n.<\/p>\n<p><img loading=\"lazy\" decoding=\"async\" class=\"alignnone wp-image-8284\" src=\"https:\/\/fulbat.com\/wp-content\/uploads\/2020\/08\/EU-flag-300x200.jpg\" alt=\"\" width=\"26\" height=\"17\" srcset=\"https:\/\/fulbat.com\/wp-content\/uploads\/2020\/08\/EU-flag-300x200.jpg 300w, https:\/\/fulbat.com\/wp-content\/uploads\/2020\/08\/EU-flag-150x100.jpg 150w, https:\/\/fulbat.com\/wp-content\/uploads\/2020\/08\/EU-flag.jpg 425w\" sizes=\"auto, (max-width: 26px) 100vw, 26px\" \/> Cumple con el nuevo reglamento europeo (UE) 2019\/1148 de 2021 relativo a la venta de \u00e1cido para bater\u00edas<\/p>\n<p>Cargadores compatibles : <strong><a href=\"https:\/\/fulbat.com\/es\/cargadores\/cargadores\/fulload-1000\/\" target=\"_blank\" rel=\"noopener noreferrer\">Fulload 1000<\/a><\/strong> | <a href=\"https:\/\/fulbat.com\/es\/cargadores\/cargadores\/fulload-f4\/\" target=\"_blank\" rel=\"noopener noreferrer\"><strong>Fulload F4<\/strong><\/a>| <a href=\"https:\/\/fulbat.com\/es\/cargadores\/cargadores\/fulbank-2000\/\"><strong>Fulbank 2000<\/strong><\/a><\/p>\n","protected":false},"excerpt":{"rendered":"<p>Listo para usar y sin mantenimiento<\/p>\n<p>Peso ultraligero en comparaci\u00f3n con las bater\u00edas de plomo<\/p>\n<p>Alto rendimiento de arranque en fr\u00edo<\/p>\n<p>Carga r\u00e1pida (hasta 5 veces m\u00e1s r\u00e1pida que una bater\u00eda de plomo)<\/p>\n<p>Dise\u00f1o fiable y seguro gracias al sistema BMS<\/p>\n<p>Se puede montar en cualquier posici\u00f3n<\/p>\n<p>Comprobador de bater\u00edas integrado con pantalla LCD<\/p>\n<p>Muy baja autodescarga<\/p>\n","protected":false},"featured_media":17686,"template":"","meta":[],"product_brand":[],"product_cat":[2580,2587,2589,2594,2596,2582,2593,2592],"product_tag":[2936,2937,2939,2938,2943,2947,2946,2942,2948,2945,2935,2876,2944,2950,2949,2952,2940,2951,2941,2953],"class_list":{"0":"post-15034","1":"product","2":"type-product","3":"status-publish","4":"has-post-thumbnail","6":"product_cat-arranque","7":"product_cat-litio","8":"product_cat-moto-es","9":"product_cat-motonieve","10":"product_cat-motonieve-es","11":"product_cat-quad-es","12":"product_cat-scooter-es","13":"product_cat-ssv-utv-es","14":"product_tag-bateria-de-litio","15":"product_tag-bateria-de-moto-de-agua","16":"product_tag-bateria-de-quad","17":"product_tag-bateria-para-motos-de-nieve","18":"product_tag-fb16cl-b-es","19":"product_tag-fb16l-b-es","20":"product_tag-fb18l-a-es","21":"product_tag-ftx20l-bs-es","22":"product_tag-hjtx20hq-fp-es","23":"product_tag-lfp01-es","24":"product_tag-litio","25":"product_tag-motorcycle-battery-es","26":"product_tag-yb16cl-b-es","27":"product_tag-yb16l-b-es","28":"product_tag-yb18l-a-es","29":"product_tag-yb18la-es","30":"product_tag-ytx20hl-bs-es","31":"product_tag-ytx20hlbs-es","32":"product_tag-ytx20l-bs-es","33":"product_tag-ytx20lbs-es-2","35":"first","36":"instock","37":"shipping-taxable","38":"product-type-simple"},"yoast_head":"<!-- This site is optimized with the Yoast SEO plugin v26.9 - https:\/\/yoast.com\/product\/yoast-seo-wordpress\/ -->\n<title>FLTX20HL<\/title>\n<meta name=\"description\" content=\"FLTX20HL\" \/>\n<meta name=\"robots\" content=\"index, follow, max-snippet:-1, max-image-preview:large, max-video-preview:-1\" \/>\n<link rel=\"canonical\" href=\"https:\/\/fulbat.com\/es\/producto\/fltx20hl\/\" \/>\n<meta property=\"og:locale\" content=\"es_ES\" \/>\n<meta property=\"og:type\" content=\"article\" \/>\n<meta property=\"og:title\" content=\"FLTX20HL\" \/>\n<meta property=\"og:description\" content=\"FLTX20HL\" \/>\n<meta property=\"og:url\" content=\"https:\/\/fulbat.com\/es\/producto\/fltx20hl\/\" \/>\n<meta property=\"og:site_name\" content=\"Fulbat\" \/>\n<meta property=\"article:modified_time\" content=\"2024-11-20T14:07:45+00:00\" \/>\n<meta property=\"og:image\" content=\"https:\/\/fulbat.com\/wp-content\/uploads\/2022\/09\/FLTX20HL.png\" \/>\n\t<meta property=\"og:image:width\" content=\"500\" \/>\n\t<meta property=\"og:image:height\" content=\"500\" \/>\n\t<meta property=\"og:image:type\" content=\"image\/png\" \/>\n<meta name=\"twitter:card\" content=\"summary_large_image\" \/>\n<meta name=\"twitter:label1\" content=\"Tiempo de lectura\" \/>\n\t<meta name=\"twitter:data1\" content=\"1 minuto\" \/>\n<script type=\"application\/ld+json\" class=\"yoast-schema-graph\">{\"@context\":\"https:\/\/schema.org\",\"@graph\":[{\"@type\":\"WebPage\",\"@id\":\"https:\/\/fulbat.com\/es\/producto\/fltx20hl\/\",\"url\":\"https:\/\/fulbat.com\/es\/producto\/fltx20hl\/\",\"name\":\"FLTX20HL\",\"isPartOf\":{\"@id\":\"https:\/\/fulbat.com\/es\/#website\"},\"primaryImageOfPage\":{\"@id\":\"https:\/\/fulbat.com\/es\/producto\/fltx20hl\/#primaryimage\"},\"image\":{\"@id\":\"https:\/\/fulbat.com\/es\/producto\/fltx20hl\/#primaryimage\"},\"thumbnailUrl\":\"https:\/\/fulbat.com\/wp-content\/uploads\/2022\/09\/FLTX20HL.png\",\"datePublished\":\"2020-08-26T12:40:06+00:00\",\"dateModified\":\"2024-11-20T14:07:45+00:00\",\"description\":\"FLTX20HL\",\"breadcrumb\":{\"@id\":\"https:\/\/fulbat.com\/es\/producto\/fltx20hl\/#breadcrumb\"},\"inLanguage\":\"es\",\"potentialAction\":[{\"@type\":\"ReadAction\",\"target\":[\"https:\/\/fulbat.com\/es\/producto\/fltx20hl\/\"]}]},{\"@type\":\"ImageObject\",\"inLanguage\":\"es\",\"@id\":\"https:\/\/fulbat.com\/es\/producto\/fltx20hl\/#primaryimage\",\"url\":\"https:\/\/fulbat.com\/wp-content\/uploads\/2022\/09\/FLTX20HL.png\",\"contentUrl\":\"https:\/\/fulbat.com\/wp-content\/uploads\/2022\/09\/FLTX20HL.png\",\"width\":500,\"height\":500},{\"@type\":\"BreadcrumbList\",\"@id\":\"https:\/\/fulbat.com\/es\/producto\/fltx20hl\/#breadcrumb\",\"itemListElement\":[{\"@type\":\"ListItem\",\"position\":1,\"name\":\"Home\",\"item\":\"https:\/\/fulbat.com\/es\/\"},{\"@type\":\"ListItem\",\"position\":2,\"name\":\"Shop\",\"item\":\"https:\/\/fulbat.com\/shop\/\"},{\"@type\":\"ListItem\",\"position\":3,\"name\":\"Arranque\",\"item\":\"https:\/\/fulbat.com\/es\/arranque\/\"},{\"@type\":\"ListItem\",\"position\":4,\"name\":\"FLTX20HL\"}]},{\"@type\":\"WebSite\",\"@id\":\"https:\/\/fulbat.com\/es\/#website\",\"url\":\"https:\/\/fulbat.com\/es\/\",\"name\":\"Fulbat\",\"description\":\"Qualitative, performing &amp; reliable battery solutions\",\"potentialAction\":[{\"@type\":\"SearchAction\",\"target\":{\"@type\":\"EntryPoint\",\"urlTemplate\":\"https:\/\/fulbat.com\/es\/?s={search_term_string}\"},\"query-input\":{\"@type\":\"PropertyValueSpecification\",\"valueRequired\":true,\"valueName\":\"search_term_string\"}}],\"inLanguage\":\"es\"}]}<\/script>\n<!-- \/ Yoast SEO plugin. -->","yoast_head_json":{"title":"FLTX20HL","description":"FLTX20HL","robots":{"index":"index","follow":"follow","max-snippet":"max-snippet:-1","max-image-preview":"max-image-preview:large","max-video-preview":"max-video-preview:-1"},"canonical":"https:\/\/fulbat.com\/es\/producto\/fltx20hl\/","og_locale":"es_ES","og_type":"article","og_title":"FLTX20HL","og_description":"FLTX20HL","og_url":"https:\/\/fulbat.com\/es\/producto\/fltx20hl\/","og_site_name":"Fulbat","article_modified_time":"2024-11-20T14:07:45+00:00","og_image":[{"width":500,"height":500,"url":"https:\/\/fulbat.com\/wp-content\/uploads\/2022\/09\/FLTX20HL.png","type":"image\/png"}],"twitter_card":"summary_large_image","twitter_misc":{"Tiempo de lectura":"1 minuto"},"schema":{"@context":"https:\/\/schema.org","@graph":[{"@type":"WebPage","@id":"https:\/\/fulbat.com\/es\/producto\/fltx20hl\/","url":"https:\/\/fulbat.com\/es\/producto\/fltx20hl\/","name":"FLTX20HL","isPartOf":{"@id":"https:\/\/fulbat.com\/es\/#website"},"primaryImageOfPage":{"@id":"https:\/\/fulbat.com\/es\/producto\/fltx20hl\/#primaryimage"},"image":{"@id":"https:\/\/fulbat.com\/es\/producto\/fltx20hl\/#primaryimage"},"thumbnailUrl":"https:\/\/fulbat.com\/wp-content\/uploads\/2022\/09\/FLTX20HL.png","datePublished":"2020-08-26T12:40:06+00:00","dateModified":"2024-11-20T14:07:45+00:00","description":"FLTX20HL","breadcrumb":{"@id":"https:\/\/fulbat.com\/es\/producto\/fltx20hl\/#breadcrumb"},"inLanguage":"es","potentialAction":[{"@type":"ReadAction","target":["https:\/\/fulbat.com\/es\/producto\/fltx20hl\/"]}]},{"@type":"ImageObject","inLanguage":"es","@id":"https:\/\/fulbat.com\/es\/producto\/fltx20hl\/#primaryimage","url":"https:\/\/fulbat.com\/wp-content\/uploads\/2022\/09\/FLTX20HL.png","contentUrl":"https:\/\/fulbat.com\/wp-content\/uploads\/2022\/09\/FLTX20HL.png","width":500,"height":500},{"@type":"BreadcrumbList","@id":"https:\/\/fulbat.com\/es\/producto\/fltx20hl\/#breadcrumb","itemListElement":[{"@type":"ListItem","position":1,"name":"Home","item":"https:\/\/fulbat.com\/es\/"},{"@type":"ListItem","position":2,"name":"Shop","item":"https:\/\/fulbat.com\/shop\/"},{"@type":"ListItem","position":3,"name":"Arranque","item":"https:\/\/fulbat.com\/es\/arranque\/"},{"@type":"ListItem","position":4,"name":"FLTX20HL"}]},{"@type":"WebSite","@id":"https:\/\/fulbat.com\/es\/#website","url":"https:\/\/fulbat.com\/es\/","name":"Fulbat","description":"Qualitative, performing &amp; reliable battery solutions","potentialAction":[{"@type":"SearchAction","target":{"@type":"EntryPoint","urlTemplate":"https:\/\/fulbat.com\/es\/?s={search_term_string}"},"query-input":{"@type":"PropertyValueSpecification","valueRequired":true,"valueName":"search_term_string"}}],"inLanguage":"es"}]}},"_links":{"self":[{"href":"https:\/\/fulbat.com\/es\/wp-json\/wp\/v2\/product\/15034","targetHints":{"allow":["GET"]}}],"collection":[{"href":"https:\/\/fulbat.com\/es\/wp-json\/wp\/v2\/product"}],"about":[{"href":"https:\/\/fulbat.com\/es\/wp-json\/wp\/v2\/types\/product"}],"wp:featuredmedia":[{"embeddable":true,"href":"https:\/\/fulbat.com\/es\/wp-json\/wp\/v2\/media\/17686"}],"wp:attachment":[{"href":"https:\/\/fulbat.com\/es\/wp-json\/wp\/v2\/media?parent=15034"}],"wp:term":[{"taxonomy":"product_brand","embeddable":true,"href":"https:\/\/fulbat.com\/es\/wp-json\/wp\/v2\/product_brand?post=15034"},{"taxonomy":"product_cat","embeddable":true,"href":"https:\/\/fulbat.com\/es\/wp-json\/wp\/v2\/product_cat?post=15034"},{"taxonomy":"product_tag","embeddable":true,"href":"https:\/\/fulbat.com\/es\/wp-json\/wp\/v2\/product_tag?post=15034"}],"curies":[{"name":"wp","href":"https:\/\/api.w.org\/{rel}","templated":true}]}}