{"id":15408,"date":"2020-09-11T09:24:44","date_gmt":"2020-09-11T07:24:44","guid":{"rendered":"https:\/\/fulbat.com\/product\/fph12-1100w\/"},"modified":"2024-12-09T09:55:10","modified_gmt":"2024-12-09T08:55:10","slug":"fph12-1100w","status":"publish","type":"product","link":"https:\/\/fulbat.com\/es\/producto\/fph12-1100w\/","title":{"rendered":"FPH12-1100W"},"content":{"rendered":"<p style=\"text-align: justify;\">La bater\u00eda FPH12-1100W forma parte de nuestra gama FPH &#8211; High Rate. Especialmente concebidas para aplicaciones estacionarias pero que requieren una alta prestaci\u00f3n cuando est\u00e1 solicitada por falta de alimentaci\u00f3n en aplicaciones de alta descarga como SAI y centros de datos, esta bater\u00eda de 12V y 46.5Ah (185.9W\/c\u00e9lula) ofrece un excelente rendimiento en descargas de alta capacidad.<\/p>\n<p>La bater\u00eda FPH12-1100W tiene un dise\u00f1o AGM regulado por v\u00e1lvula y proporciona una vida de carga flotante de 12 a\u00f1os.<\/p>\n","protected":false},"excerpt":{"rendered":"<p>Excelente rendimiento de descarga de alta capacidad<\/p>\n<p>12 a\u00f1os de vida \u00fatil a 25\u00b0C (5 a\u00f1os para la FPH12-35W)<\/p>\n<p>Libre de mantenimiento y no derramable<\/p>\n<p>Tecnolog\u00eda AGM para un rendimiento superior<\/p>\n<p>Baja tasa de autodescarga (alrededor del 3% \/ mes a 25\u00b0C)<\/p>\n<p>Amplia gama de temperaturas de funcionamiento<\/p>\n<p>Baja emisi\u00f3n de gases gracias a la alta recombinaci\u00f3n de gases del 99% (VRLA)<\/p>\n","protected":false},"featured_media":14981,"template":"","meta":[],"product_brand":[],"product_cat":[2513,2506,2519],"product_tag":[3188,3187,3186,3180,3179],"class_list":{"0":"post-15408","1":"product","2":"type-product","3":"status-publish","4":"has-post-thumbnail","6":"product_cat-fph-series-es","7":"product_cat-industrial-es","8":"product_cat-sai-y-centro-de-datos","9":"product_tag-bateria-industrial-es","10":"product_tag-centro-de-datos-es","11":"product_tag-fph12-1100w","12":"product_tag-gama-fph","13":"product_tag-sai","15":"first","16":"instock","17":"shipping-taxable","18":"product-type-simple"},"yoast_head":"<!-- This site is optimized with the Yoast SEO plugin v26.9 - https:\/\/yoast.com\/product\/yoast-seo-wordpress\/ -->\n<title>FPH12-1100W - Fulbat<\/title>\n<meta name=\"description\" content=\"%\" \/>\n<meta name=\"robots\" content=\"index, follow, max-snippet:-1, max-image-preview:large, max-video-preview:-1\" \/>\n<link rel=\"canonical\" href=\"https:\/\/fulbat.com\/es\/producto\/fph12-1100w\/\" \/>\n<meta property=\"og:locale\" content=\"es_ES\" \/>\n<meta property=\"og:type\" content=\"article\" \/>\n<meta property=\"og:title\" content=\"FPH12-1100W - Fulbat\" \/>\n<meta property=\"og:description\" content=\"%\" \/>\n<meta property=\"og:url\" content=\"https:\/\/fulbat.com\/es\/producto\/fph12-1100w\/\" \/>\n<meta property=\"og:site_name\" content=\"Fulbat\" \/>\n<meta property=\"article:modified_time\" content=\"2024-12-09T08:55:10+00:00\" \/>\n<meta property=\"og:image\" content=\"https:\/\/fulbat.com\/wp-content\/uploads\/2022\/01\/photo-battery-fph-12-1100w.png\" \/>\n\t<meta property=\"og:image:width\" content=\"500\" \/>\n\t<meta property=\"og:image:height\" content=\"426\" \/>\n\t<meta property=\"og:image:type\" content=\"image\/png\" \/>\n<meta name=\"twitter:card\" content=\"summary_large_image\" \/>\n<meta name=\"twitter:label1\" content=\"Tiempo de lectura\" \/>\n\t<meta name=\"twitter:data1\" content=\"1 minuto\" \/>\n<script type=\"application\/ld+json\" class=\"yoast-schema-graph\">{\"@context\":\"https:\/\/schema.org\",\"@graph\":[{\"@type\":\"WebPage\",\"@id\":\"https:\/\/fulbat.com\/es\/producto\/fph12-1100w\/\",\"url\":\"https:\/\/fulbat.com\/es\/producto\/fph12-1100w\/\",\"name\":\"FPH12-1100W - Fulbat\",\"isPartOf\":{\"@id\":\"https:\/\/fulbat.com\/es\/#website\"},\"primaryImageOfPage\":{\"@id\":\"https:\/\/fulbat.com\/es\/producto\/fph12-1100w\/#primaryimage\"},\"image\":{\"@id\":\"https:\/\/fulbat.com\/es\/producto\/fph12-1100w\/#primaryimage\"},\"thumbnailUrl\":\"https:\/\/fulbat.com\/wp-content\/uploads\/2022\/01\/photo-battery-fph-12-1100w.png\",\"datePublished\":\"2020-09-11T07:24:44+00:00\",\"dateModified\":\"2024-12-09T08:55:10+00:00\",\"description\":\"%\",\"breadcrumb\":{\"@id\":\"https:\/\/fulbat.com\/es\/producto\/fph12-1100w\/#breadcrumb\"},\"inLanguage\":\"es\",\"potentialAction\":[{\"@type\":\"ReadAction\",\"target\":[\"https:\/\/fulbat.com\/es\/producto\/fph12-1100w\/\"]}]},{\"@type\":\"ImageObject\",\"inLanguage\":\"es\",\"@id\":\"https:\/\/fulbat.com\/es\/producto\/fph12-1100w\/#primaryimage\",\"url\":\"https:\/\/fulbat.com\/wp-content\/uploads\/2022\/01\/photo-battery-fph-12-1100w.png\",\"contentUrl\":\"https:\/\/fulbat.com\/wp-content\/uploads\/2022\/01\/photo-battery-fph-12-1100w.png\",\"width\":500,\"height\":426,\"caption\":\"bateria-fph-12-1100w\"},{\"@type\":\"BreadcrumbList\",\"@id\":\"https:\/\/fulbat.com\/es\/producto\/fph12-1100w\/#breadcrumb\",\"itemListElement\":[{\"@type\":\"ListItem\",\"position\":1,\"name\":\"Home\",\"item\":\"https:\/\/fulbat.com\/es\/\"},{\"@type\":\"ListItem\",\"position\":2,\"name\":\"Shop\",\"item\":\"https:\/\/fulbat.com\/shop\/\"},{\"@type\":\"ListItem\",\"position\":3,\"name\":\"Industrial\",\"item\":\"https:\/\/fulbat.com\/es\/industrial-es\/\"},{\"@type\":\"ListItem\",\"position\":4,\"name\":\"FPH Series\",\"item\":\"https:\/\/fulbat.com\/es\/industrial-es\/fph-series-es\/\"},{\"@type\":\"ListItem\",\"position\":5,\"name\":\"FPH12-1100W\"}]},{\"@type\":\"WebSite\",\"@id\":\"https:\/\/fulbat.com\/es\/#website\",\"url\":\"https:\/\/fulbat.com\/es\/\",\"name\":\"Fulbat\",\"description\":\"Qualitative, performing &amp; reliable battery solutions\",\"potentialAction\":[{\"@type\":\"SearchAction\",\"target\":{\"@type\":\"EntryPoint\",\"urlTemplate\":\"https:\/\/fulbat.com\/es\/?s={search_term_string}\"},\"query-input\":{\"@type\":\"PropertyValueSpecification\",\"valueRequired\":true,\"valueName\":\"search_term_string\"}}],\"inLanguage\":\"es\"}]}<\/script>\n<!-- \/ Yoast SEO plugin. -->","yoast_head_json":{"title":"FPH12-1100W - Fulbat","description":"%","robots":{"index":"index","follow":"follow","max-snippet":"max-snippet:-1","max-image-preview":"max-image-preview:large","max-video-preview":"max-video-preview:-1"},"canonical":"https:\/\/fulbat.com\/es\/producto\/fph12-1100w\/","og_locale":"es_ES","og_type":"article","og_title":"FPH12-1100W - Fulbat","og_description":"%","og_url":"https:\/\/fulbat.com\/es\/producto\/fph12-1100w\/","og_site_name":"Fulbat","article_modified_time":"2024-12-09T08:55:10+00:00","og_image":[{"width":500,"height":426,"url":"https:\/\/fulbat.com\/wp-content\/uploads\/2022\/01\/photo-battery-fph-12-1100w.png","type":"image\/png"}],"twitter_card":"summary_large_image","twitter_misc":{"Tiempo de lectura":"1 minuto"},"schema":{"@context":"https:\/\/schema.org","@graph":[{"@type":"WebPage","@id":"https:\/\/fulbat.com\/es\/producto\/fph12-1100w\/","url":"https:\/\/fulbat.com\/es\/producto\/fph12-1100w\/","name":"FPH12-1100W - Fulbat","isPartOf":{"@id":"https:\/\/fulbat.com\/es\/#website"},"primaryImageOfPage":{"@id":"https:\/\/fulbat.com\/es\/producto\/fph12-1100w\/#primaryimage"},"image":{"@id":"https:\/\/fulbat.com\/es\/producto\/fph12-1100w\/#primaryimage"},"thumbnailUrl":"https:\/\/fulbat.com\/wp-content\/uploads\/2022\/01\/photo-battery-fph-12-1100w.png","datePublished":"2020-09-11T07:24:44+00:00","dateModified":"2024-12-09T08:55:10+00:00","description":"%","breadcrumb":{"@id":"https:\/\/fulbat.com\/es\/producto\/fph12-1100w\/#breadcrumb"},"inLanguage":"es","potentialAction":[{"@type":"ReadAction","target":["https:\/\/fulbat.com\/es\/producto\/fph12-1100w\/"]}]},{"@type":"ImageObject","inLanguage":"es","@id":"https:\/\/fulbat.com\/es\/producto\/fph12-1100w\/#primaryimage","url":"https:\/\/fulbat.com\/wp-content\/uploads\/2022\/01\/photo-battery-fph-12-1100w.png","contentUrl":"https:\/\/fulbat.com\/wp-content\/uploads\/2022\/01\/photo-battery-fph-12-1100w.png","width":500,"height":426,"caption":"bateria-fph-12-1100w"},{"@type":"BreadcrumbList","@id":"https:\/\/fulbat.com\/es\/producto\/fph12-1100w\/#breadcrumb","itemListElement":[{"@type":"ListItem","position":1,"name":"Home","item":"https:\/\/fulbat.com\/es\/"},{"@type":"ListItem","position":2,"name":"Shop","item":"https:\/\/fulbat.com\/shop\/"},{"@type":"ListItem","position":3,"name":"Industrial","item":"https:\/\/fulbat.com\/es\/industrial-es\/"},{"@type":"ListItem","position":4,"name":"FPH Series","item":"https:\/\/fulbat.com\/es\/industrial-es\/fph-series-es\/"},{"@type":"ListItem","position":5,"name":"FPH12-1100W"}]},{"@type":"WebSite","@id":"https:\/\/fulbat.com\/es\/#website","url":"https:\/\/fulbat.com\/es\/","name":"Fulbat","description":"Qualitative, performing &amp; reliable battery solutions","potentialAction":[{"@type":"SearchAction","target":{"@type":"EntryPoint","urlTemplate":"https:\/\/fulbat.com\/es\/?s={search_term_string}"},"query-input":{"@type":"PropertyValueSpecification","valueRequired":true,"valueName":"search_term_string"}}],"inLanguage":"es"}]}},"_links":{"self":[{"href":"https:\/\/fulbat.com\/es\/wp-json\/wp\/v2\/product\/15408","targetHints":{"allow":["GET"]}}],"collection":[{"href":"https:\/\/fulbat.com\/es\/wp-json\/wp\/v2\/product"}],"about":[{"href":"https:\/\/fulbat.com\/es\/wp-json\/wp\/v2\/types\/product"}],"wp:featuredmedia":[{"embeddable":true,"href":"https:\/\/fulbat.com\/es\/wp-json\/wp\/v2\/media\/14981"}],"wp:attachment":[{"href":"https:\/\/fulbat.com\/es\/wp-json\/wp\/v2\/media?parent=15408"}],"wp:term":[{"taxonomy":"product_brand","embeddable":true,"href":"https:\/\/fulbat.com\/es\/wp-json\/wp\/v2\/product_brand?post=15408"},{"taxonomy":"product_cat","embeddable":true,"href":"https:\/\/fulbat.com\/es\/wp-json\/wp\/v2\/product_cat?post=15408"},{"taxonomy":"product_tag","embeddable":true,"href":"https:\/\/fulbat.com\/es\/wp-json\/wp\/v2\/product_tag?post=15408"}],"curies":[{"name":"wp","href":"https:\/\/api.w.org\/{rel}","templated":true}]}}