{"id":15412,"date":"2020-08-10T10:10:57","date_gmt":"2020-08-10T08:10:57","guid":{"rendered":"https:\/\/fulbat.com\/product\/u1-12-sla\/"},"modified":"2024-11-19T16:44:00","modified_gmt":"2024-11-19T15:44:00","slug":"u1-12-sla","status":"publish","type":"product","link":"https:\/\/fulbat.com\/es\/producto\/u1-12-sla\/","title":{"rendered":"U1-12 SLA"},"content":{"rendered":"<p style=\"text-align: justify;\">La\u00a0bater\u00eda\u00a0U1-12 SLA forma parte de nuestra gama SLA. Dise\u00f1ada espec\u00edficamente para ofrecer el m\u00e1ximo rendimiento y seguridad, esta bater\u00eda de 12V 32Ah est\u00e1 lista para usar y no requiere ninguna manipulaci\u00f3n de \u00e1cido, preparaci\u00f3n inicial o mantenimiento.<\/p>\n<p>Con su dise\u00f1o 100% sellado (VRLA), la bater\u00eda U1-12 SLA es ideal para todos los cortac\u00e9spedes con conductor que requieren un alto rendimiento.<\/p>\n<p><img loading=\"lazy\" decoding=\"async\" class=\"alignnone wp-image-8284\" src=\"https:\/\/fulbat.com\/wp-content\/uploads\/2020\/08\/EU-flag-300x200.jpg\" alt=\"\" width=\"26\" height=\"17\" srcset=\"https:\/\/fulbat.com\/wp-content\/uploads\/2020\/08\/EU-flag-300x200.jpg 300w, https:\/\/fulbat.com\/wp-content\/uploads\/2020\/08\/EU-flag-150x100.jpg 150w, https:\/\/fulbat.com\/wp-content\/uploads\/2020\/08\/EU-flag.jpg 425w\" sizes=\"auto, (max-width: 26px) 100vw, 26px\" \/> Cumple con el nuevo reglamento europeo (UE) 2019\/1148 de 2021 sobre la venta de \u00e1cido para bater\u00edas.<\/p>\n<p>Cargador compatible : <a href=\"https:\/\/fulbat.com\/es\/cargadores\/cargadores\/fulload-f4\/\"><strong>Fulload\u00a0F4<\/strong><\/a><\/p>\n","protected":false},"excerpt":{"rendered":"<p>Tecnolog\u00eda AGM<\/p>\n<p>activado de f\u00e1brica y listo para usar<\/p>\n<p>Bater\u00eda VRLA (Valve Regulated Lead Acid)<\/p>\n<p>Estanqueidad: f\u00e1cil de enviar<\/p>\n<p>No hay manipulaci\u00f3n de \u00e1cidos<\/p>\n<p>F\u00e1cil de instalar y Sin mantenimiento<\/p>\n<p>Mayor Duraci\u00f3n<\/p>\n<p>Sulfataci\u00f3n interna minimizada<\/p>\n<p>Apta para el clima fr\u00edo<\/p>\n","protected":false},"featured_media":22118,"template":"","meta":[],"product_brand":[],"product_cat":[2580,2586,2591,2592],"product_tag":[3094,3190,3195,3196,3197,3198],"class_list":{"0":"post-15412","1":"product","2":"type-product","3":"status-publish","4":"has-post-thumbnail","6":"product_cat-arranque","7":"product_cat-cesped-y-jardin","8":"product_cat-sla-es","9":"product_cat-ssv-utv-es","10":"product_tag-bateria-para-cesped-y-jardin-es","11":"product_tag-sla-bateria","12":"product_tag-u1-12-es","13":"product_tag-u1-12-sla-es","14":"product_tag-u112-es","15":"product_tag-u112-sla-es","17":"first","18":"instock","19":"shipping-taxable","20":"product-type-simple"},"yoast_head":"<!-- This site is optimized with the Yoast SEO plugin v26.9 - https:\/\/yoast.com\/product\/yoast-seo-wordpress\/ -->\n<title>U1-12 SLA - Fulbat<\/title>\n<meta name=\"description\" content=\"%\" \/>\n<meta name=\"robots\" content=\"index, follow, max-snippet:-1, max-image-preview:large, max-video-preview:-1\" \/>\n<link rel=\"canonical\" href=\"https:\/\/fulbat.com\/es\/producto\/u1-12-sla\/\" \/>\n<meta property=\"og:locale\" content=\"es_ES\" \/>\n<meta property=\"og:type\" content=\"article\" \/>\n<meta property=\"og:title\" content=\"U1-12 SLA - Fulbat\" \/>\n<meta property=\"og:description\" content=\"%\" \/>\n<meta property=\"og:url\" content=\"https:\/\/fulbat.com\/es\/producto\/u1-12-sla\/\" \/>\n<meta property=\"og:site_name\" content=\"Fulbat\" \/>\n<meta property=\"article:modified_time\" content=\"2024-11-19T15:44:00+00:00\" \/>\n<meta property=\"og:image\" content=\"https:\/\/fulbat.com\/wp-content\/uploads\/2020\/08\/Fulbat_SLA_U1-121-1-921x1024.png\" \/>\n\t<meta property=\"og:image:width\" content=\"921\" \/>\n\t<meta property=\"og:image:height\" content=\"1024\" \/>\n\t<meta property=\"og:image:type\" content=\"image\/png\" \/>\n<meta name=\"twitter:card\" content=\"summary_large_image\" \/>\n<meta name=\"twitter:label1\" content=\"Tiempo de lectura\" \/>\n\t<meta name=\"twitter:data1\" content=\"1 minuto\" \/>\n<script type=\"application\/ld+json\" class=\"yoast-schema-graph\">{\"@context\":\"https:\/\/schema.org\",\"@graph\":[{\"@type\":\"WebPage\",\"@id\":\"https:\/\/fulbat.com\/es\/producto\/u1-12-sla\/\",\"url\":\"https:\/\/fulbat.com\/es\/producto\/u1-12-sla\/\",\"name\":\"U1-12 SLA - Fulbat\",\"isPartOf\":{\"@id\":\"https:\/\/fulbat.com\/es\/#website\"},\"primaryImageOfPage\":{\"@id\":\"https:\/\/fulbat.com\/es\/producto\/u1-12-sla\/#primaryimage\"},\"image\":{\"@id\":\"https:\/\/fulbat.com\/es\/producto\/u1-12-sla\/#primaryimage\"},\"thumbnailUrl\":\"https:\/\/fulbat.com\/wp-content\/uploads\/2020\/08\/Fulbat_SLA_U1-121-1.png\",\"datePublished\":\"2020-08-10T08:10:57+00:00\",\"dateModified\":\"2024-11-19T15:44:00+00:00\",\"description\":\"%\",\"breadcrumb\":{\"@id\":\"https:\/\/fulbat.com\/es\/producto\/u1-12-sla\/#breadcrumb\"},\"inLanguage\":\"es\",\"potentialAction\":[{\"@type\":\"ReadAction\",\"target\":[\"https:\/\/fulbat.com\/es\/producto\/u1-12-sla\/\"]}]},{\"@type\":\"ImageObject\",\"inLanguage\":\"es\",\"@id\":\"https:\/\/fulbat.com\/es\/producto\/u1-12-sla\/#primaryimage\",\"url\":\"https:\/\/fulbat.com\/wp-content\/uploads\/2020\/08\/Fulbat_SLA_U1-121-1.png\",\"contentUrl\":\"https:\/\/fulbat.com\/wp-content\/uploads\/2020\/08\/Fulbat_SLA_U1-121-1.png\",\"width\":2604,\"height\":2896,\"caption\":\"Fulbat_SLA_U1-12(1)\"},{\"@type\":\"BreadcrumbList\",\"@id\":\"https:\/\/fulbat.com\/es\/producto\/u1-12-sla\/#breadcrumb\",\"itemListElement\":[{\"@type\":\"ListItem\",\"position\":1,\"name\":\"Home\",\"item\":\"https:\/\/fulbat.com\/es\/\"},{\"@type\":\"ListItem\",\"position\":2,\"name\":\"Shop\",\"item\":\"https:\/\/fulbat.com\/shop\/\"},{\"@type\":\"ListItem\",\"position\":3,\"name\":\"Arranque\",\"item\":\"https:\/\/fulbat.com\/es\/arranque\/\"},{\"@type\":\"ListItem\",\"position\":4,\"name\":\"U1-12 SLA\"}]},{\"@type\":\"WebSite\",\"@id\":\"https:\/\/fulbat.com\/es\/#website\",\"url\":\"https:\/\/fulbat.com\/es\/\",\"name\":\"Fulbat\",\"description\":\"Qualitative, performing &amp; reliable battery solutions\",\"potentialAction\":[{\"@type\":\"SearchAction\",\"target\":{\"@type\":\"EntryPoint\",\"urlTemplate\":\"https:\/\/fulbat.com\/es\/?s={search_term_string}\"},\"query-input\":{\"@type\":\"PropertyValueSpecification\",\"valueRequired\":true,\"valueName\":\"search_term_string\"}}],\"inLanguage\":\"es\"}]}<\/script>\n<!-- \/ Yoast SEO plugin. -->","yoast_head_json":{"title":"U1-12 SLA - Fulbat","description":"%","robots":{"index":"index","follow":"follow","max-snippet":"max-snippet:-1","max-image-preview":"max-image-preview:large","max-video-preview":"max-video-preview:-1"},"canonical":"https:\/\/fulbat.com\/es\/producto\/u1-12-sla\/","og_locale":"es_ES","og_type":"article","og_title":"U1-12 SLA - Fulbat","og_description":"%","og_url":"https:\/\/fulbat.com\/es\/producto\/u1-12-sla\/","og_site_name":"Fulbat","article_modified_time":"2024-11-19T15:44:00+00:00","og_image":[{"width":921,"height":1024,"url":"https:\/\/fulbat.com\/wp-content\/uploads\/2020\/08\/Fulbat_SLA_U1-121-1-921x1024.png","type":"image\/png"}],"twitter_card":"summary_large_image","twitter_misc":{"Tiempo de lectura":"1 minuto"},"schema":{"@context":"https:\/\/schema.org","@graph":[{"@type":"WebPage","@id":"https:\/\/fulbat.com\/es\/producto\/u1-12-sla\/","url":"https:\/\/fulbat.com\/es\/producto\/u1-12-sla\/","name":"U1-12 SLA - Fulbat","isPartOf":{"@id":"https:\/\/fulbat.com\/es\/#website"},"primaryImageOfPage":{"@id":"https:\/\/fulbat.com\/es\/producto\/u1-12-sla\/#primaryimage"},"image":{"@id":"https:\/\/fulbat.com\/es\/producto\/u1-12-sla\/#primaryimage"},"thumbnailUrl":"https:\/\/fulbat.com\/wp-content\/uploads\/2020\/08\/Fulbat_SLA_U1-121-1.png","datePublished":"2020-08-10T08:10:57+00:00","dateModified":"2024-11-19T15:44:00+00:00","description":"%","breadcrumb":{"@id":"https:\/\/fulbat.com\/es\/producto\/u1-12-sla\/#breadcrumb"},"inLanguage":"es","potentialAction":[{"@type":"ReadAction","target":["https:\/\/fulbat.com\/es\/producto\/u1-12-sla\/"]}]},{"@type":"ImageObject","inLanguage":"es","@id":"https:\/\/fulbat.com\/es\/producto\/u1-12-sla\/#primaryimage","url":"https:\/\/fulbat.com\/wp-content\/uploads\/2020\/08\/Fulbat_SLA_U1-121-1.png","contentUrl":"https:\/\/fulbat.com\/wp-content\/uploads\/2020\/08\/Fulbat_SLA_U1-121-1.png","width":2604,"height":2896,"caption":"Fulbat_SLA_U1-12(1)"},{"@type":"BreadcrumbList","@id":"https:\/\/fulbat.com\/es\/producto\/u1-12-sla\/#breadcrumb","itemListElement":[{"@type":"ListItem","position":1,"name":"Home","item":"https:\/\/fulbat.com\/es\/"},{"@type":"ListItem","position":2,"name":"Shop","item":"https:\/\/fulbat.com\/shop\/"},{"@type":"ListItem","position":3,"name":"Arranque","item":"https:\/\/fulbat.com\/es\/arranque\/"},{"@type":"ListItem","position":4,"name":"U1-12 SLA"}]},{"@type":"WebSite","@id":"https:\/\/fulbat.com\/es\/#website","url":"https:\/\/fulbat.com\/es\/","name":"Fulbat","description":"Qualitative, performing &amp; reliable battery solutions","potentialAction":[{"@type":"SearchAction","target":{"@type":"EntryPoint","urlTemplate":"https:\/\/fulbat.com\/es\/?s={search_term_string}"},"query-input":{"@type":"PropertyValueSpecification","valueRequired":true,"valueName":"search_term_string"}}],"inLanguage":"es"}]}},"_links":{"self":[{"href":"https:\/\/fulbat.com\/es\/wp-json\/wp\/v2\/product\/15412","targetHints":{"allow":["GET"]}}],"collection":[{"href":"https:\/\/fulbat.com\/es\/wp-json\/wp\/v2\/product"}],"about":[{"href":"https:\/\/fulbat.com\/es\/wp-json\/wp\/v2\/types\/product"}],"wp:featuredmedia":[{"embeddable":true,"href":"https:\/\/fulbat.com\/es\/wp-json\/wp\/v2\/media\/22118"}],"wp:attachment":[{"href":"https:\/\/fulbat.com\/es\/wp-json\/wp\/v2\/media?parent=15412"}],"wp:term":[{"taxonomy":"product_brand","embeddable":true,"href":"https:\/\/fulbat.com\/es\/wp-json\/wp\/v2\/product_brand?post=15412"},{"taxonomy":"product_cat","embeddable":true,"href":"https:\/\/fulbat.com\/es\/wp-json\/wp\/v2\/product_cat?post=15412"},{"taxonomy":"product_tag","embeddable":true,"href":"https:\/\/fulbat.com\/es\/wp-json\/wp\/v2\/product_tag?post=15412"}],"curies":[{"name":"wp","href":"https:\/\/api.w.org\/{rel}","templated":true}]}}