{"id":15437,"date":"2020-08-10T12:32:38","date_gmt":"2020-08-10T10:32:38","guid":{"rendered":"https:\/\/fulbat.com\/product\/ns60-g\/"},"modified":"2024-11-20T16:59:39","modified_gmt":"2024-11-20T15:59:39","slug":"ns60-g","status":"publish","type":"product","link":"https:\/\/fulbat.com\/es\/producto\/ns60-g\/","title":{"rendered":"NS60 (+G)"},"content":{"rendered":"<p style=\"text-align: justify;\">La bater\u00eda NS60 (+G) Ca\/Ca forma parte de nuestra gama Ca\/Ca. Dise\u00f1ada espec\u00edficamente para ofrecer una mayor potencia de arranque y una mayor vida \u00fatil, esta bater\u00eda de<span> 12V 45Ah est\u00e1 lista para usar y no requiere ninguna manipulaci\u00f3n de \u00e1cido ni preparaci\u00f3n inicial.<\/p>\n<p>Debido a su dise\u00f1o Calcio\/Calcio, la bater\u00eda NS60 (+G) Ca\/Ca tendr\u00e1 un bajo consumo de agua y no necesitar\u00e1 mantenimiento durante toda su vida \u00fatil.<\/p>\n<p>Cargador compatible : <a href=\"https:\/\/fulbat.com\/es\/cargadores\/cargadores\/fulload-f4\/\"><strong>Fulload\u00a0F4<\/strong><\/a><\/p>\n","protected":false},"excerpt":{"rendered":"<p>Dise\u00f1o sin mantenimiento Calcio\/Calcio<\/p>\n<p>100% libre de mantenimiento<\/p>\n<p>Listo para usar y f\u00e1cil de instalar<\/p>\n<p>No se manipula el \u00e1cido &#8211; es seguro de usar<\/p>\n<p>Mayor potencia y vida \u00fatil<\/p>\n<p>Resistente a las vibraciones<\/p>\n<p>Carcasa ligera de polipropileno<\/p>\n<p>Carcasa termosellada con tapa superior plana<\/p>\n<p>Sistemas de ventilaci\u00f3n<\/p>\n<p>Asa par su manipulaci\u00f3n<\/p>\n<p>Indicador de carga \u00abMagic eye\u00bb<\/p>\n","protected":false},"featured_media":22363,"template":"","meta":[],"product_brand":[],"product_cat":[2580,2583,2586],"product_tag":[3094,3214,3216,3217],"class_list":{"0":"post-15437","1":"product","2":"type-product","3":"status-publish","4":"has-post-thumbnail","6":"product_cat-arranque","7":"product_cat-ca-ca-es","8":"product_cat-cesped-y-jardin","9":"product_tag-bateria-para-cesped-y-jardin-es","10":"product_tag-ca-ca-bateria","11":"product_tag-ns60-es","12":"product_tag-ns60-g-es","14":"first","15":"instock","16":"shipping-taxable","17":"product-type-simple"},"yoast_head":"<!-- This site is optimized with the Yoast SEO plugin v26.9 - https:\/\/yoast.com\/product\/yoast-seo-wordpress\/ -->\n<title>NS60 (+G) - Fulbat<\/title>\n<meta name=\"description\" content=\"%\" \/>\n<meta name=\"robots\" content=\"index, follow, max-snippet:-1, max-image-preview:large, max-video-preview:-1\" \/>\n<link rel=\"canonical\" href=\"https:\/\/fulbat.com\/es\/producto\/ns60-g\/\" \/>\n<meta property=\"og:locale\" content=\"es_ES\" \/>\n<meta property=\"og:type\" content=\"article\" \/>\n<meta property=\"og:title\" content=\"NS60 (+G) - Fulbat\" \/>\n<meta property=\"og:description\" content=\"%\" \/>\n<meta property=\"og:url\" content=\"https:\/\/fulbat.com\/es\/producto\/ns60-g\/\" \/>\n<meta property=\"og:site_name\" content=\"Fulbat\" \/>\n<meta property=\"article:modified_time\" content=\"2024-11-20T15:59:39+00:00\" \/>\n<meta property=\"og:image\" content=\"https:\/\/fulbat.com\/wp-content\/uploads\/2020\/08\/Fulbat_CA-CA_NS60G-1024x989.png\" \/>\n\t<meta property=\"og:image:width\" content=\"1024\" \/>\n\t<meta property=\"og:image:height\" content=\"989\" \/>\n\t<meta property=\"og:image:type\" content=\"image\/png\" \/>\n<meta name=\"twitter:card\" content=\"summary_large_image\" \/>\n<meta name=\"twitter:label1\" content=\"Tiempo de lectura\" \/>\n\t<meta name=\"twitter:data1\" content=\"1 minuto\" \/>\n<script type=\"application\/ld+json\" class=\"yoast-schema-graph\">{\"@context\":\"https:\/\/schema.org\",\"@graph\":[{\"@type\":\"WebPage\",\"@id\":\"https:\/\/fulbat.com\/es\/producto\/ns60-g\/\",\"url\":\"https:\/\/fulbat.com\/es\/producto\/ns60-g\/\",\"name\":\"NS60 (+G) - Fulbat\",\"isPartOf\":{\"@id\":\"https:\/\/fulbat.com\/es\/#website\"},\"primaryImageOfPage\":{\"@id\":\"https:\/\/fulbat.com\/es\/producto\/ns60-g\/#primaryimage\"},\"image\":{\"@id\":\"https:\/\/fulbat.com\/es\/producto\/ns60-g\/#primaryimage\"},\"thumbnailUrl\":\"https:\/\/fulbat.com\/wp-content\/uploads\/2020\/08\/Fulbat_CA-CA_NS60G.png\",\"datePublished\":\"2020-08-10T10:32:38+00:00\",\"dateModified\":\"2024-11-20T15:59:39+00:00\",\"description\":\"%\",\"breadcrumb\":{\"@id\":\"https:\/\/fulbat.com\/es\/producto\/ns60-g\/#breadcrumb\"},\"inLanguage\":\"es\",\"potentialAction\":[{\"@type\":\"ReadAction\",\"target\":[\"https:\/\/fulbat.com\/es\/producto\/ns60-g\/\"]}]},{\"@type\":\"ImageObject\",\"inLanguage\":\"es\",\"@id\":\"https:\/\/fulbat.com\/es\/producto\/ns60-g\/#primaryimage\",\"url\":\"https:\/\/fulbat.com\/wp-content\/uploads\/2020\/08\/Fulbat_CA-CA_NS60G.png\",\"contentUrl\":\"https:\/\/fulbat.com\/wp-content\/uploads\/2020\/08\/Fulbat_CA-CA_NS60G.png\",\"width\":2687,\"height\":2594,\"caption\":\"Fulbat_CA-CA_NS60+G 2024\"},{\"@type\":\"BreadcrumbList\",\"@id\":\"https:\/\/fulbat.com\/es\/producto\/ns60-g\/#breadcrumb\",\"itemListElement\":[{\"@type\":\"ListItem\",\"position\":1,\"name\":\"Home\",\"item\":\"https:\/\/fulbat.com\/es\/\"},{\"@type\":\"ListItem\",\"position\":2,\"name\":\"Shop\",\"item\":\"https:\/\/fulbat.com\/shop\/\"},{\"@type\":\"ListItem\",\"position\":3,\"name\":\"Arranque\",\"item\":\"https:\/\/fulbat.com\/es\/arranque\/\"},{\"@type\":\"ListItem\",\"position\":4,\"name\":\"NS60 (+G)\"}]},{\"@type\":\"WebSite\",\"@id\":\"https:\/\/fulbat.com\/es\/#website\",\"url\":\"https:\/\/fulbat.com\/es\/\",\"name\":\"Fulbat\",\"description\":\"Qualitative, performing &amp; reliable battery solutions\",\"potentialAction\":[{\"@type\":\"SearchAction\",\"target\":{\"@type\":\"EntryPoint\",\"urlTemplate\":\"https:\/\/fulbat.com\/es\/?s={search_term_string}\"},\"query-input\":{\"@type\":\"PropertyValueSpecification\",\"valueRequired\":true,\"valueName\":\"search_term_string\"}}],\"inLanguage\":\"es\"}]}<\/script>\n<!-- \/ Yoast SEO plugin. -->","yoast_head_json":{"title":"NS60 (+G) - Fulbat","description":"%","robots":{"index":"index","follow":"follow","max-snippet":"max-snippet:-1","max-image-preview":"max-image-preview:large","max-video-preview":"max-video-preview:-1"},"canonical":"https:\/\/fulbat.com\/es\/producto\/ns60-g\/","og_locale":"es_ES","og_type":"article","og_title":"NS60 (+G) - Fulbat","og_description":"%","og_url":"https:\/\/fulbat.com\/es\/producto\/ns60-g\/","og_site_name":"Fulbat","article_modified_time":"2024-11-20T15:59:39+00:00","og_image":[{"width":1024,"height":989,"url":"https:\/\/fulbat.com\/wp-content\/uploads\/2020\/08\/Fulbat_CA-CA_NS60G-1024x989.png","type":"image\/png"}],"twitter_card":"summary_large_image","twitter_misc":{"Tiempo de lectura":"1 minuto"},"schema":{"@context":"https:\/\/schema.org","@graph":[{"@type":"WebPage","@id":"https:\/\/fulbat.com\/es\/producto\/ns60-g\/","url":"https:\/\/fulbat.com\/es\/producto\/ns60-g\/","name":"NS60 (+G) - Fulbat","isPartOf":{"@id":"https:\/\/fulbat.com\/es\/#website"},"primaryImageOfPage":{"@id":"https:\/\/fulbat.com\/es\/producto\/ns60-g\/#primaryimage"},"image":{"@id":"https:\/\/fulbat.com\/es\/producto\/ns60-g\/#primaryimage"},"thumbnailUrl":"https:\/\/fulbat.com\/wp-content\/uploads\/2020\/08\/Fulbat_CA-CA_NS60G.png","datePublished":"2020-08-10T10:32:38+00:00","dateModified":"2024-11-20T15:59:39+00:00","description":"%","breadcrumb":{"@id":"https:\/\/fulbat.com\/es\/producto\/ns60-g\/#breadcrumb"},"inLanguage":"es","potentialAction":[{"@type":"ReadAction","target":["https:\/\/fulbat.com\/es\/producto\/ns60-g\/"]}]},{"@type":"ImageObject","inLanguage":"es","@id":"https:\/\/fulbat.com\/es\/producto\/ns60-g\/#primaryimage","url":"https:\/\/fulbat.com\/wp-content\/uploads\/2020\/08\/Fulbat_CA-CA_NS60G.png","contentUrl":"https:\/\/fulbat.com\/wp-content\/uploads\/2020\/08\/Fulbat_CA-CA_NS60G.png","width":2687,"height":2594,"caption":"Fulbat_CA-CA_NS60+G 2024"},{"@type":"BreadcrumbList","@id":"https:\/\/fulbat.com\/es\/producto\/ns60-g\/#breadcrumb","itemListElement":[{"@type":"ListItem","position":1,"name":"Home","item":"https:\/\/fulbat.com\/es\/"},{"@type":"ListItem","position":2,"name":"Shop","item":"https:\/\/fulbat.com\/shop\/"},{"@type":"ListItem","position":3,"name":"Arranque","item":"https:\/\/fulbat.com\/es\/arranque\/"},{"@type":"ListItem","position":4,"name":"NS60 (+G)"}]},{"@type":"WebSite","@id":"https:\/\/fulbat.com\/es\/#website","url":"https:\/\/fulbat.com\/es\/","name":"Fulbat","description":"Qualitative, performing &amp; reliable battery solutions","potentialAction":[{"@type":"SearchAction","target":{"@type":"EntryPoint","urlTemplate":"https:\/\/fulbat.com\/es\/?s={search_term_string}"},"query-input":{"@type":"PropertyValueSpecification","valueRequired":true,"valueName":"search_term_string"}}],"inLanguage":"es"}]}},"_links":{"self":[{"href":"https:\/\/fulbat.com\/es\/wp-json\/wp\/v2\/product\/15437","targetHints":{"allow":["GET"]}}],"collection":[{"href":"https:\/\/fulbat.com\/es\/wp-json\/wp\/v2\/product"}],"about":[{"href":"https:\/\/fulbat.com\/es\/wp-json\/wp\/v2\/types\/product"}],"wp:featuredmedia":[{"embeddable":true,"href":"https:\/\/fulbat.com\/es\/wp-json\/wp\/v2\/media\/22363"}],"wp:attachment":[{"href":"https:\/\/fulbat.com\/es\/wp-json\/wp\/v2\/media?parent=15437"}],"wp:term":[{"taxonomy":"product_brand","embeddable":true,"href":"https:\/\/fulbat.com\/es\/wp-json\/wp\/v2\/product_brand?post=15437"},{"taxonomy":"product_cat","embeddable":true,"href":"https:\/\/fulbat.com\/es\/wp-json\/wp\/v2\/product_cat?post=15437"},{"taxonomy":"product_tag","embeddable":true,"href":"https:\/\/fulbat.com\/es\/wp-json\/wp\/v2\/product_tag?post=15437"}],"curies":[{"name":"wp","href":"https:\/\/api.w.org\/{rel}","templated":true}]}}