{"id":15453,"date":"2020-09-10T17:40:51","date_gmt":"2020-09-10T15:40:51","guid":{"rendered":"https:\/\/fulbat.com\/product\/fp12-45-garden\/"},"modified":"2024-12-09T10:49:05","modified_gmt":"2024-12-09T09:49:05","slug":"fp12-45-garden","status":"publish","type":"product","link":"https:\/\/fulbat.com\/es\/producto\/fp12-45-garden\/","title":{"rendered":"FP12-4.5"},"content":{"rendered":"<p style=\"text-align: justify;\">La bater\u00eda FP12-4.5 forma parte de nuestra gama VRLA y tiene una vida \u00fatil de 5 a\u00f1os en carga permante (floating)<\/span><span lang=\"EN-GB\">. <\/span><\/p>\n<p>Con la regulaci\u00f3n de la v\u00e1lvula, la bater\u00eda FP12-4.5 AGM garantiza un alto rendimiento y fiabilidad.<\/p>\n<p>Cargadores compatibles : <strong><a href=\"https:\/\/fulbat.com\/es\/cargadores\/cargadores\/fulload-1000\/\" target=\"_blank\" rel=\"noopener noreferrer\"><strong>Fulload 1000<\/strong><\/a><\/strong><strong> | <\/strong><strong><a href=\"https:\/\/fulbat.com\/es\/cargadores\/cargadores\/fulload-f4\/\" target=\"_blank\" rel=\"noopener noreferrer\">Fulload F4<\/a><\/strong><\/p>\n","protected":false},"excerpt":{"rendered":"<p>Tecnolog\u00eda AGM<\/p>\n<p>Bater\u00eda VRLA<\/p>\n<p>No necesita mantenimiento, no es necesario a\u00f1adir agua<\/p>\n<p>Estanqueidad: f\u00e1cil de enviar<\/p>\n<p>Protecci\u00f3n contra descargas profundas<\/p>\n<p>No hay corrosi\u00f3n<\/p>\n<p>Se puede montar en cualquier posici\u00f3n<\/p>\n<p>Poca desgasificaci\u00f3n<\/p>\n<p>Largo tiempo de almacenamiento<\/p>\n<p>Muy buen rendimiento c\u00edclico y estacionario<\/p>\n","protected":false},"featured_media":15455,"template":"","meta":[],"product_brand":[],"product_cat":[2580,2586,2595],"product_tag":[3094,3226,3233],"class_list":{"0":"post-15453","1":"product","2":"type-product","3":"status-publish","4":"has-post-thumbnail","6":"product_cat-arranque","7":"product_cat-cesped-y-jardin","8":"product_cat-vrla-es","9":"product_tag-bateria-para-cesped-y-jardin-es","10":"product_tag-bateria-vrla","11":"product_tag-fp12-4-5-es","13":"first","14":"instock","15":"shipping-taxable","16":"product-type-simple"},"yoast_head":"<!-- This site is optimized with the Yoast SEO plugin v26.9 - https:\/\/yoast.com\/product\/yoast-seo-wordpress\/ -->\n<title>FP12-4.5 - Fulbat<\/title>\n<meta name=\"description\" content=\"%\" \/>\n<meta name=\"robots\" content=\"index, follow, max-snippet:-1, max-image-preview:large, max-video-preview:-1\" \/>\n<link rel=\"canonical\" href=\"https:\/\/fulbat.com\/es\/producto\/fp12-45-garden\/\" \/>\n<meta property=\"og:locale\" content=\"es_ES\" \/>\n<meta property=\"og:type\" content=\"article\" \/>\n<meta property=\"og:title\" content=\"FP12-4.5 - Fulbat\" \/>\n<meta property=\"og:description\" content=\"%\" \/>\n<meta property=\"og:url\" content=\"https:\/\/fulbat.com\/es\/producto\/fp12-45-garden\/\" \/>\n<meta property=\"og:site_name\" content=\"Fulbat\" \/>\n<meta property=\"article:modified_time\" content=\"2024-12-09T09:49:05+00:00\" \/>\n<meta property=\"og:image\" content=\"https:\/\/fulbat.com\/wp-content\/uploads\/2020\/09\/FULBAT_FP12-4.5_GeneralPurpose_AGM.png\" \/>\n\t<meta property=\"og:image:width\" content=\"384\" \/>\n\t<meta property=\"og:image:height\" content=\"402\" \/>\n\t<meta property=\"og:image:type\" content=\"image\/png\" \/>\n<meta name=\"twitter:card\" content=\"summary_large_image\" \/>\n<meta name=\"twitter:label1\" content=\"Tiempo de lectura\" \/>\n\t<meta name=\"twitter:data1\" content=\"1 minuto\" \/>\n<script type=\"application\/ld+json\" class=\"yoast-schema-graph\">{\"@context\":\"https:\/\/schema.org\",\"@graph\":[{\"@type\":\"WebPage\",\"@id\":\"https:\/\/fulbat.com\/es\/producto\/fp12-45-garden\/\",\"url\":\"https:\/\/fulbat.com\/es\/producto\/fp12-45-garden\/\",\"name\":\"FP12-4.5 - Fulbat\",\"isPartOf\":{\"@id\":\"https:\/\/fulbat.com\/es\/#website\"},\"primaryImageOfPage\":{\"@id\":\"https:\/\/fulbat.com\/es\/producto\/fp12-45-garden\/#primaryimage\"},\"image\":{\"@id\":\"https:\/\/fulbat.com\/es\/producto\/fp12-45-garden\/#primaryimage\"},\"thumbnailUrl\":\"https:\/\/fulbat.com\/wp-content\/uploads\/2020\/09\/FULBAT_FP12-4.5_GeneralPurpose_AGM.png\",\"datePublished\":\"2020-09-10T15:40:51+00:00\",\"dateModified\":\"2024-12-09T09:49:05+00:00\",\"description\":\"%\",\"breadcrumb\":{\"@id\":\"https:\/\/fulbat.com\/es\/producto\/fp12-45-garden\/#breadcrumb\"},\"inLanguage\":\"es\",\"potentialAction\":[{\"@type\":\"ReadAction\",\"target\":[\"https:\/\/fulbat.com\/es\/producto\/fp12-45-garden\/\"]}]},{\"@type\":\"ImageObject\",\"inLanguage\":\"es\",\"@id\":\"https:\/\/fulbat.com\/es\/producto\/fp12-45-garden\/#primaryimage\",\"url\":\"https:\/\/fulbat.com\/wp-content\/uploads\/2020\/09\/FULBAT_FP12-4.5_GeneralPurpose_AGM.png\",\"contentUrl\":\"https:\/\/fulbat.com\/wp-content\/uploads\/2020\/09\/FULBAT_FP12-4.5_GeneralPurpose_AGM.png\",\"width\":384,\"height\":402,\"caption\":\"FULBAT_FP12-4.5-BATERIA_GeneralPurpose_AGM\"},{\"@type\":\"BreadcrumbList\",\"@id\":\"https:\/\/fulbat.com\/es\/producto\/fp12-45-garden\/#breadcrumb\",\"itemListElement\":[{\"@type\":\"ListItem\",\"position\":1,\"name\":\"Home\",\"item\":\"https:\/\/fulbat.com\/es\/\"},{\"@type\":\"ListItem\",\"position\":2,\"name\":\"Shop\",\"item\":\"https:\/\/fulbat.com\/shop\/\"},{\"@type\":\"ListItem\",\"position\":3,\"name\":\"Arranque\",\"item\":\"https:\/\/fulbat.com\/es\/arranque\/\"},{\"@type\":\"ListItem\",\"position\":4,\"name\":\"FP12-4.5\"}]},{\"@type\":\"WebSite\",\"@id\":\"https:\/\/fulbat.com\/es\/#website\",\"url\":\"https:\/\/fulbat.com\/es\/\",\"name\":\"Fulbat\",\"description\":\"Qualitative, performing &amp; reliable battery solutions\",\"potentialAction\":[{\"@type\":\"SearchAction\",\"target\":{\"@type\":\"EntryPoint\",\"urlTemplate\":\"https:\/\/fulbat.com\/es\/?s={search_term_string}\"},\"query-input\":{\"@type\":\"PropertyValueSpecification\",\"valueRequired\":true,\"valueName\":\"search_term_string\"}}],\"inLanguage\":\"es\"}]}<\/script>\n<!-- \/ Yoast SEO plugin. -->","yoast_head_json":{"title":"FP12-4.5 - Fulbat","description":"%","robots":{"index":"index","follow":"follow","max-snippet":"max-snippet:-1","max-image-preview":"max-image-preview:large","max-video-preview":"max-video-preview:-1"},"canonical":"https:\/\/fulbat.com\/es\/producto\/fp12-45-garden\/","og_locale":"es_ES","og_type":"article","og_title":"FP12-4.5 - Fulbat","og_description":"%","og_url":"https:\/\/fulbat.com\/es\/producto\/fp12-45-garden\/","og_site_name":"Fulbat","article_modified_time":"2024-12-09T09:49:05+00:00","og_image":[{"width":384,"height":402,"url":"https:\/\/fulbat.com\/wp-content\/uploads\/2020\/09\/FULBAT_FP12-4.5_GeneralPurpose_AGM.png","type":"image\/png"}],"twitter_card":"summary_large_image","twitter_misc":{"Tiempo de lectura":"1 minuto"},"schema":{"@context":"https:\/\/schema.org","@graph":[{"@type":"WebPage","@id":"https:\/\/fulbat.com\/es\/producto\/fp12-45-garden\/","url":"https:\/\/fulbat.com\/es\/producto\/fp12-45-garden\/","name":"FP12-4.5 - Fulbat","isPartOf":{"@id":"https:\/\/fulbat.com\/es\/#website"},"primaryImageOfPage":{"@id":"https:\/\/fulbat.com\/es\/producto\/fp12-45-garden\/#primaryimage"},"image":{"@id":"https:\/\/fulbat.com\/es\/producto\/fp12-45-garden\/#primaryimage"},"thumbnailUrl":"https:\/\/fulbat.com\/wp-content\/uploads\/2020\/09\/FULBAT_FP12-4.5_GeneralPurpose_AGM.png","datePublished":"2020-09-10T15:40:51+00:00","dateModified":"2024-12-09T09:49:05+00:00","description":"%","breadcrumb":{"@id":"https:\/\/fulbat.com\/es\/producto\/fp12-45-garden\/#breadcrumb"},"inLanguage":"es","potentialAction":[{"@type":"ReadAction","target":["https:\/\/fulbat.com\/es\/producto\/fp12-45-garden\/"]}]},{"@type":"ImageObject","inLanguage":"es","@id":"https:\/\/fulbat.com\/es\/producto\/fp12-45-garden\/#primaryimage","url":"https:\/\/fulbat.com\/wp-content\/uploads\/2020\/09\/FULBAT_FP12-4.5_GeneralPurpose_AGM.png","contentUrl":"https:\/\/fulbat.com\/wp-content\/uploads\/2020\/09\/FULBAT_FP12-4.5_GeneralPurpose_AGM.png","width":384,"height":402,"caption":"FULBAT_FP12-4.5-BATERIA_GeneralPurpose_AGM"},{"@type":"BreadcrumbList","@id":"https:\/\/fulbat.com\/es\/producto\/fp12-45-garden\/#breadcrumb","itemListElement":[{"@type":"ListItem","position":1,"name":"Home","item":"https:\/\/fulbat.com\/es\/"},{"@type":"ListItem","position":2,"name":"Shop","item":"https:\/\/fulbat.com\/shop\/"},{"@type":"ListItem","position":3,"name":"Arranque","item":"https:\/\/fulbat.com\/es\/arranque\/"},{"@type":"ListItem","position":4,"name":"FP12-4.5"}]},{"@type":"WebSite","@id":"https:\/\/fulbat.com\/es\/#website","url":"https:\/\/fulbat.com\/es\/","name":"Fulbat","description":"Qualitative, performing &amp; reliable battery solutions","potentialAction":[{"@type":"SearchAction","target":{"@type":"EntryPoint","urlTemplate":"https:\/\/fulbat.com\/es\/?s={search_term_string}"},"query-input":{"@type":"PropertyValueSpecification","valueRequired":true,"valueName":"search_term_string"}}],"inLanguage":"es"}]}},"_links":{"self":[{"href":"https:\/\/fulbat.com\/es\/wp-json\/wp\/v2\/product\/15453","targetHints":{"allow":["GET"]}}],"collection":[{"href":"https:\/\/fulbat.com\/es\/wp-json\/wp\/v2\/product"}],"about":[{"href":"https:\/\/fulbat.com\/es\/wp-json\/wp\/v2\/types\/product"}],"wp:featuredmedia":[{"embeddable":true,"href":"https:\/\/fulbat.com\/es\/wp-json\/wp\/v2\/media\/15455"}],"wp:attachment":[{"href":"https:\/\/fulbat.com\/es\/wp-json\/wp\/v2\/media?parent=15453"}],"wp:term":[{"taxonomy":"product_brand","embeddable":true,"href":"https:\/\/fulbat.com\/es\/wp-json\/wp\/v2\/product_brand?post=15453"},{"taxonomy":"product_cat","embeddable":true,"href":"https:\/\/fulbat.com\/es\/wp-json\/wp\/v2\/product_cat?post=15453"},{"taxonomy":"product_tag","embeddable":true,"href":"https:\/\/fulbat.com\/es\/wp-json\/wp\/v2\/product_tag?post=15453"}],"curies":[{"name":"wp","href":"https:\/\/api.w.org\/{rel}","templated":true}]}}