{"id":15471,"date":"2020-09-14T11:24:38","date_gmt":"2020-09-14T09:24:38","guid":{"rendered":"https:\/\/fulbat.com\/product\/flp12-24\/"},"modified":"2024-12-05T12:46:44","modified_gmt":"2024-12-05T11:46:44","slug":"flp12-24","status":"publish","type":"product","link":"https:\/\/fulbat.com\/es\/producto\/flp12-24\/","title":{"rendered":"FLP12-24"},"content":{"rendered":"<p>La bater\u00eda FLP12-24 forma parte de nuestra gama industrial FLP &#8211; High Cyclic LiFePO4. Dise\u00f1ada espec\u00edficamente para sustituir a una bater\u00eda de plomo-\u00e1cido con su carcasa de tama\u00f1o est\u00e1ndar y un voltaje de carga similar, esta bater\u00eda LiFePO4 de 12V 24Ah ofrece muchas ventajas sobre la tecnolog\u00eda plomo-\u00e1cido en t\u00e9rminos de peso, rendimiento c\u00edclico, seguridad y potencia.<\/p>\n<p>Con un circuito de protecci\u00f3n integrado (PCM), la bater\u00eda FLP12-24 es ideal para aplicaciones c\u00edclicas o de tracci\u00f3n que requieren una mayor relaci\u00f3n potencia-peso, as\u00ed como para aplicaciones con requisitos m\u00ednimos de mantenimiento.<\/p>\n<p><strong>Vida c\u00edclica<\/strong> =<\/p>\n<ul>\n<li>hasta 2.000 ciclos con una profundidad de descarga del 100% (80% de capacidad \/ 20\u00b0C)<\/li>\n<li>hasta 4.000 ciclos al 80% de profundidad de descarga (80% de capacidad \/ 20\u00b0C)<\/li>\n<\/ul>\n","protected":false},"excerpt":{"rendered":"<p>Rendimiento c\u00edclico extremo: x10 en comparaci\u00f3n con las bater\u00edas AGM<\/p>\n<p>Peso reducido: 60% m\u00e1s ligero que una bater\u00eda de plomo-\u00e1cido<\/p>\n<p>Excelente recuperaci\u00f3n de descargas profundas (hasta el 100% de PDD)<\/p>\n<p>Corriente de carga y descarga muy alta (carga hasta 10 veces m\u00e1s r\u00e1pida)<\/p>\n<p>M\u00f3dulo de protecci\u00f3n integrado: equilibrado de celdas, protecci\u00f3n contra sobrecarga, descarga, sobrecorriente y sobretemperatura<\/p>\n<p>Amplia gama de temperaturas de funcionamiento: de -20\u00b0C a +60\u00b0C<\/p>\n<p>Segura: sin fugas, sin \u00e1cido, sin riesgo de explosi\u00f3n y sin emisi\u00f3n de gases<\/p>\n<p>Puede orientarse en cualquier direcci\u00f3n sin riesgo<\/p>\n<p>Flexibilidad de uso: se puede recargar parcialmente<\/p>\n<p>Baja autodescarga (3%\/mes a 20\u00b0C): larga vida de almacenamiento<\/p>\n<p>Se puede cargar con un cargador de plomo tradicional (sin fase de desulfuraci\u00f3n)<\/p>\n<p>Posibilidad de uso en serie\/paralelo<\/p>\n<p>Compacta: alta densidad de energ\u00eda con una extrema relaci\u00f3n potencia\/peso\/volumen<\/p>\n","protected":false},"featured_media":15472,"template":"","meta":[],"product_brand":[],"product_cat":[2509,2508,2517,2515,2506,2516],"product_tag":[3253,3236,3238,3254,3250,3251,3252,2912,3255,3243],"class_list":{"0":"post-15471","1":"product","2":"type-product","3":"status-publish","4":"has-post-thumbnail","6":"product_cat-carro-de-golf","7":"product_cat-electromedicina","8":"product_cat-energias-renovables","9":"product_cat-flp-high-cyclic-lifepo4-es","10":"product_cat-industrial-es","11":"product_cat-movilidad","12":"product_tag-bateria-de-carro-de-golf","13":"product_tag-bateria-de-movilidad","14":"product_tag-bateria-litio","15":"product_tag-flp12-24-es","16":"product_tag-fp12-18-es","17":"product_tag-fp12-20-es","18":"product_tag-fpc12-20-es","19":"product_tag-medical-battery-es","20":"product_tag-rec22-12i-es","21":"product_tag-vehiculo-electrico","23":"first","24":"instock","25":"shipping-taxable","26":"product-type-simple"},"yoast_head":"<!-- This site is optimized with the Yoast SEO plugin v26.9 - https:\/\/yoast.com\/product\/yoast-seo-wordpress\/ -->\n<title>FLP12-24 - Fulbat<\/title>\n<meta name=\"description\" content=\"%\" \/>\n<meta name=\"robots\" content=\"index, follow, max-snippet:-1, max-image-preview:large, max-video-preview:-1\" \/>\n<link rel=\"canonical\" href=\"https:\/\/fulbat.com\/es\/producto\/flp12-24\/\" \/>\n<meta property=\"og:locale\" content=\"es_ES\" \/>\n<meta property=\"og:type\" content=\"article\" \/>\n<meta property=\"og:title\" content=\"FLP12-24 - Fulbat\" \/>\n<meta property=\"og:description\" content=\"%\" \/>\n<meta property=\"og:url\" content=\"https:\/\/fulbat.com\/es\/producto\/flp12-24\/\" \/>\n<meta property=\"og:site_name\" content=\"Fulbat\" \/>\n<meta property=\"article:modified_time\" content=\"2024-12-05T11:46:44+00:00\" \/>\n<meta property=\"og:image\" content=\"https:\/\/fulbat.com\/wp-content\/uploads\/2021\/08\/FT_FLP12-24_HighCycli_LiFePO4.png\" \/>\n\t<meta property=\"og:image:width\" content=\"534\" \/>\n\t<meta property=\"og:image:height\" content=\"530\" \/>\n\t<meta property=\"og:image:type\" content=\"image\/png\" \/>\n<meta name=\"twitter:card\" content=\"summary_large_image\" \/>\n<meta name=\"twitter:label1\" content=\"Tiempo de lectura\" \/>\n\t<meta name=\"twitter:data1\" content=\"1 minuto\" \/>\n<script type=\"application\/ld+json\" class=\"yoast-schema-graph\">{\"@context\":\"https:\/\/schema.org\",\"@graph\":[{\"@type\":\"WebPage\",\"@id\":\"https:\/\/fulbat.com\/es\/producto\/flp12-24\/\",\"url\":\"https:\/\/fulbat.com\/es\/producto\/flp12-24\/\",\"name\":\"FLP12-24 - Fulbat\",\"isPartOf\":{\"@id\":\"https:\/\/fulbat.com\/es\/#website\"},\"primaryImageOfPage\":{\"@id\":\"https:\/\/fulbat.com\/es\/producto\/flp12-24\/#primaryimage\"},\"image\":{\"@id\":\"https:\/\/fulbat.com\/es\/producto\/flp12-24\/#primaryimage\"},\"thumbnailUrl\":\"https:\/\/fulbat.com\/wp-content\/uploads\/2021\/08\/FT_FLP12-24_HighCycli_LiFePO4.png\",\"datePublished\":\"2020-09-14T09:24:38+00:00\",\"dateModified\":\"2024-12-05T11:46:44+00:00\",\"description\":\"%\",\"breadcrumb\":{\"@id\":\"https:\/\/fulbat.com\/es\/producto\/flp12-24\/#breadcrumb\"},\"inLanguage\":\"es\",\"potentialAction\":[{\"@type\":\"ReadAction\",\"target\":[\"https:\/\/fulbat.com\/es\/producto\/flp12-24\/\"]}]},{\"@type\":\"ImageObject\",\"inLanguage\":\"es\",\"@id\":\"https:\/\/fulbat.com\/es\/producto\/flp12-24\/#primaryimage\",\"url\":\"https:\/\/fulbat.com\/wp-content\/uploads\/2021\/08\/FT_FLP12-24_HighCycli_LiFePO4.png\",\"contentUrl\":\"https:\/\/fulbat.com\/wp-content\/uploads\/2021\/08\/FT_FLP12-24_HighCycli_LiFePO4.png\",\"width\":534,\"height\":530,\"caption\":\"Fulbat_FLP12-24_ciclico-extremo-litio\"},{\"@type\":\"BreadcrumbList\",\"@id\":\"https:\/\/fulbat.com\/es\/producto\/flp12-24\/#breadcrumb\",\"itemListElement\":[{\"@type\":\"ListItem\",\"position\":1,\"name\":\"Home\",\"item\":\"https:\/\/fulbat.com\/es\/\"},{\"@type\":\"ListItem\",\"position\":2,\"name\":\"Shop\",\"item\":\"https:\/\/fulbat.com\/shop\/\"},{\"@type\":\"ListItem\",\"position\":3,\"name\":\"Industrial\",\"item\":\"https:\/\/fulbat.com\/es\/industrial-es\/\"},{\"@type\":\"ListItem\",\"position\":4,\"name\":\"FLP12-24\"}]},{\"@type\":\"WebSite\",\"@id\":\"https:\/\/fulbat.com\/es\/#website\",\"url\":\"https:\/\/fulbat.com\/es\/\",\"name\":\"Fulbat\",\"description\":\"Qualitative, performing &amp; reliable battery solutions\",\"potentialAction\":[{\"@type\":\"SearchAction\",\"target\":{\"@type\":\"EntryPoint\",\"urlTemplate\":\"https:\/\/fulbat.com\/es\/?s={search_term_string}\"},\"query-input\":{\"@type\":\"PropertyValueSpecification\",\"valueRequired\":true,\"valueName\":\"search_term_string\"}}],\"inLanguage\":\"es\"}]}<\/script>\n<!-- \/ Yoast SEO plugin. -->","yoast_head_json":{"title":"FLP12-24 - Fulbat","description":"%","robots":{"index":"index","follow":"follow","max-snippet":"max-snippet:-1","max-image-preview":"max-image-preview:large","max-video-preview":"max-video-preview:-1"},"canonical":"https:\/\/fulbat.com\/es\/producto\/flp12-24\/","og_locale":"es_ES","og_type":"article","og_title":"FLP12-24 - Fulbat","og_description":"%","og_url":"https:\/\/fulbat.com\/es\/producto\/flp12-24\/","og_site_name":"Fulbat","article_modified_time":"2024-12-05T11:46:44+00:00","og_image":[{"width":534,"height":530,"url":"https:\/\/fulbat.com\/wp-content\/uploads\/2021\/08\/FT_FLP12-24_HighCycli_LiFePO4.png","type":"image\/png"}],"twitter_card":"summary_large_image","twitter_misc":{"Tiempo de lectura":"1 minuto"},"schema":{"@context":"https:\/\/schema.org","@graph":[{"@type":"WebPage","@id":"https:\/\/fulbat.com\/es\/producto\/flp12-24\/","url":"https:\/\/fulbat.com\/es\/producto\/flp12-24\/","name":"FLP12-24 - Fulbat","isPartOf":{"@id":"https:\/\/fulbat.com\/es\/#website"},"primaryImageOfPage":{"@id":"https:\/\/fulbat.com\/es\/producto\/flp12-24\/#primaryimage"},"image":{"@id":"https:\/\/fulbat.com\/es\/producto\/flp12-24\/#primaryimage"},"thumbnailUrl":"https:\/\/fulbat.com\/wp-content\/uploads\/2021\/08\/FT_FLP12-24_HighCycli_LiFePO4.png","datePublished":"2020-09-14T09:24:38+00:00","dateModified":"2024-12-05T11:46:44+00:00","description":"%","breadcrumb":{"@id":"https:\/\/fulbat.com\/es\/producto\/flp12-24\/#breadcrumb"},"inLanguage":"es","potentialAction":[{"@type":"ReadAction","target":["https:\/\/fulbat.com\/es\/producto\/flp12-24\/"]}]},{"@type":"ImageObject","inLanguage":"es","@id":"https:\/\/fulbat.com\/es\/producto\/flp12-24\/#primaryimage","url":"https:\/\/fulbat.com\/wp-content\/uploads\/2021\/08\/FT_FLP12-24_HighCycli_LiFePO4.png","contentUrl":"https:\/\/fulbat.com\/wp-content\/uploads\/2021\/08\/FT_FLP12-24_HighCycli_LiFePO4.png","width":534,"height":530,"caption":"Fulbat_FLP12-24_ciclico-extremo-litio"},{"@type":"BreadcrumbList","@id":"https:\/\/fulbat.com\/es\/producto\/flp12-24\/#breadcrumb","itemListElement":[{"@type":"ListItem","position":1,"name":"Home","item":"https:\/\/fulbat.com\/es\/"},{"@type":"ListItem","position":2,"name":"Shop","item":"https:\/\/fulbat.com\/shop\/"},{"@type":"ListItem","position":3,"name":"Industrial","item":"https:\/\/fulbat.com\/es\/industrial-es\/"},{"@type":"ListItem","position":4,"name":"FLP12-24"}]},{"@type":"WebSite","@id":"https:\/\/fulbat.com\/es\/#website","url":"https:\/\/fulbat.com\/es\/","name":"Fulbat","description":"Qualitative, performing &amp; reliable battery solutions","potentialAction":[{"@type":"SearchAction","target":{"@type":"EntryPoint","urlTemplate":"https:\/\/fulbat.com\/es\/?s={search_term_string}"},"query-input":{"@type":"PropertyValueSpecification","valueRequired":true,"valueName":"search_term_string"}}],"inLanguage":"es"}]}},"_links":{"self":[{"href":"https:\/\/fulbat.com\/es\/wp-json\/wp\/v2\/product\/15471","targetHints":{"allow":["GET"]}}],"collection":[{"href":"https:\/\/fulbat.com\/es\/wp-json\/wp\/v2\/product"}],"about":[{"href":"https:\/\/fulbat.com\/es\/wp-json\/wp\/v2\/types\/product"}],"wp:featuredmedia":[{"embeddable":true,"href":"https:\/\/fulbat.com\/es\/wp-json\/wp\/v2\/media\/15472"}],"wp:attachment":[{"href":"https:\/\/fulbat.com\/es\/wp-json\/wp\/v2\/media?parent=15471"}],"wp:term":[{"taxonomy":"product_brand","embeddable":true,"href":"https:\/\/fulbat.com\/es\/wp-json\/wp\/v2\/product_brand?post=15471"},{"taxonomy":"product_cat","embeddable":true,"href":"https:\/\/fulbat.com\/es\/wp-json\/wp\/v2\/product_cat?post=15471"},{"taxonomy":"product_tag","embeddable":true,"href":"https:\/\/fulbat.com\/es\/wp-json\/wp\/v2\/product_tag?post=15471"}],"curies":[{"name":"wp","href":"https:\/\/api.w.org\/{rel}","templated":true}]}}