{"id":15503,"date":"2020-09-14T09:28:31","date_gmt":"2020-09-14T07:28:31","guid":{"rendered":"https:\/\/fulbat.com\/product\/fpg12-40\/"},"modified":"2025-11-18T15:31:54","modified_gmt":"2025-11-18T14:31:54","slug":"fpg12-40","status":"publish","type":"product","link":"https:\/\/fulbat.com\/es\/producto\/fpg12-40\/","title":{"rendered":"FPG12-40"},"content":{"rendered":"<p style=\"text-align: justify;\">La bater\u00eda FPG12-40 forma parte de nuestra gama industrial FPG &#8211; GEL c\u00edclico. Especialmente dise\u00f1ada para aplicaciones c\u00edclicas intensivas, esta bater\u00eda de 12V 40Ah proporciona un mayor rendimiento c\u00edclico y una mayor capacidad de recuperaci\u00f3n tras una descarga profunda que las bater\u00edas AGM c\u00edclicas.<\/p>\n<p>Gracias a su tecnolog\u00eda GEL regulada por v\u00e1lvula y a su dise\u00f1o especial de placas, la bater\u00eda FPG12-40 es ideal para aplicaciones de movilidad y almacenamiento de energ\u00eda..<\/p>\n<p><strong>Vida c\u00edclica<\/strong>\u00a0:<\/p>\n<ul>\n<li>hasta 500 ciclos con una profundidad de descarga del 80% (80% de capacidad \/ 20\u00b0C)<\/li>\n<li>hasta 1100 ciclos al 50% de profundidad de descarga (80% de capacidad \/ 20\u00b0C)<\/li>\n<\/ul>\n","protected":false},"excerpt":{"rendered":"<p>Sellada y sin mantenimiento<\/p>\n<p>Alto rendimiento c\u00edclico: x3 en comparaci\u00f3n con las bater\u00edas AGM est\u00e1ndar<\/p>\n<p>Excelente recuperaci\u00f3n de las descargas profundas<\/p>\n<p>Autodescarga muy baja (2%\/mes a 20\u00b0C): larga vida de almacenamiento<\/p>\n<p>Amplio rango de temperatura de funcionamiento &#8211; superior a los AGM<\/p>\n<p>Temperatura de funcionamiento y profundidad de descarga superiores: ideal para condiciones adversas<\/p>\n<p>Funcionamiento en cualquier posici\u00f3n (excepto una utilizaci\u00f3n continua en posici\u00f3n invertida)<\/p>\n<p>Construcci\u00f3n robusta: alta resistencia a las vibraciones<\/p>\n<p>No hay fen\u00f3meno de estratificaci\u00f3n (a diferencia de la AGM)<\/p>\n<p>M\u00e1s del 99% de recombinaci\u00f3n de gases (VRLA)<\/p>\n","protected":false},"featured_media":15505,"template":"","meta":[],"product_brand":[],"product_cat":[2509,2517,2512,2506,2510,2516],"product_tag":[3253,3267,3236,3260,3272,3273,2878,3274,3275],"class_list":{"0":"post-15503","1":"product","2":"type-product","3":"status-publish","4":"has-post-thumbnail","6":"product_cat-carro-de-golf","7":"product_cat-energias-renovables","8":"product_cat-fpg-cyclic-gel-es","9":"product_cat-industrial-es","10":"product_cat-marina-y-ocio","11":"product_cat-movilidad","12":"product_tag-bateria-de-carro-de-golf","13":"product_tag-bateria-de-energia-renovable","14":"product_tag-bateria-de-movilidad","15":"product_tag-bateria-de-ocio","16":"product_tag-fpc12-40-es","17":"product_tag-fpg12-40-es","18":"product_tag-gel-battery-es","19":"product_tag-npc38-12-es","20":"product_tag-rec50-12i-es","22":"first","23":"instock","24":"shipping-taxable","25":"product-type-simple"},"yoast_head":"<!-- This site is optimized with the Yoast SEO plugin v26.9 - https:\/\/yoast.com\/product\/yoast-seo-wordpress\/ -->\n<title>FPG12-40 - Fulbat<\/title>\n<meta name=\"description\" content=\"%\" \/>\n<meta name=\"robots\" content=\"index, follow, max-snippet:-1, max-image-preview:large, max-video-preview:-1\" \/>\n<link rel=\"canonical\" href=\"https:\/\/fulbat.com\/es\/producto\/fpg12-40\/\" \/>\n<meta property=\"og:locale\" content=\"es_ES\" \/>\n<meta property=\"og:type\" content=\"article\" \/>\n<meta property=\"og:title\" content=\"FPG12-40 - Fulbat\" \/>\n<meta property=\"og:description\" content=\"%\" \/>\n<meta property=\"og:url\" content=\"https:\/\/fulbat.com\/es\/producto\/fpg12-40\/\" \/>\n<meta property=\"og:site_name\" content=\"Fulbat\" \/>\n<meta property=\"article:modified_time\" content=\"2025-11-18T14:31:54+00:00\" \/>\n<meta property=\"og:image\" content=\"https:\/\/fulbat.com\/wp-content\/uploads\/2020\/09\/Fulbat_FPG12-40_Cyclic_GEL.png\" \/>\n\t<meta property=\"og:image:width\" content=\"521\" \/>\n\t<meta property=\"og:image:height\" content=\"454\" \/>\n\t<meta property=\"og:image:type\" content=\"image\/png\" \/>\n<meta name=\"twitter:card\" content=\"summary_large_image\" \/>\n<meta name=\"twitter:label1\" content=\"Tiempo de lectura\" \/>\n\t<meta name=\"twitter:data1\" content=\"1 minuto\" \/>\n<script type=\"application\/ld+json\" class=\"yoast-schema-graph\">{\"@context\":\"https:\/\/schema.org\",\"@graph\":[{\"@type\":\"WebPage\",\"@id\":\"https:\/\/fulbat.com\/es\/producto\/fpg12-40\/\",\"url\":\"https:\/\/fulbat.com\/es\/producto\/fpg12-40\/\",\"name\":\"FPG12-40 - Fulbat\",\"isPartOf\":{\"@id\":\"https:\/\/fulbat.com\/es\/#website\"},\"primaryImageOfPage\":{\"@id\":\"https:\/\/fulbat.com\/es\/producto\/fpg12-40\/#primaryimage\"},\"image\":{\"@id\":\"https:\/\/fulbat.com\/es\/producto\/fpg12-40\/#primaryimage\"},\"thumbnailUrl\":\"https:\/\/fulbat.com\/wp-content\/uploads\/2020\/09\/Fulbat_FPG12-40_Cyclic_GEL.png\",\"datePublished\":\"2020-09-14T07:28:31+00:00\",\"dateModified\":\"2025-11-18T14:31:54+00:00\",\"description\":\"%\",\"breadcrumb\":{\"@id\":\"https:\/\/fulbat.com\/es\/producto\/fpg12-40\/#breadcrumb\"},\"inLanguage\":\"es\",\"potentialAction\":[{\"@type\":\"ReadAction\",\"target\":[\"https:\/\/fulbat.com\/es\/producto\/fpg12-40\/\"]}]},{\"@type\":\"ImageObject\",\"inLanguage\":\"es\",\"@id\":\"https:\/\/fulbat.com\/es\/producto\/fpg12-40\/#primaryimage\",\"url\":\"https:\/\/fulbat.com\/wp-content\/uploads\/2020\/09\/Fulbat_FPG12-40_Cyclic_GEL.png\",\"contentUrl\":\"https:\/\/fulbat.com\/wp-content\/uploads\/2020\/09\/Fulbat_FPG12-40_Cyclic_GEL.png\",\"width\":521,\"height\":454,\"caption\":\"Fulbat_FPG12-26_GEL_c\u00edclico_de_movilidad_m\u00e9dica_de_energ\u00eda_renovable_de_ocio_marino\"},{\"@type\":\"BreadcrumbList\",\"@id\":\"https:\/\/fulbat.com\/es\/producto\/fpg12-40\/#breadcrumb\",\"itemListElement\":[{\"@type\":\"ListItem\",\"position\":1,\"name\":\"Home\",\"item\":\"https:\/\/fulbat.com\/es\/\"},{\"@type\":\"ListItem\",\"position\":2,\"name\":\"Shop\",\"item\":\"https:\/\/fulbat.com\/shop\/\"},{\"@type\":\"ListItem\",\"position\":3,\"name\":\"Industrial\",\"item\":\"https:\/\/fulbat.com\/es\/industrial-es\/\"},{\"@type\":\"ListItem\",\"position\":4,\"name\":\"FPG12-40\"}]},{\"@type\":\"WebSite\",\"@id\":\"https:\/\/fulbat.com\/es\/#website\",\"url\":\"https:\/\/fulbat.com\/es\/\",\"name\":\"Fulbat\",\"description\":\"Qualitative, performing &amp; reliable battery solutions\",\"potentialAction\":[{\"@type\":\"SearchAction\",\"target\":{\"@type\":\"EntryPoint\",\"urlTemplate\":\"https:\/\/fulbat.com\/es\/?s={search_term_string}\"},\"query-input\":{\"@type\":\"PropertyValueSpecification\",\"valueRequired\":true,\"valueName\":\"search_term_string\"}}],\"inLanguage\":\"es\"}]}<\/script>\n<!-- \/ Yoast SEO plugin. -->","yoast_head_json":{"title":"FPG12-40 - Fulbat","description":"%","robots":{"index":"index","follow":"follow","max-snippet":"max-snippet:-1","max-image-preview":"max-image-preview:large","max-video-preview":"max-video-preview:-1"},"canonical":"https:\/\/fulbat.com\/es\/producto\/fpg12-40\/","og_locale":"es_ES","og_type":"article","og_title":"FPG12-40 - Fulbat","og_description":"%","og_url":"https:\/\/fulbat.com\/es\/producto\/fpg12-40\/","og_site_name":"Fulbat","article_modified_time":"2025-11-18T14:31:54+00:00","og_image":[{"width":521,"height":454,"url":"https:\/\/fulbat.com\/wp-content\/uploads\/2020\/09\/Fulbat_FPG12-40_Cyclic_GEL.png","type":"image\/png"}],"twitter_card":"summary_large_image","twitter_misc":{"Tiempo de lectura":"1 minuto"},"schema":{"@context":"https:\/\/schema.org","@graph":[{"@type":"WebPage","@id":"https:\/\/fulbat.com\/es\/producto\/fpg12-40\/","url":"https:\/\/fulbat.com\/es\/producto\/fpg12-40\/","name":"FPG12-40 - Fulbat","isPartOf":{"@id":"https:\/\/fulbat.com\/es\/#website"},"primaryImageOfPage":{"@id":"https:\/\/fulbat.com\/es\/producto\/fpg12-40\/#primaryimage"},"image":{"@id":"https:\/\/fulbat.com\/es\/producto\/fpg12-40\/#primaryimage"},"thumbnailUrl":"https:\/\/fulbat.com\/wp-content\/uploads\/2020\/09\/Fulbat_FPG12-40_Cyclic_GEL.png","datePublished":"2020-09-14T07:28:31+00:00","dateModified":"2025-11-18T14:31:54+00:00","description":"%","breadcrumb":{"@id":"https:\/\/fulbat.com\/es\/producto\/fpg12-40\/#breadcrumb"},"inLanguage":"es","potentialAction":[{"@type":"ReadAction","target":["https:\/\/fulbat.com\/es\/producto\/fpg12-40\/"]}]},{"@type":"ImageObject","inLanguage":"es","@id":"https:\/\/fulbat.com\/es\/producto\/fpg12-40\/#primaryimage","url":"https:\/\/fulbat.com\/wp-content\/uploads\/2020\/09\/Fulbat_FPG12-40_Cyclic_GEL.png","contentUrl":"https:\/\/fulbat.com\/wp-content\/uploads\/2020\/09\/Fulbat_FPG12-40_Cyclic_GEL.png","width":521,"height":454,"caption":"Fulbat_FPG12-26_GEL_c\u00edclico_de_movilidad_m\u00e9dica_de_energ\u00eda_renovable_de_ocio_marino"},{"@type":"BreadcrumbList","@id":"https:\/\/fulbat.com\/es\/producto\/fpg12-40\/#breadcrumb","itemListElement":[{"@type":"ListItem","position":1,"name":"Home","item":"https:\/\/fulbat.com\/es\/"},{"@type":"ListItem","position":2,"name":"Shop","item":"https:\/\/fulbat.com\/shop\/"},{"@type":"ListItem","position":3,"name":"Industrial","item":"https:\/\/fulbat.com\/es\/industrial-es\/"},{"@type":"ListItem","position":4,"name":"FPG12-40"}]},{"@type":"WebSite","@id":"https:\/\/fulbat.com\/es\/#website","url":"https:\/\/fulbat.com\/es\/","name":"Fulbat","description":"Qualitative, performing &amp; reliable battery solutions","potentialAction":[{"@type":"SearchAction","target":{"@type":"EntryPoint","urlTemplate":"https:\/\/fulbat.com\/es\/?s={search_term_string}"},"query-input":{"@type":"PropertyValueSpecification","valueRequired":true,"valueName":"search_term_string"}}],"inLanguage":"es"}]}},"_links":{"self":[{"href":"https:\/\/fulbat.com\/es\/wp-json\/wp\/v2\/product\/15503","targetHints":{"allow":["GET"]}}],"collection":[{"href":"https:\/\/fulbat.com\/es\/wp-json\/wp\/v2\/product"}],"about":[{"href":"https:\/\/fulbat.com\/es\/wp-json\/wp\/v2\/types\/product"}],"wp:featuredmedia":[{"embeddable":true,"href":"https:\/\/fulbat.com\/es\/wp-json\/wp\/v2\/media\/15505"}],"wp:attachment":[{"href":"https:\/\/fulbat.com\/es\/wp-json\/wp\/v2\/media?parent=15503"}],"wp:term":[{"taxonomy":"product_brand","embeddable":true,"href":"https:\/\/fulbat.com\/es\/wp-json\/wp\/v2\/product_brand?post=15503"},{"taxonomy":"product_cat","embeddable":true,"href":"https:\/\/fulbat.com\/es\/wp-json\/wp\/v2\/product_cat?post=15503"},{"taxonomy":"product_tag","embeddable":true,"href":"https:\/\/fulbat.com\/es\/wp-json\/wp\/v2\/product_tag?post=15503"}],"curies":[{"name":"wp","href":"https:\/\/api.w.org\/{rel}","templated":true}]}}