{"id":15541,"date":"2020-09-14T09:00:12","date_gmt":"2020-09-14T07:00:12","guid":{"rendered":"https:\/\/fulbat.com\/product\/fpc12-80\/"},"modified":"2025-11-18T10:03:49","modified_gmt":"2025-11-18T09:03:49","slug":"fpc12-80","status":"publish","type":"product","link":"https:\/\/fulbat.com\/es\/producto\/fpc12-80\/","title":{"rendered":"FPC12-80"},"content":{"rendered":"<p style=\"text-align: justify;\">La bater\u00eda FPC12-80 forma parte de nuestra gama industrial FPC &#8211; Cyclic. Dise\u00f1ada espec\u00edficamente para aplicaciones c\u00edclicas de larga duraci\u00f3n, esta bater\u00eda de 12V 80.4Ah proporciona un muy buen rendimiento c\u00edclico con una descarga m\u00e1s lenta y profunda.<\/p>\n<p>Con una avanzada tecnolog\u00eda de v\u00e1lvulas AGM y placas negativas sobredimensionadas, la bater\u00eda FPC12-80 es ideal para aplicaciones de movilidad y almacenamiento de energ\u00eda.<\/p>\n<p><strong>Ciclo de vida <\/strong>:<\/p>\n<ul>\n<li>hasta 350 ciclos al 100% de profundidad de descarga (80% de capacidad \/ 20\u00b0C)<\/li>\n<li>hasta 800 ciclos al 50% de profundidad de descarga (80% de capacidad \/ 20\u00b0C)<\/li>\n<\/ul>\n","protected":false},"excerpt":{"rendered":"<p>Sellada y sin mantenimiento<\/p>\n<p>Alto rendimiento c\u00edclico : x2 en comparaci\u00f3n con las bater\u00edas AGM est\u00e1ndar<\/p>\n<p>Placa negativa gruesa y dise\u00f1o mejorado para una mayor vida c\u00edclica<\/p>\n<p>Buena recuperaci\u00f3n de las descargas profundas<\/p>\n<p>Menor resistencia interna para mayores corrientes de descarga<\/p>\n<p>Baja autodescarga (3%\/mes a 20\u00b0C): larga vida de almacenamiento<\/p>\n<p>Amplia gama de temperaturas de funcionamiento<\/p>\n<p>Funcionamiento en cualquier posici\u00f3n (excepto una utilizaci\u00f3n continua en posici\u00f3n invertida)<\/p>\n<p>Construcci\u00f3n robusta: alta resistencia a las vibraciones<\/p>\n<p>M\u00e1s del 99% de recombinaci\u00f3n de gases (VRLA)<\/p>\n","protected":false},"featured_media":15542,"template":"","meta":[],"product_brand":[],"product_cat":[2517,2511,2506,2510,2516],"product_tag":[3267,3236,3260,3263,3281,3282,3284,3283],"class_list":{"0":"post-15541","1":"product","2":"type-product","3":"status-publish","4":"has-post-thumbnail","6":"product_cat-energias-renovables","7":"product_cat-fpc-cyclic-series-agm","8":"product_cat-industrial-es","9":"product_cat-marina-y-ocio","10":"product_cat-movilidad","11":"product_tag-bateria-de-energia-renovable","12":"product_tag-bateria-de-movilidad","13":"product_tag-bateria-de-ocio","14":"product_tag-bateria-marina","15":"product_tag-cyclic-battery-es","16":"product_tag-fpc12-80-es","17":"product_tag-fpg12-70-es","18":"product_tag-rec80-12i-es","20":"first","21":"instock","22":"shipping-taxable","23":"product-type-simple"},"yoast_head":"<!-- This site is optimized with the Yoast SEO plugin v26.9 - https:\/\/yoast.com\/product\/yoast-seo-wordpress\/ -->\n<title>FPC12-80 - Fulbat<\/title>\n<meta name=\"description\" content=\"%\" \/>\n<meta name=\"robots\" content=\"index, follow, max-snippet:-1, max-image-preview:large, max-video-preview:-1\" \/>\n<link rel=\"canonical\" href=\"https:\/\/fulbat.com\/es\/producto\/fpc12-80\/\" \/>\n<meta property=\"og:locale\" content=\"es_ES\" \/>\n<meta property=\"og:type\" content=\"article\" \/>\n<meta property=\"og:title\" content=\"FPC12-80 - Fulbat\" \/>\n<meta property=\"og:description\" content=\"%\" \/>\n<meta property=\"og:url\" content=\"https:\/\/fulbat.com\/es\/producto\/fpc12-80\/\" \/>\n<meta property=\"og:site_name\" content=\"Fulbat\" \/>\n<meta property=\"article:modified_time\" content=\"2025-11-18T09:03:49+00:00\" \/>\n<meta property=\"og:image\" content=\"https:\/\/fulbat.com\/wp-content\/uploads\/2020\/10\/FT_FPC12-80_Cyclic_AGM.png\" \/>\n\t<meta property=\"og:image:width\" content=\"505\" \/>\n\t<meta property=\"og:image:height\" content=\"413\" \/>\n\t<meta property=\"og:image:type\" content=\"image\/png\" \/>\n<meta name=\"twitter:card\" content=\"summary_large_image\" \/>\n<meta name=\"twitter:label1\" content=\"Tiempo de lectura\" \/>\n\t<meta name=\"twitter:data1\" content=\"1 minuto\" \/>\n<script type=\"application\/ld+json\" class=\"yoast-schema-graph\">{\"@context\":\"https:\/\/schema.org\",\"@graph\":[{\"@type\":\"WebPage\",\"@id\":\"https:\/\/fulbat.com\/es\/producto\/fpc12-80\/\",\"url\":\"https:\/\/fulbat.com\/es\/producto\/fpc12-80\/\",\"name\":\"FPC12-80 - Fulbat\",\"isPartOf\":{\"@id\":\"https:\/\/fulbat.com\/es\/#website\"},\"primaryImageOfPage\":{\"@id\":\"https:\/\/fulbat.com\/es\/producto\/fpc12-80\/#primaryimage\"},\"image\":{\"@id\":\"https:\/\/fulbat.com\/es\/producto\/fpc12-80\/#primaryimage\"},\"thumbnailUrl\":\"https:\/\/fulbat.com\/wp-content\/uploads\/2020\/10\/FT_FPC12-80_Cyclic_AGM.png\",\"datePublished\":\"2020-09-14T07:00:12+00:00\",\"dateModified\":\"2025-11-18T09:03:49+00:00\",\"description\":\"%\",\"breadcrumb\":{\"@id\":\"https:\/\/fulbat.com\/es\/producto\/fpc12-80\/#breadcrumb\"},\"inLanguage\":\"es\",\"potentialAction\":[{\"@type\":\"ReadAction\",\"target\":[\"https:\/\/fulbat.com\/es\/producto\/fpc12-80\/\"]}]},{\"@type\":\"ImageObject\",\"inLanguage\":\"es\",\"@id\":\"https:\/\/fulbat.com\/es\/producto\/fpc12-80\/#primaryimage\",\"url\":\"https:\/\/fulbat.com\/wp-content\/uploads\/2020\/10\/FT_FPC12-80_Cyclic_AGM.png\",\"contentUrl\":\"https:\/\/fulbat.com\/wp-content\/uploads\/2020\/10\/FT_FPC12-80_Cyclic_AGM.png\",\"width\":505,\"height\":413,\"caption\":\"bater\u00eda_ocio_marina_movilidad c\u00edclica\"},{\"@type\":\"BreadcrumbList\",\"@id\":\"https:\/\/fulbat.com\/es\/producto\/fpc12-80\/#breadcrumb\",\"itemListElement\":[{\"@type\":\"ListItem\",\"position\":1,\"name\":\"Home\",\"item\":\"https:\/\/fulbat.com\/es\/\"},{\"@type\":\"ListItem\",\"position\":2,\"name\":\"Shop\",\"item\":\"https:\/\/fulbat.com\/shop\/\"},{\"@type\":\"ListItem\",\"position\":3,\"name\":\"Industrial\",\"item\":\"https:\/\/fulbat.com\/es\/industrial-es\/\"},{\"@type\":\"ListItem\",\"position\":4,\"name\":\"FPC12-80\"}]},{\"@type\":\"WebSite\",\"@id\":\"https:\/\/fulbat.com\/es\/#website\",\"url\":\"https:\/\/fulbat.com\/es\/\",\"name\":\"Fulbat\",\"description\":\"Qualitative, performing &amp; reliable battery solutions\",\"potentialAction\":[{\"@type\":\"SearchAction\",\"target\":{\"@type\":\"EntryPoint\",\"urlTemplate\":\"https:\/\/fulbat.com\/es\/?s={search_term_string}\"},\"query-input\":{\"@type\":\"PropertyValueSpecification\",\"valueRequired\":true,\"valueName\":\"search_term_string\"}}],\"inLanguage\":\"es\"}]}<\/script>\n<!-- \/ Yoast SEO plugin. -->","yoast_head_json":{"title":"FPC12-80 - Fulbat","description":"%","robots":{"index":"index","follow":"follow","max-snippet":"max-snippet:-1","max-image-preview":"max-image-preview:large","max-video-preview":"max-video-preview:-1"},"canonical":"https:\/\/fulbat.com\/es\/producto\/fpc12-80\/","og_locale":"es_ES","og_type":"article","og_title":"FPC12-80 - Fulbat","og_description":"%","og_url":"https:\/\/fulbat.com\/es\/producto\/fpc12-80\/","og_site_name":"Fulbat","article_modified_time":"2025-11-18T09:03:49+00:00","og_image":[{"width":505,"height":413,"url":"https:\/\/fulbat.com\/wp-content\/uploads\/2020\/10\/FT_FPC12-80_Cyclic_AGM.png","type":"image\/png"}],"twitter_card":"summary_large_image","twitter_misc":{"Tiempo de lectura":"1 minuto"},"schema":{"@context":"https:\/\/schema.org","@graph":[{"@type":"WebPage","@id":"https:\/\/fulbat.com\/es\/producto\/fpc12-80\/","url":"https:\/\/fulbat.com\/es\/producto\/fpc12-80\/","name":"FPC12-80 - Fulbat","isPartOf":{"@id":"https:\/\/fulbat.com\/es\/#website"},"primaryImageOfPage":{"@id":"https:\/\/fulbat.com\/es\/producto\/fpc12-80\/#primaryimage"},"image":{"@id":"https:\/\/fulbat.com\/es\/producto\/fpc12-80\/#primaryimage"},"thumbnailUrl":"https:\/\/fulbat.com\/wp-content\/uploads\/2020\/10\/FT_FPC12-80_Cyclic_AGM.png","datePublished":"2020-09-14T07:00:12+00:00","dateModified":"2025-11-18T09:03:49+00:00","description":"%","breadcrumb":{"@id":"https:\/\/fulbat.com\/es\/producto\/fpc12-80\/#breadcrumb"},"inLanguage":"es","potentialAction":[{"@type":"ReadAction","target":["https:\/\/fulbat.com\/es\/producto\/fpc12-80\/"]}]},{"@type":"ImageObject","inLanguage":"es","@id":"https:\/\/fulbat.com\/es\/producto\/fpc12-80\/#primaryimage","url":"https:\/\/fulbat.com\/wp-content\/uploads\/2020\/10\/FT_FPC12-80_Cyclic_AGM.png","contentUrl":"https:\/\/fulbat.com\/wp-content\/uploads\/2020\/10\/FT_FPC12-80_Cyclic_AGM.png","width":505,"height":413,"caption":"bater\u00eda_ocio_marina_movilidad c\u00edclica"},{"@type":"BreadcrumbList","@id":"https:\/\/fulbat.com\/es\/producto\/fpc12-80\/#breadcrumb","itemListElement":[{"@type":"ListItem","position":1,"name":"Home","item":"https:\/\/fulbat.com\/es\/"},{"@type":"ListItem","position":2,"name":"Shop","item":"https:\/\/fulbat.com\/shop\/"},{"@type":"ListItem","position":3,"name":"Industrial","item":"https:\/\/fulbat.com\/es\/industrial-es\/"},{"@type":"ListItem","position":4,"name":"FPC12-80"}]},{"@type":"WebSite","@id":"https:\/\/fulbat.com\/es\/#website","url":"https:\/\/fulbat.com\/es\/","name":"Fulbat","description":"Qualitative, performing &amp; reliable battery solutions","potentialAction":[{"@type":"SearchAction","target":{"@type":"EntryPoint","urlTemplate":"https:\/\/fulbat.com\/es\/?s={search_term_string}"},"query-input":{"@type":"PropertyValueSpecification","valueRequired":true,"valueName":"search_term_string"}}],"inLanguage":"es"}]}},"_links":{"self":[{"href":"https:\/\/fulbat.com\/es\/wp-json\/wp\/v2\/product\/15541","targetHints":{"allow":["GET"]}}],"collection":[{"href":"https:\/\/fulbat.com\/es\/wp-json\/wp\/v2\/product"}],"about":[{"href":"https:\/\/fulbat.com\/es\/wp-json\/wp\/v2\/types\/product"}],"wp:featuredmedia":[{"embeddable":true,"href":"https:\/\/fulbat.com\/es\/wp-json\/wp\/v2\/media\/15542"}],"wp:attachment":[{"href":"https:\/\/fulbat.com\/es\/wp-json\/wp\/v2\/media?parent=15541"}],"wp:term":[{"taxonomy":"product_brand","embeddable":true,"href":"https:\/\/fulbat.com\/es\/wp-json\/wp\/v2\/product_brand?post=15541"},{"taxonomy":"product_cat","embeddable":true,"href":"https:\/\/fulbat.com\/es\/wp-json\/wp\/v2\/product_cat?post=15541"},{"taxonomy":"product_tag","embeddable":true,"href":"https:\/\/fulbat.com\/es\/wp-json\/wp\/v2\/product_tag?post=15541"}],"curies":[{"name":"wp","href":"https:\/\/api.w.org\/{rel}","templated":true}]}}