{"id":15724,"date":"2020-08-26T16:10:48","date_gmt":"2020-08-26T14:10:48","guid":{"rendered":"https:\/\/fulbat.com\/product\/fb9-b-gel\/"},"modified":"2024-11-20T10:41:31","modified_gmt":"2024-11-20T09:41:31","slug":"fb9-b-gel","status":"publish","type":"product","link":"https:\/\/fulbat.com\/es\/producto\/fb9-b-gel\/","title":{"rendered":"FB9-B GEL"},"content":{"rendered":"<p style=\"text-align: justify;\">La bater\u00eda FB9-B Gel forma parte de nuestra gama GEL. Dise\u00f1ada espec\u00edficamente para ofrecer el m\u00e1ximo rendimiento, esta bater\u00eda de 12V 9.5Ah est\u00e1 lista para usar y no requiere ninguna manipulaci\u00f3n de \u00e1cido, preparaci\u00f3n inicial o mantenimiento.<\/p>\n<p>Gracias a su dise\u00f1o 100% sellado (VRLA), la bater\u00eda FB9-B GEL es ideal para todos los deportes de motor que requieren un alto rendimiento.<\/p>\n<p><img loading=\"lazy\" decoding=\"async\" class=\"alignnone wp-image-8284\" src=\"https:\/\/fulbat.com\/wp-content\/uploads\/2020\/08\/EU-flag-300x200.jpg\" alt=\"\" width=\"26\" height=\"17\" srcset=\"https:\/\/fulbat.com\/wp-content\/uploads\/2020\/08\/EU-flag-300x200.jpg 300w, https:\/\/fulbat.com\/wp-content\/uploads\/2020\/08\/EU-flag-150x100.jpg 150w, https:\/\/fulbat.com\/wp-content\/uploads\/2020\/08\/EU-flag.jpg 425w\" sizes=\"auto, (max-width: 26px) 100vw, 26px\" \/>\u00a0Cumple con el nuevo reglamento europeo (UE) 2019\/1148 de 2021 sobre la venta de \u00e1cido para bater\u00edas.<\/p>\n<p>Cargadores compatibles : <strong><a href=\"https:\/\/fulbat.com\/es\/cargadores\/cargadores\/fulload-1000\/\" target=\"_blank\" rel=\"noopener noreferrer\">Fulload 1000<\/a><\/strong> | <a href=\"https:\/\/fulbat.com\/es\/cargadores\/cargadores\/fulload-f4\/\" target=\"_blank\" rel=\"noopener noreferrer\"><strong>Fulload F4<\/strong><\/a> <strong>| <\/strong><a href=\"https:\/\/fulbat.com\/es\/cargadores\/cargadores\/fulbank-2000\/\" target=\"_blank\" rel=\"noopener noreferrer\"><strong>Fulbank\u00a02000<\/strong><\/a<\/p>\n","protected":false},"excerpt":{"rendered":"<p>Tecnolog\u00eda GEL<\/p>\n<p>Listo para usar y f\u00e1cil de instalar<\/p>\n<p>No hay manipulaci\u00f3n de \u00e1cidos<\/p>\n<p>Bater\u00eda VRLA<\/p>\n<p>Estanqueidad: f\u00e1cil de enviar<\/p>\n<p>100% libre de mantenimiento<\/p>\n<p>Se puede montar en cualquier posici\u00f3n<\/p>\n<p>Adaptada al clima fr\u00edo<\/p>\n<p>Mayor duraci\u00f3n de la vida<\/p>\n","protected":false},"featured_media":15725,"template":"","meta":[],"product_brand":[],"product_cat":[2580,2585,2589,2582,2593,2592],"product_tag":[3303,3305,3300,2939,2954,3301,3304,2876,2877,3302,3306],"class_list":{"0":"post-15724","1":"product","2":"type-product","3":"status-publish","4":"has-post-thumbnail","6":"product_cat-arranque","7":"product_cat-gel-es","8":"product_cat-moto-es","9":"product_cat-quad-es","10":"product_cat-scooter-es","11":"product_cat-ssv-utv-es","12":"product_tag-12n9-4b-1-es","13":"product_tag-12n94b1-es","14":"product_tag-bateria-buggy","15":"product_tag-bateria-de-quad","16":"product_tag-bateria-de-ssv","17":"product_tag-fb9-b-es","18":"product_tag-fb9b-es","19":"product_tag-motorcycle-battery-es","20":"product_tag-scooter-battery-es","21":"product_tag-yb9-b-es","22":"product_tag-yb9b-es","24":"first","25":"instock","26":"shipping-taxable","27":"product-type-simple"},"yoast_head":"<!-- This site is optimized with the Yoast SEO plugin v26.9 - https:\/\/yoast.com\/product\/yoast-seo-wordpress\/ -->\n<title>FB9-B GEL - Fulbat<\/title>\n<meta name=\"description\" content=\"%\" \/>\n<meta name=\"robots\" content=\"index, follow, max-snippet:-1, max-image-preview:large, max-video-preview:-1\" \/>\n<link rel=\"canonical\" href=\"https:\/\/fulbat.com\/es\/producto\/fb9-b-gel\/\" \/>\n<meta property=\"og:locale\" content=\"es_ES\" \/>\n<meta property=\"og:type\" content=\"article\" \/>\n<meta property=\"og:title\" content=\"FB9-B GEL - Fulbat\" \/>\n<meta property=\"og:description\" content=\"%\" \/>\n<meta property=\"og:url\" content=\"https:\/\/fulbat.com\/es\/producto\/fb9-b-gel\/\" \/>\n<meta property=\"og:site_name\" content=\"Fulbat\" \/>\n<meta property=\"article:modified_time\" content=\"2024-11-20T09:41:31+00:00\" \/>\n<meta property=\"og:image\" content=\"https:\/\/fulbat.com\/wp-content\/uploads\/2021\/11\/Fulbat_GEL_FB9-B.png\" \/>\n\t<meta property=\"og:image:width\" content=\"490\" \/>\n\t<meta property=\"og:image:height\" content=\"541\" \/>\n\t<meta property=\"og:image:type\" content=\"image\/png\" \/>\n<meta name=\"twitter:card\" content=\"summary_large_image\" \/>\n<meta name=\"twitter:label1\" content=\"Tiempo de lectura\" \/>\n\t<meta name=\"twitter:data1\" content=\"1 minuto\" \/>\n<script type=\"application\/ld+json\" class=\"yoast-schema-graph\">{\"@context\":\"https:\/\/schema.org\",\"@graph\":[{\"@type\":\"WebPage\",\"@id\":\"https:\/\/fulbat.com\/es\/producto\/fb9-b-gel\/\",\"url\":\"https:\/\/fulbat.com\/es\/producto\/fb9-b-gel\/\",\"name\":\"FB9-B GEL - Fulbat\",\"isPartOf\":{\"@id\":\"https:\/\/fulbat.com\/es\/#website\"},\"primaryImageOfPage\":{\"@id\":\"https:\/\/fulbat.com\/es\/producto\/fb9-b-gel\/#primaryimage\"},\"image\":{\"@id\":\"https:\/\/fulbat.com\/es\/producto\/fb9-b-gel\/#primaryimage\"},\"thumbnailUrl\":\"https:\/\/fulbat.com\/wp-content\/uploads\/2021\/11\/Fulbat_GEL_FB9-B.png\",\"datePublished\":\"2020-08-26T14:10:48+00:00\",\"dateModified\":\"2024-11-20T09:41:31+00:00\",\"description\":\"%\",\"breadcrumb\":{\"@id\":\"https:\/\/fulbat.com\/es\/producto\/fb9-b-gel\/#breadcrumb\"},\"inLanguage\":\"es\",\"potentialAction\":[{\"@type\":\"ReadAction\",\"target\":[\"https:\/\/fulbat.com\/es\/producto\/fb9-b-gel\/\"]}]},{\"@type\":\"ImageObject\",\"inLanguage\":\"es\",\"@id\":\"https:\/\/fulbat.com\/es\/producto\/fb9-b-gel\/#primaryimage\",\"url\":\"https:\/\/fulbat.com\/wp-content\/uploads\/2021\/11\/Fulbat_GEL_FB9-B.png\",\"contentUrl\":\"https:\/\/fulbat.com\/wp-content\/uploads\/2021\/11\/Fulbat_GEL_FB9-B.png\",\"width\":490,\"height\":541},{\"@type\":\"BreadcrumbList\",\"@id\":\"https:\/\/fulbat.com\/es\/producto\/fb9-b-gel\/#breadcrumb\",\"itemListElement\":[{\"@type\":\"ListItem\",\"position\":1,\"name\":\"Home\",\"item\":\"https:\/\/fulbat.com\/es\/\"},{\"@type\":\"ListItem\",\"position\":2,\"name\":\"Shop\",\"item\":\"https:\/\/fulbat.com\/shop\/\"},{\"@type\":\"ListItem\",\"position\":3,\"name\":\"Arranque\",\"item\":\"https:\/\/fulbat.com\/es\/arranque\/\"},{\"@type\":\"ListItem\",\"position\":4,\"name\":\"FB9-B GEL\"}]},{\"@type\":\"WebSite\",\"@id\":\"https:\/\/fulbat.com\/es\/#website\",\"url\":\"https:\/\/fulbat.com\/es\/\",\"name\":\"Fulbat\",\"description\":\"Qualitative, performing &amp; reliable battery solutions\",\"potentialAction\":[{\"@type\":\"SearchAction\",\"target\":{\"@type\":\"EntryPoint\",\"urlTemplate\":\"https:\/\/fulbat.com\/es\/?s={search_term_string}\"},\"query-input\":{\"@type\":\"PropertyValueSpecification\",\"valueRequired\":true,\"valueName\":\"search_term_string\"}}],\"inLanguage\":\"es\"}]}<\/script>\n<!-- \/ Yoast SEO plugin. -->","yoast_head_json":{"title":"FB9-B GEL - Fulbat","description":"%","robots":{"index":"index","follow":"follow","max-snippet":"max-snippet:-1","max-image-preview":"max-image-preview:large","max-video-preview":"max-video-preview:-1"},"canonical":"https:\/\/fulbat.com\/es\/producto\/fb9-b-gel\/","og_locale":"es_ES","og_type":"article","og_title":"FB9-B GEL - Fulbat","og_description":"%","og_url":"https:\/\/fulbat.com\/es\/producto\/fb9-b-gel\/","og_site_name":"Fulbat","article_modified_time":"2024-11-20T09:41:31+00:00","og_image":[{"width":490,"height":541,"url":"https:\/\/fulbat.com\/wp-content\/uploads\/2021\/11\/Fulbat_GEL_FB9-B.png","type":"image\/png"}],"twitter_card":"summary_large_image","twitter_misc":{"Tiempo de lectura":"1 minuto"},"schema":{"@context":"https:\/\/schema.org","@graph":[{"@type":"WebPage","@id":"https:\/\/fulbat.com\/es\/producto\/fb9-b-gel\/","url":"https:\/\/fulbat.com\/es\/producto\/fb9-b-gel\/","name":"FB9-B GEL - Fulbat","isPartOf":{"@id":"https:\/\/fulbat.com\/es\/#website"},"primaryImageOfPage":{"@id":"https:\/\/fulbat.com\/es\/producto\/fb9-b-gel\/#primaryimage"},"image":{"@id":"https:\/\/fulbat.com\/es\/producto\/fb9-b-gel\/#primaryimage"},"thumbnailUrl":"https:\/\/fulbat.com\/wp-content\/uploads\/2021\/11\/Fulbat_GEL_FB9-B.png","datePublished":"2020-08-26T14:10:48+00:00","dateModified":"2024-11-20T09:41:31+00:00","description":"%","breadcrumb":{"@id":"https:\/\/fulbat.com\/es\/producto\/fb9-b-gel\/#breadcrumb"},"inLanguage":"es","potentialAction":[{"@type":"ReadAction","target":["https:\/\/fulbat.com\/es\/producto\/fb9-b-gel\/"]}]},{"@type":"ImageObject","inLanguage":"es","@id":"https:\/\/fulbat.com\/es\/producto\/fb9-b-gel\/#primaryimage","url":"https:\/\/fulbat.com\/wp-content\/uploads\/2021\/11\/Fulbat_GEL_FB9-B.png","contentUrl":"https:\/\/fulbat.com\/wp-content\/uploads\/2021\/11\/Fulbat_GEL_FB9-B.png","width":490,"height":541},{"@type":"BreadcrumbList","@id":"https:\/\/fulbat.com\/es\/producto\/fb9-b-gel\/#breadcrumb","itemListElement":[{"@type":"ListItem","position":1,"name":"Home","item":"https:\/\/fulbat.com\/es\/"},{"@type":"ListItem","position":2,"name":"Shop","item":"https:\/\/fulbat.com\/shop\/"},{"@type":"ListItem","position":3,"name":"Arranque","item":"https:\/\/fulbat.com\/es\/arranque\/"},{"@type":"ListItem","position":4,"name":"FB9-B GEL"}]},{"@type":"WebSite","@id":"https:\/\/fulbat.com\/es\/#website","url":"https:\/\/fulbat.com\/es\/","name":"Fulbat","description":"Qualitative, performing &amp; reliable battery solutions","potentialAction":[{"@type":"SearchAction","target":{"@type":"EntryPoint","urlTemplate":"https:\/\/fulbat.com\/es\/?s={search_term_string}"},"query-input":{"@type":"PropertyValueSpecification","valueRequired":true,"valueName":"search_term_string"}}],"inLanguage":"es"}]}},"_links":{"self":[{"href":"https:\/\/fulbat.com\/es\/wp-json\/wp\/v2\/product\/15724","targetHints":{"allow":["GET"]}}],"collection":[{"href":"https:\/\/fulbat.com\/es\/wp-json\/wp\/v2\/product"}],"about":[{"href":"https:\/\/fulbat.com\/es\/wp-json\/wp\/v2\/types\/product"}],"wp:featuredmedia":[{"embeddable":true,"href":"https:\/\/fulbat.com\/es\/wp-json\/wp\/v2\/media\/15725"}],"wp:attachment":[{"href":"https:\/\/fulbat.com\/es\/wp-json\/wp\/v2\/media?parent=15724"}],"wp:term":[{"taxonomy":"product_brand","embeddable":true,"href":"https:\/\/fulbat.com\/es\/wp-json\/wp\/v2\/product_brand?post=15724"},{"taxonomy":"product_cat","embeddable":true,"href":"https:\/\/fulbat.com\/es\/wp-json\/wp\/v2\/product_cat?post=15724"},{"taxonomy":"product_tag","embeddable":true,"href":"https:\/\/fulbat.com\/es\/wp-json\/wp\/v2\/product_tag?post=15724"}],"curies":[{"name":"wp","href":"https:\/\/api.w.org\/{rel}","templated":true}]}}