{"id":15830,"date":"2020-09-09T08:26:43","date_gmt":"2020-09-09T06:26:43","guid":{"rendered":"https:\/\/fulbat.com\/product\/fl-st01\/"},"modified":"2024-11-18T16:30:36","modified_gmt":"2024-11-18T15:30:36","slug":"fl-st01","status":"publish","type":"product","link":"https:\/\/fulbat.com\/es\/producto\/fl-st01\/","title":{"rendered":"FL-ST01"},"content":{"rendered":"<p style=\"text-align: justify;\">La bater\u00eda FL-ST01 forma parte de nuestra gama Robot Litio. Especialmente dise\u00f1ada para los robots cortac\u00e9sped, la bater\u00eda de iones de litio de 25.2V y 8.7Ah satisface las necesidades de carga y descarga intensiva necesarias para el uso de los robots cortac\u00e9sped.<\/p>\n<p>Equipada con celdas de alta calidad y capacidad, la bater\u00eda FL-ST01 ha sido desarrollada para ofrecer una larga vida \u00fatil y la m\u00e1xima autonom\u00eda de trabajo a su robot.<\/p>\n<p><strong>Compatible con las siguientes marcas :<\/strong> Ambrogio &#8211; Stiga<br \/>\n<strong>N\u00famero de pieza original :<\/strong> 1126913801 &#8211; CS_C0106\/1&#8230;<\/p>\n","protected":false},"excerpt":{"rendered":"<p>Bater\u00eda de tipo compatible<\/p>\n<p>Larga vida \u00fatil de la bater\u00eda<\/p>\n<p>Gran autonom\u00eda: Capacidad a veces superior a la de la bater\u00eda original<\/p>\n<p>C\u00e9lulas de litio de alta calidad<\/p>\n<p>M\u00e1s de 200 modelos de robots compatibles<\/p>\n","protected":false},"featured_media":15836,"template":"","meta":[],"product_brand":[],"product_cat":[2580,2590],"product_tag":[3346,3344,3335,3345],"class_list":{"0":"post-15830","1":"product","2":"type-product","3":"status-publish","4":"has-post-thumbnail","6":"product_cat-arranque","7":"product_cat-robot-es","8":"product_tag-1126913801-es","9":"product_tag-ambrogio-es","10":"product_tag-bateria-del-robot-cortacesped","11":"product_tag-stiga-es","13":"first","14":"instock","15":"shipping-taxable","16":"product-type-simple"},"yoast_head":"<!-- This site is optimized with the Yoast SEO plugin v26.9 - https:\/\/yoast.com\/product\/yoast-seo-wordpress\/ -->\n<title>FL-ST01 - Fulbat<\/title>\n<meta name=\"description\" content=\"%\" \/>\n<meta name=\"robots\" content=\"index, follow, max-snippet:-1, max-image-preview:large, max-video-preview:-1\" \/>\n<link rel=\"canonical\" href=\"https:\/\/fulbat.com\/es\/producto\/fl-st01\/\" \/>\n<meta property=\"og:locale\" content=\"es_ES\" \/>\n<meta property=\"og:type\" content=\"article\" \/>\n<meta property=\"og:title\" content=\"FL-ST01 - Fulbat\" \/>\n<meta property=\"og:description\" content=\"%\" \/>\n<meta property=\"og:url\" content=\"https:\/\/fulbat.com\/es\/producto\/fl-st01\/\" \/>\n<meta property=\"og:site_name\" content=\"Fulbat\" \/>\n<meta property=\"article:modified_time\" content=\"2024-11-18T15:30:36+00:00\" \/>\n<meta property=\"og:image\" content=\"https:\/\/fulbat.com\/wp-content\/uploads\/2020\/09\/Fulbat_FL-ST01.png\" \/>\n\t<meta property=\"og:image:width\" content=\"584\" \/>\n\t<meta property=\"og:image:height\" content=\"467\" \/>\n\t<meta property=\"og:image:type\" content=\"image\/png\" \/>\n<meta name=\"twitter:card\" content=\"summary_large_image\" \/>\n<meta name=\"twitter:label1\" content=\"Tiempo de lectura\" \/>\n\t<meta name=\"twitter:data1\" content=\"1 minuto\" \/>\n<script type=\"application\/ld+json\" class=\"yoast-schema-graph\">{\"@context\":\"https:\/\/schema.org\",\"@graph\":[{\"@type\":\"WebPage\",\"@id\":\"https:\/\/fulbat.com\/es\/producto\/fl-st01\/\",\"url\":\"https:\/\/fulbat.com\/es\/producto\/fl-st01\/\",\"name\":\"FL-ST01 - Fulbat\",\"isPartOf\":{\"@id\":\"https:\/\/fulbat.com\/es\/#website\"},\"primaryImageOfPage\":{\"@id\":\"https:\/\/fulbat.com\/es\/producto\/fl-st01\/#primaryimage\"},\"image\":{\"@id\":\"https:\/\/fulbat.com\/es\/producto\/fl-st01\/#primaryimage\"},\"thumbnailUrl\":\"https:\/\/fulbat.com\/wp-content\/uploads\/2020\/09\/Fulbat_FL-ST01.png\",\"datePublished\":\"2020-09-09T06:26:43+00:00\",\"dateModified\":\"2024-11-18T15:30:36+00:00\",\"description\":\"%\",\"breadcrumb\":{\"@id\":\"https:\/\/fulbat.com\/es\/producto\/fl-st01\/#breadcrumb\"},\"inLanguage\":\"es\",\"potentialAction\":[{\"@type\":\"ReadAction\",\"target\":[\"https:\/\/fulbat.com\/es\/producto\/fl-st01\/\"]}]},{\"@type\":\"ImageObject\",\"inLanguage\":\"es\",\"@id\":\"https:\/\/fulbat.com\/es\/producto\/fl-st01\/#primaryimage\",\"url\":\"https:\/\/fulbat.com\/wp-content\/uploads\/2020\/09\/Fulbat_FL-ST01.png\",\"contentUrl\":\"https:\/\/fulbat.com\/wp-content\/uploads\/2020\/09\/Fulbat_FL-ST01.png\",\"width\":584,\"height\":467,\"caption\":\"Fulbat_FL-ST01-bater\u00eda\"},{\"@type\":\"BreadcrumbList\",\"@id\":\"https:\/\/fulbat.com\/es\/producto\/fl-st01\/#breadcrumb\",\"itemListElement\":[{\"@type\":\"ListItem\",\"position\":1,\"name\":\"Home\",\"item\":\"https:\/\/fulbat.com\/es\/\"},{\"@type\":\"ListItem\",\"position\":2,\"name\":\"Shop\",\"item\":\"https:\/\/fulbat.com\/shop\/\"},{\"@type\":\"ListItem\",\"position\":3,\"name\":\"Arranque\",\"item\":\"https:\/\/fulbat.com\/es\/arranque\/\"},{\"@type\":\"ListItem\",\"position\":4,\"name\":\"FL-ST01\"}]},{\"@type\":\"WebSite\",\"@id\":\"https:\/\/fulbat.com\/es\/#website\",\"url\":\"https:\/\/fulbat.com\/es\/\",\"name\":\"Fulbat\",\"description\":\"Qualitative, performing &amp; reliable battery solutions\",\"potentialAction\":[{\"@type\":\"SearchAction\",\"target\":{\"@type\":\"EntryPoint\",\"urlTemplate\":\"https:\/\/fulbat.com\/es\/?s={search_term_string}\"},\"query-input\":{\"@type\":\"PropertyValueSpecification\",\"valueRequired\":true,\"valueName\":\"search_term_string\"}}],\"inLanguage\":\"es\"}]}<\/script>\n<!-- \/ Yoast SEO plugin. -->","yoast_head_json":{"title":"FL-ST01 - Fulbat","description":"%","robots":{"index":"index","follow":"follow","max-snippet":"max-snippet:-1","max-image-preview":"max-image-preview:large","max-video-preview":"max-video-preview:-1"},"canonical":"https:\/\/fulbat.com\/es\/producto\/fl-st01\/","og_locale":"es_ES","og_type":"article","og_title":"FL-ST01 - Fulbat","og_description":"%","og_url":"https:\/\/fulbat.com\/es\/producto\/fl-st01\/","og_site_name":"Fulbat","article_modified_time":"2024-11-18T15:30:36+00:00","og_image":[{"width":584,"height":467,"url":"https:\/\/fulbat.com\/wp-content\/uploads\/2020\/09\/Fulbat_FL-ST01.png","type":"image\/png"}],"twitter_card":"summary_large_image","twitter_misc":{"Tiempo de lectura":"1 minuto"},"schema":{"@context":"https:\/\/schema.org","@graph":[{"@type":"WebPage","@id":"https:\/\/fulbat.com\/es\/producto\/fl-st01\/","url":"https:\/\/fulbat.com\/es\/producto\/fl-st01\/","name":"FL-ST01 - Fulbat","isPartOf":{"@id":"https:\/\/fulbat.com\/es\/#website"},"primaryImageOfPage":{"@id":"https:\/\/fulbat.com\/es\/producto\/fl-st01\/#primaryimage"},"image":{"@id":"https:\/\/fulbat.com\/es\/producto\/fl-st01\/#primaryimage"},"thumbnailUrl":"https:\/\/fulbat.com\/wp-content\/uploads\/2020\/09\/Fulbat_FL-ST01.png","datePublished":"2020-09-09T06:26:43+00:00","dateModified":"2024-11-18T15:30:36+00:00","description":"%","breadcrumb":{"@id":"https:\/\/fulbat.com\/es\/producto\/fl-st01\/#breadcrumb"},"inLanguage":"es","potentialAction":[{"@type":"ReadAction","target":["https:\/\/fulbat.com\/es\/producto\/fl-st01\/"]}]},{"@type":"ImageObject","inLanguage":"es","@id":"https:\/\/fulbat.com\/es\/producto\/fl-st01\/#primaryimage","url":"https:\/\/fulbat.com\/wp-content\/uploads\/2020\/09\/Fulbat_FL-ST01.png","contentUrl":"https:\/\/fulbat.com\/wp-content\/uploads\/2020\/09\/Fulbat_FL-ST01.png","width":584,"height":467,"caption":"Fulbat_FL-ST01-bater\u00eda"},{"@type":"BreadcrumbList","@id":"https:\/\/fulbat.com\/es\/producto\/fl-st01\/#breadcrumb","itemListElement":[{"@type":"ListItem","position":1,"name":"Home","item":"https:\/\/fulbat.com\/es\/"},{"@type":"ListItem","position":2,"name":"Shop","item":"https:\/\/fulbat.com\/shop\/"},{"@type":"ListItem","position":3,"name":"Arranque","item":"https:\/\/fulbat.com\/es\/arranque\/"},{"@type":"ListItem","position":4,"name":"FL-ST01"}]},{"@type":"WebSite","@id":"https:\/\/fulbat.com\/es\/#website","url":"https:\/\/fulbat.com\/es\/","name":"Fulbat","description":"Qualitative, performing &amp; reliable battery solutions","potentialAction":[{"@type":"SearchAction","target":{"@type":"EntryPoint","urlTemplate":"https:\/\/fulbat.com\/es\/?s={search_term_string}"},"query-input":{"@type":"PropertyValueSpecification","valueRequired":true,"valueName":"search_term_string"}}],"inLanguage":"es"}]}},"_links":{"self":[{"href":"https:\/\/fulbat.com\/es\/wp-json\/wp\/v2\/product\/15830","targetHints":{"allow":["GET"]}}],"collection":[{"href":"https:\/\/fulbat.com\/es\/wp-json\/wp\/v2\/product"}],"about":[{"href":"https:\/\/fulbat.com\/es\/wp-json\/wp\/v2\/types\/product"}],"wp:featuredmedia":[{"embeddable":true,"href":"https:\/\/fulbat.com\/es\/wp-json\/wp\/v2\/media\/15836"}],"wp:attachment":[{"href":"https:\/\/fulbat.com\/es\/wp-json\/wp\/v2\/media?parent=15830"}],"wp:term":[{"taxonomy":"product_brand","embeddable":true,"href":"https:\/\/fulbat.com\/es\/wp-json\/wp\/v2\/product_brand?post=15830"},{"taxonomy":"product_cat","embeddable":true,"href":"https:\/\/fulbat.com\/es\/wp-json\/wp\/v2\/product_cat?post=15830"},{"taxonomy":"product_tag","embeddable":true,"href":"https:\/\/fulbat.com\/es\/wp-json\/wp\/v2\/product_tag?post=15830"}],"curies":[{"name":"wp","href":"https:\/\/api.w.org\/{rel}","templated":true}]}}