{"id":15892,"date":"2020-09-09T12:20:43","date_gmt":"2020-09-09T10:20:43","guid":{"rendered":"https:\/\/fulbat.com\/product\/fp-rm01\/"},"modified":"2025-11-19T17:31:39","modified_gmt":"2025-11-19T16:31:39","slug":"fp-rm01","status":"publish","type":"product","link":"https:\/\/fulbat.com\/es\/producto\/fp-rm01\/","title":{"rendered":"FP-RM01"},"content":{"rendered":"<p style=\"text-align: justify;\">La bater\u00eda FP-RM01 forma parte de nuestra gama Robot Litio. Especialmente dise\u00f1ada para los robots cortac\u00e9sped, la bater\u00eda de iones de litio de 12V y 7.2Ah satisface las necesidades de carga y descarga intensiva necesarias para el uso de los robots cortac\u00e9sped.<\/p>\n<p>Equipada con celdas de alta calidad y capacidad, la bater\u00eda FP-RM01 ha sido desarrollada para ofrecer una larga vida \u00fatil y la m\u00e1xima autonom\u00eda de trabajo a su robot.<\/p>\n<p><strong>Compatible con las siguientes marcas :<\/strong> Robomow<br \/>\n<strong>N\u00famero de pieza original :<\/strong> MRK9101A&#8230;<\/p>\n","protected":false},"excerpt":{"rendered":"<p>Bater\u00eda de tipo compatible<\/p>\n<p>Larga vida \u00fatil de la bater\u00eda<\/p>\n<p>Gran autonom\u00eda: Capacidad a veces superior a la de la bater\u00eda original<\/p>\n<p>C\u00e9lulas de litio de alta calidad<\/p>\n<p>M\u00e1s de 200 modelos de robots compatibles<\/p>\n","protected":false},"featured_media":15893,"template":"","meta":[],"product_brand":[],"product_cat":[2580,2590],"product_tag":[3335,3364,3363],"class_list":{"0":"post-15892","1":"product","2":"type-product","3":"status-publish","4":"has-post-thumbnail","6":"product_cat-arranque","7":"product_cat-robot-es","8":"product_tag-bateria-del-robot-cortacesped","9":"product_tag-mrk9101a-es","10":"product_tag-robomow-es","12":"first","13":"instock","14":"shipping-taxable","15":"product-type-simple"},"yoast_head":"<!-- This site is optimized with the Yoast SEO plugin v26.9 - https:\/\/yoast.com\/product\/yoast-seo-wordpress\/ -->\n<title>FP-RM01 - Fulbat<\/title>\n<meta name=\"description\" content=\"%\" \/>\n<meta name=\"robots\" content=\"index, follow, max-snippet:-1, max-image-preview:large, max-video-preview:-1\" \/>\n<link rel=\"canonical\" href=\"https:\/\/fulbat.com\/es\/producto\/fp-rm01\/\" \/>\n<meta property=\"og:locale\" content=\"es_ES\" \/>\n<meta property=\"og:type\" content=\"article\" \/>\n<meta property=\"og:title\" content=\"FP-RM01 - Fulbat\" \/>\n<meta property=\"og:description\" content=\"%\" \/>\n<meta property=\"og:url\" content=\"https:\/\/fulbat.com\/es\/producto\/fp-rm01\/\" \/>\n<meta property=\"og:site_name\" content=\"Fulbat\" \/>\n<meta property=\"article:modified_time\" content=\"2025-11-19T16:31:39+00:00\" \/>\n<meta property=\"og:image\" content=\"https:\/\/fulbat.com\/wp-content\/uploads\/2020\/09\/FP-RM01.png\" \/>\n\t<meta property=\"og:image:width\" content=\"300\" \/>\n\t<meta property=\"og:image:height\" content=\"214\" \/>\n\t<meta property=\"og:image:type\" content=\"image\/png\" \/>\n<meta name=\"twitter:card\" content=\"summary_large_image\" \/>\n<meta name=\"twitter:label1\" content=\"Tiempo de lectura\" \/>\n\t<meta name=\"twitter:data1\" content=\"1 minuto\" \/>\n<script type=\"application\/ld+json\" class=\"yoast-schema-graph\">{\"@context\":\"https:\/\/schema.org\",\"@graph\":[{\"@type\":\"WebPage\",\"@id\":\"https:\/\/fulbat.com\/es\/producto\/fp-rm01\/\",\"url\":\"https:\/\/fulbat.com\/es\/producto\/fp-rm01\/\",\"name\":\"FP-RM01 - Fulbat\",\"isPartOf\":{\"@id\":\"https:\/\/fulbat.com\/es\/#website\"},\"primaryImageOfPage\":{\"@id\":\"https:\/\/fulbat.com\/es\/producto\/fp-rm01\/#primaryimage\"},\"image\":{\"@id\":\"https:\/\/fulbat.com\/es\/producto\/fp-rm01\/#primaryimage\"},\"thumbnailUrl\":\"https:\/\/fulbat.com\/wp-content\/uploads\/2020\/09\/FP-RM01.png\",\"datePublished\":\"2020-09-09T10:20:43+00:00\",\"dateModified\":\"2025-11-19T16:31:39+00:00\",\"description\":\"%\",\"breadcrumb\":{\"@id\":\"https:\/\/fulbat.com\/es\/producto\/fp-rm01\/#breadcrumb\"},\"inLanguage\":\"es\",\"potentialAction\":[{\"@type\":\"ReadAction\",\"target\":[\"https:\/\/fulbat.com\/es\/producto\/fp-rm01\/\"]}]},{\"@type\":\"ImageObject\",\"inLanguage\":\"es\",\"@id\":\"https:\/\/fulbat.com\/es\/producto\/fp-rm01\/#primaryimage\",\"url\":\"https:\/\/fulbat.com\/wp-content\/uploads\/2020\/09\/FP-RM01.png\",\"contentUrl\":\"https:\/\/fulbat.com\/wp-content\/uploads\/2020\/09\/FP-RM01.png\",\"width\":300,\"height\":214,\"caption\":\"robomow_robot cortac\u00e9sped bater\u00eda_MRK9101A\"},{\"@type\":\"BreadcrumbList\",\"@id\":\"https:\/\/fulbat.com\/es\/producto\/fp-rm01\/#breadcrumb\",\"itemListElement\":[{\"@type\":\"ListItem\",\"position\":1,\"name\":\"Home\",\"item\":\"https:\/\/fulbat.com\/es\/\"},{\"@type\":\"ListItem\",\"position\":2,\"name\":\"Shop\",\"item\":\"https:\/\/fulbat.com\/shop\/\"},{\"@type\":\"ListItem\",\"position\":3,\"name\":\"Arranque\",\"item\":\"https:\/\/fulbat.com\/es\/arranque\/\"},{\"@type\":\"ListItem\",\"position\":4,\"name\":\"FP-RM01\"}]},{\"@type\":\"WebSite\",\"@id\":\"https:\/\/fulbat.com\/es\/#website\",\"url\":\"https:\/\/fulbat.com\/es\/\",\"name\":\"Fulbat\",\"description\":\"Qualitative, performing &amp; reliable battery solutions\",\"potentialAction\":[{\"@type\":\"SearchAction\",\"target\":{\"@type\":\"EntryPoint\",\"urlTemplate\":\"https:\/\/fulbat.com\/es\/?s={search_term_string}\"},\"query-input\":{\"@type\":\"PropertyValueSpecification\",\"valueRequired\":true,\"valueName\":\"search_term_string\"}}],\"inLanguage\":\"es\"}]}<\/script>\n<!-- \/ Yoast SEO plugin. -->","yoast_head_json":{"title":"FP-RM01 - Fulbat","description":"%","robots":{"index":"index","follow":"follow","max-snippet":"max-snippet:-1","max-image-preview":"max-image-preview:large","max-video-preview":"max-video-preview:-1"},"canonical":"https:\/\/fulbat.com\/es\/producto\/fp-rm01\/","og_locale":"es_ES","og_type":"article","og_title":"FP-RM01 - Fulbat","og_description":"%","og_url":"https:\/\/fulbat.com\/es\/producto\/fp-rm01\/","og_site_name":"Fulbat","article_modified_time":"2025-11-19T16:31:39+00:00","og_image":[{"width":300,"height":214,"url":"https:\/\/fulbat.com\/wp-content\/uploads\/2020\/09\/FP-RM01.png","type":"image\/png"}],"twitter_card":"summary_large_image","twitter_misc":{"Tiempo de lectura":"1 minuto"},"schema":{"@context":"https:\/\/schema.org","@graph":[{"@type":"WebPage","@id":"https:\/\/fulbat.com\/es\/producto\/fp-rm01\/","url":"https:\/\/fulbat.com\/es\/producto\/fp-rm01\/","name":"FP-RM01 - Fulbat","isPartOf":{"@id":"https:\/\/fulbat.com\/es\/#website"},"primaryImageOfPage":{"@id":"https:\/\/fulbat.com\/es\/producto\/fp-rm01\/#primaryimage"},"image":{"@id":"https:\/\/fulbat.com\/es\/producto\/fp-rm01\/#primaryimage"},"thumbnailUrl":"https:\/\/fulbat.com\/wp-content\/uploads\/2020\/09\/FP-RM01.png","datePublished":"2020-09-09T10:20:43+00:00","dateModified":"2025-11-19T16:31:39+00:00","description":"%","breadcrumb":{"@id":"https:\/\/fulbat.com\/es\/producto\/fp-rm01\/#breadcrumb"},"inLanguage":"es","potentialAction":[{"@type":"ReadAction","target":["https:\/\/fulbat.com\/es\/producto\/fp-rm01\/"]}]},{"@type":"ImageObject","inLanguage":"es","@id":"https:\/\/fulbat.com\/es\/producto\/fp-rm01\/#primaryimage","url":"https:\/\/fulbat.com\/wp-content\/uploads\/2020\/09\/FP-RM01.png","contentUrl":"https:\/\/fulbat.com\/wp-content\/uploads\/2020\/09\/FP-RM01.png","width":300,"height":214,"caption":"robomow_robot cortac\u00e9sped bater\u00eda_MRK9101A"},{"@type":"BreadcrumbList","@id":"https:\/\/fulbat.com\/es\/producto\/fp-rm01\/#breadcrumb","itemListElement":[{"@type":"ListItem","position":1,"name":"Home","item":"https:\/\/fulbat.com\/es\/"},{"@type":"ListItem","position":2,"name":"Shop","item":"https:\/\/fulbat.com\/shop\/"},{"@type":"ListItem","position":3,"name":"Arranque","item":"https:\/\/fulbat.com\/es\/arranque\/"},{"@type":"ListItem","position":4,"name":"FP-RM01"}]},{"@type":"WebSite","@id":"https:\/\/fulbat.com\/es\/#website","url":"https:\/\/fulbat.com\/es\/","name":"Fulbat","description":"Qualitative, performing &amp; reliable battery solutions","potentialAction":[{"@type":"SearchAction","target":{"@type":"EntryPoint","urlTemplate":"https:\/\/fulbat.com\/es\/?s={search_term_string}"},"query-input":{"@type":"PropertyValueSpecification","valueRequired":true,"valueName":"search_term_string"}}],"inLanguage":"es"}]}},"_links":{"self":[{"href":"https:\/\/fulbat.com\/es\/wp-json\/wp\/v2\/product\/15892","targetHints":{"allow":["GET"]}}],"collection":[{"href":"https:\/\/fulbat.com\/es\/wp-json\/wp\/v2\/product"}],"about":[{"href":"https:\/\/fulbat.com\/es\/wp-json\/wp\/v2\/types\/product"}],"wp:featuredmedia":[{"embeddable":true,"href":"https:\/\/fulbat.com\/es\/wp-json\/wp\/v2\/media\/15893"}],"wp:attachment":[{"href":"https:\/\/fulbat.com\/es\/wp-json\/wp\/v2\/media?parent=15892"}],"wp:term":[{"taxonomy":"product_brand","embeddable":true,"href":"https:\/\/fulbat.com\/es\/wp-json\/wp\/v2\/product_brand?post=15892"},{"taxonomy":"product_cat","embeddable":true,"href":"https:\/\/fulbat.com\/es\/wp-json\/wp\/v2\/product_cat?post=15892"},{"taxonomy":"product_tag","embeddable":true,"href":"https:\/\/fulbat.com\/es\/wp-json\/wp\/v2\/product_tag?post=15892"}],"curies":[{"name":"wp","href":"https:\/\/api.w.org\/{rel}","templated":true}]}}