{"id":15909,"date":"2020-09-09T17:05:17","date_gmt":"2020-09-09T15:05:17","guid":{"rendered":"https:\/\/fulbat.com\/product\/fl-wx02\/"},"modified":"2025-11-19T15:57:46","modified_gmt":"2025-11-19T14:57:46","slug":"fl-wx02","status":"publish","type":"product","link":"https:\/\/fulbat.com\/es\/producto\/fl-wx02\/","title":{"rendered":"FL-WX02"},"content":{"rendered":"<p style=\"text-align: justify;\">La bater\u00eda FL-WX02 forma parte de nuestra gama Robot Litio. Especialmente dise\u00f1ada para los robots cortac\u00e9sped, la bater\u00eda de iones de litio de 20V y 5Ah satisface las necesidades de carga y descarga intensiva necesarias para el uso de los robots cortac\u00e9sped.<\/p>\n<p>Equipada con celdas de alta calidad y capacidad, la bater\u00eda FL-WX02 ha sido desarrollada para ofrecer una larga vida \u00fatil y la m\u00e1xima autonom\u00eda de trabajo a su robot.<\/p>\n<p><strong>Compatible con las siguientes marcas :<\/strong> Worx<br \/>\n<strong>N\u00famero de pieza original :<\/strong> WA3556&#8230;<\/p>\n","protected":false},"excerpt":{"rendered":"<p>Bater\u00eda de tipo compatible<\/p>\n<p>Larga vida \u00fatil de la bater\u00eda<\/p>\n<p>Gran autonom\u00eda: Capacidad a veces superior a la de la bater\u00eda original<\/p>\n<p>C\u00e9lulas de litio de alta calidad<\/p>\n<p>M\u00e1s de 200 modelos de robots compatibles<\/p>\n","protected":false},"featured_media":38510,"template":"","meta":[],"product_brand":[],"product_cat":[2580,2590],"product_tag":[3335,3370,3368],"class_list":{"0":"post-15909","1":"product","2":"type-product","3":"status-publish","4":"has-post-thumbnail","6":"product_cat-arranque","7":"product_cat-robot-es","8":"product_tag-bateria-del-robot-cortacesped","9":"product_tag-wa3556-es","10":"product_tag-worx-es","12":"first","13":"instock","14":"shipping-taxable","15":"product-type-simple"},"yoast_head":"<!-- This site is optimized with the Yoast SEO plugin v26.9 - https:\/\/yoast.com\/product\/yoast-seo-wordpress\/ -->\n<title>FL-WX02 - Fulbat<\/title>\n<meta name=\"description\" content=\"%\" \/>\n<meta name=\"robots\" content=\"index, follow, max-snippet:-1, max-image-preview:large, max-video-preview:-1\" \/>\n<link rel=\"canonical\" href=\"https:\/\/fulbat.com\/es\/producto\/fl-wx02\/\" \/>\n<meta property=\"og:locale\" content=\"es_ES\" \/>\n<meta property=\"og:type\" content=\"article\" \/>\n<meta property=\"og:title\" content=\"FL-WX02 - Fulbat\" \/>\n<meta property=\"og:description\" content=\"%\" \/>\n<meta property=\"og:url\" content=\"https:\/\/fulbat.com\/es\/producto\/fl-wx02\/\" \/>\n<meta property=\"og:site_name\" content=\"Fulbat\" \/>\n<meta property=\"article:modified_time\" content=\"2025-11-19T14:57:46+00:00\" \/>\n<meta property=\"og:image\" content=\"https:\/\/fulbat.com\/wp-content\/uploads\/2025\/11\/FT_ROBOT_FL-WX02.png\" \/>\n\t<meta property=\"og:image:width\" content=\"2710\" \/>\n\t<meta property=\"og:image:height\" content=\"1911\" \/>\n\t<meta property=\"og:image:type\" content=\"image\/png\" \/>\n<meta name=\"twitter:card\" content=\"summary_large_image\" \/>\n<meta name=\"twitter:label1\" content=\"Tiempo de lectura\" \/>\n\t<meta name=\"twitter:data1\" content=\"1 minuto\" \/>\n<script type=\"application\/ld+json\" class=\"yoast-schema-graph\">{\"@context\":\"https:\/\/schema.org\",\"@graph\":[{\"@type\":\"WebPage\",\"@id\":\"https:\/\/fulbat.com\/es\/producto\/fl-wx02\/\",\"url\":\"https:\/\/fulbat.com\/es\/producto\/fl-wx02\/\",\"name\":\"FL-WX02 - Fulbat\",\"isPartOf\":{\"@id\":\"https:\/\/fulbat.com\/es\/#website\"},\"primaryImageOfPage\":{\"@id\":\"https:\/\/fulbat.com\/es\/producto\/fl-wx02\/#primaryimage\"},\"image\":{\"@id\":\"https:\/\/fulbat.com\/es\/producto\/fl-wx02\/#primaryimage\"},\"thumbnailUrl\":\"https:\/\/fulbat.com\/wp-content\/uploads\/2025\/11\/FT_ROBOT_FL-WX02.png\",\"datePublished\":\"2020-09-09T15:05:17+00:00\",\"dateModified\":\"2025-11-19T14:57:46+00:00\",\"description\":\"%\",\"breadcrumb\":{\"@id\":\"https:\/\/fulbat.com\/es\/producto\/fl-wx02\/#breadcrumb\"},\"inLanguage\":\"es\",\"potentialAction\":[{\"@type\":\"ReadAction\",\"target\":[\"https:\/\/fulbat.com\/es\/producto\/fl-wx02\/\"]}]},{\"@type\":\"ImageObject\",\"inLanguage\":\"es\",\"@id\":\"https:\/\/fulbat.com\/es\/producto\/fl-wx02\/#primaryimage\",\"url\":\"https:\/\/fulbat.com\/wp-content\/uploads\/2025\/11\/FT_ROBOT_FL-WX02.png\",\"contentUrl\":\"https:\/\/fulbat.com\/wp-content\/uploads\/2025\/11\/FT_ROBOT_FL-WX02.png\",\"width\":2710,\"height\":1911,\"caption\":\"FT_ROBOT_FL-WX02\"},{\"@type\":\"BreadcrumbList\",\"@id\":\"https:\/\/fulbat.com\/es\/producto\/fl-wx02\/#breadcrumb\",\"itemListElement\":[{\"@type\":\"ListItem\",\"position\":1,\"name\":\"Home\",\"item\":\"https:\/\/fulbat.com\/es\/\"},{\"@type\":\"ListItem\",\"position\":2,\"name\":\"Shop\",\"item\":\"https:\/\/fulbat.com\/shop\/\"},{\"@type\":\"ListItem\",\"position\":3,\"name\":\"Arranque\",\"item\":\"https:\/\/fulbat.com\/es\/arranque\/\"},{\"@type\":\"ListItem\",\"position\":4,\"name\":\"FL-WX02\"}]},{\"@type\":\"WebSite\",\"@id\":\"https:\/\/fulbat.com\/es\/#website\",\"url\":\"https:\/\/fulbat.com\/es\/\",\"name\":\"Fulbat\",\"description\":\"Qualitative, performing &amp; reliable battery solutions\",\"potentialAction\":[{\"@type\":\"SearchAction\",\"target\":{\"@type\":\"EntryPoint\",\"urlTemplate\":\"https:\/\/fulbat.com\/es\/?s={search_term_string}\"},\"query-input\":{\"@type\":\"PropertyValueSpecification\",\"valueRequired\":true,\"valueName\":\"search_term_string\"}}],\"inLanguage\":\"es\"}]}<\/script>\n<!-- \/ Yoast SEO plugin. -->","yoast_head_json":{"title":"FL-WX02 - Fulbat","description":"%","robots":{"index":"index","follow":"follow","max-snippet":"max-snippet:-1","max-image-preview":"max-image-preview:large","max-video-preview":"max-video-preview:-1"},"canonical":"https:\/\/fulbat.com\/es\/producto\/fl-wx02\/","og_locale":"es_ES","og_type":"article","og_title":"FL-WX02 - Fulbat","og_description":"%","og_url":"https:\/\/fulbat.com\/es\/producto\/fl-wx02\/","og_site_name":"Fulbat","article_modified_time":"2025-11-19T14:57:46+00:00","og_image":[{"width":2710,"height":1911,"url":"https:\/\/fulbat.com\/wp-content\/uploads\/2025\/11\/FT_ROBOT_FL-WX02.png","type":"image\/png"}],"twitter_card":"summary_large_image","twitter_misc":{"Tiempo de lectura":"1 minuto"},"schema":{"@context":"https:\/\/schema.org","@graph":[{"@type":"WebPage","@id":"https:\/\/fulbat.com\/es\/producto\/fl-wx02\/","url":"https:\/\/fulbat.com\/es\/producto\/fl-wx02\/","name":"FL-WX02 - Fulbat","isPartOf":{"@id":"https:\/\/fulbat.com\/es\/#website"},"primaryImageOfPage":{"@id":"https:\/\/fulbat.com\/es\/producto\/fl-wx02\/#primaryimage"},"image":{"@id":"https:\/\/fulbat.com\/es\/producto\/fl-wx02\/#primaryimage"},"thumbnailUrl":"https:\/\/fulbat.com\/wp-content\/uploads\/2025\/11\/FT_ROBOT_FL-WX02.png","datePublished":"2020-09-09T15:05:17+00:00","dateModified":"2025-11-19T14:57:46+00:00","description":"%","breadcrumb":{"@id":"https:\/\/fulbat.com\/es\/producto\/fl-wx02\/#breadcrumb"},"inLanguage":"es","potentialAction":[{"@type":"ReadAction","target":["https:\/\/fulbat.com\/es\/producto\/fl-wx02\/"]}]},{"@type":"ImageObject","inLanguage":"es","@id":"https:\/\/fulbat.com\/es\/producto\/fl-wx02\/#primaryimage","url":"https:\/\/fulbat.com\/wp-content\/uploads\/2025\/11\/FT_ROBOT_FL-WX02.png","contentUrl":"https:\/\/fulbat.com\/wp-content\/uploads\/2025\/11\/FT_ROBOT_FL-WX02.png","width":2710,"height":1911,"caption":"FT_ROBOT_FL-WX02"},{"@type":"BreadcrumbList","@id":"https:\/\/fulbat.com\/es\/producto\/fl-wx02\/#breadcrumb","itemListElement":[{"@type":"ListItem","position":1,"name":"Home","item":"https:\/\/fulbat.com\/es\/"},{"@type":"ListItem","position":2,"name":"Shop","item":"https:\/\/fulbat.com\/shop\/"},{"@type":"ListItem","position":3,"name":"Arranque","item":"https:\/\/fulbat.com\/es\/arranque\/"},{"@type":"ListItem","position":4,"name":"FL-WX02"}]},{"@type":"WebSite","@id":"https:\/\/fulbat.com\/es\/#website","url":"https:\/\/fulbat.com\/es\/","name":"Fulbat","description":"Qualitative, performing &amp; reliable battery solutions","potentialAction":[{"@type":"SearchAction","target":{"@type":"EntryPoint","urlTemplate":"https:\/\/fulbat.com\/es\/?s={search_term_string}"},"query-input":{"@type":"PropertyValueSpecification","valueRequired":true,"valueName":"search_term_string"}}],"inLanguage":"es"}]}},"_links":{"self":[{"href":"https:\/\/fulbat.com\/es\/wp-json\/wp\/v2\/product\/15909","targetHints":{"allow":["GET"]}}],"collection":[{"href":"https:\/\/fulbat.com\/es\/wp-json\/wp\/v2\/product"}],"about":[{"href":"https:\/\/fulbat.com\/es\/wp-json\/wp\/v2\/types\/product"}],"wp:featuredmedia":[{"embeddable":true,"href":"https:\/\/fulbat.com\/es\/wp-json\/wp\/v2\/media\/38510"}],"wp:attachment":[{"href":"https:\/\/fulbat.com\/es\/wp-json\/wp\/v2\/media?parent=15909"}],"wp:term":[{"taxonomy":"product_brand","embeddable":true,"href":"https:\/\/fulbat.com\/es\/wp-json\/wp\/v2\/product_brand?post=15909"},{"taxonomy":"product_cat","embeddable":true,"href":"https:\/\/fulbat.com\/es\/wp-json\/wp\/v2\/product_cat?post=15909"},{"taxonomy":"product_tag","embeddable":true,"href":"https:\/\/fulbat.com\/es\/wp-json\/wp\/v2\/product_tag?post=15909"}],"curies":[{"name":"wp","href":"https:\/\/api.w.org\/{rel}","templated":true}]}}