{"id":15926,"date":"2020-08-28T08:12:13","date_gmt":"2020-08-28T06:12:13","guid":{"rendered":"https:\/\/fulbat.com\/product\/ftx24hl-bs\/"},"modified":"2024-11-19T10:50:19","modified_gmt":"2024-11-19T09:50:19","slug":"ftx24hl-bs","status":"publish","type":"product","link":"https:\/\/fulbat.com\/es\/producto\/ftx24hl-bs\/","title":{"rendered":"FTX24HL-BS"},"content":{"rendered":"<p style=\"text-align: justify;\">La bater\u00eda FTX24HL-BS forma parte de nuestra gama sin mantenimiento. Especialmente dise\u00f1ada para ofrecer m\u00e1s comodidad y rendimiento, esta bater\u00eda de 12V y 22,1Ah viene con un pack de \u00e1cido y debe ser activada antes del primer uso.<\/p>\n<p>La bater\u00eda FTX24HL-BS est\u00e1 100% sellada y no necesita mantenimiento una vez activada, lo que mejora su vida \u00fatil y su resistencia a las condiciones m\u00e1s duras.<\/p>\n<p>Cargador compatible : <a href=\"https:\/\/fulbat.com\/es\/cargadores\/cargadores\/fulload-f4\/\"><strong>Fulload F4<\/strong><\/a><\/p>\n","protected":false},"excerpt":{"rendered":"<p>Tecnolog\u00eda AGM<\/p>\n<p>Se suministra con un pack de \u00e1cido<\/p>\n<p>Debe activarse antes del primer uso<\/p>\n<p>Sin mantenimiento una vez activado<\/p>\n<p>Mayor vida \u00fatil<\/p>\n<p>S\u00f3lo montaje vertical<\/p>\n<p>Sulfataci\u00f3n interna minimizada<\/p>\n<p>Adaptada al clima fr\u00edo<\/p>\n<p>Duraci\u00f3n ilimitada del almacenamiento<\/p>\n","protected":false},"featured_media":15931,"template":"","meta":[],"product_brand":[],"product_cat":[2580,2588,2589,2594,2593,2592],"product_tag":[2954,2938,3377,3379,3376,2876,3378,3380],"class_list":{"0":"post-15926","1":"product","2":"type-product","3":"status-publish","4":"has-post-thumbnail","6":"product_cat-arranque","7":"product_cat-mf-es","8":"product_cat-moto-es","9":"product_cat-motonieve","10":"product_cat-scooter-es","11":"product_cat-ssv-utv-es","12":"product_tag-bateria-de-ssv","13":"product_tag-bateria-para-motos-de-nieve","14":"product_tag-ftx24hl-bs-es","15":"product_tag-ftx24hlbs-es","16":"product_tag-mf-bateria","17":"product_tag-motorcycle-battery-es","18":"product_tag-ytx24hl-bs-es-2","19":"product_tag-ytx24hlbs-es-2","21":"first","22":"instock","23":"shipping-taxable","24":"product-type-simple"},"yoast_head":"<!-- This site is optimized with the Yoast SEO plugin v26.9 - https:\/\/yoast.com\/product\/yoast-seo-wordpress\/ -->\n<title>FTX24HL-BS - Fulbat<\/title>\n<meta name=\"description\" content=\"%\" \/>\n<meta name=\"robots\" content=\"index, follow, max-snippet:-1, max-image-preview:large, max-video-preview:-1\" \/>\n<link rel=\"canonical\" href=\"https:\/\/fulbat.com\/es\/producto\/ftx24hl-bs\/\" \/>\n<meta property=\"og:locale\" content=\"es_ES\" \/>\n<meta property=\"og:type\" content=\"article\" \/>\n<meta property=\"og:title\" content=\"FTX24HL-BS - Fulbat\" \/>\n<meta property=\"og:description\" content=\"%\" \/>\n<meta property=\"og:url\" content=\"https:\/\/fulbat.com\/es\/producto\/ftx24hl-bs\/\" \/>\n<meta property=\"og:site_name\" content=\"Fulbat\" \/>\n<meta property=\"article:modified_time\" content=\"2024-11-19T09:50:19+00:00\" \/>\n<meta property=\"og:image\" content=\"https:\/\/fulbat.com\/wp-content\/uploads\/2020\/09\/Fulbat-MF-FTX24HL-BS.png\" \/>\n\t<meta property=\"og:image:width\" content=\"523\" \/>\n\t<meta property=\"og:image:height\" content=\"468\" \/>\n\t<meta property=\"og:image:type\" content=\"image\/png\" \/>\n<meta name=\"twitter:card\" content=\"summary_large_image\" \/>\n<meta name=\"twitter:label1\" content=\"Tiempo de lectura\" \/>\n\t<meta name=\"twitter:data1\" content=\"1 minuto\" \/>\n<script type=\"application\/ld+json\" class=\"yoast-schema-graph\">{\"@context\":\"https:\/\/schema.org\",\"@graph\":[{\"@type\":\"WebPage\",\"@id\":\"https:\/\/fulbat.com\/es\/producto\/ftx24hl-bs\/\",\"url\":\"https:\/\/fulbat.com\/es\/producto\/ftx24hl-bs\/\",\"name\":\"FTX24HL-BS - Fulbat\",\"isPartOf\":{\"@id\":\"https:\/\/fulbat.com\/es\/#website\"},\"primaryImageOfPage\":{\"@id\":\"https:\/\/fulbat.com\/es\/producto\/ftx24hl-bs\/#primaryimage\"},\"image\":{\"@id\":\"https:\/\/fulbat.com\/es\/producto\/ftx24hl-bs\/#primaryimage\"},\"thumbnailUrl\":\"https:\/\/fulbat.com\/wp-content\/uploads\/2020\/09\/Fulbat-MF-FTX24HL-BS.png\",\"datePublished\":\"2020-08-28T06:12:13+00:00\",\"dateModified\":\"2024-11-19T09:50:19+00:00\",\"description\":\"%\",\"breadcrumb\":{\"@id\":\"https:\/\/fulbat.com\/es\/producto\/ftx24hl-bs\/#breadcrumb\"},\"inLanguage\":\"es\",\"potentialAction\":[{\"@type\":\"ReadAction\",\"target\":[\"https:\/\/fulbat.com\/es\/producto\/ftx24hl-bs\/\"]}]},{\"@type\":\"ImageObject\",\"inLanguage\":\"es\",\"@id\":\"https:\/\/fulbat.com\/es\/producto\/ftx24hl-bs\/#primaryimage\",\"url\":\"https:\/\/fulbat.com\/wp-content\/uploads\/2020\/09\/Fulbat-MF-FTX24HL-BS.png\",\"contentUrl\":\"https:\/\/fulbat.com\/wp-content\/uploads\/2020\/09\/Fulbat-MF-FTX24HL-BS.png\",\"width\":523,\"height\":468,\"caption\":\"Fulbat-MF-Bater\u00eda-FTX24HL-BS\"},{\"@type\":\"BreadcrumbList\",\"@id\":\"https:\/\/fulbat.com\/es\/producto\/ftx24hl-bs\/#breadcrumb\",\"itemListElement\":[{\"@type\":\"ListItem\",\"position\":1,\"name\":\"Home\",\"item\":\"https:\/\/fulbat.com\/es\/\"},{\"@type\":\"ListItem\",\"position\":2,\"name\":\"Shop\",\"item\":\"https:\/\/fulbat.com\/shop\/\"},{\"@type\":\"ListItem\",\"position\":3,\"name\":\"Arranque\",\"item\":\"https:\/\/fulbat.com\/es\/arranque\/\"},{\"@type\":\"ListItem\",\"position\":4,\"name\":\"FTX24HL-BS\"}]},{\"@type\":\"WebSite\",\"@id\":\"https:\/\/fulbat.com\/es\/#website\",\"url\":\"https:\/\/fulbat.com\/es\/\",\"name\":\"Fulbat\",\"description\":\"Qualitative, performing &amp; reliable battery solutions\",\"potentialAction\":[{\"@type\":\"SearchAction\",\"target\":{\"@type\":\"EntryPoint\",\"urlTemplate\":\"https:\/\/fulbat.com\/es\/?s={search_term_string}\"},\"query-input\":{\"@type\":\"PropertyValueSpecification\",\"valueRequired\":true,\"valueName\":\"search_term_string\"}}],\"inLanguage\":\"es\"}]}<\/script>\n<!-- \/ Yoast SEO plugin. -->","yoast_head_json":{"title":"FTX24HL-BS - Fulbat","description":"%","robots":{"index":"index","follow":"follow","max-snippet":"max-snippet:-1","max-image-preview":"max-image-preview:large","max-video-preview":"max-video-preview:-1"},"canonical":"https:\/\/fulbat.com\/es\/producto\/ftx24hl-bs\/","og_locale":"es_ES","og_type":"article","og_title":"FTX24HL-BS - Fulbat","og_description":"%","og_url":"https:\/\/fulbat.com\/es\/producto\/ftx24hl-bs\/","og_site_name":"Fulbat","article_modified_time":"2024-11-19T09:50:19+00:00","og_image":[{"width":523,"height":468,"url":"https:\/\/fulbat.com\/wp-content\/uploads\/2020\/09\/Fulbat-MF-FTX24HL-BS.png","type":"image\/png"}],"twitter_card":"summary_large_image","twitter_misc":{"Tiempo de lectura":"1 minuto"},"schema":{"@context":"https:\/\/schema.org","@graph":[{"@type":"WebPage","@id":"https:\/\/fulbat.com\/es\/producto\/ftx24hl-bs\/","url":"https:\/\/fulbat.com\/es\/producto\/ftx24hl-bs\/","name":"FTX24HL-BS - Fulbat","isPartOf":{"@id":"https:\/\/fulbat.com\/es\/#website"},"primaryImageOfPage":{"@id":"https:\/\/fulbat.com\/es\/producto\/ftx24hl-bs\/#primaryimage"},"image":{"@id":"https:\/\/fulbat.com\/es\/producto\/ftx24hl-bs\/#primaryimage"},"thumbnailUrl":"https:\/\/fulbat.com\/wp-content\/uploads\/2020\/09\/Fulbat-MF-FTX24HL-BS.png","datePublished":"2020-08-28T06:12:13+00:00","dateModified":"2024-11-19T09:50:19+00:00","description":"%","breadcrumb":{"@id":"https:\/\/fulbat.com\/es\/producto\/ftx24hl-bs\/#breadcrumb"},"inLanguage":"es","potentialAction":[{"@type":"ReadAction","target":["https:\/\/fulbat.com\/es\/producto\/ftx24hl-bs\/"]}]},{"@type":"ImageObject","inLanguage":"es","@id":"https:\/\/fulbat.com\/es\/producto\/ftx24hl-bs\/#primaryimage","url":"https:\/\/fulbat.com\/wp-content\/uploads\/2020\/09\/Fulbat-MF-FTX24HL-BS.png","contentUrl":"https:\/\/fulbat.com\/wp-content\/uploads\/2020\/09\/Fulbat-MF-FTX24HL-BS.png","width":523,"height":468,"caption":"Fulbat-MF-Bater\u00eda-FTX24HL-BS"},{"@type":"BreadcrumbList","@id":"https:\/\/fulbat.com\/es\/producto\/ftx24hl-bs\/#breadcrumb","itemListElement":[{"@type":"ListItem","position":1,"name":"Home","item":"https:\/\/fulbat.com\/es\/"},{"@type":"ListItem","position":2,"name":"Shop","item":"https:\/\/fulbat.com\/shop\/"},{"@type":"ListItem","position":3,"name":"Arranque","item":"https:\/\/fulbat.com\/es\/arranque\/"},{"@type":"ListItem","position":4,"name":"FTX24HL-BS"}]},{"@type":"WebSite","@id":"https:\/\/fulbat.com\/es\/#website","url":"https:\/\/fulbat.com\/es\/","name":"Fulbat","description":"Qualitative, performing &amp; reliable battery solutions","potentialAction":[{"@type":"SearchAction","target":{"@type":"EntryPoint","urlTemplate":"https:\/\/fulbat.com\/es\/?s={search_term_string}"},"query-input":{"@type":"PropertyValueSpecification","valueRequired":true,"valueName":"search_term_string"}}],"inLanguage":"es"}]}},"_links":{"self":[{"href":"https:\/\/fulbat.com\/es\/wp-json\/wp\/v2\/product\/15926","targetHints":{"allow":["GET"]}}],"collection":[{"href":"https:\/\/fulbat.com\/es\/wp-json\/wp\/v2\/product"}],"about":[{"href":"https:\/\/fulbat.com\/es\/wp-json\/wp\/v2\/types\/product"}],"wp:featuredmedia":[{"embeddable":true,"href":"https:\/\/fulbat.com\/es\/wp-json\/wp\/v2\/media\/15931"}],"wp:attachment":[{"href":"https:\/\/fulbat.com\/es\/wp-json\/wp\/v2\/media?parent=15926"}],"wp:term":[{"taxonomy":"product_brand","embeddable":true,"href":"https:\/\/fulbat.com\/es\/wp-json\/wp\/v2\/product_brand?post=15926"},{"taxonomy":"product_cat","embeddable":true,"href":"https:\/\/fulbat.com\/es\/wp-json\/wp\/v2\/product_cat?post=15926"},{"taxonomy":"product_tag","embeddable":true,"href":"https:\/\/fulbat.com\/es\/wp-json\/wp\/v2\/product_tag?post=15926"}],"curies":[{"name":"wp","href":"https:\/\/api.w.org\/{rel}","templated":true}]}}