{"id":15956,"date":"2020-08-27T17:38:00","date_gmt":"2020-08-27T15:38:00","guid":{"rendered":"https:\/\/fulbat.com\/product\/ftx20l-bs\/"},"modified":"2024-11-19T10:59:46","modified_gmt":"2024-11-19T09:59:46","slug":"ftx20l-bs","status":"publish","type":"product","link":"https:\/\/fulbat.com\/es\/producto\/ftx20l-bs\/","title":{"rendered":"FTX20L-BS"},"content":{"rendered":"<p style=\"text-align: justify;\">La bater\u00eda FTX20L-BS forma parte de nuestra gama sin mantenimiento. Especialmente dise\u00f1ada para ofrecer m\u00e1s comodidad y rendimiento, esta bater\u00eda de 12V y 18,9Ah viene con un pack de \u00e1cido y debe ser activada antes del primer uso.<\/p>\n<p>La bater\u00eda FTX20L-BS est\u00e1 100% sellada y no necesita mantenimiento una vez activada, lo que mejora su vida \u00fatil y su resistencia a las condiciones m\u00e1s duras.<\/p>\n<p>Cargador compatible : <a href=\"https:\/\/fulbat.com\/es\/cargadores\/cargadores\/fulload-f4\/\"><strong>Fulload F4<\/strong><\/a><\/p>\n","protected":false},"excerpt":{"rendered":"<p>Tecnolog\u00eda AGM<\/p>\n<p>Se suministra con un pack de \u00e1cido<\/p>\n<p>Debe activarse antes del primer uso<\/p>\n<p>Sin mantenimiento una vez activado<\/p>\n<p>Mayor vida \u00fatil<\/p>\n<p>S\u00f3lo montaje vertical<\/p>\n<p>Sulfataci\u00f3n interna minimizada<\/p>\n<p>Adaptada al clima fr\u00edo<\/p>\n<p>Duraci\u00f3n ilimitada del almacenamiento<\/p>\n","protected":false},"featured_media":15961,"template":"","meta":[],"product_brand":[],"product_cat":[2580,2588,2589,2594,2596,2582,2593,2592],"product_tag":[2937,2939,2954,2938,3152,3386,2942,3385,3376,2876,2950,3153,2949,2952,2940,2951,2941,2953],"class_list":{"0":"post-15956","1":"product","2":"type-product","3":"status-publish","4":"has-post-thumbnail","6":"product_cat-arranque","7":"product_cat-mf-es","8":"product_cat-moto-es","9":"product_cat-motonieve","10":"product_cat-motonieve-es","11":"product_cat-quad-es","12":"product_cat-scooter-es","13":"product_cat-ssv-utv-es","14":"product_tag-bateria-de-moto-de-agua","15":"product_tag-bateria-de-quad","16":"product_tag-bateria-de-ssv","17":"product_tag-bateria-para-motos-de-nieve","18":"product_tag-fhd20hlbs-ftx20hlbs-es","19":"product_tag-fltx20hl-es","20":"product_tag-ftx20l-bs-es","21":"product_tag-ftx20lbs-es","22":"product_tag-mf-bateria","23":"product_tag-motorcycle-battery-es","24":"product_tag-yb16l-b-es","25":"product_tag-yb16lb-es","26":"product_tag-yb18l-a-es","27":"product_tag-yb18la-es","28":"product_tag-ytx20hl-bs-es","29":"product_tag-ytx20hlbs-es","30":"product_tag-ytx20l-bs-es","31":"product_tag-ytx20lbs-es-2","33":"first","34":"instock","35":"shipping-taxable","36":"product-type-simple"},"yoast_head":"<!-- This site is optimized with the Yoast SEO plugin v26.9 - https:\/\/yoast.com\/product\/yoast-seo-wordpress\/ -->\n<title>FTX20L-BS - Fulbat<\/title>\n<meta name=\"description\" content=\"%\" \/>\n<meta name=\"robots\" content=\"index, follow, max-snippet:-1, max-image-preview:large, max-video-preview:-1\" \/>\n<link rel=\"canonical\" href=\"https:\/\/fulbat.com\/es\/producto\/ftx20l-bs\/\" \/>\n<meta property=\"og:locale\" content=\"es_ES\" \/>\n<meta property=\"og:type\" content=\"article\" \/>\n<meta property=\"og:title\" content=\"FTX20L-BS - Fulbat\" \/>\n<meta property=\"og:description\" content=\"%\" \/>\n<meta property=\"og:url\" content=\"https:\/\/fulbat.com\/es\/producto\/ftx20l-bs\/\" \/>\n<meta property=\"og:site_name\" content=\"Fulbat\" \/>\n<meta property=\"article:modified_time\" content=\"2024-11-19T09:59:46+00:00\" \/>\n<meta property=\"og:image\" content=\"https:\/\/fulbat.com\/wp-content\/uploads\/2020\/09\/Fulbat_MF_FTX20L-BS.png\" \/>\n\t<meta property=\"og:image:width\" content=\"515\" \/>\n\t<meta property=\"og:image:height\" content=\"500\" \/>\n\t<meta property=\"og:image:type\" content=\"image\/png\" \/>\n<meta name=\"twitter:card\" content=\"summary_large_image\" \/>\n<meta name=\"twitter:label1\" content=\"Tiempo de lectura\" \/>\n\t<meta name=\"twitter:data1\" content=\"1 minuto\" \/>\n<script type=\"application\/ld+json\" class=\"yoast-schema-graph\">{\"@context\":\"https:\/\/schema.org\",\"@graph\":[{\"@type\":\"WebPage\",\"@id\":\"https:\/\/fulbat.com\/es\/producto\/ftx20l-bs\/\",\"url\":\"https:\/\/fulbat.com\/es\/producto\/ftx20l-bs\/\",\"name\":\"FTX20L-BS - Fulbat\",\"isPartOf\":{\"@id\":\"https:\/\/fulbat.com\/es\/#website\"},\"primaryImageOfPage\":{\"@id\":\"https:\/\/fulbat.com\/es\/producto\/ftx20l-bs\/#primaryimage\"},\"image\":{\"@id\":\"https:\/\/fulbat.com\/es\/producto\/ftx20l-bs\/#primaryimage\"},\"thumbnailUrl\":\"https:\/\/fulbat.com\/wp-content\/uploads\/2020\/09\/Fulbat_MF_FTX20L-BS.png\",\"datePublished\":\"2020-08-27T15:38:00+00:00\",\"dateModified\":\"2024-11-19T09:59:46+00:00\",\"description\":\"%\",\"breadcrumb\":{\"@id\":\"https:\/\/fulbat.com\/es\/producto\/ftx20l-bs\/#breadcrumb\"},\"inLanguage\":\"es\",\"potentialAction\":[{\"@type\":\"ReadAction\",\"target\":[\"https:\/\/fulbat.com\/es\/producto\/ftx20l-bs\/\"]}]},{\"@type\":\"ImageObject\",\"inLanguage\":\"es\",\"@id\":\"https:\/\/fulbat.com\/es\/producto\/ftx20l-bs\/#primaryimage\",\"url\":\"https:\/\/fulbat.com\/wp-content\/uploads\/2020\/09\/Fulbat_MF_FTX20L-BS.png\",\"contentUrl\":\"https:\/\/fulbat.com\/wp-content\/uploads\/2020\/09\/Fulbat_MF_FTX20L-BS.png\",\"width\":515,\"height\":500},{\"@type\":\"BreadcrumbList\",\"@id\":\"https:\/\/fulbat.com\/es\/producto\/ftx20l-bs\/#breadcrumb\",\"itemListElement\":[{\"@type\":\"ListItem\",\"position\":1,\"name\":\"Home\",\"item\":\"https:\/\/fulbat.com\/es\/\"},{\"@type\":\"ListItem\",\"position\":2,\"name\":\"Shop\",\"item\":\"https:\/\/fulbat.com\/shop\/\"},{\"@type\":\"ListItem\",\"position\":3,\"name\":\"Arranque\",\"item\":\"https:\/\/fulbat.com\/es\/arranque\/\"},{\"@type\":\"ListItem\",\"position\":4,\"name\":\"FTX20L-BS\"}]},{\"@type\":\"WebSite\",\"@id\":\"https:\/\/fulbat.com\/es\/#website\",\"url\":\"https:\/\/fulbat.com\/es\/\",\"name\":\"Fulbat\",\"description\":\"Qualitative, performing &amp; reliable battery solutions\",\"potentialAction\":[{\"@type\":\"SearchAction\",\"target\":{\"@type\":\"EntryPoint\",\"urlTemplate\":\"https:\/\/fulbat.com\/es\/?s={search_term_string}\"},\"query-input\":{\"@type\":\"PropertyValueSpecification\",\"valueRequired\":true,\"valueName\":\"search_term_string\"}}],\"inLanguage\":\"es\"}]}<\/script>\n<!-- \/ Yoast SEO plugin. -->","yoast_head_json":{"title":"FTX20L-BS - Fulbat","description":"%","robots":{"index":"index","follow":"follow","max-snippet":"max-snippet:-1","max-image-preview":"max-image-preview:large","max-video-preview":"max-video-preview:-1"},"canonical":"https:\/\/fulbat.com\/es\/producto\/ftx20l-bs\/","og_locale":"es_ES","og_type":"article","og_title":"FTX20L-BS - Fulbat","og_description":"%","og_url":"https:\/\/fulbat.com\/es\/producto\/ftx20l-bs\/","og_site_name":"Fulbat","article_modified_time":"2024-11-19T09:59:46+00:00","og_image":[{"width":515,"height":500,"url":"https:\/\/fulbat.com\/wp-content\/uploads\/2020\/09\/Fulbat_MF_FTX20L-BS.png","type":"image\/png"}],"twitter_card":"summary_large_image","twitter_misc":{"Tiempo de lectura":"1 minuto"},"schema":{"@context":"https:\/\/schema.org","@graph":[{"@type":"WebPage","@id":"https:\/\/fulbat.com\/es\/producto\/ftx20l-bs\/","url":"https:\/\/fulbat.com\/es\/producto\/ftx20l-bs\/","name":"FTX20L-BS - Fulbat","isPartOf":{"@id":"https:\/\/fulbat.com\/es\/#website"},"primaryImageOfPage":{"@id":"https:\/\/fulbat.com\/es\/producto\/ftx20l-bs\/#primaryimage"},"image":{"@id":"https:\/\/fulbat.com\/es\/producto\/ftx20l-bs\/#primaryimage"},"thumbnailUrl":"https:\/\/fulbat.com\/wp-content\/uploads\/2020\/09\/Fulbat_MF_FTX20L-BS.png","datePublished":"2020-08-27T15:38:00+00:00","dateModified":"2024-11-19T09:59:46+00:00","description":"%","breadcrumb":{"@id":"https:\/\/fulbat.com\/es\/producto\/ftx20l-bs\/#breadcrumb"},"inLanguage":"es","potentialAction":[{"@type":"ReadAction","target":["https:\/\/fulbat.com\/es\/producto\/ftx20l-bs\/"]}]},{"@type":"ImageObject","inLanguage":"es","@id":"https:\/\/fulbat.com\/es\/producto\/ftx20l-bs\/#primaryimage","url":"https:\/\/fulbat.com\/wp-content\/uploads\/2020\/09\/Fulbat_MF_FTX20L-BS.png","contentUrl":"https:\/\/fulbat.com\/wp-content\/uploads\/2020\/09\/Fulbat_MF_FTX20L-BS.png","width":515,"height":500},{"@type":"BreadcrumbList","@id":"https:\/\/fulbat.com\/es\/producto\/ftx20l-bs\/#breadcrumb","itemListElement":[{"@type":"ListItem","position":1,"name":"Home","item":"https:\/\/fulbat.com\/es\/"},{"@type":"ListItem","position":2,"name":"Shop","item":"https:\/\/fulbat.com\/shop\/"},{"@type":"ListItem","position":3,"name":"Arranque","item":"https:\/\/fulbat.com\/es\/arranque\/"},{"@type":"ListItem","position":4,"name":"FTX20L-BS"}]},{"@type":"WebSite","@id":"https:\/\/fulbat.com\/es\/#website","url":"https:\/\/fulbat.com\/es\/","name":"Fulbat","description":"Qualitative, performing &amp; reliable battery solutions","potentialAction":[{"@type":"SearchAction","target":{"@type":"EntryPoint","urlTemplate":"https:\/\/fulbat.com\/es\/?s={search_term_string}"},"query-input":{"@type":"PropertyValueSpecification","valueRequired":true,"valueName":"search_term_string"}}],"inLanguage":"es"}]}},"_links":{"self":[{"href":"https:\/\/fulbat.com\/es\/wp-json\/wp\/v2\/product\/15956","targetHints":{"allow":["GET"]}}],"collection":[{"href":"https:\/\/fulbat.com\/es\/wp-json\/wp\/v2\/product"}],"about":[{"href":"https:\/\/fulbat.com\/es\/wp-json\/wp\/v2\/types\/product"}],"wp:featuredmedia":[{"embeddable":true,"href":"https:\/\/fulbat.com\/es\/wp-json\/wp\/v2\/media\/15961"}],"wp:attachment":[{"href":"https:\/\/fulbat.com\/es\/wp-json\/wp\/v2\/media?parent=15956"}],"wp:term":[{"taxonomy":"product_brand","embeddable":true,"href":"https:\/\/fulbat.com\/es\/wp-json\/wp\/v2\/product_brand?post=15956"},{"taxonomy":"product_cat","embeddable":true,"href":"https:\/\/fulbat.com\/es\/wp-json\/wp\/v2\/product_cat?post=15956"},{"taxonomy":"product_tag","embeddable":true,"href":"https:\/\/fulbat.com\/es\/wp-json\/wp\/v2\/product_tag?post=15956"}],"curies":[{"name":"wp","href":"https:\/\/api.w.org\/{rel}","templated":true}]}}