{"id":16005,"date":"2020-08-27T12:55:08","date_gmt":"2020-08-27T10:55:08","guid":{"rendered":"https:\/\/fulbat.com\/product\/ft12a-bs\/"},"modified":"2024-11-19T12:21:23","modified_gmt":"2024-11-19T11:21:23","slug":"ft12a-bs","status":"publish","type":"product","link":"https:\/\/fulbat.com\/es\/producto\/ft12a-bs\/","title":{"rendered":"FT12A-BS"},"content":{"rendered":"<p style=\"text-align: justify;\">La bater\u00eda FT12A-BS forma parte de nuestra gama sin mantenimiento. Especialmente dise\u00f1ada para ofrecer m\u00e1s comodidad y rendimiento, esta bater\u00eda de 12V y 10,5Ah viene con un pack de \u00e1cido y debe ser activada antes del primer uso.<\/p>\n<p>La bater\u00eda FT12A-BS est\u00e1 100% sellada y no necesita mantenimiento una vez activada, lo que mejora su vida \u00fatil y su resistencia a las condiciones m\u00e1s duras.<\/p>\n<p>Cargador compatible : <a href=\"https:\/\/fulbat.com\/es\/cargadores\/cargadores\/fulload-1000\/\"><strong>Fulload 1000<\/strong><\/a><\/p>\n","protected":false},"excerpt":{"rendered":"<p>Tecnolog\u00eda AGM<\/p>\n<p>Se suministra con un pack de \u00e1cido<\/p>\n<p>Debe activarse antes del primer uso<\/p>\n<p>Sin mantenimiento una vez activado<\/p>\n<p>Mayor vida \u00fatil<\/p>\n<p>S\u00f3lo montaje vertical<\/p>\n<p>Sulfataci\u00f3n interna minimizada<\/p>\n<p>Adaptada al clima fr\u00edo<\/p>\n<p>Duraci\u00f3n ilimitada del almacenamiento<\/p>\n","protected":false},"featured_media":16006,"template":"","meta":[],"product_brand":[],"product_cat":[2580,2588,2589,2582,2593],"product_tag":[2939,2969,2978,3376,2876,2877,2970,2979],"class_list":{"0":"post-16005","1":"product","2":"type-product","3":"status-publish","4":"has-post-thumbnail","6":"product_cat-arranque","7":"product_cat-mf-es","8":"product_cat-moto-es","9":"product_cat-quad-es","10":"product_cat-scooter-es","11":"product_tag-bateria-de-quad","12":"product_tag-ft12a-bs-es","13":"product_tag-ft12abs-es","14":"product_tag-mf-bateria","15":"product_tag-motorcycle-battery-es","16":"product_tag-scooter-battery-es","17":"product_tag-yt12a-bs-es","18":"product_tag-yt12abs-es","20":"first","21":"instock","22":"shipping-taxable","23":"product-type-simple"},"yoast_head":"<!-- This site is optimized with the Yoast SEO plugin v26.9 - https:\/\/yoast.com\/product\/yoast-seo-wordpress\/ -->\n<title>FT12A-BS - Fulbat<\/title>\n<meta name=\"description\" content=\"%\" \/>\n<meta name=\"robots\" content=\"index, follow, max-snippet:-1, max-image-preview:large, max-video-preview:-1\" \/>\n<link rel=\"canonical\" href=\"https:\/\/fulbat.com\/es\/producto\/ft12a-bs\/\" \/>\n<meta property=\"og:locale\" content=\"es_ES\" \/>\n<meta property=\"og:type\" content=\"article\" \/>\n<meta property=\"og:title\" content=\"FT12A-BS - Fulbat\" \/>\n<meta property=\"og:description\" content=\"%\" \/>\n<meta property=\"og:url\" content=\"https:\/\/fulbat.com\/es\/producto\/ft12a-bs\/\" \/>\n<meta property=\"og:site_name\" content=\"Fulbat\" \/>\n<meta property=\"article:modified_time\" content=\"2024-11-19T11:21:23+00:00\" \/>\n<meta property=\"og:image\" content=\"https:\/\/fulbat.com\/wp-content\/uploads\/2020\/08\/Fulbat_MF_FT12A-BS1.png\" \/>\n\t<meta property=\"og:image:width\" content=\"1777\" \/>\n\t<meta property=\"og:image:height\" content=\"1456\" \/>\n\t<meta property=\"og:image:type\" content=\"image\/png\" \/>\n<meta name=\"twitter:card\" content=\"summary_large_image\" \/>\n<meta name=\"twitter:label1\" content=\"Tiempo de lectura\" \/>\n\t<meta name=\"twitter:data1\" content=\"1 minuto\" \/>\n<script type=\"application\/ld+json\" class=\"yoast-schema-graph\">{\"@context\":\"https:\/\/schema.org\",\"@graph\":[{\"@type\":\"WebPage\",\"@id\":\"https:\/\/fulbat.com\/es\/producto\/ft12a-bs\/\",\"url\":\"https:\/\/fulbat.com\/es\/producto\/ft12a-bs\/\",\"name\":\"FT12A-BS - Fulbat\",\"isPartOf\":{\"@id\":\"https:\/\/fulbat.com\/es\/#website\"},\"primaryImageOfPage\":{\"@id\":\"https:\/\/fulbat.com\/es\/producto\/ft12a-bs\/#primaryimage\"},\"image\":{\"@id\":\"https:\/\/fulbat.com\/es\/producto\/ft12a-bs\/#primaryimage\"},\"thumbnailUrl\":\"https:\/\/fulbat.com\/wp-content\/uploads\/2020\/08\/Fulbat_MF_FT12A-BS1.png\",\"datePublished\":\"2020-08-27T10:55:08+00:00\",\"dateModified\":\"2024-11-19T11:21:23+00:00\",\"description\":\"%\",\"breadcrumb\":{\"@id\":\"https:\/\/fulbat.com\/es\/producto\/ft12a-bs\/#breadcrumb\"},\"inLanguage\":\"es\",\"potentialAction\":[{\"@type\":\"ReadAction\",\"target\":[\"https:\/\/fulbat.com\/es\/producto\/ft12a-bs\/\"]}]},{\"@type\":\"ImageObject\",\"inLanguage\":\"es\",\"@id\":\"https:\/\/fulbat.com\/es\/producto\/ft12a-bs\/#primaryimage\",\"url\":\"https:\/\/fulbat.com\/wp-content\/uploads\/2020\/08\/Fulbat_MF_FT12A-BS1.png\",\"contentUrl\":\"https:\/\/fulbat.com\/wp-content\/uploads\/2020\/08\/Fulbat_MF_FT12A-BS1.png\",\"width\":1777,\"height\":1456,\"caption\":\"Fulbat_MF-Bater\u00eda_FT12A-BS\"},{\"@type\":\"BreadcrumbList\",\"@id\":\"https:\/\/fulbat.com\/es\/producto\/ft12a-bs\/#breadcrumb\",\"itemListElement\":[{\"@type\":\"ListItem\",\"position\":1,\"name\":\"Home\",\"item\":\"https:\/\/fulbat.com\/es\/\"},{\"@type\":\"ListItem\",\"position\":2,\"name\":\"Shop\",\"item\":\"https:\/\/fulbat.com\/shop\/\"},{\"@type\":\"ListItem\",\"position\":3,\"name\":\"Arranque\",\"item\":\"https:\/\/fulbat.com\/es\/arranque\/\"},{\"@type\":\"ListItem\",\"position\":4,\"name\":\"FT12A-BS\"}]},{\"@type\":\"WebSite\",\"@id\":\"https:\/\/fulbat.com\/es\/#website\",\"url\":\"https:\/\/fulbat.com\/es\/\",\"name\":\"Fulbat\",\"description\":\"Qualitative, performing &amp; reliable battery solutions\",\"potentialAction\":[{\"@type\":\"SearchAction\",\"target\":{\"@type\":\"EntryPoint\",\"urlTemplate\":\"https:\/\/fulbat.com\/es\/?s={search_term_string}\"},\"query-input\":{\"@type\":\"PropertyValueSpecification\",\"valueRequired\":true,\"valueName\":\"search_term_string\"}}],\"inLanguage\":\"es\"}]}<\/script>\n<!-- \/ Yoast SEO plugin. -->","yoast_head_json":{"title":"FT12A-BS - Fulbat","description":"%","robots":{"index":"index","follow":"follow","max-snippet":"max-snippet:-1","max-image-preview":"max-image-preview:large","max-video-preview":"max-video-preview:-1"},"canonical":"https:\/\/fulbat.com\/es\/producto\/ft12a-bs\/","og_locale":"es_ES","og_type":"article","og_title":"FT12A-BS - Fulbat","og_description":"%","og_url":"https:\/\/fulbat.com\/es\/producto\/ft12a-bs\/","og_site_name":"Fulbat","article_modified_time":"2024-11-19T11:21:23+00:00","og_image":[{"width":1777,"height":1456,"url":"https:\/\/fulbat.com\/wp-content\/uploads\/2020\/08\/Fulbat_MF_FT12A-BS1.png","type":"image\/png"}],"twitter_card":"summary_large_image","twitter_misc":{"Tiempo de lectura":"1 minuto"},"schema":{"@context":"https:\/\/schema.org","@graph":[{"@type":"WebPage","@id":"https:\/\/fulbat.com\/es\/producto\/ft12a-bs\/","url":"https:\/\/fulbat.com\/es\/producto\/ft12a-bs\/","name":"FT12A-BS - Fulbat","isPartOf":{"@id":"https:\/\/fulbat.com\/es\/#website"},"primaryImageOfPage":{"@id":"https:\/\/fulbat.com\/es\/producto\/ft12a-bs\/#primaryimage"},"image":{"@id":"https:\/\/fulbat.com\/es\/producto\/ft12a-bs\/#primaryimage"},"thumbnailUrl":"https:\/\/fulbat.com\/wp-content\/uploads\/2020\/08\/Fulbat_MF_FT12A-BS1.png","datePublished":"2020-08-27T10:55:08+00:00","dateModified":"2024-11-19T11:21:23+00:00","description":"%","breadcrumb":{"@id":"https:\/\/fulbat.com\/es\/producto\/ft12a-bs\/#breadcrumb"},"inLanguage":"es","potentialAction":[{"@type":"ReadAction","target":["https:\/\/fulbat.com\/es\/producto\/ft12a-bs\/"]}]},{"@type":"ImageObject","inLanguage":"es","@id":"https:\/\/fulbat.com\/es\/producto\/ft12a-bs\/#primaryimage","url":"https:\/\/fulbat.com\/wp-content\/uploads\/2020\/08\/Fulbat_MF_FT12A-BS1.png","contentUrl":"https:\/\/fulbat.com\/wp-content\/uploads\/2020\/08\/Fulbat_MF_FT12A-BS1.png","width":1777,"height":1456,"caption":"Fulbat_MF-Bater\u00eda_FT12A-BS"},{"@type":"BreadcrumbList","@id":"https:\/\/fulbat.com\/es\/producto\/ft12a-bs\/#breadcrumb","itemListElement":[{"@type":"ListItem","position":1,"name":"Home","item":"https:\/\/fulbat.com\/es\/"},{"@type":"ListItem","position":2,"name":"Shop","item":"https:\/\/fulbat.com\/shop\/"},{"@type":"ListItem","position":3,"name":"Arranque","item":"https:\/\/fulbat.com\/es\/arranque\/"},{"@type":"ListItem","position":4,"name":"FT12A-BS"}]},{"@type":"WebSite","@id":"https:\/\/fulbat.com\/es\/#website","url":"https:\/\/fulbat.com\/es\/","name":"Fulbat","description":"Qualitative, performing &amp; reliable battery solutions","potentialAction":[{"@type":"SearchAction","target":{"@type":"EntryPoint","urlTemplate":"https:\/\/fulbat.com\/es\/?s={search_term_string}"},"query-input":{"@type":"PropertyValueSpecification","valueRequired":true,"valueName":"search_term_string"}}],"inLanguage":"es"}]}},"_links":{"self":[{"href":"https:\/\/fulbat.com\/es\/wp-json\/wp\/v2\/product\/16005","targetHints":{"allow":["GET"]}}],"collection":[{"href":"https:\/\/fulbat.com\/es\/wp-json\/wp\/v2\/product"}],"about":[{"href":"https:\/\/fulbat.com\/es\/wp-json\/wp\/v2\/types\/product"}],"wp:featuredmedia":[{"embeddable":true,"href":"https:\/\/fulbat.com\/es\/wp-json\/wp\/v2\/media\/16006"}],"wp:attachment":[{"href":"https:\/\/fulbat.com\/es\/wp-json\/wp\/v2\/media?parent=16005"}],"wp:term":[{"taxonomy":"product_brand","embeddable":true,"href":"https:\/\/fulbat.com\/es\/wp-json\/wp\/v2\/product_brand?post=16005"},{"taxonomy":"product_cat","embeddable":true,"href":"https:\/\/fulbat.com\/es\/wp-json\/wp\/v2\/product_cat?post=16005"},{"taxonomy":"product_tag","embeddable":true,"href":"https:\/\/fulbat.com\/es\/wp-json\/wp\/v2\/product_tag?post=16005"}],"curies":[{"name":"wp","href":"https:\/\/api.w.org\/{rel}","templated":true}]}}