{"id":16107,"date":"2020-09-10T17:10:42","date_gmt":"2020-09-10T15:10:42","guid":{"rendered":"https:\/\/fulbat.com\/product\/12n24-4a\/"},"modified":"2024-11-15T09:40:54","modified_gmt":"2024-11-15T08:40:54","slug":"12n24-4a","status":"publish","type":"product","link":"https:\/\/fulbat.com\/es\/producto\/12n24-4a\/","title":{"rendered":"12N24-4A"},"content":{"rendered":"<p>La bater\u00eda 12N24-4A forma parte de nuestra gama DRY. Especialmente dise\u00f1ada para ofrecer un buen rendimiento y resistencia a las vibraciones, esta bater\u00eda de 12V y 25,3Ah viene con un pack de \u00e1cido. Debe activarse antes del primer uso y debe comprobarse peri\u00f3dicamente.<\/p>\n<p>Gracias a su dise\u00f1o \u00fanico, la bater\u00eda 12N24-4A no requiere ning\u00fan tipo de mantenimiento durante un largo periodo de almacenamiento.<\/p>\n<p>Cargador compatible : <strong><a href=\"https:\/\/fulbat.com\/es\/cargadores\/cargadores\/fulload-f4\/\" target=\"_blank\" rel=\"noopener noreferrer\">Fulload F4<\/a><\/strong><\/p>\n","protected":false},"excerpt":{"rendered":"<p>Construcci\u00f3n en seco<\/p>\n<p>Debe activarse antes del primer uso<\/p>\n<p>Debe ser revisado regularmente y rellenado si es necesario<\/p>\n<p>S\u00f3lo montaje vertical<\/p>\n<p>Bater\u00edas de 6V y 12V<\/p>\n<p>Vida \u00fatil est\u00e1ndar<\/p>\n<p>Tiempo de almacenamiento ilimitado<\/p>\n","protected":false},"featured_media":16108,"template":"","meta":[],"product_brand":[],"product_cat":[2580,2586,2584],"product_tag":[3402,3403,3394,3094,3393],"class_list":{"0":"post-16107","1":"product","2":"type-product","3":"status-publish","4":"has-post-thumbnail","6":"product_cat-arranque","7":"product_cat-cesped-y-jardin","8":"product_cat-dry-es","9":"product_tag-12n24-4a-es","10":"product_tag-12n244a-es","11":"product_tag-bateria-de-plomo-acido","12":"product_tag-bateria-para-cesped-y-jardin-es","13":"product_tag-bateria-seca","15":"first","16":"instock","17":"shipping-taxable","18":"product-type-simple"},"yoast_head":"<!-- This site is optimized with the Yoast SEO plugin v26.9 - https:\/\/yoast.com\/product\/yoast-seo-wordpress\/ -->\n<title>12N24-4A - Fulbat<\/title>\n<meta name=\"description\" content=\"%\" \/>\n<meta name=\"robots\" content=\"index, follow, max-snippet:-1, max-image-preview:large, max-video-preview:-1\" \/>\n<link rel=\"canonical\" href=\"https:\/\/fulbat.com\/es\/producto\/12n24-4a\/\" \/>\n<meta property=\"og:locale\" content=\"es_ES\" \/>\n<meta property=\"og:type\" content=\"article\" \/>\n<meta property=\"og:title\" content=\"12N24-4A - Fulbat\" \/>\n<meta property=\"og:description\" content=\"%\" \/>\n<meta property=\"og:url\" content=\"https:\/\/fulbat.com\/es\/producto\/12n24-4a\/\" \/>\n<meta property=\"og:site_name\" content=\"Fulbat\" \/>\n<meta property=\"article:modified_time\" content=\"2024-11-15T08:40:54+00:00\" \/>\n<meta property=\"og:image\" content=\"https:\/\/fulbat.com\/wp-content\/uploads\/2020\/09\/Fulbat_DRY_12N24-4A.png\" \/>\n\t<meta property=\"og:image:width\" content=\"499\" \/>\n\t<meta property=\"og:image:height\" content=\"510\" \/>\n\t<meta property=\"og:image:type\" content=\"image\/png\" \/>\n<meta name=\"twitter:card\" content=\"summary_large_image\" \/>\n<meta name=\"twitter:label1\" content=\"Tiempo de lectura\" \/>\n\t<meta name=\"twitter:data1\" content=\"1 minuto\" \/>\n<script type=\"application\/ld+json\" class=\"yoast-schema-graph\">{\"@context\":\"https:\/\/schema.org\",\"@graph\":[{\"@type\":\"WebPage\",\"@id\":\"https:\/\/fulbat.com\/es\/producto\/12n24-4a\/\",\"url\":\"https:\/\/fulbat.com\/es\/producto\/12n24-4a\/\",\"name\":\"12N24-4A - Fulbat\",\"isPartOf\":{\"@id\":\"https:\/\/fulbat.com\/es\/#website\"},\"primaryImageOfPage\":{\"@id\":\"https:\/\/fulbat.com\/es\/producto\/12n24-4a\/#primaryimage\"},\"image\":{\"@id\":\"https:\/\/fulbat.com\/es\/producto\/12n24-4a\/#primaryimage\"},\"thumbnailUrl\":\"https:\/\/fulbat.com\/wp-content\/uploads\/2020\/09\/Fulbat_DRY_12N24-4A.png\",\"datePublished\":\"2020-09-10T15:10:42+00:00\",\"dateModified\":\"2024-11-15T08:40:54+00:00\",\"description\":\"%\",\"breadcrumb\":{\"@id\":\"https:\/\/fulbat.com\/es\/producto\/12n24-4a\/#breadcrumb\"},\"inLanguage\":\"es\",\"potentialAction\":[{\"@type\":\"ReadAction\",\"target\":[\"https:\/\/fulbat.com\/es\/producto\/12n24-4a\/\"]}]},{\"@type\":\"ImageObject\",\"inLanguage\":\"es\",\"@id\":\"https:\/\/fulbat.com\/es\/producto\/12n24-4a\/#primaryimage\",\"url\":\"https:\/\/fulbat.com\/wp-content\/uploads\/2020\/09\/Fulbat_DRY_12N24-4A.png\",\"contentUrl\":\"https:\/\/fulbat.com\/wp-content\/uploads\/2020\/09\/Fulbat_DRY_12N24-4A.png\",\"width\":499,\"height\":510,\"caption\":\"Fulbat_DRY-12N24-4A_BATER\u00cdA\"},{\"@type\":\"BreadcrumbList\",\"@id\":\"https:\/\/fulbat.com\/es\/producto\/12n24-4a\/#breadcrumb\",\"itemListElement\":[{\"@type\":\"ListItem\",\"position\":1,\"name\":\"Home\",\"item\":\"https:\/\/fulbat.com\/es\/\"},{\"@type\":\"ListItem\",\"position\":2,\"name\":\"Shop\",\"item\":\"https:\/\/fulbat.com\/shop\/\"},{\"@type\":\"ListItem\",\"position\":3,\"name\":\"Arranque\",\"item\":\"https:\/\/fulbat.com\/es\/arranque\/\"},{\"@type\":\"ListItem\",\"position\":4,\"name\":\"12N24-4A\"}]},{\"@type\":\"WebSite\",\"@id\":\"https:\/\/fulbat.com\/es\/#website\",\"url\":\"https:\/\/fulbat.com\/es\/\",\"name\":\"Fulbat\",\"description\":\"Qualitative, performing &amp; reliable battery solutions\",\"potentialAction\":[{\"@type\":\"SearchAction\",\"target\":{\"@type\":\"EntryPoint\",\"urlTemplate\":\"https:\/\/fulbat.com\/es\/?s={search_term_string}\"},\"query-input\":{\"@type\":\"PropertyValueSpecification\",\"valueRequired\":true,\"valueName\":\"search_term_string\"}}],\"inLanguage\":\"es\"}]}<\/script>\n<!-- \/ Yoast SEO plugin. -->","yoast_head_json":{"title":"12N24-4A - Fulbat","description":"%","robots":{"index":"index","follow":"follow","max-snippet":"max-snippet:-1","max-image-preview":"max-image-preview:large","max-video-preview":"max-video-preview:-1"},"canonical":"https:\/\/fulbat.com\/es\/producto\/12n24-4a\/","og_locale":"es_ES","og_type":"article","og_title":"12N24-4A - Fulbat","og_description":"%","og_url":"https:\/\/fulbat.com\/es\/producto\/12n24-4a\/","og_site_name":"Fulbat","article_modified_time":"2024-11-15T08:40:54+00:00","og_image":[{"width":499,"height":510,"url":"https:\/\/fulbat.com\/wp-content\/uploads\/2020\/09\/Fulbat_DRY_12N24-4A.png","type":"image\/png"}],"twitter_card":"summary_large_image","twitter_misc":{"Tiempo de lectura":"1 minuto"},"schema":{"@context":"https:\/\/schema.org","@graph":[{"@type":"WebPage","@id":"https:\/\/fulbat.com\/es\/producto\/12n24-4a\/","url":"https:\/\/fulbat.com\/es\/producto\/12n24-4a\/","name":"12N24-4A - Fulbat","isPartOf":{"@id":"https:\/\/fulbat.com\/es\/#website"},"primaryImageOfPage":{"@id":"https:\/\/fulbat.com\/es\/producto\/12n24-4a\/#primaryimage"},"image":{"@id":"https:\/\/fulbat.com\/es\/producto\/12n24-4a\/#primaryimage"},"thumbnailUrl":"https:\/\/fulbat.com\/wp-content\/uploads\/2020\/09\/Fulbat_DRY_12N24-4A.png","datePublished":"2020-09-10T15:10:42+00:00","dateModified":"2024-11-15T08:40:54+00:00","description":"%","breadcrumb":{"@id":"https:\/\/fulbat.com\/es\/producto\/12n24-4a\/#breadcrumb"},"inLanguage":"es","potentialAction":[{"@type":"ReadAction","target":["https:\/\/fulbat.com\/es\/producto\/12n24-4a\/"]}]},{"@type":"ImageObject","inLanguage":"es","@id":"https:\/\/fulbat.com\/es\/producto\/12n24-4a\/#primaryimage","url":"https:\/\/fulbat.com\/wp-content\/uploads\/2020\/09\/Fulbat_DRY_12N24-4A.png","contentUrl":"https:\/\/fulbat.com\/wp-content\/uploads\/2020\/09\/Fulbat_DRY_12N24-4A.png","width":499,"height":510,"caption":"Fulbat_DRY-12N24-4A_BATER\u00cdA"},{"@type":"BreadcrumbList","@id":"https:\/\/fulbat.com\/es\/producto\/12n24-4a\/#breadcrumb","itemListElement":[{"@type":"ListItem","position":1,"name":"Home","item":"https:\/\/fulbat.com\/es\/"},{"@type":"ListItem","position":2,"name":"Shop","item":"https:\/\/fulbat.com\/shop\/"},{"@type":"ListItem","position":3,"name":"Arranque","item":"https:\/\/fulbat.com\/es\/arranque\/"},{"@type":"ListItem","position":4,"name":"12N24-4A"}]},{"@type":"WebSite","@id":"https:\/\/fulbat.com\/es\/#website","url":"https:\/\/fulbat.com\/es\/","name":"Fulbat","description":"Qualitative, performing &amp; reliable battery solutions","potentialAction":[{"@type":"SearchAction","target":{"@type":"EntryPoint","urlTemplate":"https:\/\/fulbat.com\/es\/?s={search_term_string}"},"query-input":{"@type":"PropertyValueSpecification","valueRequired":true,"valueName":"search_term_string"}}],"inLanguage":"es"}]}},"_links":{"self":[{"href":"https:\/\/fulbat.com\/es\/wp-json\/wp\/v2\/product\/16107","targetHints":{"allow":["GET"]}}],"collection":[{"href":"https:\/\/fulbat.com\/es\/wp-json\/wp\/v2\/product"}],"about":[{"href":"https:\/\/fulbat.com\/es\/wp-json\/wp\/v2\/types\/product"}],"wp:featuredmedia":[{"embeddable":true,"href":"https:\/\/fulbat.com\/es\/wp-json\/wp\/v2\/media\/16108"}],"wp:attachment":[{"href":"https:\/\/fulbat.com\/es\/wp-json\/wp\/v2\/media?parent=16107"}],"wp:term":[{"taxonomy":"product_brand","embeddable":true,"href":"https:\/\/fulbat.com\/es\/wp-json\/wp\/v2\/product_brand?post=16107"},{"taxonomy":"product_cat","embeddable":true,"href":"https:\/\/fulbat.com\/es\/wp-json\/wp\/v2\/product_cat?post=16107"},{"taxonomy":"product_tag","embeddable":true,"href":"https:\/\/fulbat.com\/es\/wp-json\/wp\/v2\/product_tag?post=16107"}],"curies":[{"name":"wp","href":"https:\/\/api.w.org\/{rel}","templated":true}]}}