{"id":16146,"date":"2020-08-28T12:16:03","date_gmt":"2020-08-28T10:16:03","guid":{"rendered":"https:\/\/fulbat.com\/product\/fb12al-a2\/"},"modified":"2024-11-18T17:06:40","modified_gmt":"2024-11-18T16:06:40","slug":"fb12al-a-a2","status":"publish","type":"product","link":"https:\/\/fulbat.com\/es\/producto\/fb12al-a-a2\/","title":{"rendered":"FB12AL-A\/A2"},"content":{"rendered":"<p style=\"text-align: justify;\">La bater\u00eda FB12AL-A\/A2 forma parte de nuestra gama DRY. Especialmente dise\u00f1ada para ofrecer un buen rendimiento y resistencia a las vibraciones, esta bater\u00eda de 12V y 12,6Ah viene con un pack de \u00e1cido. Debe activarse antes del primer uso y debe comprobarse peri\u00f3dicamente.<\/p>\n<p>Gracias a su dise\u00f1o \u00fanico, la bater\u00eda FB12AL-A\/A2 no requiere ning\u00fan tipo de mantenimiento durante un largo periodo de almacenamiento.<\/p>\n<p>Cargador compatible : <strong><a href=\"https:\/\/fulbat.com\/es\/cargadores\/cargadores\/fulload-1000\/\" target=\"_blank\" rel=\"noopener noreferrer\">Fulload 1000<\/a><\/strong><\/p>\n","protected":false},"excerpt":{"rendered":"<p>Construcci\u00f3n en seco<\/p>\n<p>Debe activarse antes del primer uso<\/p>\n<p>Debe ser revisado regularmente y rellenado si es necesario<\/p>\n<p>S\u00f3lo montaje vertical<\/p>\n<p>Bater\u00edas de 6V y 12V<\/p>\n<p>Vida \u00fatil est\u00e1ndar<\/p>\n<p>Tiempo de almacenamiento ilimitado<\/p>\n","protected":false},"featured_media":19146,"template":"","meta":[],"product_brand":[],"product_cat":[2580,2584,2589,2593],"product_tag":[3394,3393,5426,5427,5410,5413,5482,3317,3319,5510,2876,2877,6032,3318,3320,6045],"class_list":{"0":"post-16146","1":"product","2":"type-product","3":"status-publish","4":"has-post-thumbnail","6":"product_cat-arranque","7":"product_cat-dry-es","8":"product_cat-moto-es","9":"product_cat-scooter-es","10":"product_tag-bateria-de-plomo-acido","11":"product_tag-bateria-seca","12":"product_tag-cb12al-a-a2-es-2","13":"product_tag-cb12alaa2-es-2","14":"product_tag-eb12al-a-a2-es-2","15":"product_tag-eb12alaa2-es-2","16":"product_tag-fb12al-a-a2-es-2","17":"product_tag-fb12al-a2-es","18":"product_tag-fb12ala2-es","19":"product_tag-fb12alaa2-es-2","20":"product_tag-motorcycle-battery-es","21":"product_tag-scooter-battery-es","22":"product_tag-yb12al-a-a2-es-2","23":"product_tag-yb12al-a2-es","24":"product_tag-yb12ala2-es","25":"product_tag-yb12alaa2-es-2","27":"first","28":"instock","29":"shipping-taxable","30":"product-type-simple"},"yoast_head":"<!-- This site is optimized with the Yoast SEO plugin v26.9 - https:\/\/yoast.com\/product\/yoast-seo-wordpress\/ -->\n<title>FB12AL-A\/A2 - Fulbat<\/title>\n<meta name=\"description\" content=\"%\" \/>\n<meta name=\"robots\" content=\"index, follow, max-snippet:-1, max-image-preview:large, max-video-preview:-1\" \/>\n<link rel=\"canonical\" href=\"https:\/\/fulbat.com\/es\/producto\/fb12al-a-a2\/\" \/>\n<meta property=\"og:locale\" content=\"es_ES\" \/>\n<meta property=\"og:type\" content=\"article\" \/>\n<meta property=\"og:title\" content=\"FB12AL-A\/A2 - Fulbat\" \/>\n<meta property=\"og:description\" content=\"%\" \/>\n<meta property=\"og:url\" content=\"https:\/\/fulbat.com\/es\/producto\/fb12al-a-a2\/\" \/>\n<meta property=\"og:site_name\" content=\"Fulbat\" \/>\n<meta property=\"article:modified_time\" content=\"2024-11-18T16:06:40+00:00\" \/>\n<meta property=\"og:image\" content=\"https:\/\/fulbat.com\/wp-content\/uploads\/2020\/08\/FULBAT-DRY-FB12AL-A-A2.png\" \/>\n\t<meta property=\"og:image:width\" content=\"580\" \/>\n\t<meta property=\"og:image:height\" content=\"450\" \/>\n\t<meta property=\"og:image:type\" content=\"image\/png\" \/>\n<meta name=\"twitter:card\" content=\"summary_large_image\" \/>\n<meta name=\"twitter:label1\" content=\"Tiempo de lectura\" \/>\n\t<meta name=\"twitter:data1\" content=\"1 minuto\" \/>\n<script type=\"application\/ld+json\" class=\"yoast-schema-graph\">{\"@context\":\"https:\/\/schema.org\",\"@graph\":[{\"@type\":\"WebPage\",\"@id\":\"https:\/\/fulbat.com\/es\/producto\/fb12al-a-a2\/\",\"url\":\"https:\/\/fulbat.com\/es\/producto\/fb12al-a-a2\/\",\"name\":\"FB12AL-A\/A2 - Fulbat\",\"isPartOf\":{\"@id\":\"https:\/\/fulbat.com\/es\/#website\"},\"primaryImageOfPage\":{\"@id\":\"https:\/\/fulbat.com\/es\/producto\/fb12al-a-a2\/#primaryimage\"},\"image\":{\"@id\":\"https:\/\/fulbat.com\/es\/producto\/fb12al-a-a2\/#primaryimage\"},\"thumbnailUrl\":\"https:\/\/fulbat.com\/wp-content\/uploads\/2020\/08\/FULBAT-DRY-FB12AL-A-A2.png\",\"datePublished\":\"2020-08-28T10:16:03+00:00\",\"dateModified\":\"2024-11-18T16:06:40+00:00\",\"description\":\"%\",\"breadcrumb\":{\"@id\":\"https:\/\/fulbat.com\/es\/producto\/fb12al-a-a2\/#breadcrumb\"},\"inLanguage\":\"es\",\"potentialAction\":[{\"@type\":\"ReadAction\",\"target\":[\"https:\/\/fulbat.com\/es\/producto\/fb12al-a-a2\/\"]}]},{\"@type\":\"ImageObject\",\"inLanguage\":\"es\",\"@id\":\"https:\/\/fulbat.com\/es\/producto\/fb12al-a-a2\/#primaryimage\",\"url\":\"https:\/\/fulbat.com\/wp-content\/uploads\/2020\/08\/FULBAT-DRY-FB12AL-A-A2.png\",\"contentUrl\":\"https:\/\/fulbat.com\/wp-content\/uploads\/2020\/08\/FULBAT-DRY-FB12AL-A-A2.png\",\"width\":580,\"height\":450},{\"@type\":\"BreadcrumbList\",\"@id\":\"https:\/\/fulbat.com\/es\/producto\/fb12al-a-a2\/#breadcrumb\",\"itemListElement\":[{\"@type\":\"ListItem\",\"position\":1,\"name\":\"Home\",\"item\":\"https:\/\/fulbat.com\/es\/\"},{\"@type\":\"ListItem\",\"position\":2,\"name\":\"Shop\",\"item\":\"https:\/\/fulbat.com\/shop\/\"},{\"@type\":\"ListItem\",\"position\":3,\"name\":\"Arranque\",\"item\":\"https:\/\/fulbat.com\/es\/arranque\/\"},{\"@type\":\"ListItem\",\"position\":4,\"name\":\"FB12AL-A\/A2\"}]},{\"@type\":\"WebSite\",\"@id\":\"https:\/\/fulbat.com\/es\/#website\",\"url\":\"https:\/\/fulbat.com\/es\/\",\"name\":\"Fulbat\",\"description\":\"Qualitative, performing &amp; reliable battery solutions\",\"potentialAction\":[{\"@type\":\"SearchAction\",\"target\":{\"@type\":\"EntryPoint\",\"urlTemplate\":\"https:\/\/fulbat.com\/es\/?s={search_term_string}\"},\"query-input\":{\"@type\":\"PropertyValueSpecification\",\"valueRequired\":true,\"valueName\":\"search_term_string\"}}],\"inLanguage\":\"es\"}]}<\/script>\n<!-- \/ Yoast SEO plugin. -->","yoast_head_json":{"title":"FB12AL-A\/A2 - Fulbat","description":"%","robots":{"index":"index","follow":"follow","max-snippet":"max-snippet:-1","max-image-preview":"max-image-preview:large","max-video-preview":"max-video-preview:-1"},"canonical":"https:\/\/fulbat.com\/es\/producto\/fb12al-a-a2\/","og_locale":"es_ES","og_type":"article","og_title":"FB12AL-A\/A2 - Fulbat","og_description":"%","og_url":"https:\/\/fulbat.com\/es\/producto\/fb12al-a-a2\/","og_site_name":"Fulbat","article_modified_time":"2024-11-18T16:06:40+00:00","og_image":[{"width":580,"height":450,"url":"https:\/\/fulbat.com\/wp-content\/uploads\/2020\/08\/FULBAT-DRY-FB12AL-A-A2.png","type":"image\/png"}],"twitter_card":"summary_large_image","twitter_misc":{"Tiempo de lectura":"1 minuto"},"schema":{"@context":"https:\/\/schema.org","@graph":[{"@type":"WebPage","@id":"https:\/\/fulbat.com\/es\/producto\/fb12al-a-a2\/","url":"https:\/\/fulbat.com\/es\/producto\/fb12al-a-a2\/","name":"FB12AL-A\/A2 - Fulbat","isPartOf":{"@id":"https:\/\/fulbat.com\/es\/#website"},"primaryImageOfPage":{"@id":"https:\/\/fulbat.com\/es\/producto\/fb12al-a-a2\/#primaryimage"},"image":{"@id":"https:\/\/fulbat.com\/es\/producto\/fb12al-a-a2\/#primaryimage"},"thumbnailUrl":"https:\/\/fulbat.com\/wp-content\/uploads\/2020\/08\/FULBAT-DRY-FB12AL-A-A2.png","datePublished":"2020-08-28T10:16:03+00:00","dateModified":"2024-11-18T16:06:40+00:00","description":"%","breadcrumb":{"@id":"https:\/\/fulbat.com\/es\/producto\/fb12al-a-a2\/#breadcrumb"},"inLanguage":"es","potentialAction":[{"@type":"ReadAction","target":["https:\/\/fulbat.com\/es\/producto\/fb12al-a-a2\/"]}]},{"@type":"ImageObject","inLanguage":"es","@id":"https:\/\/fulbat.com\/es\/producto\/fb12al-a-a2\/#primaryimage","url":"https:\/\/fulbat.com\/wp-content\/uploads\/2020\/08\/FULBAT-DRY-FB12AL-A-A2.png","contentUrl":"https:\/\/fulbat.com\/wp-content\/uploads\/2020\/08\/FULBAT-DRY-FB12AL-A-A2.png","width":580,"height":450},{"@type":"BreadcrumbList","@id":"https:\/\/fulbat.com\/es\/producto\/fb12al-a-a2\/#breadcrumb","itemListElement":[{"@type":"ListItem","position":1,"name":"Home","item":"https:\/\/fulbat.com\/es\/"},{"@type":"ListItem","position":2,"name":"Shop","item":"https:\/\/fulbat.com\/shop\/"},{"@type":"ListItem","position":3,"name":"Arranque","item":"https:\/\/fulbat.com\/es\/arranque\/"},{"@type":"ListItem","position":4,"name":"FB12AL-A\/A2"}]},{"@type":"WebSite","@id":"https:\/\/fulbat.com\/es\/#website","url":"https:\/\/fulbat.com\/es\/","name":"Fulbat","description":"Qualitative, performing &amp; reliable battery solutions","potentialAction":[{"@type":"SearchAction","target":{"@type":"EntryPoint","urlTemplate":"https:\/\/fulbat.com\/es\/?s={search_term_string}"},"query-input":{"@type":"PropertyValueSpecification","valueRequired":true,"valueName":"search_term_string"}}],"inLanguage":"es"}]}},"_links":{"self":[{"href":"https:\/\/fulbat.com\/es\/wp-json\/wp\/v2\/product\/16146","targetHints":{"allow":["GET"]}}],"collection":[{"href":"https:\/\/fulbat.com\/es\/wp-json\/wp\/v2\/product"}],"about":[{"href":"https:\/\/fulbat.com\/es\/wp-json\/wp\/v2\/types\/product"}],"wp:featuredmedia":[{"embeddable":true,"href":"https:\/\/fulbat.com\/es\/wp-json\/wp\/v2\/media\/19146"}],"wp:attachment":[{"href":"https:\/\/fulbat.com\/es\/wp-json\/wp\/v2\/media?parent=16146"}],"wp:term":[{"taxonomy":"product_brand","embeddable":true,"href":"https:\/\/fulbat.com\/es\/wp-json\/wp\/v2\/product_brand?post=16146"},{"taxonomy":"product_cat","embeddable":true,"href":"https:\/\/fulbat.com\/es\/wp-json\/wp\/v2\/product_cat?post=16146"},{"taxonomy":"product_tag","embeddable":true,"href":"https:\/\/fulbat.com\/es\/wp-json\/wp\/v2\/product_tag?post=16146"}],"curies":[{"name":"wp","href":"https:\/\/api.w.org\/{rel}","templated":true}]}}