{"id":16158,"date":"2020-09-10T17:22:14","date_gmt":"2020-09-10T15:22:14","guid":{"rendered":"https:\/\/fulbat.com\/product\/f50-n18l-a\/"},"modified":"2025-04-17T10:53:07","modified_gmt":"2025-04-17T08:53:07","slug":"f50-n18l-a-a2-12n18-3a","status":"publish","type":"product","link":"https:\/\/fulbat.com\/es\/producto\/f50-n18l-a-a2-12n18-3a\/","title":{"rendered":"F50-N18L-A\/12N18-3A"},"content":{"rendered":"<p style=\"text-align: justify;\">La bater\u00eda F50-N18L-A\/12N18-3A forma parte de nuestra gama DRY. Especialmente dise\u00f1ada para ofrecer un buen rendimiento y resistencia a las vibraciones, esta bater\u00eda de 12V y 21,1Ah viene con un pack de \u00e1cido. Debe activarse antes del primer uso y debe comprobarse peri\u00f3dicamente.<\/p>\n<p>Gracias a su dise\u00f1o \u00fanico, la bater\u00eda F50-N18L-A\/12N18-3A no requiere ning\u00fan tipo de mantenimiento durante un largo periodo de almacenamiento.<\/p>\n<p>Cargador compatible : <strong><a href=\"https:\/\/fulbat.com\/es\/cargadores\/cargadores\/fulload-f4\/\" target=\"_blank\" rel=\"noopener noreferrer\">Fulload F4<\/a><\/strong><\/p>\n","protected":false},"excerpt":{"rendered":"<p>Construcci\u00f3n en seco<\/p>\n<p>Debe activarse antes del primer uso<\/p>\n<p>Debe ser revisado regularmente y rellenado si es necesario<\/p>\n<p>S\u00f3lo montaje vertical<\/p>\n<p>Bater\u00edas de 6V y 12V<\/p>\n<p>Vida \u00fatil est\u00e1ndar<\/p>\n<p>Tiempo de almacenamiento ilimitado<\/p>\n","protected":false},"featured_media":16927,"template":"","meta":[],"product_brand":[],"product_cat":[2580,2586,2584,2589,2594,2582],"product_tag":[2939,3094,2938,3393,3166,3169,2876,3167,3170],"class_list":{"0":"post-16158","1":"product","2":"type-product","3":"status-publish","4":"has-post-thumbnail","6":"product_cat-arranque","7":"product_cat-cesped-y-jardin","8":"product_cat-dry-es","9":"product_cat-moto-es","10":"product_cat-motonieve","11":"product_cat-quad-es","12":"product_tag-bateria-de-quad","13":"product_tag-bateria-para-cesped-y-jardin-es","14":"product_tag-bateria-para-motos-de-nieve","15":"product_tag-bateria-seca","16":"product_tag-f50-n18l-a-es","17":"product_tag-f50n18la-es","18":"product_tag-motorcycle-battery-es","19":"product_tag-y50-n18l-a-es","20":"product_tag-y50n18la-es","22":"first","23":"instock","24":"shipping-taxable","25":"product-type-simple"},"yoast_head":"<!-- This site is optimized with the Yoast SEO plugin v26.9 - https:\/\/yoast.com\/product\/yoast-seo-wordpress\/ -->\n<title>F50-N18L-A\/12N18-3A - Fulbat<\/title>\n<meta name=\"description\" content=\"%\" \/>\n<meta name=\"robots\" content=\"index, follow, max-snippet:-1, max-image-preview:large, max-video-preview:-1\" \/>\n<link rel=\"canonical\" href=\"https:\/\/fulbat.com\/es\/producto\/f50-n18l-a-a2-12n18-3a\/\" \/>\n<meta property=\"og:locale\" content=\"es_ES\" \/>\n<meta property=\"og:type\" content=\"article\" \/>\n<meta property=\"og:title\" content=\"F50-N18L-A\/12N18-3A - Fulbat\" \/>\n<meta property=\"og:description\" content=\"%\" \/>\n<meta property=\"og:url\" content=\"https:\/\/fulbat.com\/es\/producto\/f50-n18l-a-a2-12n18-3a\/\" \/>\n<meta property=\"og:site_name\" content=\"Fulbat\" \/>\n<meta property=\"article:modified_time\" content=\"2025-04-17T08:53:07+00:00\" \/>\n<meta property=\"og:image\" content=\"https:\/\/fulbat.com\/wp-content\/uploads\/2020\/09\/Fulbat_DRY_12N5.5-4A-seule.png\" \/>\n\t<meta property=\"og:image:width\" content=\"506\" \/>\n\t<meta property=\"og:image:height\" content=\"461\" \/>\n\t<meta property=\"og:image:type\" content=\"image\/png\" \/>\n<meta name=\"twitter:card\" content=\"summary_large_image\" \/>\n<meta name=\"twitter:label1\" content=\"Tiempo de lectura\" \/>\n\t<meta name=\"twitter:data1\" content=\"1 minuto\" \/>\n<script type=\"application\/ld+json\" class=\"yoast-schema-graph\">{\"@context\":\"https:\/\/schema.org\",\"@graph\":[{\"@type\":\"WebPage\",\"@id\":\"https:\/\/fulbat.com\/es\/producto\/f50-n18l-a-a2-12n18-3a\/\",\"url\":\"https:\/\/fulbat.com\/es\/producto\/f50-n18l-a-a2-12n18-3a\/\",\"name\":\"F50-N18L-A\/12N18-3A - Fulbat\",\"isPartOf\":{\"@id\":\"https:\/\/fulbat.com\/es\/#website\"},\"primaryImageOfPage\":{\"@id\":\"https:\/\/fulbat.com\/es\/producto\/f50-n18l-a-a2-12n18-3a\/#primaryimage\"},\"image\":{\"@id\":\"https:\/\/fulbat.com\/es\/producto\/f50-n18l-a-a2-12n18-3a\/#primaryimage\"},\"thumbnailUrl\":\"https:\/\/fulbat.com\/wp-content\/uploads\/2020\/09\/Fulbat_DRY_12N5.5-4A-seule.png\",\"datePublished\":\"2020-09-10T15:22:14+00:00\",\"dateModified\":\"2025-04-17T08:53:07+00:00\",\"description\":\"%\",\"breadcrumb\":{\"@id\":\"https:\/\/fulbat.com\/es\/producto\/f50-n18l-a-a2-12n18-3a\/#breadcrumb\"},\"inLanguage\":\"es\",\"potentialAction\":[{\"@type\":\"ReadAction\",\"target\":[\"https:\/\/fulbat.com\/es\/producto\/f50-n18l-a-a2-12n18-3a\/\"]}]},{\"@type\":\"ImageObject\",\"inLanguage\":\"es\",\"@id\":\"https:\/\/fulbat.com\/es\/producto\/f50-n18l-a-a2-12n18-3a\/#primaryimage\",\"url\":\"https:\/\/fulbat.com\/wp-content\/uploads\/2020\/09\/Fulbat_DRY_12N5.5-4A-seule.png\",\"contentUrl\":\"https:\/\/fulbat.com\/wp-content\/uploads\/2020\/09\/Fulbat_DRY_12N5.5-4A-seule.png\",\"width\":506,\"height\":461},{\"@type\":\"BreadcrumbList\",\"@id\":\"https:\/\/fulbat.com\/es\/producto\/f50-n18l-a-a2-12n18-3a\/#breadcrumb\",\"itemListElement\":[{\"@type\":\"ListItem\",\"position\":1,\"name\":\"Home\",\"item\":\"https:\/\/fulbat.com\/es\/\"},{\"@type\":\"ListItem\",\"position\":2,\"name\":\"Shop\",\"item\":\"https:\/\/fulbat.com\/shop\/\"},{\"@type\":\"ListItem\",\"position\":3,\"name\":\"Arranque\",\"item\":\"https:\/\/fulbat.com\/es\/arranque\/\"},{\"@type\":\"ListItem\",\"position\":4,\"name\":\"F50-N18L-A\/12N18-3A\"}]},{\"@type\":\"WebSite\",\"@id\":\"https:\/\/fulbat.com\/es\/#website\",\"url\":\"https:\/\/fulbat.com\/es\/\",\"name\":\"Fulbat\",\"description\":\"Qualitative, performing &amp; reliable battery solutions\",\"potentialAction\":[{\"@type\":\"SearchAction\",\"target\":{\"@type\":\"EntryPoint\",\"urlTemplate\":\"https:\/\/fulbat.com\/es\/?s={search_term_string}\"},\"query-input\":{\"@type\":\"PropertyValueSpecification\",\"valueRequired\":true,\"valueName\":\"search_term_string\"}}],\"inLanguage\":\"es\"}]}<\/script>\n<!-- \/ Yoast SEO plugin. -->","yoast_head_json":{"title":"F50-N18L-A\/12N18-3A - Fulbat","description":"%","robots":{"index":"index","follow":"follow","max-snippet":"max-snippet:-1","max-image-preview":"max-image-preview:large","max-video-preview":"max-video-preview:-1"},"canonical":"https:\/\/fulbat.com\/es\/producto\/f50-n18l-a-a2-12n18-3a\/","og_locale":"es_ES","og_type":"article","og_title":"F50-N18L-A\/12N18-3A - Fulbat","og_description":"%","og_url":"https:\/\/fulbat.com\/es\/producto\/f50-n18l-a-a2-12n18-3a\/","og_site_name":"Fulbat","article_modified_time":"2025-04-17T08:53:07+00:00","og_image":[{"width":506,"height":461,"url":"https:\/\/fulbat.com\/wp-content\/uploads\/2020\/09\/Fulbat_DRY_12N5.5-4A-seule.png","type":"image\/png"}],"twitter_card":"summary_large_image","twitter_misc":{"Tiempo de lectura":"1 minuto"},"schema":{"@context":"https:\/\/schema.org","@graph":[{"@type":"WebPage","@id":"https:\/\/fulbat.com\/es\/producto\/f50-n18l-a-a2-12n18-3a\/","url":"https:\/\/fulbat.com\/es\/producto\/f50-n18l-a-a2-12n18-3a\/","name":"F50-N18L-A\/12N18-3A - Fulbat","isPartOf":{"@id":"https:\/\/fulbat.com\/es\/#website"},"primaryImageOfPage":{"@id":"https:\/\/fulbat.com\/es\/producto\/f50-n18l-a-a2-12n18-3a\/#primaryimage"},"image":{"@id":"https:\/\/fulbat.com\/es\/producto\/f50-n18l-a-a2-12n18-3a\/#primaryimage"},"thumbnailUrl":"https:\/\/fulbat.com\/wp-content\/uploads\/2020\/09\/Fulbat_DRY_12N5.5-4A-seule.png","datePublished":"2020-09-10T15:22:14+00:00","dateModified":"2025-04-17T08:53:07+00:00","description":"%","breadcrumb":{"@id":"https:\/\/fulbat.com\/es\/producto\/f50-n18l-a-a2-12n18-3a\/#breadcrumb"},"inLanguage":"es","potentialAction":[{"@type":"ReadAction","target":["https:\/\/fulbat.com\/es\/producto\/f50-n18l-a-a2-12n18-3a\/"]}]},{"@type":"ImageObject","inLanguage":"es","@id":"https:\/\/fulbat.com\/es\/producto\/f50-n18l-a-a2-12n18-3a\/#primaryimage","url":"https:\/\/fulbat.com\/wp-content\/uploads\/2020\/09\/Fulbat_DRY_12N5.5-4A-seule.png","contentUrl":"https:\/\/fulbat.com\/wp-content\/uploads\/2020\/09\/Fulbat_DRY_12N5.5-4A-seule.png","width":506,"height":461},{"@type":"BreadcrumbList","@id":"https:\/\/fulbat.com\/es\/producto\/f50-n18l-a-a2-12n18-3a\/#breadcrumb","itemListElement":[{"@type":"ListItem","position":1,"name":"Home","item":"https:\/\/fulbat.com\/es\/"},{"@type":"ListItem","position":2,"name":"Shop","item":"https:\/\/fulbat.com\/shop\/"},{"@type":"ListItem","position":3,"name":"Arranque","item":"https:\/\/fulbat.com\/es\/arranque\/"},{"@type":"ListItem","position":4,"name":"F50-N18L-A\/12N18-3A"}]},{"@type":"WebSite","@id":"https:\/\/fulbat.com\/es\/#website","url":"https:\/\/fulbat.com\/es\/","name":"Fulbat","description":"Qualitative, performing &amp; reliable battery solutions","potentialAction":[{"@type":"SearchAction","target":{"@type":"EntryPoint","urlTemplate":"https:\/\/fulbat.com\/es\/?s={search_term_string}"},"query-input":{"@type":"PropertyValueSpecification","valueRequired":true,"valueName":"search_term_string"}}],"inLanguage":"es"}]}},"_links":{"self":[{"href":"https:\/\/fulbat.com\/es\/wp-json\/wp\/v2\/product\/16158","targetHints":{"allow":["GET"]}}],"collection":[{"href":"https:\/\/fulbat.com\/es\/wp-json\/wp\/v2\/product"}],"about":[{"href":"https:\/\/fulbat.com\/es\/wp-json\/wp\/v2\/types\/product"}],"wp:featuredmedia":[{"embeddable":true,"href":"https:\/\/fulbat.com\/es\/wp-json\/wp\/v2\/media\/16927"}],"wp:attachment":[{"href":"https:\/\/fulbat.com\/es\/wp-json\/wp\/v2\/media?parent=16158"}],"wp:term":[{"taxonomy":"product_brand","embeddable":true,"href":"https:\/\/fulbat.com\/es\/wp-json\/wp\/v2\/product_brand?post=16158"},{"taxonomy":"product_cat","embeddable":true,"href":"https:\/\/fulbat.com\/es\/wp-json\/wp\/v2\/product_cat?post=16158"},{"taxonomy":"product_tag","embeddable":true,"href":"https:\/\/fulbat.com\/es\/wp-json\/wp\/v2\/product_tag?post=16158"}],"curies":[{"name":"wp","href":"https:\/\/api.w.org\/{rel}","templated":true}]}}