{"id":16221,"date":"2020-09-10T13:52:57","date_gmt":"2020-09-10T11:52:57","guid":{"rendered":"https:\/\/fulbat.com\/product\/fp12-0-8-fr\/"},"modified":"2024-12-09T12:41:56","modified_gmt":"2024-12-09T11:41:56","slug":"fp12-0-8-fr","status":"publish","type":"product","link":"https:\/\/fulbat.com\/es\/producto\/fp12-0-8-fr\/","title":{"rendered":"FP12-0.8FR"},"content":{"rendered":"<p style=\"text-align: justify;\">La bater\u00eda FP12-0.8FR forma parte de nuestra gama industrial FP &#8211; General Purpose. Especialmente dise\u00f1ada para aplicaciones estacionarias (de respaldo), esta bater\u00eda de 12V y 0,8Ah es ign\u00edfuga y cumple con la norma UL94-V0, con una vida \u00fatil de 5 a\u00f1os en servicio de flotaci\u00f3n.<\/p>\n<p>Con una avanzada tecnolog\u00eda de regulaci\u00f3n por v\u00e1lvula AGM y una materia prima de alta pureza, la bater\u00eda FP12-0.8FR garantiza un alto rendimiento y una vida \u00fatil fiable en modo de espera.<\/p>\n","protected":false},"excerpt":{"rendered":"<p>Sellada y sin mantenimiento<\/p>\n<p>Alto rendimiento gracias a la tecnolog\u00eda AGM<\/p>\n<p>Baja autodescarga (3%\/mes a 20\u00b0C): larga vida de almacenamiento<\/p>\n<p>Placa de plomo-calcio para mejorar la vida \u00fatil<\/p>\n<p>Funcionamiento en cualquier posici\u00f3n (excepto una utilizaci\u00f3n continua en posici\u00f3n invertida)<\/p>\n<p>Amplia gama de temperaturas de funcionamiento<\/p>\n<p>Construcci\u00f3n robusta (ABS): alta resistencia a las vibraciones<\/p>\n<p>M\u00e1s del 99% de recombinaci\u00f3n de gases (VRLA)<\/p>\n<p>Muchos modelos FR (UL94:V0)<\/p>\n<p>Muchos modelos con certificaci\u00f3n VdS<\/p>\n","protected":false},"featured_media":16222,"template":"","meta":[],"product_brand":[],"product_cat":[2507,2508,2514,2506],"product_tag":[2915,3457,3456,2913,2912,3458,3459],"class_list":{"0":"post-16221","1":"product","2":"type-product","3":"status-publish","4":"has-post-thumbnail","6":"product_cat-alarma-y-seguridad","7":"product_cat-electromedicina","8":"product_cat-fp-general-purpose-agm-es","9":"product_cat-industrial-es","10":"product_tag-alarm-battery-es","11":"product_tag-bateria-ignifuga","12":"product_tag-fp12-0-8fr-es","13":"product_tag-general-purpose-battery-es","14":"product_tag-medical-battery-es","15":"product_tag-np0-8-12fr-es","16":"product_tag-y0-8-12fr-es","18":"first","19":"instock","20":"shipping-taxable","21":"product-type-simple"},"yoast_head":"<!-- This site is optimized with the Yoast SEO plugin v26.9 - https:\/\/yoast.com\/product\/yoast-seo-wordpress\/ -->\n<title>FP12-0.8FR - Fulbat<\/title>\n<meta name=\"description\" content=\"%\" \/>\n<meta name=\"robots\" content=\"index, follow, max-snippet:-1, max-image-preview:large, max-video-preview:-1\" \/>\n<link rel=\"canonical\" href=\"https:\/\/fulbat.com\/es\/producto\/fp12-0-8-fr\/\" \/>\n<meta property=\"og:locale\" content=\"es_ES\" \/>\n<meta property=\"og:type\" content=\"article\" \/>\n<meta property=\"og:title\" content=\"FP12-0.8FR - Fulbat\" \/>\n<meta property=\"og:description\" content=\"%\" \/>\n<meta property=\"og:url\" content=\"https:\/\/fulbat.com\/es\/producto\/fp12-0-8-fr\/\" \/>\n<meta property=\"og:site_name\" content=\"Fulbat\" \/>\n<meta property=\"article:modified_time\" content=\"2024-12-09T11:41:56+00:00\" \/>\n<meta property=\"og:image\" content=\"https:\/\/fulbat.com\/wp-content\/uploads\/2021\/02\/FT_FP12-0.8FR_GeneralPurpose_AGM.png\" \/>\n\t<meta property=\"og:image:width\" content=\"564\" \/>\n\t<meta property=\"og:image:height\" content=\"412\" \/>\n\t<meta property=\"og:image:type\" content=\"image\/png\" \/>\n<meta name=\"twitter:card\" content=\"summary_large_image\" \/>\n<meta name=\"twitter:label1\" content=\"Tiempo de lectura\" \/>\n\t<meta name=\"twitter:data1\" content=\"1 minuto\" \/>\n<script type=\"application\/ld+json\" class=\"yoast-schema-graph\">{\"@context\":\"https:\/\/schema.org\",\"@graph\":[{\"@type\":\"WebPage\",\"@id\":\"https:\/\/fulbat.com\/es\/producto\/fp12-0-8-fr\/\",\"url\":\"https:\/\/fulbat.com\/es\/producto\/fp12-0-8-fr\/\",\"name\":\"FP12-0.8FR - Fulbat\",\"isPartOf\":{\"@id\":\"https:\/\/fulbat.com\/es\/#website\"},\"primaryImageOfPage\":{\"@id\":\"https:\/\/fulbat.com\/es\/producto\/fp12-0-8-fr\/#primaryimage\"},\"image\":{\"@id\":\"https:\/\/fulbat.com\/es\/producto\/fp12-0-8-fr\/#primaryimage\"},\"thumbnailUrl\":\"https:\/\/fulbat.com\/wp-content\/uploads\/2021\/02\/FT_FP12-0.8FR_GeneralPurpose_AGM.png\",\"datePublished\":\"2020-09-10T11:52:57+00:00\",\"dateModified\":\"2024-12-09T11:41:56+00:00\",\"description\":\"%\",\"breadcrumb\":{\"@id\":\"https:\/\/fulbat.com\/es\/producto\/fp12-0-8-fr\/#breadcrumb\"},\"inLanguage\":\"es\",\"potentialAction\":[{\"@type\":\"ReadAction\",\"target\":[\"https:\/\/fulbat.com\/es\/producto\/fp12-0-8-fr\/\"]}]},{\"@type\":\"ImageObject\",\"inLanguage\":\"es\",\"@id\":\"https:\/\/fulbat.com\/es\/producto\/fp12-0-8-fr\/#primaryimage\",\"url\":\"https:\/\/fulbat.com\/wp-content\/uploads\/2021\/02\/FT_FP12-0.8FR_GeneralPurpose_AGM.png\",\"contentUrl\":\"https:\/\/fulbat.com\/wp-content\/uploads\/2021\/02\/FT_FP12-0.8FR_GeneralPurpose_AGM.png\",\"width\":564,\"height\":412,\"caption\":\"FULBAT_FP12-0.8FR_GeneralPurpose_AGM\"},{\"@type\":\"BreadcrumbList\",\"@id\":\"https:\/\/fulbat.com\/es\/producto\/fp12-0-8-fr\/#breadcrumb\",\"itemListElement\":[{\"@type\":\"ListItem\",\"position\":1,\"name\":\"Home\",\"item\":\"https:\/\/fulbat.com\/es\/\"},{\"@type\":\"ListItem\",\"position\":2,\"name\":\"Shop\",\"item\":\"https:\/\/fulbat.com\/shop\/\"},{\"@type\":\"ListItem\",\"position\":3,\"name\":\"Industrial\",\"item\":\"https:\/\/fulbat.com\/es\/industrial-es\/\"},{\"@type\":\"ListItem\",\"position\":4,\"name\":\"FP12-0.8FR\"}]},{\"@type\":\"WebSite\",\"@id\":\"https:\/\/fulbat.com\/es\/#website\",\"url\":\"https:\/\/fulbat.com\/es\/\",\"name\":\"Fulbat\",\"description\":\"Qualitative, performing &amp; reliable battery solutions\",\"potentialAction\":[{\"@type\":\"SearchAction\",\"target\":{\"@type\":\"EntryPoint\",\"urlTemplate\":\"https:\/\/fulbat.com\/es\/?s={search_term_string}\"},\"query-input\":{\"@type\":\"PropertyValueSpecification\",\"valueRequired\":true,\"valueName\":\"search_term_string\"}}],\"inLanguage\":\"es\"}]}<\/script>\n<!-- \/ Yoast SEO plugin. -->","yoast_head_json":{"title":"FP12-0.8FR - Fulbat","description":"%","robots":{"index":"index","follow":"follow","max-snippet":"max-snippet:-1","max-image-preview":"max-image-preview:large","max-video-preview":"max-video-preview:-1"},"canonical":"https:\/\/fulbat.com\/es\/producto\/fp12-0-8-fr\/","og_locale":"es_ES","og_type":"article","og_title":"FP12-0.8FR - Fulbat","og_description":"%","og_url":"https:\/\/fulbat.com\/es\/producto\/fp12-0-8-fr\/","og_site_name":"Fulbat","article_modified_time":"2024-12-09T11:41:56+00:00","og_image":[{"width":564,"height":412,"url":"https:\/\/fulbat.com\/wp-content\/uploads\/2021\/02\/FT_FP12-0.8FR_GeneralPurpose_AGM.png","type":"image\/png"}],"twitter_card":"summary_large_image","twitter_misc":{"Tiempo de lectura":"1 minuto"},"schema":{"@context":"https:\/\/schema.org","@graph":[{"@type":"WebPage","@id":"https:\/\/fulbat.com\/es\/producto\/fp12-0-8-fr\/","url":"https:\/\/fulbat.com\/es\/producto\/fp12-0-8-fr\/","name":"FP12-0.8FR - Fulbat","isPartOf":{"@id":"https:\/\/fulbat.com\/es\/#website"},"primaryImageOfPage":{"@id":"https:\/\/fulbat.com\/es\/producto\/fp12-0-8-fr\/#primaryimage"},"image":{"@id":"https:\/\/fulbat.com\/es\/producto\/fp12-0-8-fr\/#primaryimage"},"thumbnailUrl":"https:\/\/fulbat.com\/wp-content\/uploads\/2021\/02\/FT_FP12-0.8FR_GeneralPurpose_AGM.png","datePublished":"2020-09-10T11:52:57+00:00","dateModified":"2024-12-09T11:41:56+00:00","description":"%","breadcrumb":{"@id":"https:\/\/fulbat.com\/es\/producto\/fp12-0-8-fr\/#breadcrumb"},"inLanguage":"es","potentialAction":[{"@type":"ReadAction","target":["https:\/\/fulbat.com\/es\/producto\/fp12-0-8-fr\/"]}]},{"@type":"ImageObject","inLanguage":"es","@id":"https:\/\/fulbat.com\/es\/producto\/fp12-0-8-fr\/#primaryimage","url":"https:\/\/fulbat.com\/wp-content\/uploads\/2021\/02\/FT_FP12-0.8FR_GeneralPurpose_AGM.png","contentUrl":"https:\/\/fulbat.com\/wp-content\/uploads\/2021\/02\/FT_FP12-0.8FR_GeneralPurpose_AGM.png","width":564,"height":412,"caption":"FULBAT_FP12-0.8FR_GeneralPurpose_AGM"},{"@type":"BreadcrumbList","@id":"https:\/\/fulbat.com\/es\/producto\/fp12-0-8-fr\/#breadcrumb","itemListElement":[{"@type":"ListItem","position":1,"name":"Home","item":"https:\/\/fulbat.com\/es\/"},{"@type":"ListItem","position":2,"name":"Shop","item":"https:\/\/fulbat.com\/shop\/"},{"@type":"ListItem","position":3,"name":"Industrial","item":"https:\/\/fulbat.com\/es\/industrial-es\/"},{"@type":"ListItem","position":4,"name":"FP12-0.8FR"}]},{"@type":"WebSite","@id":"https:\/\/fulbat.com\/es\/#website","url":"https:\/\/fulbat.com\/es\/","name":"Fulbat","description":"Qualitative, performing &amp; reliable battery solutions","potentialAction":[{"@type":"SearchAction","target":{"@type":"EntryPoint","urlTemplate":"https:\/\/fulbat.com\/es\/?s={search_term_string}"},"query-input":{"@type":"PropertyValueSpecification","valueRequired":true,"valueName":"search_term_string"}}],"inLanguage":"es"}]}},"_links":{"self":[{"href":"https:\/\/fulbat.com\/es\/wp-json\/wp\/v2\/product\/16221","targetHints":{"allow":["GET"]}}],"collection":[{"href":"https:\/\/fulbat.com\/es\/wp-json\/wp\/v2\/product"}],"about":[{"href":"https:\/\/fulbat.com\/es\/wp-json\/wp\/v2\/types\/product"}],"wp:featuredmedia":[{"embeddable":true,"href":"https:\/\/fulbat.com\/es\/wp-json\/wp\/v2\/media\/16222"}],"wp:attachment":[{"href":"https:\/\/fulbat.com\/es\/wp-json\/wp\/v2\/media?parent=16221"}],"wp:term":[{"taxonomy":"product_brand","embeddable":true,"href":"https:\/\/fulbat.com\/es\/wp-json\/wp\/v2\/product_brand?post=16221"},{"taxonomy":"product_cat","embeddable":true,"href":"https:\/\/fulbat.com\/es\/wp-json\/wp\/v2\/product_cat?post=16221"},{"taxonomy":"product_tag","embeddable":true,"href":"https:\/\/fulbat.com\/es\/wp-json\/wp\/v2\/product_tag?post=16221"}],"curies":[{"name":"wp","href":"https:\/\/api.w.org\/{rel}","templated":true}]}}