{"id":16256,"date":"2020-08-28T11:31:58","date_gmt":"2020-08-28T09:31:58","guid":{"rendered":"https:\/\/fulbat.com\/product\/fb9l-b\/"},"modified":"2024-11-18T17:53:28","modified_gmt":"2024-11-18T16:53:28","slug":"fb9l-b","status":"publish","type":"product","link":"https:\/\/fulbat.com\/es\/producto\/fb9l-b\/","title":{"rendered":"FB9L-B"},"content":{"rendered":"<p style=\"text-align: justify;\">La bater\u00eda FB9L-B forma parte de nuestra gama DRY. Especialmente dise\u00f1ada para ofrecer un buen rendimiento y resistencia a las vibraciones, esta bater\u00eda de 12V y 9,5Ah viene con un pack de \u00e1cido. Debe activarse antes del primer uso y debe comprobarse peri\u00f3dicamente.<\/p>\n<p>Gracias a su dise\u00f1o \u00fanico, la bater\u00eda FB9L-B no requiere ning\u00fan tipo de mantenimiento durante un largo periodo de almacenamiento.<\/p>\n<p>Cargadores compatibles : <strong><a href=\"https:\/\/fulbat.com\/es\/cargadores\/cargadores\/fulload-1000\/\" target=\"_blank\" rel=\"noopener noreferrer\">Fulload 1000<\/a><\/strong> | <strong><a href=\"https:\/\/fulbat.com\/es\/cargadores\/cargadores\/fulload-f4\/\" target=\"_blank\" rel=\"noopener noreferrer\">Fulload F4<\/a><\/strong><\/p>\n","protected":false},"excerpt":{"rendered":"<p>Construcci\u00f3n en seco<\/p>\n<p>Debe activarse antes del primer uso<\/p>\n<p>Debe ser revisado regularmente y rellenado si es necesario<\/p>\n<p>S\u00f3lo montaje vertical<\/p>\n<p>Bater\u00edas de 6V y 12V<\/p>\n<p>Vida \u00fatil est\u00e1ndar<\/p>\n<p>Tiempo de almacenamiento ilimitado<\/p>\n","protected":false},"featured_media":17567,"template":"","meta":[],"product_brand":[],"product_cat":[2580,2584,2589,2593],"product_tag":[3473,3474,3394,3393,3469,3470,2876,2877,3471,3472],"class_list":{"0":"post-16256","1":"product","2":"type-product","3":"status-publish","4":"has-post-thumbnail","6":"product_cat-arranque","7":"product_cat-dry-es","8":"product_cat-moto-es","9":"product_cat-scooter-es","10":"product_tag-12n9-3b-es","11":"product_tag-12n93b-es","12":"product_tag-bateria-de-plomo-acido","13":"product_tag-bateria-seca","14":"product_tag-fb9l-b-es","15":"product_tag-fb9lb-es","16":"product_tag-motorcycle-battery-es","17":"product_tag-scooter-battery-es","18":"product_tag-yb9l-b-es","19":"product_tag-yb9lb-es","21":"first","22":"instock","23":"shipping-taxable","24":"product-type-simple"},"yoast_head":"<!-- This site is optimized with the Yoast SEO plugin v26.9 - https:\/\/yoast.com\/product\/yoast-seo-wordpress\/ -->\n<title>FB9L-B - Fulbat<\/title>\n<meta name=\"description\" content=\"%\" \/>\n<meta name=\"robots\" content=\"index, follow, max-snippet:-1, max-image-preview:large, max-video-preview:-1\" \/>\n<link rel=\"canonical\" href=\"https:\/\/fulbat.com\/es\/producto\/fb9l-b\/\" \/>\n<meta property=\"og:locale\" content=\"es_ES\" \/>\n<meta property=\"og:type\" content=\"article\" \/>\n<meta property=\"og:title\" content=\"FB9L-B - Fulbat\" \/>\n<meta property=\"og:description\" content=\"%\" \/>\n<meta property=\"og:url\" content=\"https:\/\/fulbat.com\/es\/producto\/fb9l-b\/\" \/>\n<meta property=\"og:site_name\" content=\"Fulbat\" \/>\n<meta property=\"article:modified_time\" content=\"2024-11-18T16:53:28+00:00\" \/>\n<meta property=\"og:image\" content=\"https:\/\/fulbat.com\/wp-content\/uploads\/2022\/08\/FULBAT-FB9L-B-2.png\" \/>\n\t<meta property=\"og:image:width\" content=\"500\" \/>\n\t<meta property=\"og:image:height\" content=\"500\" \/>\n\t<meta property=\"og:image:type\" content=\"image\/png\" \/>\n<meta name=\"twitter:card\" content=\"summary_large_image\" \/>\n<meta name=\"twitter:label1\" content=\"Tiempo de lectura\" \/>\n\t<meta name=\"twitter:data1\" content=\"1 minuto\" \/>\n<script type=\"application\/ld+json\" class=\"yoast-schema-graph\">{\"@context\":\"https:\/\/schema.org\",\"@graph\":[{\"@type\":\"WebPage\",\"@id\":\"https:\/\/fulbat.com\/es\/producto\/fb9l-b\/\",\"url\":\"https:\/\/fulbat.com\/es\/producto\/fb9l-b\/\",\"name\":\"FB9L-B - Fulbat\",\"isPartOf\":{\"@id\":\"https:\/\/fulbat.com\/es\/#website\"},\"primaryImageOfPage\":{\"@id\":\"https:\/\/fulbat.com\/es\/producto\/fb9l-b\/#primaryimage\"},\"image\":{\"@id\":\"https:\/\/fulbat.com\/es\/producto\/fb9l-b\/#primaryimage\"},\"thumbnailUrl\":\"https:\/\/fulbat.com\/wp-content\/uploads\/2022\/08\/FULBAT-FB9L-B-2.png\",\"datePublished\":\"2020-08-28T09:31:58+00:00\",\"dateModified\":\"2024-11-18T16:53:28+00:00\",\"description\":\"%\",\"breadcrumb\":{\"@id\":\"https:\/\/fulbat.com\/es\/producto\/fb9l-b\/#breadcrumb\"},\"inLanguage\":\"es\",\"potentialAction\":[{\"@type\":\"ReadAction\",\"target\":[\"https:\/\/fulbat.com\/es\/producto\/fb9l-b\/\"]}]},{\"@type\":\"ImageObject\",\"inLanguage\":\"es\",\"@id\":\"https:\/\/fulbat.com\/es\/producto\/fb9l-b\/#primaryimage\",\"url\":\"https:\/\/fulbat.com\/wp-content\/uploads\/2022\/08\/FULBAT-FB9L-B-2.png\",\"contentUrl\":\"https:\/\/fulbat.com\/wp-content\/uploads\/2022\/08\/FULBAT-FB9L-B-2.png\",\"width\":500,\"height\":500},{\"@type\":\"BreadcrumbList\",\"@id\":\"https:\/\/fulbat.com\/es\/producto\/fb9l-b\/#breadcrumb\",\"itemListElement\":[{\"@type\":\"ListItem\",\"position\":1,\"name\":\"Home\",\"item\":\"https:\/\/fulbat.com\/es\/\"},{\"@type\":\"ListItem\",\"position\":2,\"name\":\"Shop\",\"item\":\"https:\/\/fulbat.com\/shop\/\"},{\"@type\":\"ListItem\",\"position\":3,\"name\":\"Arranque\",\"item\":\"https:\/\/fulbat.com\/es\/arranque\/\"},{\"@type\":\"ListItem\",\"position\":4,\"name\":\"FB9L-B\"}]},{\"@type\":\"WebSite\",\"@id\":\"https:\/\/fulbat.com\/es\/#website\",\"url\":\"https:\/\/fulbat.com\/es\/\",\"name\":\"Fulbat\",\"description\":\"Qualitative, performing &amp; reliable battery solutions\",\"potentialAction\":[{\"@type\":\"SearchAction\",\"target\":{\"@type\":\"EntryPoint\",\"urlTemplate\":\"https:\/\/fulbat.com\/es\/?s={search_term_string}\"},\"query-input\":{\"@type\":\"PropertyValueSpecification\",\"valueRequired\":true,\"valueName\":\"search_term_string\"}}],\"inLanguage\":\"es\"}]}<\/script>\n<!-- \/ Yoast SEO plugin. -->","yoast_head_json":{"title":"FB9L-B - Fulbat","description":"%","robots":{"index":"index","follow":"follow","max-snippet":"max-snippet:-1","max-image-preview":"max-image-preview:large","max-video-preview":"max-video-preview:-1"},"canonical":"https:\/\/fulbat.com\/es\/producto\/fb9l-b\/","og_locale":"es_ES","og_type":"article","og_title":"FB9L-B - Fulbat","og_description":"%","og_url":"https:\/\/fulbat.com\/es\/producto\/fb9l-b\/","og_site_name":"Fulbat","article_modified_time":"2024-11-18T16:53:28+00:00","og_image":[{"width":500,"height":500,"url":"https:\/\/fulbat.com\/wp-content\/uploads\/2022\/08\/FULBAT-FB9L-B-2.png","type":"image\/png"}],"twitter_card":"summary_large_image","twitter_misc":{"Tiempo de lectura":"1 minuto"},"schema":{"@context":"https:\/\/schema.org","@graph":[{"@type":"WebPage","@id":"https:\/\/fulbat.com\/es\/producto\/fb9l-b\/","url":"https:\/\/fulbat.com\/es\/producto\/fb9l-b\/","name":"FB9L-B - Fulbat","isPartOf":{"@id":"https:\/\/fulbat.com\/es\/#website"},"primaryImageOfPage":{"@id":"https:\/\/fulbat.com\/es\/producto\/fb9l-b\/#primaryimage"},"image":{"@id":"https:\/\/fulbat.com\/es\/producto\/fb9l-b\/#primaryimage"},"thumbnailUrl":"https:\/\/fulbat.com\/wp-content\/uploads\/2022\/08\/FULBAT-FB9L-B-2.png","datePublished":"2020-08-28T09:31:58+00:00","dateModified":"2024-11-18T16:53:28+00:00","description":"%","breadcrumb":{"@id":"https:\/\/fulbat.com\/es\/producto\/fb9l-b\/#breadcrumb"},"inLanguage":"es","potentialAction":[{"@type":"ReadAction","target":["https:\/\/fulbat.com\/es\/producto\/fb9l-b\/"]}]},{"@type":"ImageObject","inLanguage":"es","@id":"https:\/\/fulbat.com\/es\/producto\/fb9l-b\/#primaryimage","url":"https:\/\/fulbat.com\/wp-content\/uploads\/2022\/08\/FULBAT-FB9L-B-2.png","contentUrl":"https:\/\/fulbat.com\/wp-content\/uploads\/2022\/08\/FULBAT-FB9L-B-2.png","width":500,"height":500},{"@type":"BreadcrumbList","@id":"https:\/\/fulbat.com\/es\/producto\/fb9l-b\/#breadcrumb","itemListElement":[{"@type":"ListItem","position":1,"name":"Home","item":"https:\/\/fulbat.com\/es\/"},{"@type":"ListItem","position":2,"name":"Shop","item":"https:\/\/fulbat.com\/shop\/"},{"@type":"ListItem","position":3,"name":"Arranque","item":"https:\/\/fulbat.com\/es\/arranque\/"},{"@type":"ListItem","position":4,"name":"FB9L-B"}]},{"@type":"WebSite","@id":"https:\/\/fulbat.com\/es\/#website","url":"https:\/\/fulbat.com\/es\/","name":"Fulbat","description":"Qualitative, performing &amp; reliable battery solutions","potentialAction":[{"@type":"SearchAction","target":{"@type":"EntryPoint","urlTemplate":"https:\/\/fulbat.com\/es\/?s={search_term_string}"},"query-input":{"@type":"PropertyValueSpecification","valueRequired":true,"valueName":"search_term_string"}}],"inLanguage":"es"}]}},"_links":{"self":[{"href":"https:\/\/fulbat.com\/es\/wp-json\/wp\/v2\/product\/16256","targetHints":{"allow":["GET"]}}],"collection":[{"href":"https:\/\/fulbat.com\/es\/wp-json\/wp\/v2\/product"}],"about":[{"href":"https:\/\/fulbat.com\/es\/wp-json\/wp\/v2\/types\/product"}],"wp:featuredmedia":[{"embeddable":true,"href":"https:\/\/fulbat.com\/es\/wp-json\/wp\/v2\/media\/17567"}],"wp:attachment":[{"href":"https:\/\/fulbat.com\/es\/wp-json\/wp\/v2\/media?parent=16256"}],"wp:term":[{"taxonomy":"product_brand","embeddable":true,"href":"https:\/\/fulbat.com\/es\/wp-json\/wp\/v2\/product_brand?post=16256"},{"taxonomy":"product_cat","embeddable":true,"href":"https:\/\/fulbat.com\/es\/wp-json\/wp\/v2\/product_cat?post=16256"},{"taxonomy":"product_tag","embeddable":true,"href":"https:\/\/fulbat.com\/es\/wp-json\/wp\/v2\/product_tag?post=16256"}],"curies":[{"name":"wp","href":"https:\/\/api.w.org\/{rel}","templated":true}]}}