{"id":16326,"date":"2020-09-10T22:23:20","date_gmt":"2020-09-10T20:23:20","guid":{"rendered":"https:\/\/fulbat.com\/product\/fp12-18-fr\/"},"modified":"2024-12-09T10:12:19","modified_gmt":"2024-12-09T09:12:19","slug":"fp12-18-fr","status":"publish","type":"product","link":"https:\/\/fulbat.com\/es\/producto\/fp12-18-fr\/","title":{"rendered":"FP12-18FR"},"content":{"rendered":"<p style=\"text-align: justify;\">La bater\u00eda FP12-18FR forma parte de nuestra gama industrial FP &#8211; General Purpose. Especialmente dise\u00f1ada para aplicaciones estacionarias (de respaldo), esta bater\u00eda de 12V y 18Ah es ign\u00edfuga y cumple con la norma UL94-V0, con una vida \u00fatil de 5 a\u00f1os en servicio de flotaci\u00f3n.<\/p>\n<p>Con una avanzada tecnolog\u00eda de regulaci\u00f3n por v\u00e1lvula AGM y una materia prima de alta pureza, la bater\u00eda FP12-18FR garantiza un alto rendimiento y una vida \u00fatil fiable en modo de espera.<\/p>\n","protected":false},"excerpt":{"rendered":"<p>Sellada y sin mantenimiento<\/p>\n<p>Alto rendimiento gracias a la tecnolog\u00eda AGM<\/p>\n<p>Baja autodescarga (3%\/mes a 20\u00b0C): larga vida de almacenamiento<\/p>\n<p>Placa de plomo-calcio para mejorar la vida \u00fatil<\/p>\n<p>Funcionamiento en cualquier posici\u00f3n (excepto una utilizaci\u00f3n continua en posici\u00f3n invertida)<\/p>\n<p>Amplia gama de temperaturas de funcionamiento<\/p>\n<p>Construcci\u00f3n robusta (ABS): alta resistencia a las vibraciones<\/p>\n<p>M\u00e1s del 99% de recombinaci\u00f3n de gases (VRLA)<\/p>\n<p>Muchos modelos FR (UL94:V0)<\/p>\n<p>Muchos modelos con certificaci\u00f3n VdS<\/p>\n","protected":false},"featured_media":16327,"template":"","meta":[],"product_brand":[],"product_cat":[2507,2514,2506,2519],"product_tag":[2915,3508,2913,3509,3451,3510],"class_list":{"0":"post-16326","1":"product","2":"type-product","3":"status-publish","4":"has-post-thumbnail","6":"product_cat-alarma-y-seguridad","7":"product_cat-fp-general-purpose-agm-es","8":"product_cat-industrial-es","9":"product_cat-sai-y-centro-de-datos","10":"product_tag-alarm-battery-es","11":"product_tag-fp12-18fr-es","12":"product_tag-general-purpose-battery-es","13":"product_tag-np17-12ifr-es","14":"product_tag-sai-bateria","15":"product_tag-y17-12ifr-es","17":"first","18":"instock","19":"shipping-taxable","20":"product-type-simple"},"yoast_head":"<!-- This site is optimized with the Yoast SEO plugin v26.9 - https:\/\/yoast.com\/product\/yoast-seo-wordpress\/ -->\n<title>FP12-18FR - Fulbat<\/title>\n<meta name=\"description\" content=\"%\" \/>\n<meta name=\"robots\" content=\"index, follow, max-snippet:-1, max-image-preview:large, max-video-preview:-1\" \/>\n<link rel=\"canonical\" href=\"https:\/\/fulbat.com\/es\/producto\/fp12-18-fr\/\" \/>\n<meta property=\"og:locale\" content=\"es_ES\" \/>\n<meta property=\"og:type\" content=\"article\" \/>\n<meta property=\"og:title\" content=\"FP12-18FR - Fulbat\" \/>\n<meta property=\"og:description\" content=\"%\" \/>\n<meta property=\"og:url\" content=\"https:\/\/fulbat.com\/es\/producto\/fp12-18-fr\/\" \/>\n<meta property=\"og:site_name\" content=\"Fulbat\" \/>\n<meta property=\"article:modified_time\" content=\"2024-12-09T09:12:19+00:00\" \/>\n<meta property=\"og:image\" content=\"https:\/\/fulbat.com\/wp-content\/uploads\/2021\/12\/FULBAT-FP12-18FR-General_Purpose_AGM-1.png\" \/>\n\t<meta property=\"og:image:width\" content=\"500\" \/>\n\t<meta property=\"og:image:height\" content=\"500\" \/>\n\t<meta property=\"og:image:type\" content=\"image\/png\" \/>\n<meta name=\"twitter:card\" content=\"summary_large_image\" \/>\n<meta name=\"twitter:label1\" content=\"Tiempo de lectura\" \/>\n\t<meta name=\"twitter:data1\" content=\"1 minuto\" \/>\n<script type=\"application\/ld+json\" class=\"yoast-schema-graph\">{\"@context\":\"https:\/\/schema.org\",\"@graph\":[{\"@type\":\"WebPage\",\"@id\":\"https:\/\/fulbat.com\/es\/producto\/fp12-18-fr\/\",\"url\":\"https:\/\/fulbat.com\/es\/producto\/fp12-18-fr\/\",\"name\":\"FP12-18FR - Fulbat\",\"isPartOf\":{\"@id\":\"https:\/\/fulbat.com\/es\/#website\"},\"primaryImageOfPage\":{\"@id\":\"https:\/\/fulbat.com\/es\/producto\/fp12-18-fr\/#primaryimage\"},\"image\":{\"@id\":\"https:\/\/fulbat.com\/es\/producto\/fp12-18-fr\/#primaryimage\"},\"thumbnailUrl\":\"https:\/\/fulbat.com\/wp-content\/uploads\/2021\/12\/FULBAT-FP12-18FR-General_Purpose_AGM-1.png\",\"datePublished\":\"2020-09-10T20:23:20+00:00\",\"dateModified\":\"2024-12-09T09:12:19+00:00\",\"description\":\"%\",\"breadcrumb\":{\"@id\":\"https:\/\/fulbat.com\/es\/producto\/fp12-18-fr\/#breadcrumb\"},\"inLanguage\":\"es\",\"potentialAction\":[{\"@type\":\"ReadAction\",\"target\":[\"https:\/\/fulbat.com\/es\/producto\/fp12-18-fr\/\"]}]},{\"@type\":\"ImageObject\",\"inLanguage\":\"es\",\"@id\":\"https:\/\/fulbat.com\/es\/producto\/fp12-18-fr\/#primaryimage\",\"url\":\"https:\/\/fulbat.com\/wp-content\/uploads\/2021\/12\/FULBAT-FP12-18FR-General_Purpose_AGM-1.png\",\"contentUrl\":\"https:\/\/fulbat.com\/wp-content\/uploads\/2021\/12\/FULBAT-FP12-18FR-General_Purpose_AGM-1.png\",\"width\":500,\"height\":500,\"caption\":\"FULBAT-FP12-18FR-General_Purpose_AGM\"},{\"@type\":\"BreadcrumbList\",\"@id\":\"https:\/\/fulbat.com\/es\/producto\/fp12-18-fr\/#breadcrumb\",\"itemListElement\":[{\"@type\":\"ListItem\",\"position\":1,\"name\":\"Home\",\"item\":\"https:\/\/fulbat.com\/es\/\"},{\"@type\":\"ListItem\",\"position\":2,\"name\":\"Shop\",\"item\":\"https:\/\/fulbat.com\/shop\/\"},{\"@type\":\"ListItem\",\"position\":3,\"name\":\"Industrial\",\"item\":\"https:\/\/fulbat.com\/es\/industrial-es\/\"},{\"@type\":\"ListItem\",\"position\":4,\"name\":\"FP12-18FR\"}]},{\"@type\":\"WebSite\",\"@id\":\"https:\/\/fulbat.com\/es\/#website\",\"url\":\"https:\/\/fulbat.com\/es\/\",\"name\":\"Fulbat\",\"description\":\"Qualitative, performing &amp; reliable battery solutions\",\"potentialAction\":[{\"@type\":\"SearchAction\",\"target\":{\"@type\":\"EntryPoint\",\"urlTemplate\":\"https:\/\/fulbat.com\/es\/?s={search_term_string}\"},\"query-input\":{\"@type\":\"PropertyValueSpecification\",\"valueRequired\":true,\"valueName\":\"search_term_string\"}}],\"inLanguage\":\"es\"}]}<\/script>\n<!-- \/ Yoast SEO plugin. -->","yoast_head_json":{"title":"FP12-18FR - Fulbat","description":"%","robots":{"index":"index","follow":"follow","max-snippet":"max-snippet:-1","max-image-preview":"max-image-preview:large","max-video-preview":"max-video-preview:-1"},"canonical":"https:\/\/fulbat.com\/es\/producto\/fp12-18-fr\/","og_locale":"es_ES","og_type":"article","og_title":"FP12-18FR - Fulbat","og_description":"%","og_url":"https:\/\/fulbat.com\/es\/producto\/fp12-18-fr\/","og_site_name":"Fulbat","article_modified_time":"2024-12-09T09:12:19+00:00","og_image":[{"width":500,"height":500,"url":"https:\/\/fulbat.com\/wp-content\/uploads\/2021\/12\/FULBAT-FP12-18FR-General_Purpose_AGM-1.png","type":"image\/png"}],"twitter_card":"summary_large_image","twitter_misc":{"Tiempo de lectura":"1 minuto"},"schema":{"@context":"https:\/\/schema.org","@graph":[{"@type":"WebPage","@id":"https:\/\/fulbat.com\/es\/producto\/fp12-18-fr\/","url":"https:\/\/fulbat.com\/es\/producto\/fp12-18-fr\/","name":"FP12-18FR - Fulbat","isPartOf":{"@id":"https:\/\/fulbat.com\/es\/#website"},"primaryImageOfPage":{"@id":"https:\/\/fulbat.com\/es\/producto\/fp12-18-fr\/#primaryimage"},"image":{"@id":"https:\/\/fulbat.com\/es\/producto\/fp12-18-fr\/#primaryimage"},"thumbnailUrl":"https:\/\/fulbat.com\/wp-content\/uploads\/2021\/12\/FULBAT-FP12-18FR-General_Purpose_AGM-1.png","datePublished":"2020-09-10T20:23:20+00:00","dateModified":"2024-12-09T09:12:19+00:00","description":"%","breadcrumb":{"@id":"https:\/\/fulbat.com\/es\/producto\/fp12-18-fr\/#breadcrumb"},"inLanguage":"es","potentialAction":[{"@type":"ReadAction","target":["https:\/\/fulbat.com\/es\/producto\/fp12-18-fr\/"]}]},{"@type":"ImageObject","inLanguage":"es","@id":"https:\/\/fulbat.com\/es\/producto\/fp12-18-fr\/#primaryimage","url":"https:\/\/fulbat.com\/wp-content\/uploads\/2021\/12\/FULBAT-FP12-18FR-General_Purpose_AGM-1.png","contentUrl":"https:\/\/fulbat.com\/wp-content\/uploads\/2021\/12\/FULBAT-FP12-18FR-General_Purpose_AGM-1.png","width":500,"height":500,"caption":"FULBAT-FP12-18FR-General_Purpose_AGM"},{"@type":"BreadcrumbList","@id":"https:\/\/fulbat.com\/es\/producto\/fp12-18-fr\/#breadcrumb","itemListElement":[{"@type":"ListItem","position":1,"name":"Home","item":"https:\/\/fulbat.com\/es\/"},{"@type":"ListItem","position":2,"name":"Shop","item":"https:\/\/fulbat.com\/shop\/"},{"@type":"ListItem","position":3,"name":"Industrial","item":"https:\/\/fulbat.com\/es\/industrial-es\/"},{"@type":"ListItem","position":4,"name":"FP12-18FR"}]},{"@type":"WebSite","@id":"https:\/\/fulbat.com\/es\/#website","url":"https:\/\/fulbat.com\/es\/","name":"Fulbat","description":"Qualitative, performing &amp; reliable battery solutions","potentialAction":[{"@type":"SearchAction","target":{"@type":"EntryPoint","urlTemplate":"https:\/\/fulbat.com\/es\/?s={search_term_string}"},"query-input":{"@type":"PropertyValueSpecification","valueRequired":true,"valueName":"search_term_string"}}],"inLanguage":"es"}]}},"_links":{"self":[{"href":"https:\/\/fulbat.com\/es\/wp-json\/wp\/v2\/product\/16326","targetHints":{"allow":["GET"]}}],"collection":[{"href":"https:\/\/fulbat.com\/es\/wp-json\/wp\/v2\/product"}],"about":[{"href":"https:\/\/fulbat.com\/es\/wp-json\/wp\/v2\/types\/product"}],"wp:featuredmedia":[{"embeddable":true,"href":"https:\/\/fulbat.com\/es\/wp-json\/wp\/v2\/media\/16327"}],"wp:attachment":[{"href":"https:\/\/fulbat.com\/es\/wp-json\/wp\/v2\/media?parent=16326"}],"wp:term":[{"taxonomy":"product_brand","embeddable":true,"href":"https:\/\/fulbat.com\/es\/wp-json\/wp\/v2\/product_brand?post=16326"},{"taxonomy":"product_cat","embeddable":true,"href":"https:\/\/fulbat.com\/es\/wp-json\/wp\/v2\/product_cat?post=16326"},{"taxonomy":"product_tag","embeddable":true,"href":"https:\/\/fulbat.com\/es\/wp-json\/wp\/v2\/product_tag?post=16326"}],"curies":[{"name":"wp","href":"https:\/\/api.w.org\/{rel}","templated":true}]}}