{"id":16369,"date":"2020-09-11T09:23:15","date_gmt":"2020-09-11T07:23:15","guid":{"rendered":"https:\/\/fulbat.com\/product\/fp12-40\/"},"modified":"2024-12-09T09:59:54","modified_gmt":"2024-12-09T08:59:54","slug":"fp12-40","status":"publish","type":"product","link":"https:\/\/fulbat.com\/es\/producto\/fp12-40\/","title":{"rendered":"FP12-40"},"content":{"rendered":"<p style=\"text-align: justify;\">La bater\u00eda FP12-40 forma parte de nuestra gama industrial FP &#8211; General Purpose. Especialmente dise\u00f1ada para aplicaciones de emergencia y de respaldo, esta bater\u00eda de 12V y 40Ah ofrece una duraci\u00f3n de carga flotante de 10 a\u00f1os.<\/p>\n<p>El dise\u00f1o AGM regulado por v\u00e1lvula est\u00e1 completamente sellado y no necesita mantenimiento. La bater\u00eda FP12-40 garantiza as\u00ed un alto rendimiento y fiabilidad bajo carga permanente.<\/p>\n","protected":false},"excerpt":{"rendered":"<p>Sellada y sin mantenimiento<\/p>\n<p>Alto rendimiento gracias a la tecnolog\u00eda AGM<\/p>\n<p>5 a\u00f1os de vida \u00fatil a 20\u00b0C (10 a\u00f1os para los modelos &gt; 40Ah)<\/p>\n<p>Baja autodescarga (3%\/mes a 20\u00b0C): larga vida de almacenamiento<\/p>\n<p>Placa de plomo-calcio para mejorar la vida \u00fatil<\/p>\n<p>Funcionamiento en cualquier posici\u00f3n (excepto una utilizaci\u00f3n continua en posici\u00f3n invertida)<\/p>\n<p>Amplia gama de temperaturas de funcionamiento<\/p>\n<p>Construcci\u00f3n robusta (ABS): alta resistencia a las vibraciones<\/p>\n<p>M\u00e1s del 99% de recombinaci\u00f3n de gases (VRLA)<\/p>\n","protected":false},"featured_media":16371,"template":"","meta":[],"product_brand":[],"product_cat":[2507,2508,2514,2506,2519,2518],"product_tag":[2915,3538,2913,2912,3539,3451,3540],"class_list":{"0":"post-16369","1":"product","2":"type-product","3":"status-publish","4":"has-post-thumbnail","6":"product_cat-alarma-y-seguridad","7":"product_cat-electromedicina","8":"product_cat-fp-general-purpose-agm-es","9":"product_cat-industrial-es","10":"product_cat-sai-y-centro-de-datos","11":"product_cat-telecomunicaciones","12":"product_tag-alarm-battery-es","13":"product_tag-fp12-40-es","14":"product_tag-general-purpose-battery-es","15":"product_tag-medical-battery-es","16":"product_tag-np38-12i-es","17":"product_tag-sai-bateria","18":"product_tag-y38-12i-es","20":"first","21":"instock","22":"shipping-taxable","23":"product-type-simple"},"yoast_head":"<!-- This site is optimized with the Yoast SEO plugin v26.9 - https:\/\/yoast.com\/product\/yoast-seo-wordpress\/ -->\n<title>FP12-40 - Fulbat<\/title>\n<meta name=\"description\" content=\"%\" \/>\n<meta name=\"robots\" content=\"index, follow, max-snippet:-1, max-image-preview:large, max-video-preview:-1\" \/>\n<link rel=\"canonical\" href=\"https:\/\/fulbat.com\/es\/producto\/fp12-40\/\" \/>\n<meta property=\"og:locale\" content=\"es_ES\" \/>\n<meta property=\"og:type\" content=\"article\" \/>\n<meta property=\"og:title\" content=\"FP12-40 - Fulbat\" \/>\n<meta property=\"og:description\" content=\"%\" \/>\n<meta property=\"og:url\" content=\"https:\/\/fulbat.com\/es\/producto\/fp12-40\/\" \/>\n<meta property=\"og:site_name\" content=\"Fulbat\" \/>\n<meta property=\"article:modified_time\" content=\"2024-12-09T08:59:54+00:00\" \/>\n<meta property=\"og:image\" content=\"https:\/\/fulbat.com\/wp-content\/uploads\/2020\/09\/Fulbat_FP12-40_GeneralPurpose_AGM.png\" \/>\n\t<meta property=\"og:image:width\" content=\"482\" \/>\n\t<meta property=\"og:image:height\" content=\"388\" \/>\n\t<meta property=\"og:image:type\" content=\"image\/png\" \/>\n<meta name=\"twitter:card\" content=\"summary_large_image\" \/>\n<meta name=\"twitter:label1\" content=\"Tiempo de lectura\" \/>\n\t<meta name=\"twitter:data1\" content=\"1 minuto\" \/>\n<script type=\"application\/ld+json\" class=\"yoast-schema-graph\">{\"@context\":\"https:\/\/schema.org\",\"@graph\":[{\"@type\":\"WebPage\",\"@id\":\"https:\/\/fulbat.com\/es\/producto\/fp12-40\/\",\"url\":\"https:\/\/fulbat.com\/es\/producto\/fp12-40\/\",\"name\":\"FP12-40 - Fulbat\",\"isPartOf\":{\"@id\":\"https:\/\/fulbat.com\/es\/#website\"},\"primaryImageOfPage\":{\"@id\":\"https:\/\/fulbat.com\/es\/producto\/fp12-40\/#primaryimage\"},\"image\":{\"@id\":\"https:\/\/fulbat.com\/es\/producto\/fp12-40\/#primaryimage\"},\"thumbnailUrl\":\"https:\/\/fulbat.com\/wp-content\/uploads\/2020\/09\/Fulbat_FP12-40_GeneralPurpose_AGM.png\",\"datePublished\":\"2020-09-11T07:23:15+00:00\",\"dateModified\":\"2024-12-09T08:59:54+00:00\",\"description\":\"%\",\"breadcrumb\":{\"@id\":\"https:\/\/fulbat.com\/es\/producto\/fp12-40\/#breadcrumb\"},\"inLanguage\":\"es\",\"potentialAction\":[{\"@type\":\"ReadAction\",\"target\":[\"https:\/\/fulbat.com\/es\/producto\/fp12-40\/\"]}]},{\"@type\":\"ImageObject\",\"inLanguage\":\"es\",\"@id\":\"https:\/\/fulbat.com\/es\/producto\/fp12-40\/#primaryimage\",\"url\":\"https:\/\/fulbat.com\/wp-content\/uploads\/2020\/09\/Fulbat_FP12-40_GeneralPurpose_AGM.png\",\"contentUrl\":\"https:\/\/fulbat.com\/wp-content\/uploads\/2020\/09\/Fulbat_FP12-40_GeneralPurpose_AGM.png\",\"width\":482,\"height\":388,\"caption\":\"Fulbat_FP12-40_GeneralPurpose_AGM\"},{\"@type\":\"BreadcrumbList\",\"@id\":\"https:\/\/fulbat.com\/es\/producto\/fp12-40\/#breadcrumb\",\"itemListElement\":[{\"@type\":\"ListItem\",\"position\":1,\"name\":\"Home\",\"item\":\"https:\/\/fulbat.com\/es\/\"},{\"@type\":\"ListItem\",\"position\":2,\"name\":\"Shop\",\"item\":\"https:\/\/fulbat.com\/shop\/\"},{\"@type\":\"ListItem\",\"position\":3,\"name\":\"Industrial\",\"item\":\"https:\/\/fulbat.com\/es\/industrial-es\/\"},{\"@type\":\"ListItem\",\"position\":4,\"name\":\"FP12-40\"}]},{\"@type\":\"WebSite\",\"@id\":\"https:\/\/fulbat.com\/es\/#website\",\"url\":\"https:\/\/fulbat.com\/es\/\",\"name\":\"Fulbat\",\"description\":\"Qualitative, performing &amp; reliable battery solutions\",\"potentialAction\":[{\"@type\":\"SearchAction\",\"target\":{\"@type\":\"EntryPoint\",\"urlTemplate\":\"https:\/\/fulbat.com\/es\/?s={search_term_string}\"},\"query-input\":{\"@type\":\"PropertyValueSpecification\",\"valueRequired\":true,\"valueName\":\"search_term_string\"}}],\"inLanguage\":\"es\"}]}<\/script>\n<!-- \/ Yoast SEO plugin. -->","yoast_head_json":{"title":"FP12-40 - Fulbat","description":"%","robots":{"index":"index","follow":"follow","max-snippet":"max-snippet:-1","max-image-preview":"max-image-preview:large","max-video-preview":"max-video-preview:-1"},"canonical":"https:\/\/fulbat.com\/es\/producto\/fp12-40\/","og_locale":"es_ES","og_type":"article","og_title":"FP12-40 - Fulbat","og_description":"%","og_url":"https:\/\/fulbat.com\/es\/producto\/fp12-40\/","og_site_name":"Fulbat","article_modified_time":"2024-12-09T08:59:54+00:00","og_image":[{"width":482,"height":388,"url":"https:\/\/fulbat.com\/wp-content\/uploads\/2020\/09\/Fulbat_FP12-40_GeneralPurpose_AGM.png","type":"image\/png"}],"twitter_card":"summary_large_image","twitter_misc":{"Tiempo de lectura":"1 minuto"},"schema":{"@context":"https:\/\/schema.org","@graph":[{"@type":"WebPage","@id":"https:\/\/fulbat.com\/es\/producto\/fp12-40\/","url":"https:\/\/fulbat.com\/es\/producto\/fp12-40\/","name":"FP12-40 - Fulbat","isPartOf":{"@id":"https:\/\/fulbat.com\/es\/#website"},"primaryImageOfPage":{"@id":"https:\/\/fulbat.com\/es\/producto\/fp12-40\/#primaryimage"},"image":{"@id":"https:\/\/fulbat.com\/es\/producto\/fp12-40\/#primaryimage"},"thumbnailUrl":"https:\/\/fulbat.com\/wp-content\/uploads\/2020\/09\/Fulbat_FP12-40_GeneralPurpose_AGM.png","datePublished":"2020-09-11T07:23:15+00:00","dateModified":"2024-12-09T08:59:54+00:00","description":"%","breadcrumb":{"@id":"https:\/\/fulbat.com\/es\/producto\/fp12-40\/#breadcrumb"},"inLanguage":"es","potentialAction":[{"@type":"ReadAction","target":["https:\/\/fulbat.com\/es\/producto\/fp12-40\/"]}]},{"@type":"ImageObject","inLanguage":"es","@id":"https:\/\/fulbat.com\/es\/producto\/fp12-40\/#primaryimage","url":"https:\/\/fulbat.com\/wp-content\/uploads\/2020\/09\/Fulbat_FP12-40_GeneralPurpose_AGM.png","contentUrl":"https:\/\/fulbat.com\/wp-content\/uploads\/2020\/09\/Fulbat_FP12-40_GeneralPurpose_AGM.png","width":482,"height":388,"caption":"Fulbat_FP12-40_GeneralPurpose_AGM"},{"@type":"BreadcrumbList","@id":"https:\/\/fulbat.com\/es\/producto\/fp12-40\/#breadcrumb","itemListElement":[{"@type":"ListItem","position":1,"name":"Home","item":"https:\/\/fulbat.com\/es\/"},{"@type":"ListItem","position":2,"name":"Shop","item":"https:\/\/fulbat.com\/shop\/"},{"@type":"ListItem","position":3,"name":"Industrial","item":"https:\/\/fulbat.com\/es\/industrial-es\/"},{"@type":"ListItem","position":4,"name":"FP12-40"}]},{"@type":"WebSite","@id":"https:\/\/fulbat.com\/es\/#website","url":"https:\/\/fulbat.com\/es\/","name":"Fulbat","description":"Qualitative, performing &amp; reliable battery solutions","potentialAction":[{"@type":"SearchAction","target":{"@type":"EntryPoint","urlTemplate":"https:\/\/fulbat.com\/es\/?s={search_term_string}"},"query-input":{"@type":"PropertyValueSpecification","valueRequired":true,"valueName":"search_term_string"}}],"inLanguage":"es"}]}},"_links":{"self":[{"href":"https:\/\/fulbat.com\/es\/wp-json\/wp\/v2\/product\/16369","targetHints":{"allow":["GET"]}}],"collection":[{"href":"https:\/\/fulbat.com\/es\/wp-json\/wp\/v2\/product"}],"about":[{"href":"https:\/\/fulbat.com\/es\/wp-json\/wp\/v2\/types\/product"}],"wp:featuredmedia":[{"embeddable":true,"href":"https:\/\/fulbat.com\/es\/wp-json\/wp\/v2\/media\/16371"}],"wp:attachment":[{"href":"https:\/\/fulbat.com\/es\/wp-json\/wp\/v2\/media?parent=16369"}],"wp:term":[{"taxonomy":"product_brand","embeddable":true,"href":"https:\/\/fulbat.com\/es\/wp-json\/wp\/v2\/product_brand?post=16369"},{"taxonomy":"product_cat","embeddable":true,"href":"https:\/\/fulbat.com\/es\/wp-json\/wp\/v2\/product_cat?post=16369"},{"taxonomy":"product_tag","embeddable":true,"href":"https:\/\/fulbat.com\/es\/wp-json\/wp\/v2\/product_tag?post=16369"}],"curies":[{"name":"wp","href":"https:\/\/api.w.org\/{rel}","templated":true}]}}