{"id":16433,"date":"2021-08-25T09:57:00","date_gmt":"2021-08-25T07:57:00","guid":{"rendered":"https:\/\/fulbat.com\/product\/fft12-100\/"},"modified":"2024-12-05T12:38:22","modified_gmt":"2024-12-05T11:38:22","slug":"fft12-100","status":"publish","type":"product","link":"https:\/\/fulbat.com\/es\/producto\/fft12-100\/","title":{"rendered":"FFT12-100"},"content":{"rendered":"<p style=\"text-align: justify;\">FFT12-100 forma parte de nuestra serie FP &#8211; General Purpose. Dise\u00f1ada para aplicaciones de telecomunicaciones que exigen altos niveles de fiabilidad y seguridad, esta bater\u00eda de 12V 100Ah con terminal frontal ofrece una larga vida \u00fatil de hasta 12 a\u00f1os. Su dise\u00f1o de terminal frontal permite una r\u00e1pida instalaci\u00f3n y facilita el acceso para su mantenimiento.<\/p>\n<p>Con tecnolog\u00eda avanzada de regulaci\u00f3n por v\u00e1lvula AGM y materia prima de alta pureza, la FFT12-100 es ideal para aplicaciones de telecomunicaciones que alimentan armarios de 19&#8243; y 23&#8243;.<\/p>\n","protected":false},"excerpt":{"rendered":"<p>Acceso frontal a los terminales<\/p>\n<p>Instalaci\u00f3n, mantenimiento y supervisi\u00f3n f\u00e1ciles<\/p>\n<p>Ideal para sistemas de 48V<\/p>\n<p>Ideal para racks de 19&#8243; o 23&#8243; o armarios de obra<\/p>\n<p>12 a\u00f1os de vida \u00fatil a 25\u00b0C<\/p>\n<p>Libre de mantenimiento &amp; no derramable<\/p>\n<p>Tecnolog\u00eda AGM para un rendimiento superior<\/p>\n<p>Baja tasa de autodescarga (alrededor del 3%\/mes a 20 \u00b0C)<\/p>\n<p>Amplia gama de temperaturas de funcionamiento<\/p>\n<p>Baja emisi\u00f3n de gases gracias a la alta recombinaci\u00f3n de gases del 99% (VRLA)<\/p>\n","protected":false},"featured_media":16434,"template":"","meta":[],"product_brand":[],"product_cat":[2514,2506,2519,2518],"product_tag":[3453,3569,3568,2913,3567,3451,3570,3571],"class_list":{"0":"post-16433","1":"product","2":"type-product","3":"status-publish","4":"has-post-thumbnail","6":"product_cat-fp-general-purpose-agm-es","7":"product_cat-industrial-es","8":"product_cat-sai-y-centro-de-datos","9":"product_cat-telecomunicaciones","10":"product_tag-bateria-telecom","11":"product_tag-batterie-front-terminal-es","12":"product_tag-front-terminal-battery-es","13":"product_tag-general-purpose-battery-es","14":"product_tag-general-purpose-front-terminal-es","15":"product_tag-sai-bateria","16":"product_tag-yft100-12-es","17":"product_tag-yft10012-es","19":"first","20":"instock","21":"shipping-taxable","22":"product-type-simple"},"yoast_head":"<!-- This site is optimized with the Yoast SEO plugin v26.9 - https:\/\/yoast.com\/product\/yoast-seo-wordpress\/ -->\n<title>FFT12-100 - Fulbat<\/title>\n<meta name=\"description\" content=\"%\" \/>\n<meta name=\"robots\" content=\"index, follow, max-snippet:-1, max-image-preview:large, max-video-preview:-1\" \/>\n<link rel=\"canonical\" href=\"https:\/\/fulbat.com\/es\/producto\/fft12-100\/\" \/>\n<meta property=\"og:locale\" content=\"es_ES\" \/>\n<meta property=\"og:type\" content=\"article\" \/>\n<meta property=\"og:title\" content=\"FFT12-100 - Fulbat\" \/>\n<meta property=\"og:description\" content=\"%\" \/>\n<meta property=\"og:url\" content=\"https:\/\/fulbat.com\/es\/producto\/fft12-100\/\" \/>\n<meta property=\"og:site_name\" content=\"Fulbat\" \/>\n<meta property=\"article:modified_time\" content=\"2024-12-05T11:38:22+00:00\" \/>\n<meta property=\"og:image\" content=\"https:\/\/fulbat.com\/wp-content\/uploads\/2021\/08\/FT_FFT12-100_GeneralPurpose_AGM2-1024x982.png\" \/>\n\t<meta property=\"og:image:width\" content=\"1024\" \/>\n\t<meta property=\"og:image:height\" content=\"982\" \/>\n\t<meta property=\"og:image:type\" content=\"image\/png\" \/>\n<meta name=\"twitter:card\" content=\"summary_large_image\" \/>\n<meta name=\"twitter:label1\" content=\"Tiempo de lectura\" \/>\n\t<meta name=\"twitter:data1\" content=\"1 minuto\" \/>\n<script type=\"application\/ld+json\" class=\"yoast-schema-graph\">{\"@context\":\"https:\/\/schema.org\",\"@graph\":[{\"@type\":\"WebPage\",\"@id\":\"https:\/\/fulbat.com\/es\/producto\/fft12-100\/\",\"url\":\"https:\/\/fulbat.com\/es\/producto\/fft12-100\/\",\"name\":\"FFT12-100 - Fulbat\",\"isPartOf\":{\"@id\":\"https:\/\/fulbat.com\/es\/#website\"},\"primaryImageOfPage\":{\"@id\":\"https:\/\/fulbat.com\/es\/producto\/fft12-100\/#primaryimage\"},\"image\":{\"@id\":\"https:\/\/fulbat.com\/es\/producto\/fft12-100\/#primaryimage\"},\"thumbnailUrl\":\"https:\/\/fulbat.com\/wp-content\/uploads\/2021\/08\/FT_FFT12-100_GeneralPurpose_AGM2.png\",\"datePublished\":\"2021-08-25T07:57:00+00:00\",\"dateModified\":\"2024-12-05T11:38:22+00:00\",\"description\":\"%\",\"breadcrumb\":{\"@id\":\"https:\/\/fulbat.com\/es\/producto\/fft12-100\/#breadcrumb\"},\"inLanguage\":\"es\",\"potentialAction\":[{\"@type\":\"ReadAction\",\"target\":[\"https:\/\/fulbat.com\/es\/producto\/fft12-100\/\"]}]},{\"@type\":\"ImageObject\",\"inLanguage\":\"es\",\"@id\":\"https:\/\/fulbat.com\/es\/producto\/fft12-100\/#primaryimage\",\"url\":\"https:\/\/fulbat.com\/wp-content\/uploads\/2021\/08\/FT_FFT12-100_GeneralPurpose_AGM2.png\",\"contentUrl\":\"https:\/\/fulbat.com\/wp-content\/uploads\/2021\/08\/FT_FFT12-100_GeneralPurpose_AGM2.png\",\"width\":2861,\"height\":2744,\"caption\":\"FULBAT_FFT12-100_GeneralPurpose_AGM-FRONT_TERMINAL\"},{\"@type\":\"BreadcrumbList\",\"@id\":\"https:\/\/fulbat.com\/es\/producto\/fft12-100\/#breadcrumb\",\"itemListElement\":[{\"@type\":\"ListItem\",\"position\":1,\"name\":\"Home\",\"item\":\"https:\/\/fulbat.com\/es\/\"},{\"@type\":\"ListItem\",\"position\":2,\"name\":\"Shop\",\"item\":\"https:\/\/fulbat.com\/shop\/\"},{\"@type\":\"ListItem\",\"position\":3,\"name\":\"Industrial\",\"item\":\"https:\/\/fulbat.com\/es\/industrial-es\/\"},{\"@type\":\"ListItem\",\"position\":4,\"name\":\"FFT12-100\"}]},{\"@type\":\"WebSite\",\"@id\":\"https:\/\/fulbat.com\/es\/#website\",\"url\":\"https:\/\/fulbat.com\/es\/\",\"name\":\"Fulbat\",\"description\":\"Qualitative, performing &amp; reliable battery solutions\",\"potentialAction\":[{\"@type\":\"SearchAction\",\"target\":{\"@type\":\"EntryPoint\",\"urlTemplate\":\"https:\/\/fulbat.com\/es\/?s={search_term_string}\"},\"query-input\":{\"@type\":\"PropertyValueSpecification\",\"valueRequired\":true,\"valueName\":\"search_term_string\"}}],\"inLanguage\":\"es\"}]}<\/script>\n<!-- \/ Yoast SEO plugin. -->","yoast_head_json":{"title":"FFT12-100 - Fulbat","description":"%","robots":{"index":"index","follow":"follow","max-snippet":"max-snippet:-1","max-image-preview":"max-image-preview:large","max-video-preview":"max-video-preview:-1"},"canonical":"https:\/\/fulbat.com\/es\/producto\/fft12-100\/","og_locale":"es_ES","og_type":"article","og_title":"FFT12-100 - Fulbat","og_description":"%","og_url":"https:\/\/fulbat.com\/es\/producto\/fft12-100\/","og_site_name":"Fulbat","article_modified_time":"2024-12-05T11:38:22+00:00","og_image":[{"width":1024,"height":982,"url":"https:\/\/fulbat.com\/wp-content\/uploads\/2021\/08\/FT_FFT12-100_GeneralPurpose_AGM2-1024x982.png","type":"image\/png"}],"twitter_card":"summary_large_image","twitter_misc":{"Tiempo de lectura":"1 minuto"},"schema":{"@context":"https:\/\/schema.org","@graph":[{"@type":"WebPage","@id":"https:\/\/fulbat.com\/es\/producto\/fft12-100\/","url":"https:\/\/fulbat.com\/es\/producto\/fft12-100\/","name":"FFT12-100 - Fulbat","isPartOf":{"@id":"https:\/\/fulbat.com\/es\/#website"},"primaryImageOfPage":{"@id":"https:\/\/fulbat.com\/es\/producto\/fft12-100\/#primaryimage"},"image":{"@id":"https:\/\/fulbat.com\/es\/producto\/fft12-100\/#primaryimage"},"thumbnailUrl":"https:\/\/fulbat.com\/wp-content\/uploads\/2021\/08\/FT_FFT12-100_GeneralPurpose_AGM2.png","datePublished":"2021-08-25T07:57:00+00:00","dateModified":"2024-12-05T11:38:22+00:00","description":"%","breadcrumb":{"@id":"https:\/\/fulbat.com\/es\/producto\/fft12-100\/#breadcrumb"},"inLanguage":"es","potentialAction":[{"@type":"ReadAction","target":["https:\/\/fulbat.com\/es\/producto\/fft12-100\/"]}]},{"@type":"ImageObject","inLanguage":"es","@id":"https:\/\/fulbat.com\/es\/producto\/fft12-100\/#primaryimage","url":"https:\/\/fulbat.com\/wp-content\/uploads\/2021\/08\/FT_FFT12-100_GeneralPurpose_AGM2.png","contentUrl":"https:\/\/fulbat.com\/wp-content\/uploads\/2021\/08\/FT_FFT12-100_GeneralPurpose_AGM2.png","width":2861,"height":2744,"caption":"FULBAT_FFT12-100_GeneralPurpose_AGM-FRONT_TERMINAL"},{"@type":"BreadcrumbList","@id":"https:\/\/fulbat.com\/es\/producto\/fft12-100\/#breadcrumb","itemListElement":[{"@type":"ListItem","position":1,"name":"Home","item":"https:\/\/fulbat.com\/es\/"},{"@type":"ListItem","position":2,"name":"Shop","item":"https:\/\/fulbat.com\/shop\/"},{"@type":"ListItem","position":3,"name":"Industrial","item":"https:\/\/fulbat.com\/es\/industrial-es\/"},{"@type":"ListItem","position":4,"name":"FFT12-100"}]},{"@type":"WebSite","@id":"https:\/\/fulbat.com\/es\/#website","url":"https:\/\/fulbat.com\/es\/","name":"Fulbat","description":"Qualitative, performing &amp; reliable battery solutions","potentialAction":[{"@type":"SearchAction","target":{"@type":"EntryPoint","urlTemplate":"https:\/\/fulbat.com\/es\/?s={search_term_string}"},"query-input":{"@type":"PropertyValueSpecification","valueRequired":true,"valueName":"search_term_string"}}],"inLanguage":"es"}]}},"_links":{"self":[{"href":"https:\/\/fulbat.com\/es\/wp-json\/wp\/v2\/product\/16433","targetHints":{"allow":["GET"]}}],"collection":[{"href":"https:\/\/fulbat.com\/es\/wp-json\/wp\/v2\/product"}],"about":[{"href":"https:\/\/fulbat.com\/es\/wp-json\/wp\/v2\/types\/product"}],"wp:featuredmedia":[{"embeddable":true,"href":"https:\/\/fulbat.com\/es\/wp-json\/wp\/v2\/media\/16434"}],"wp:attachment":[{"href":"https:\/\/fulbat.com\/es\/wp-json\/wp\/v2\/media?parent=16433"}],"wp:term":[{"taxonomy":"product_brand","embeddable":true,"href":"https:\/\/fulbat.com\/es\/wp-json\/wp\/v2\/product_brand?post=16433"},{"taxonomy":"product_cat","embeddable":true,"href":"https:\/\/fulbat.com\/es\/wp-json\/wp\/v2\/product_cat?post=16433"},{"taxonomy":"product_tag","embeddable":true,"href":"https:\/\/fulbat.com\/es\/wp-json\/wp\/v2\/product_tag?post=16433"}],"curies":[{"name":"wp","href":"https:\/\/api.w.org\/{rel}","templated":true}]}}