{"id":18304,"date":"2020-09-09T08:49:46","date_gmt":"2023-01-05T14:22:47","guid":{"rendered":"https:\/\/fulbat.com\/?post_type=product&#038;p=18304"},"modified":"2024-11-18T16:28:53","modified_gmt":"2024-11-18T15:28:53","slug":"fl-zu01","status":"publish","type":"product","link":"https:\/\/fulbat.com\/es\/producto\/fl-zu01\/","title":{"rendered":"FL-ZU01"},"content":{"rendered":"<p style=\"text-align: justify;\">La bater\u00eda FL-ZU01 forma parte de nuestra gama Robot Litio. Especialmente dise\u00f1ada para los robots cortac\u00e9sped, la bater\u00eda de iones de litio de 25,2 V y 2,6 Ah satisface las necesidades de carga y descarga intensiva necesarias para el uso de los robots cortac\u00e9sped.<\/p>\n<p>Equipada con celdas de alta calidad y capacidad, la bater\u00eda FL-ZU01 ha sido desarrollada para ofrecer una larga vida \u00fatil y la m\u00e1xima autonom\u00eda de trabajo a su robot.<\/p>\n<p><strong>Compatible con las siguientes marcas :<\/strong> AMBROGIO\/ZUCCHETTI ; WIPER ; TECHLINE<br \/>\n<strong>N\u00famero de pieza original :<\/strong> L15, L20, L60, Twenty, Twenty Elite S+ ; i70, i100S, Climber, Q350 ; DX2, SX2, LX2, D1<\/p>\n","protected":false},"excerpt":{"rendered":"<p>Bater\u00eda de tipo compatible<\/p>\n<p>Larga vida \u00fatil de la bater\u00eda<\/p>\n<p>Gran autonom\u00eda: Capacidad a veces superior a la de la bater\u00eda original<\/p>\n<p>C\u00e9lulas de litio de alta calidad<\/p>\n<p>M\u00e1s de 200 modelos de robots compatibles<\/p>\n","protected":false},"featured_media":18398,"template":"","meta":[],"product_brand":[],"product_cat":[2580,2590],"product_tag":[3798,3799,3797,3800,3801,3335,3805,3803,3806,3802,3804,3793,3795,3794,3792,3796],"class_list":{"0":"post-18304","1":"product","2":"type-product","3":"status-publish","4":"has-post-thumbnail","6":"product_cat-arranque","7":"product_cat-robot-es","8":"product_tag-ambrogio-zucchetti-l15-es","9":"product_tag-ambrogio-zucchetti-l20-es","10":"product_tag-ambrogio-zucchetti-l60-es","11":"product_tag-ambrogio-zucchetti-twenty-es","12":"product_tag-ambrogio-zucchetti-twenty-elite-s-es","13":"product_tag-bateria-del-robot-cortacesped","14":"product_tag-techline-d1-es","15":"product_tag-techline-dx2-es","16":"product_tag-techline-lx2-es","17":"product_tag-techline-robot-mower-es","18":"product_tag-techline-sx2-es","19":"product_tag-wiper-es","20":"product_tag-wiper-climber-es","21":"product_tag-wiper-i100s-es","22":"product_tag-wiper-i70-es","23":"product_tag-wiper-q350-es","25":"first","26":"instock","27":"shipping-taxable","28":"product-type-simple"},"yoast_head":"<!-- This site is optimized with the Yoast SEO plugin v26.9 - https:\/\/yoast.com\/product\/yoast-seo-wordpress\/ -->\n<title>FL-ZU01 - Fulbat<\/title>\n<meta name=\"description\" content=\"%\" \/>\n<meta name=\"robots\" content=\"index, follow, max-snippet:-1, max-image-preview:large, max-video-preview:-1\" \/>\n<link rel=\"canonical\" href=\"https:\/\/fulbat.com\/es\/producto\/fl-zu01\/\" \/>\n<meta property=\"og:locale\" content=\"es_ES\" \/>\n<meta property=\"og:type\" content=\"article\" \/>\n<meta property=\"og:title\" content=\"FL-ZU01 - Fulbat\" \/>\n<meta property=\"og:description\" content=\"%\" \/>\n<meta property=\"og:url\" content=\"https:\/\/fulbat.com\/es\/producto\/fl-zu01\/\" \/>\n<meta property=\"og:site_name\" content=\"Fulbat\" \/>\n<meta property=\"article:modified_time\" content=\"2024-11-18T15:28:53+00:00\" \/>\n<meta property=\"og:image\" content=\"https:\/\/fulbat.com\/wp-content\/uploads\/2023\/01\/Fulbat_Starter_Roboto_FL-ZU01.png\" \/>\n\t<meta property=\"og:image:width\" content=\"591\" \/>\n\t<meta property=\"og:image:height\" content=\"390\" \/>\n\t<meta property=\"og:image:type\" content=\"image\/png\" \/>\n<meta name=\"twitter:card\" content=\"summary_large_image\" \/>\n<meta name=\"twitter:label1\" content=\"Tiempo de lectura\" \/>\n\t<meta name=\"twitter:data1\" content=\"1 minuto\" \/>\n<script type=\"application\/ld+json\" class=\"yoast-schema-graph\">{\"@context\":\"https:\/\/schema.org\",\"@graph\":[{\"@type\":\"WebPage\",\"@id\":\"https:\/\/fulbat.com\/es\/producto\/fl-zu01\/\",\"url\":\"https:\/\/fulbat.com\/es\/producto\/fl-zu01\/\",\"name\":\"FL-ZU01 - Fulbat\",\"isPartOf\":{\"@id\":\"https:\/\/fulbat.com\/es\/#website\"},\"primaryImageOfPage\":{\"@id\":\"https:\/\/fulbat.com\/es\/producto\/fl-zu01\/#primaryimage\"},\"image\":{\"@id\":\"https:\/\/fulbat.com\/es\/producto\/fl-zu01\/#primaryimage\"},\"thumbnailUrl\":\"https:\/\/fulbat.com\/wp-content\/uploads\/2023\/01\/Fulbat_Starter_Roboto_FL-ZU01.png\",\"datePublished\":\"2023-01-05T14:22:47+00:00\",\"dateModified\":\"2024-11-18T15:28:53+00:00\",\"description\":\"%\",\"breadcrumb\":{\"@id\":\"https:\/\/fulbat.com\/es\/producto\/fl-zu01\/#breadcrumb\"},\"inLanguage\":\"es\",\"potentialAction\":[{\"@type\":\"ReadAction\",\"target\":[\"https:\/\/fulbat.com\/es\/producto\/fl-zu01\/\"]}]},{\"@type\":\"ImageObject\",\"inLanguage\":\"es\",\"@id\":\"https:\/\/fulbat.com\/es\/producto\/fl-zu01\/#primaryimage\",\"url\":\"https:\/\/fulbat.com\/wp-content\/uploads\/2023\/01\/Fulbat_Starter_Roboto_FL-ZU01.png\",\"contentUrl\":\"https:\/\/fulbat.com\/wp-content\/uploads\/2023\/01\/Fulbat_Starter_Roboto_FL-ZU01.png\",\"width\":591,\"height\":390},{\"@type\":\"BreadcrumbList\",\"@id\":\"https:\/\/fulbat.com\/es\/producto\/fl-zu01\/#breadcrumb\",\"itemListElement\":[{\"@type\":\"ListItem\",\"position\":1,\"name\":\"Home\",\"item\":\"https:\/\/fulbat.com\/es\/\"},{\"@type\":\"ListItem\",\"position\":2,\"name\":\"Shop\",\"item\":\"https:\/\/fulbat.com\/shop\/\"},{\"@type\":\"ListItem\",\"position\":3,\"name\":\"Arranque\",\"item\":\"https:\/\/fulbat.com\/es\/arranque\/\"},{\"@type\":\"ListItem\",\"position\":4,\"name\":\"FL-ZU01\"}]},{\"@type\":\"WebSite\",\"@id\":\"https:\/\/fulbat.com\/es\/#website\",\"url\":\"https:\/\/fulbat.com\/es\/\",\"name\":\"Fulbat\",\"description\":\"Qualitative, performing &amp; reliable battery solutions\",\"potentialAction\":[{\"@type\":\"SearchAction\",\"target\":{\"@type\":\"EntryPoint\",\"urlTemplate\":\"https:\/\/fulbat.com\/es\/?s={search_term_string}\"},\"query-input\":{\"@type\":\"PropertyValueSpecification\",\"valueRequired\":true,\"valueName\":\"search_term_string\"}}],\"inLanguage\":\"es\"}]}<\/script>\n<!-- \/ Yoast SEO plugin. -->","yoast_head_json":{"title":"FL-ZU01 - Fulbat","description":"%","robots":{"index":"index","follow":"follow","max-snippet":"max-snippet:-1","max-image-preview":"max-image-preview:large","max-video-preview":"max-video-preview:-1"},"canonical":"https:\/\/fulbat.com\/es\/producto\/fl-zu01\/","og_locale":"es_ES","og_type":"article","og_title":"FL-ZU01 - Fulbat","og_description":"%","og_url":"https:\/\/fulbat.com\/es\/producto\/fl-zu01\/","og_site_name":"Fulbat","article_modified_time":"2024-11-18T15:28:53+00:00","og_image":[{"width":591,"height":390,"url":"https:\/\/fulbat.com\/wp-content\/uploads\/2023\/01\/Fulbat_Starter_Roboto_FL-ZU01.png","type":"image\/png"}],"twitter_card":"summary_large_image","twitter_misc":{"Tiempo de lectura":"1 minuto"},"schema":{"@context":"https:\/\/schema.org","@graph":[{"@type":"WebPage","@id":"https:\/\/fulbat.com\/es\/producto\/fl-zu01\/","url":"https:\/\/fulbat.com\/es\/producto\/fl-zu01\/","name":"FL-ZU01 - Fulbat","isPartOf":{"@id":"https:\/\/fulbat.com\/es\/#website"},"primaryImageOfPage":{"@id":"https:\/\/fulbat.com\/es\/producto\/fl-zu01\/#primaryimage"},"image":{"@id":"https:\/\/fulbat.com\/es\/producto\/fl-zu01\/#primaryimage"},"thumbnailUrl":"https:\/\/fulbat.com\/wp-content\/uploads\/2023\/01\/Fulbat_Starter_Roboto_FL-ZU01.png","datePublished":"2023-01-05T14:22:47+00:00","dateModified":"2024-11-18T15:28:53+00:00","description":"%","breadcrumb":{"@id":"https:\/\/fulbat.com\/es\/producto\/fl-zu01\/#breadcrumb"},"inLanguage":"es","potentialAction":[{"@type":"ReadAction","target":["https:\/\/fulbat.com\/es\/producto\/fl-zu01\/"]}]},{"@type":"ImageObject","inLanguage":"es","@id":"https:\/\/fulbat.com\/es\/producto\/fl-zu01\/#primaryimage","url":"https:\/\/fulbat.com\/wp-content\/uploads\/2023\/01\/Fulbat_Starter_Roboto_FL-ZU01.png","contentUrl":"https:\/\/fulbat.com\/wp-content\/uploads\/2023\/01\/Fulbat_Starter_Roboto_FL-ZU01.png","width":591,"height":390},{"@type":"BreadcrumbList","@id":"https:\/\/fulbat.com\/es\/producto\/fl-zu01\/#breadcrumb","itemListElement":[{"@type":"ListItem","position":1,"name":"Home","item":"https:\/\/fulbat.com\/es\/"},{"@type":"ListItem","position":2,"name":"Shop","item":"https:\/\/fulbat.com\/shop\/"},{"@type":"ListItem","position":3,"name":"Arranque","item":"https:\/\/fulbat.com\/es\/arranque\/"},{"@type":"ListItem","position":4,"name":"FL-ZU01"}]},{"@type":"WebSite","@id":"https:\/\/fulbat.com\/es\/#website","url":"https:\/\/fulbat.com\/es\/","name":"Fulbat","description":"Qualitative, performing &amp; reliable battery solutions","potentialAction":[{"@type":"SearchAction","target":{"@type":"EntryPoint","urlTemplate":"https:\/\/fulbat.com\/es\/?s={search_term_string}"},"query-input":{"@type":"PropertyValueSpecification","valueRequired":true,"valueName":"search_term_string"}}],"inLanguage":"es"}]}},"_links":{"self":[{"href":"https:\/\/fulbat.com\/es\/wp-json\/wp\/v2\/product\/18304","targetHints":{"allow":["GET"]}}],"collection":[{"href":"https:\/\/fulbat.com\/es\/wp-json\/wp\/v2\/product"}],"about":[{"href":"https:\/\/fulbat.com\/es\/wp-json\/wp\/v2\/types\/product"}],"wp:featuredmedia":[{"embeddable":true,"href":"https:\/\/fulbat.com\/es\/wp-json\/wp\/v2\/media\/18398"}],"wp:attachment":[{"href":"https:\/\/fulbat.com\/es\/wp-json\/wp\/v2\/media?parent=18304"}],"wp:term":[{"taxonomy":"product_brand","embeddable":true,"href":"https:\/\/fulbat.com\/es\/wp-json\/wp\/v2\/product_brand?post=18304"},{"taxonomy":"product_cat","embeddable":true,"href":"https:\/\/fulbat.com\/es\/wp-json\/wp\/v2\/product_cat?post=18304"},{"taxonomy":"product_tag","embeddable":true,"href":"https:\/\/fulbat.com\/es\/wp-json\/wp\/v2\/product_tag?post=18304"}],"curies":[{"name":"wp","href":"https:\/\/api.w.org\/{rel}","templated":true}]}}