{"id":18363,"date":"2020-09-14T10:27:07","date_gmt":"2023-01-06T09:19:08","guid":{"rendered":"https:\/\/fulbat.com\/?post_type=product&#038;p=18363"},"modified":"2025-11-18T15:57:52","modified_gmt":"2025-11-18T14:57:52","slug":"fpg12-250","status":"publish","type":"product","link":"https:\/\/fulbat.com\/es\/producto\/fpg12-250\/","title":{"rendered":"FPG12-250"},"content":{"rendered":"<p style=\"text-align: justify;\">La bater\u00eda FPG12-250 forma parte de nuestra gama industrial FPG &#8211; GEL c\u00edclico. Especialmente dise\u00f1ada para aplicaciones c\u00edclicas intensivas, esta bater\u00eda de 12V 250Ah proporciona un mayor rendimiento c\u00edclico y una mayor capacidad de recuperaci\u00f3n tras una descarga profunda que las bater\u00edas AGM c\u00edclicas.<\/p>\n<p>Gracias a su tecnolog\u00eda GEL regulada por v\u00e1lvula y a su dise\u00f1o especial de placas, la bater\u00eda FPG12-250 es ideal para aplicaciones de movilidad y almacenamiento de energ\u00eda.<\/p>\n<p><strong>Vida c\u00edclica<\/strong>\u00a0:<\/p>\n<ul>\n<li>hasta 550 ciclos con una profundidad de descarga del 100% (50% de capacidad \/ 20\u00b0C)<\/li>\n<li>hasta 1100 ciclos al 50% de profundidad de descarga (50% de capacidad \/ 20\u00b0C)<\/li>\n<\/ul>\n","protected":false},"excerpt":{"rendered":"<p>Sellada y sin mantenimiento<\/p>\n<p>Alto rendimiento c\u00edclico: x3 en comparaci\u00f3n con las bater\u00edas AGM est\u00e1ndar<\/p>\n<p>Excelente recuperaci\u00f3n de las descargas profundas<\/p>\n<p>Autodescarga muy baja (2%\/mes a 20\u00b0C): larga vida de almacenamiento<\/p>\n<p>Amplio rango de temperatura de funcionamiento &#8211; superior a los AGM<\/p>\n<p>Temperatura de funcionamiento y profundidad de descarga superiores: ideal para condiciones adversas<\/p>\n<p>Funcionamiento en cualquier posici\u00f3n (excepto una utilizaci\u00f3n continua en posici\u00f3n invertida)<\/p>\n<p>Construcci\u00f3n robusta: alta resistencia a las vibraciones<\/p>\n<p>No hay fen\u00f3meno de estratificaci\u00f3n (a diferencia de la AGM)<\/p>\n<p>M\u00e1s del 99% de recombinaci\u00f3n de gases (VRLA)<\/p>\n","protected":false},"featured_media":18358,"template":"","meta":[],"product_brand":[],"product_cat":[2517,2512,2506,2510],"product_tag":[3267,3236,3260,5704,5702,5689,2878],"class_list":{"0":"post-18363","1":"product","2":"type-product","3":"status-publish","4":"has-post-thumbnail","6":"product_cat-energias-renovables","7":"product_cat-fpg-cyclic-gel-es","8":"product_cat-industrial-es","9":"product_cat-marina-y-ocio","10":"product_tag-bateria-de-energia-renovable","11":"product_tag-bateria-de-movilidad","12":"product_tag-bateria-de-ocio","13":"product_tag-fpg12-250-es-2","14":"product_tag-fpg12200-es-2","15":"product_tag-fpg12250-es-2","16":"product_tag-gel-battery-es","18":"first","19":"instock","20":"shipping-taxable","21":"product-type-simple"},"yoast_head":"<!-- This site is optimized with the Yoast SEO plugin v26.9 - https:\/\/yoast.com\/product\/yoast-seo-wordpress\/ -->\n<title>FPG12-250 - Fulbat<\/title>\n<meta name=\"description\" content=\"%\" \/>\n<meta name=\"robots\" content=\"index, follow, max-snippet:-1, max-image-preview:large, max-video-preview:-1\" \/>\n<link rel=\"canonical\" href=\"https:\/\/fulbat.com\/es\/producto\/fpg12-250\/\" \/>\n<meta property=\"og:locale\" content=\"es_ES\" \/>\n<meta property=\"og:type\" content=\"article\" \/>\n<meta property=\"og:title\" content=\"FPG12-250 - Fulbat\" \/>\n<meta property=\"og:description\" content=\"%\" \/>\n<meta property=\"og:url\" content=\"https:\/\/fulbat.com\/es\/producto\/fpg12-250\/\" \/>\n<meta property=\"og:site_name\" content=\"Fulbat\" \/>\n<meta property=\"article:modified_time\" content=\"2025-11-18T14:57:52+00:00\" \/>\n<meta property=\"og:image\" content=\"https:\/\/fulbat.com\/wp-content\/uploads\/2023\/01\/Fulbat_Industrial-Cyclic_FPG12-250.png\" \/>\n\t<meta property=\"og:image:width\" content=\"591\" \/>\n\t<meta property=\"og:image:height\" content=\"390\" \/>\n\t<meta property=\"og:image:type\" content=\"image\/png\" \/>\n<meta name=\"twitter:card\" content=\"summary_large_image\" \/>\n<meta name=\"twitter:label1\" content=\"Tiempo de lectura\" \/>\n\t<meta name=\"twitter:data1\" content=\"1 minuto\" \/>\n<script type=\"application\/ld+json\" class=\"yoast-schema-graph\">{\"@context\":\"https:\/\/schema.org\",\"@graph\":[{\"@type\":\"WebPage\",\"@id\":\"https:\/\/fulbat.com\/es\/producto\/fpg12-250\/\",\"url\":\"https:\/\/fulbat.com\/es\/producto\/fpg12-250\/\",\"name\":\"FPG12-250 - Fulbat\",\"isPartOf\":{\"@id\":\"https:\/\/fulbat.com\/es\/#website\"},\"primaryImageOfPage\":{\"@id\":\"https:\/\/fulbat.com\/es\/producto\/fpg12-250\/#primaryimage\"},\"image\":{\"@id\":\"https:\/\/fulbat.com\/es\/producto\/fpg12-250\/#primaryimage\"},\"thumbnailUrl\":\"https:\/\/fulbat.com\/wp-content\/uploads\/2023\/01\/Fulbat_Industrial-Cyclic_FPG12-250.png\",\"datePublished\":\"2023-01-06T09:19:08+00:00\",\"dateModified\":\"2025-11-18T14:57:52+00:00\",\"description\":\"%\",\"breadcrumb\":{\"@id\":\"https:\/\/fulbat.com\/es\/producto\/fpg12-250\/#breadcrumb\"},\"inLanguage\":\"es\",\"potentialAction\":[{\"@type\":\"ReadAction\",\"target\":[\"https:\/\/fulbat.com\/es\/producto\/fpg12-250\/\"]}]},{\"@type\":\"ImageObject\",\"inLanguage\":\"es\",\"@id\":\"https:\/\/fulbat.com\/es\/producto\/fpg12-250\/#primaryimage\",\"url\":\"https:\/\/fulbat.com\/wp-content\/uploads\/2023\/01\/Fulbat_Industrial-Cyclic_FPG12-250.png\",\"contentUrl\":\"https:\/\/fulbat.com\/wp-content\/uploads\/2023\/01\/Fulbat_Industrial-Cyclic_FPG12-250.png\",\"width\":591,\"height\":390},{\"@type\":\"BreadcrumbList\",\"@id\":\"https:\/\/fulbat.com\/es\/producto\/fpg12-250\/#breadcrumb\",\"itemListElement\":[{\"@type\":\"ListItem\",\"position\":1,\"name\":\"Home\",\"item\":\"https:\/\/fulbat.com\/es\/\"},{\"@type\":\"ListItem\",\"position\":2,\"name\":\"Shop\",\"item\":\"https:\/\/fulbat.com\/shop\/\"},{\"@type\":\"ListItem\",\"position\":3,\"name\":\"Industrial\",\"item\":\"https:\/\/fulbat.com\/es\/industrial-es\/\"},{\"@type\":\"ListItem\",\"position\":4,\"name\":\"FPG12-250\"}]},{\"@type\":\"WebSite\",\"@id\":\"https:\/\/fulbat.com\/es\/#website\",\"url\":\"https:\/\/fulbat.com\/es\/\",\"name\":\"Fulbat\",\"description\":\"Qualitative, performing &amp; reliable battery solutions\",\"potentialAction\":[{\"@type\":\"SearchAction\",\"target\":{\"@type\":\"EntryPoint\",\"urlTemplate\":\"https:\/\/fulbat.com\/es\/?s={search_term_string}\"},\"query-input\":{\"@type\":\"PropertyValueSpecification\",\"valueRequired\":true,\"valueName\":\"search_term_string\"}}],\"inLanguage\":\"es\"}]}<\/script>\n<!-- \/ Yoast SEO plugin. -->","yoast_head_json":{"title":"FPG12-250 - Fulbat","description":"%","robots":{"index":"index","follow":"follow","max-snippet":"max-snippet:-1","max-image-preview":"max-image-preview:large","max-video-preview":"max-video-preview:-1"},"canonical":"https:\/\/fulbat.com\/es\/producto\/fpg12-250\/","og_locale":"es_ES","og_type":"article","og_title":"FPG12-250 - Fulbat","og_description":"%","og_url":"https:\/\/fulbat.com\/es\/producto\/fpg12-250\/","og_site_name":"Fulbat","article_modified_time":"2025-11-18T14:57:52+00:00","og_image":[{"width":591,"height":390,"url":"https:\/\/fulbat.com\/wp-content\/uploads\/2023\/01\/Fulbat_Industrial-Cyclic_FPG12-250.png","type":"image\/png"}],"twitter_card":"summary_large_image","twitter_misc":{"Tiempo de lectura":"1 minuto"},"schema":{"@context":"https:\/\/schema.org","@graph":[{"@type":"WebPage","@id":"https:\/\/fulbat.com\/es\/producto\/fpg12-250\/","url":"https:\/\/fulbat.com\/es\/producto\/fpg12-250\/","name":"FPG12-250 - Fulbat","isPartOf":{"@id":"https:\/\/fulbat.com\/es\/#website"},"primaryImageOfPage":{"@id":"https:\/\/fulbat.com\/es\/producto\/fpg12-250\/#primaryimage"},"image":{"@id":"https:\/\/fulbat.com\/es\/producto\/fpg12-250\/#primaryimage"},"thumbnailUrl":"https:\/\/fulbat.com\/wp-content\/uploads\/2023\/01\/Fulbat_Industrial-Cyclic_FPG12-250.png","datePublished":"2023-01-06T09:19:08+00:00","dateModified":"2025-11-18T14:57:52+00:00","description":"%","breadcrumb":{"@id":"https:\/\/fulbat.com\/es\/producto\/fpg12-250\/#breadcrumb"},"inLanguage":"es","potentialAction":[{"@type":"ReadAction","target":["https:\/\/fulbat.com\/es\/producto\/fpg12-250\/"]}]},{"@type":"ImageObject","inLanguage":"es","@id":"https:\/\/fulbat.com\/es\/producto\/fpg12-250\/#primaryimage","url":"https:\/\/fulbat.com\/wp-content\/uploads\/2023\/01\/Fulbat_Industrial-Cyclic_FPG12-250.png","contentUrl":"https:\/\/fulbat.com\/wp-content\/uploads\/2023\/01\/Fulbat_Industrial-Cyclic_FPG12-250.png","width":591,"height":390},{"@type":"BreadcrumbList","@id":"https:\/\/fulbat.com\/es\/producto\/fpg12-250\/#breadcrumb","itemListElement":[{"@type":"ListItem","position":1,"name":"Home","item":"https:\/\/fulbat.com\/es\/"},{"@type":"ListItem","position":2,"name":"Shop","item":"https:\/\/fulbat.com\/shop\/"},{"@type":"ListItem","position":3,"name":"Industrial","item":"https:\/\/fulbat.com\/es\/industrial-es\/"},{"@type":"ListItem","position":4,"name":"FPG12-250"}]},{"@type":"WebSite","@id":"https:\/\/fulbat.com\/es\/#website","url":"https:\/\/fulbat.com\/es\/","name":"Fulbat","description":"Qualitative, performing &amp; reliable battery solutions","potentialAction":[{"@type":"SearchAction","target":{"@type":"EntryPoint","urlTemplate":"https:\/\/fulbat.com\/es\/?s={search_term_string}"},"query-input":{"@type":"PropertyValueSpecification","valueRequired":true,"valueName":"search_term_string"}}],"inLanguage":"es"}]}},"_links":{"self":[{"href":"https:\/\/fulbat.com\/es\/wp-json\/wp\/v2\/product\/18363","targetHints":{"allow":["GET"]}}],"collection":[{"href":"https:\/\/fulbat.com\/es\/wp-json\/wp\/v2\/product"}],"about":[{"href":"https:\/\/fulbat.com\/es\/wp-json\/wp\/v2\/types\/product"}],"wp:featuredmedia":[{"embeddable":true,"href":"https:\/\/fulbat.com\/es\/wp-json\/wp\/v2\/media\/18358"}],"wp:attachment":[{"href":"https:\/\/fulbat.com\/es\/wp-json\/wp\/v2\/media?parent=18363"}],"wp:term":[{"taxonomy":"product_brand","embeddable":true,"href":"https:\/\/fulbat.com\/es\/wp-json\/wp\/v2\/product_brand?post=18363"},{"taxonomy":"product_cat","embeddable":true,"href":"https:\/\/fulbat.com\/es\/wp-json\/wp\/v2\/product_cat?post=18363"},{"taxonomy":"product_tag","embeddable":true,"href":"https:\/\/fulbat.com\/es\/wp-json\/wp\/v2\/product_tag?post=18363"}],"curies":[{"name":"wp","href":"https:\/\/api.w.org\/{rel}","templated":true}]}}