{"id":19359,"date":"2023-05-23T10:08:07","date_gmt":"2023-05-23T07:59:08","guid":{"rendered":"https:\/\/fulbat.com\/?post_type=product&#038;p=19359"},"modified":"2024-11-08T13:03:42","modified_gmt":"2024-11-08T12:03:42","slug":"fdc-875","status":"publish","type":"product","link":"https:\/\/fulbat.com\/es\/producto\/fdc-875\/","title":{"rendered":"FDC-875"},"content":{"rendered":"<p style=\"text-align: justify;\">La bater\u00eda FDC-875 forma parte de nuestra serie FDC \u2013 Deep Cycle. Especialmente dise\u00f1ada para peque\u00f1as aplicaciones de tracci\u00f3n, esta bater\u00eda de 8V 170Ah ofrece una larga vida \u00fatil con una alta resistencia a los ciclos gracias a las placas de rejilla reforzadas.<\/p>\n<p>Con sus terminales especiales y su robusta carcasa, la bater\u00eda FDC-875 ofrece la m\u00e1xima resistencia a las vibraciones para todas las aplicaciones industriales y de ocio.<\/p>\n","protected":false},"excerpt":{"rendered":"<p>Alto rendimiento y resistencia a las descargas profundas<\/p>\n<p>Baja autodescarga<\/p>\n<p>Baja autodescarga<\/p>\n<p>Bandeja de resina de polipropileno = Resistente a los impactos y a los \u00e1cidos<\/p>\n<p>Terminales de aleaci\u00f3n de plomo especialmente dise\u00f1ados para soportar altas vibraciones<\/p>\n<p>Rejillas reforzadas para soportar un uso c\u00edclico intenso<\/p>\n<p>Placas negativas: 99,9% de plomo puro con aditivos espec\u00edficos para la descarga profunda<\/p>\n<p>Muy buena capacidad de carga<\/p>\n<p>Baja p\u00e9rdida de agua y menor posibilidad de calentamiento<\/p>\n<p>Buen rendimiento en condiciones adversas de temperatura ambiente<\/p>\n","protected":false},"featured_media":19361,"template":"","meta":[],"product_brand":[],"product_cat":[2522,4245,2521,2520,2579],"product_tag":[4117,4118,4116,4153],"class_list":{"0":"post-19359","1":"product","2":"type-product","3":"status-publish","4":"has-post-thumbnail","6":"product_cat-carro-de-golf-es","7":"product_cat-fdc-deep-cycle-flooded-es","8":"product_cat-maquina-de-limpieza-de-suelos","9":"product_cat-plataforma-de-trabajo-aereo","10":"product_cat-traccion","11":"product_tag-bateria-carrito-de-golf","12":"product_tag-bateria-inundado","13":"product_tag-bateria-traccion","14":"product_tag-fdc-875-es","16":"first","17":"instock","18":"shipping-taxable","19":"product-type-simple"},"yoast_head":"<!-- This site is optimized with the Yoast SEO plugin v26.9 - https:\/\/yoast.com\/product\/yoast-seo-wordpress\/ -->\n<title>FDC-875 - Fulbat<\/title>\n<meta name=\"description\" content=\"%\" \/>\n<meta name=\"robots\" content=\"index, follow, max-snippet:-1, max-image-preview:large, max-video-preview:-1\" \/>\n<link rel=\"canonical\" href=\"https:\/\/fulbat.com\/es\/producto\/fdc-875\/\" \/>\n<meta property=\"og:locale\" content=\"es_ES\" \/>\n<meta property=\"og:type\" content=\"article\" \/>\n<meta property=\"og:title\" content=\"FDC-875 - Fulbat\" \/>\n<meta property=\"og:description\" content=\"%\" \/>\n<meta property=\"og:url\" content=\"https:\/\/fulbat.com\/es\/producto\/fdc-875\/\" \/>\n<meta property=\"og:site_name\" content=\"Fulbat\" \/>\n<meta property=\"article:modified_time\" content=\"2024-11-08T12:03:42+00:00\" \/>\n<meta property=\"og:image\" content=\"https:\/\/fulbat.com\/wp-content\/uploads\/2020\/09\/Fulbat_Deepcycle_FDC-875.png\" \/>\n\t<meta property=\"og:image:width\" content=\"401\" \/>\n\t<meta property=\"og:image:height\" content=\"429\" \/>\n\t<meta property=\"og:image:type\" content=\"image\/png\" \/>\n<meta name=\"twitter:card\" content=\"summary_large_image\" \/>\n<meta name=\"twitter:label1\" content=\"Tiempo de lectura\" \/>\n\t<meta name=\"twitter:data1\" content=\"1 minuto\" \/>\n<script type=\"application\/ld+json\" class=\"yoast-schema-graph\">{\"@context\":\"https:\/\/schema.org\",\"@graph\":[{\"@type\":\"WebPage\",\"@id\":\"https:\/\/fulbat.com\/es\/producto\/fdc-875\/\",\"url\":\"https:\/\/fulbat.com\/es\/producto\/fdc-875\/\",\"name\":\"FDC-875 - Fulbat\",\"isPartOf\":{\"@id\":\"https:\/\/fulbat.com\/es\/#website\"},\"primaryImageOfPage\":{\"@id\":\"https:\/\/fulbat.com\/es\/producto\/fdc-875\/#primaryimage\"},\"image\":{\"@id\":\"https:\/\/fulbat.com\/es\/producto\/fdc-875\/#primaryimage\"},\"thumbnailUrl\":\"https:\/\/fulbat.com\/wp-content\/uploads\/2020\/09\/Fulbat_Deepcycle_FDC-875.png\",\"datePublished\":\"2023-05-23T07:59:08+00:00\",\"dateModified\":\"2024-11-08T12:03:42+00:00\",\"description\":\"%\",\"breadcrumb\":{\"@id\":\"https:\/\/fulbat.com\/es\/producto\/fdc-875\/#breadcrumb\"},\"inLanguage\":\"es\",\"potentialAction\":[{\"@type\":\"ReadAction\",\"target\":[\"https:\/\/fulbat.com\/es\/producto\/fdc-875\/\"]}]},{\"@type\":\"ImageObject\",\"inLanguage\":\"es\",\"@id\":\"https:\/\/fulbat.com\/es\/producto\/fdc-875\/#primaryimage\",\"url\":\"https:\/\/fulbat.com\/wp-content\/uploads\/2020\/09\/Fulbat_Deepcycle_FDC-875.png\",\"contentUrl\":\"https:\/\/fulbat.com\/wp-content\/uploads\/2020\/09\/Fulbat_Deepcycle_FDC-875.png\",\"width\":401,\"height\":429},{\"@type\":\"BreadcrumbList\",\"@id\":\"https:\/\/fulbat.com\/es\/producto\/fdc-875\/#breadcrumb\",\"itemListElement\":[{\"@type\":\"ListItem\",\"position\":1,\"name\":\"Home\",\"item\":\"https:\/\/fulbat.com\/es\/\"},{\"@type\":\"ListItem\",\"position\":2,\"name\":\"Shop\",\"item\":\"https:\/\/fulbat.com\/shop\/\"},{\"@type\":\"ListItem\",\"position\":3,\"name\":\"Tracci\u00f3n\",\"item\":\"https:\/\/fulbat.com\/es\/traccion\/\"},{\"@type\":\"ListItem\",\"position\":4,\"name\":\"FDC-875\"}]},{\"@type\":\"WebSite\",\"@id\":\"https:\/\/fulbat.com\/es\/#website\",\"url\":\"https:\/\/fulbat.com\/es\/\",\"name\":\"Fulbat\",\"description\":\"Qualitative, performing &amp; reliable battery solutions\",\"potentialAction\":[{\"@type\":\"SearchAction\",\"target\":{\"@type\":\"EntryPoint\",\"urlTemplate\":\"https:\/\/fulbat.com\/es\/?s={search_term_string}\"},\"query-input\":{\"@type\":\"PropertyValueSpecification\",\"valueRequired\":true,\"valueName\":\"search_term_string\"}}],\"inLanguage\":\"es\"}]}<\/script>\n<!-- \/ Yoast SEO plugin. -->","yoast_head_json":{"title":"FDC-875 - Fulbat","description":"%","robots":{"index":"index","follow":"follow","max-snippet":"max-snippet:-1","max-image-preview":"max-image-preview:large","max-video-preview":"max-video-preview:-1"},"canonical":"https:\/\/fulbat.com\/es\/producto\/fdc-875\/","og_locale":"es_ES","og_type":"article","og_title":"FDC-875 - Fulbat","og_description":"%","og_url":"https:\/\/fulbat.com\/es\/producto\/fdc-875\/","og_site_name":"Fulbat","article_modified_time":"2024-11-08T12:03:42+00:00","og_image":[{"width":401,"height":429,"url":"https:\/\/fulbat.com\/wp-content\/uploads\/2020\/09\/Fulbat_Deepcycle_FDC-875.png","type":"image\/png"}],"twitter_card":"summary_large_image","twitter_misc":{"Tiempo de lectura":"1 minuto"},"schema":{"@context":"https:\/\/schema.org","@graph":[{"@type":"WebPage","@id":"https:\/\/fulbat.com\/es\/producto\/fdc-875\/","url":"https:\/\/fulbat.com\/es\/producto\/fdc-875\/","name":"FDC-875 - Fulbat","isPartOf":{"@id":"https:\/\/fulbat.com\/es\/#website"},"primaryImageOfPage":{"@id":"https:\/\/fulbat.com\/es\/producto\/fdc-875\/#primaryimage"},"image":{"@id":"https:\/\/fulbat.com\/es\/producto\/fdc-875\/#primaryimage"},"thumbnailUrl":"https:\/\/fulbat.com\/wp-content\/uploads\/2020\/09\/Fulbat_Deepcycle_FDC-875.png","datePublished":"2023-05-23T07:59:08+00:00","dateModified":"2024-11-08T12:03:42+00:00","description":"%","breadcrumb":{"@id":"https:\/\/fulbat.com\/es\/producto\/fdc-875\/#breadcrumb"},"inLanguage":"es","potentialAction":[{"@type":"ReadAction","target":["https:\/\/fulbat.com\/es\/producto\/fdc-875\/"]}]},{"@type":"ImageObject","inLanguage":"es","@id":"https:\/\/fulbat.com\/es\/producto\/fdc-875\/#primaryimage","url":"https:\/\/fulbat.com\/wp-content\/uploads\/2020\/09\/Fulbat_Deepcycle_FDC-875.png","contentUrl":"https:\/\/fulbat.com\/wp-content\/uploads\/2020\/09\/Fulbat_Deepcycle_FDC-875.png","width":401,"height":429},{"@type":"BreadcrumbList","@id":"https:\/\/fulbat.com\/es\/producto\/fdc-875\/#breadcrumb","itemListElement":[{"@type":"ListItem","position":1,"name":"Home","item":"https:\/\/fulbat.com\/es\/"},{"@type":"ListItem","position":2,"name":"Shop","item":"https:\/\/fulbat.com\/shop\/"},{"@type":"ListItem","position":3,"name":"Tracci\u00f3n","item":"https:\/\/fulbat.com\/es\/traccion\/"},{"@type":"ListItem","position":4,"name":"FDC-875"}]},{"@type":"WebSite","@id":"https:\/\/fulbat.com\/es\/#website","url":"https:\/\/fulbat.com\/es\/","name":"Fulbat","description":"Qualitative, performing &amp; reliable battery solutions","potentialAction":[{"@type":"SearchAction","target":{"@type":"EntryPoint","urlTemplate":"https:\/\/fulbat.com\/es\/?s={search_term_string}"},"query-input":{"@type":"PropertyValueSpecification","valueRequired":true,"valueName":"search_term_string"}}],"inLanguage":"es"}]}},"_links":{"self":[{"href":"https:\/\/fulbat.com\/es\/wp-json\/wp\/v2\/product\/19359","targetHints":{"allow":["GET"]}}],"collection":[{"href":"https:\/\/fulbat.com\/es\/wp-json\/wp\/v2\/product"}],"about":[{"href":"https:\/\/fulbat.com\/es\/wp-json\/wp\/v2\/types\/product"}],"wp:featuredmedia":[{"embeddable":true,"href":"https:\/\/fulbat.com\/es\/wp-json\/wp\/v2\/media\/19361"}],"wp:attachment":[{"href":"https:\/\/fulbat.com\/es\/wp-json\/wp\/v2\/media?parent=19359"}],"wp:term":[{"taxonomy":"product_brand","embeddable":true,"href":"https:\/\/fulbat.com\/es\/wp-json\/wp\/v2\/product_brand?post=19359"},{"taxonomy":"product_cat","embeddable":true,"href":"https:\/\/fulbat.com\/es\/wp-json\/wp\/v2\/product_cat?post=19359"},{"taxonomy":"product_tag","embeddable":true,"href":"https:\/\/fulbat.com\/es\/wp-json\/wp\/v2\/product_tag?post=19359"}],"curies":[{"name":"wp","href":"https:\/\/api.w.org\/{rel}","templated":true}]}}