{"id":19423,"date":"2023-05-23T17:37:23","date_gmt":"2023-05-23T15:37:24","guid":{"rendered":"https:\/\/fulbat.com\/?post_type=product&#038;p=19423"},"modified":"2024-12-05T12:14:58","modified_gmt":"2024-12-05T11:14:58","slug":"fdc12-145","status":"publish","type":"product","link":"https:\/\/fulbat.com\/es\/producto\/fdc12-145\/","title":{"rendered":"FDC12-145"},"content":{"rendered":"<p style=\"text-align: justify;\">La bater\u00eda FDC12-145 forma parte de nuestra gama FDC \u2013 Deep Cycle AGM Carbon. Especialmente dise\u00f1ada para aplicaciones de tracci\u00f3n que requieren descargas profundas y frecuentes, esta bater\u00eda de 12V 148Ah ofrece la m\u00e1xima vida \u00fatil con con alta resistencia a los ciclos gracias a las placas m\u00e1s gruesas y a las rejillas reforzadas.<\/p>\n<p style=\"text-align: justify;\">Completamente libre de mantenimiento y con un dise\u00f1o resistente al agua, la bater\u00eda FDC12-145 proporcionar\u00e1 un rendimiento \u00f3ptimo para los veh\u00edculos el\u00e9ctricos y otras aplicaciones como limpiadoras inusdtriales, marina, solar&#8230; .<\/p>\n","protected":false},"excerpt":{"rendered":"<p>Sellada y sin mantenimiento<\/p>\n<p>No hay manipulaci\u00f3n de \u00e1cidos<\/p>\n<p>Dise\u00f1o Deep Cycle para obtener una gran capacidad y m\u00e1xima vida \u00fatil<\/p>\n<p>Placas y rejillas reforzadas para un uso c\u00edclico \u00f3ptimo<\/p>\n<p>Carbono a\u00f1adido para un alto rendimiento en estado de carga parcial (PSOC) y una carga m\u00e1s r\u00e1pida<\/p>\n<p>No hay fen\u00f3meno de estratificaci\u00f3n<\/p>\n<p>Robusta, segura y fiable<\/p>\n<p>Baja tasa de autodescarga para una larga vida de almacenamiento<\/p>\n","protected":false},"featured_media":19849,"template":"","meta":[],"product_brand":[],"product_cat":[4243,2521,2520,2579],"product_tag":[4116,4212],"class_list":{"0":"post-19423","1":"product","2":"type-product","3":"status-publish","4":"has-post-thumbnail","6":"product_cat-fdc-deep-cycle-agm-carbon-es","7":"product_cat-maquina-de-limpieza-de-suelos","8":"product_cat-plataforma-de-trabajo-aereo","9":"product_cat-traccion","10":"product_tag-bateria-traccion","11":"product_tag-fdc12-145-es","13":"first","14":"instock","15":"shipping-taxable","16":"product-type-simple"},"yoast_head":"<!-- This site is optimized with the Yoast SEO plugin v26.9 - https:\/\/yoast.com\/product\/yoast-seo-wordpress\/ -->\n<title>FDC12-145 - Fulbat<\/title>\n<meta name=\"description\" content=\"%\" \/>\n<meta name=\"robots\" content=\"index, follow, max-snippet:-1, max-image-preview:large, max-video-preview:-1\" \/>\n<link rel=\"canonical\" href=\"https:\/\/fulbat.com\/es\/producto\/fdc12-145\/\" \/>\n<meta property=\"og:locale\" content=\"es_ES\" \/>\n<meta property=\"og:type\" content=\"article\" \/>\n<meta property=\"og:title\" content=\"FDC12-145 - Fulbat\" \/>\n<meta property=\"og:description\" content=\"%\" \/>\n<meta property=\"og:url\" content=\"https:\/\/fulbat.com\/es\/producto\/fdc12-145\/\" \/>\n<meta property=\"og:site_name\" content=\"Fulbat\" \/>\n<meta property=\"article:modified_time\" content=\"2024-12-05T11:14:58+00:00\" \/>\n<meta property=\"og:image\" content=\"https:\/\/fulbat.com\/wp-content\/uploads\/2023\/06\/2023-Fulbat-AGMCarbon-FDC12-145.png\" \/>\n\t<meta property=\"og:image:width\" content=\"500\" \/>\n\t<meta property=\"og:image:height\" content=\"500\" \/>\n\t<meta property=\"og:image:type\" content=\"image\/png\" \/>\n<meta name=\"twitter:card\" content=\"summary_large_image\" \/>\n<meta name=\"twitter:label1\" content=\"Tiempo de lectura\" \/>\n\t<meta name=\"twitter:data1\" content=\"1 minuto\" \/>\n<script type=\"application\/ld+json\" class=\"yoast-schema-graph\">{\"@context\":\"https:\/\/schema.org\",\"@graph\":[{\"@type\":\"WebPage\",\"@id\":\"https:\/\/fulbat.com\/es\/producto\/fdc12-145\/\",\"url\":\"https:\/\/fulbat.com\/es\/producto\/fdc12-145\/\",\"name\":\"FDC12-145 - Fulbat\",\"isPartOf\":{\"@id\":\"https:\/\/fulbat.com\/es\/#website\"},\"primaryImageOfPage\":{\"@id\":\"https:\/\/fulbat.com\/es\/producto\/fdc12-145\/#primaryimage\"},\"image\":{\"@id\":\"https:\/\/fulbat.com\/es\/producto\/fdc12-145\/#primaryimage\"},\"thumbnailUrl\":\"https:\/\/fulbat.com\/wp-content\/uploads\/2023\/06\/2023-Fulbat-AGMCarbon-FDC12-145.png\",\"datePublished\":\"2023-05-23T15:37:24+00:00\",\"dateModified\":\"2024-12-05T11:14:58+00:00\",\"description\":\"%\",\"breadcrumb\":{\"@id\":\"https:\/\/fulbat.com\/es\/producto\/fdc12-145\/#breadcrumb\"},\"inLanguage\":\"es\",\"potentialAction\":[{\"@type\":\"ReadAction\",\"target\":[\"https:\/\/fulbat.com\/es\/producto\/fdc12-145\/\"]}]},{\"@type\":\"ImageObject\",\"inLanguage\":\"es\",\"@id\":\"https:\/\/fulbat.com\/es\/producto\/fdc12-145\/#primaryimage\",\"url\":\"https:\/\/fulbat.com\/wp-content\/uploads\/2023\/06\/2023-Fulbat-AGMCarbon-FDC12-145.png\",\"contentUrl\":\"https:\/\/fulbat.com\/wp-content\/uploads\/2023\/06\/2023-Fulbat-AGMCarbon-FDC12-145.png\",\"width\":500,\"height\":500},{\"@type\":\"BreadcrumbList\",\"@id\":\"https:\/\/fulbat.com\/es\/producto\/fdc12-145\/#breadcrumb\",\"itemListElement\":[{\"@type\":\"ListItem\",\"position\":1,\"name\":\"Home\",\"item\":\"https:\/\/fulbat.com\/es\/\"},{\"@type\":\"ListItem\",\"position\":2,\"name\":\"Shop\",\"item\":\"https:\/\/fulbat.com\/shop\/\"},{\"@type\":\"ListItem\",\"position\":3,\"name\":\"Tracci\u00f3n\",\"item\":\"https:\/\/fulbat.com\/es\/traccion\/\"},{\"@type\":\"ListItem\",\"position\":4,\"name\":\"FDC12-145\"}]},{\"@type\":\"WebSite\",\"@id\":\"https:\/\/fulbat.com\/es\/#website\",\"url\":\"https:\/\/fulbat.com\/es\/\",\"name\":\"Fulbat\",\"description\":\"Qualitative, performing &amp; reliable battery solutions\",\"potentialAction\":[{\"@type\":\"SearchAction\",\"target\":{\"@type\":\"EntryPoint\",\"urlTemplate\":\"https:\/\/fulbat.com\/es\/?s={search_term_string}\"},\"query-input\":{\"@type\":\"PropertyValueSpecification\",\"valueRequired\":true,\"valueName\":\"search_term_string\"}}],\"inLanguage\":\"es\"}]}<\/script>\n<!-- \/ Yoast SEO plugin. -->","yoast_head_json":{"title":"FDC12-145 - Fulbat","description":"%","robots":{"index":"index","follow":"follow","max-snippet":"max-snippet:-1","max-image-preview":"max-image-preview:large","max-video-preview":"max-video-preview:-1"},"canonical":"https:\/\/fulbat.com\/es\/producto\/fdc12-145\/","og_locale":"es_ES","og_type":"article","og_title":"FDC12-145 - Fulbat","og_description":"%","og_url":"https:\/\/fulbat.com\/es\/producto\/fdc12-145\/","og_site_name":"Fulbat","article_modified_time":"2024-12-05T11:14:58+00:00","og_image":[{"width":500,"height":500,"url":"https:\/\/fulbat.com\/wp-content\/uploads\/2023\/06\/2023-Fulbat-AGMCarbon-FDC12-145.png","type":"image\/png"}],"twitter_card":"summary_large_image","twitter_misc":{"Tiempo de lectura":"1 minuto"},"schema":{"@context":"https:\/\/schema.org","@graph":[{"@type":"WebPage","@id":"https:\/\/fulbat.com\/es\/producto\/fdc12-145\/","url":"https:\/\/fulbat.com\/es\/producto\/fdc12-145\/","name":"FDC12-145 - Fulbat","isPartOf":{"@id":"https:\/\/fulbat.com\/es\/#website"},"primaryImageOfPage":{"@id":"https:\/\/fulbat.com\/es\/producto\/fdc12-145\/#primaryimage"},"image":{"@id":"https:\/\/fulbat.com\/es\/producto\/fdc12-145\/#primaryimage"},"thumbnailUrl":"https:\/\/fulbat.com\/wp-content\/uploads\/2023\/06\/2023-Fulbat-AGMCarbon-FDC12-145.png","datePublished":"2023-05-23T15:37:24+00:00","dateModified":"2024-12-05T11:14:58+00:00","description":"%","breadcrumb":{"@id":"https:\/\/fulbat.com\/es\/producto\/fdc12-145\/#breadcrumb"},"inLanguage":"es","potentialAction":[{"@type":"ReadAction","target":["https:\/\/fulbat.com\/es\/producto\/fdc12-145\/"]}]},{"@type":"ImageObject","inLanguage":"es","@id":"https:\/\/fulbat.com\/es\/producto\/fdc12-145\/#primaryimage","url":"https:\/\/fulbat.com\/wp-content\/uploads\/2023\/06\/2023-Fulbat-AGMCarbon-FDC12-145.png","contentUrl":"https:\/\/fulbat.com\/wp-content\/uploads\/2023\/06\/2023-Fulbat-AGMCarbon-FDC12-145.png","width":500,"height":500},{"@type":"BreadcrumbList","@id":"https:\/\/fulbat.com\/es\/producto\/fdc12-145\/#breadcrumb","itemListElement":[{"@type":"ListItem","position":1,"name":"Home","item":"https:\/\/fulbat.com\/es\/"},{"@type":"ListItem","position":2,"name":"Shop","item":"https:\/\/fulbat.com\/shop\/"},{"@type":"ListItem","position":3,"name":"Tracci\u00f3n","item":"https:\/\/fulbat.com\/es\/traccion\/"},{"@type":"ListItem","position":4,"name":"FDC12-145"}]},{"@type":"WebSite","@id":"https:\/\/fulbat.com\/es\/#website","url":"https:\/\/fulbat.com\/es\/","name":"Fulbat","description":"Qualitative, performing &amp; reliable battery solutions","potentialAction":[{"@type":"SearchAction","target":{"@type":"EntryPoint","urlTemplate":"https:\/\/fulbat.com\/es\/?s={search_term_string}"},"query-input":{"@type":"PropertyValueSpecification","valueRequired":true,"valueName":"search_term_string"}}],"inLanguage":"es"}]}},"_links":{"self":[{"href":"https:\/\/fulbat.com\/es\/wp-json\/wp\/v2\/product\/19423","targetHints":{"allow":["GET"]}}],"collection":[{"href":"https:\/\/fulbat.com\/es\/wp-json\/wp\/v2\/product"}],"about":[{"href":"https:\/\/fulbat.com\/es\/wp-json\/wp\/v2\/types\/product"}],"wp:featuredmedia":[{"embeddable":true,"href":"https:\/\/fulbat.com\/es\/wp-json\/wp\/v2\/media\/19849"}],"wp:attachment":[{"href":"https:\/\/fulbat.com\/es\/wp-json\/wp\/v2\/media?parent=19423"}],"wp:term":[{"taxonomy":"product_brand","embeddable":true,"href":"https:\/\/fulbat.com\/es\/wp-json\/wp\/v2\/product_brand?post=19423"},{"taxonomy":"product_cat","embeddable":true,"href":"https:\/\/fulbat.com\/es\/wp-json\/wp\/v2\/product_cat?post=19423"},{"taxonomy":"product_tag","embeddable":true,"href":"https:\/\/fulbat.com\/es\/wp-json\/wp\/v2\/product_tag?post=19423"}],"curies":[{"name":"wp","href":"https:\/\/api.w.org\/{rel}","templated":true}]}}