{"id":21802,"date":"2023-12-22T09:38:43","date_gmt":"2023-12-22T08:38:44","guid":{"rendered":"https:\/\/fulbat.com\/?post_type=product&#038;p=21802"},"modified":"2024-01-03T17:51:24","modified_gmt":"2024-01-03T16:51:24","slug":"kit-de-llenado-36v-6x6v","status":"publish","type":"product","link":"https:\/\/fulbat.com\/es\/producto\/kit-de-llenado-36v-6x6v\/","title":{"rendered":"KIT DE LLENADO 36V (6X6V)"},"content":{"rendered":"<p>Este kit de llenado facilita el mantenimiento de las bater\u00edas FDC Deep Cycle Flooded y su llenado al nivel de agua \u00f3ptimo! Este sistema automatiza el proceso de llenado, mejorando la eficiencia, seguridad y vida \u00fatil de las bater\u00edas. Estos beneficios tambi\u00e9n se traducen en ahorros de tiempo y dinero.<\/p>\n<p>Este kit de 36V est\u00e1 dise\u00f1ado para nuestras bater\u00edas Flooded 6V FULBAT FDC (FDC-605, FDC-105, FDC-125)..<\/p>\n<p><strong>Contenido del kit:\u00a0<\/strong><\/p>\n<ul>\n<li>Tapones preinstalados (x6 unidades)<\/li>\n<li>Tapones finales (x2 unidades)<\/li>\n<li>Conector macho todo en uno (x1 unidad)<\/li>\n<li>Tubo de PVC (x1 unidad)<\/li>\n<\/ul>\n","protected":false},"excerpt":{"rendered":"<p>Mantenimiento sencillo de las bater\u00edas FDC Deep Cycle Flooded<\/p>\n<p>Mejora la eficiencia, seguridad y vida \u00fatil de la bater\u00eda.<\/p>\n<p>Ahorro de tiempo y dinero<\/p>\n","protected":false},"featured_media":21806,"template":"","meta":[],"product_brand":[],"product_cat":[2522,4245,2579],"product_tag":[4331,4115,4147,4149],"class_list":{"0":"post-21802","1":"product","2":"type-product","3":"status-publish","4":"has-post-thumbnail","6":"product_cat-carro-de-golf-es","7":"product_cat-fdc-deep-cycle-flooded-es","8":"product_cat-traccion","9":"product_tag-battery-es","10":"product_tag-fdc-105-es","11":"product_tag-fdc-125-es","12":"product_tag-fdc-605-es","14":"first","15":"outofstock","16":"shipping-taxable","17":"product-type-simple"},"yoast_head":"<!-- This site is optimized with the Yoast SEO plugin v26.9 - https:\/\/yoast.com\/product\/yoast-seo-wordpress\/ -->\n<title>KIT DE LLENADO 36V (6X6V) - Fulbat<\/title>\n<meta name=\"description\" content=\"%\" \/>\n<meta name=\"robots\" content=\"index, follow, max-snippet:-1, max-image-preview:large, max-video-preview:-1\" \/>\n<link rel=\"canonical\" href=\"https:\/\/fulbat.com\/es\/producto\/kit-de-llenado-36v-6x6v\/\" \/>\n<meta property=\"og:locale\" content=\"es_ES\" \/>\n<meta property=\"og:type\" content=\"article\" \/>\n<meta property=\"og:title\" content=\"KIT DE LLENADO 36V (6X6V) - Fulbat\" \/>\n<meta property=\"og:description\" content=\"%\" \/>\n<meta property=\"og:url\" content=\"https:\/\/fulbat.com\/es\/producto\/kit-de-llenado-36v-6x6v\/\" \/>\n<meta property=\"og:site_name\" content=\"Fulbat\" \/>\n<meta property=\"article:modified_time\" content=\"2024-01-03T16:51:24+00:00\" \/>\n<meta property=\"og:image\" content=\"https:\/\/fulbat.com\/wp-content\/uploads\/2023\/12\/FT_Watering_Kit_36V_6x6V.png\" \/>\n\t<meta property=\"og:image:width\" content=\"3334\" \/>\n\t<meta property=\"og:image:height\" content=\"1428\" \/>\n\t<meta property=\"og:image:type\" content=\"image\/png\" \/>\n<meta name=\"twitter:card\" content=\"summary_large_image\" \/>\n<meta name=\"twitter:label1\" content=\"Tiempo de lectura\" \/>\n\t<meta name=\"twitter:data1\" content=\"1 minuto\" \/>\n<script type=\"application\/ld+json\" class=\"yoast-schema-graph\">{\"@context\":\"https:\/\/schema.org\",\"@graph\":[{\"@type\":\"WebPage\",\"@id\":\"https:\/\/fulbat.com\/es\/producto\/kit-de-llenado-36v-6x6v\/\",\"url\":\"https:\/\/fulbat.com\/es\/producto\/kit-de-llenado-36v-6x6v\/\",\"name\":\"KIT DE LLENADO 36V (6X6V) - Fulbat\",\"isPartOf\":{\"@id\":\"https:\/\/fulbat.com\/es\/#website\"},\"primaryImageOfPage\":{\"@id\":\"https:\/\/fulbat.com\/es\/producto\/kit-de-llenado-36v-6x6v\/#primaryimage\"},\"image\":{\"@id\":\"https:\/\/fulbat.com\/es\/producto\/kit-de-llenado-36v-6x6v\/#primaryimage\"},\"thumbnailUrl\":\"https:\/\/fulbat.com\/wp-content\/uploads\/2023\/12\/FT_Watering_Kit_36V_6x6V.png\",\"datePublished\":\"2023-12-22T08:38:44+00:00\",\"dateModified\":\"2024-01-03T16:51:24+00:00\",\"description\":\"%\",\"breadcrumb\":{\"@id\":\"https:\/\/fulbat.com\/es\/producto\/kit-de-llenado-36v-6x6v\/#breadcrumb\"},\"inLanguage\":\"es\",\"potentialAction\":[{\"@type\":\"ReadAction\",\"target\":[\"https:\/\/fulbat.com\/es\/producto\/kit-de-llenado-36v-6x6v\/\"]}]},{\"@type\":\"ImageObject\",\"inLanguage\":\"es\",\"@id\":\"https:\/\/fulbat.com\/es\/producto\/kit-de-llenado-36v-6x6v\/#primaryimage\",\"url\":\"https:\/\/fulbat.com\/wp-content\/uploads\/2023\/12\/FT_Watering_Kit_36V_6x6V.png\",\"contentUrl\":\"https:\/\/fulbat.com\/wp-content\/uploads\/2023\/12\/FT_Watering_Kit_36V_6x6V.png\",\"width\":3334,\"height\":1428},{\"@type\":\"BreadcrumbList\",\"@id\":\"https:\/\/fulbat.com\/es\/producto\/kit-de-llenado-36v-6x6v\/#breadcrumb\",\"itemListElement\":[{\"@type\":\"ListItem\",\"position\":1,\"name\":\"Home\",\"item\":\"https:\/\/fulbat.com\/es\/\"},{\"@type\":\"ListItem\",\"position\":2,\"name\":\"Shop\",\"item\":\"https:\/\/fulbat.com\/shop\/\"},{\"@type\":\"ListItem\",\"position\":3,\"name\":\"Tracci\u00f3n\",\"item\":\"https:\/\/fulbat.com\/es\/traccion\/\"},{\"@type\":\"ListItem\",\"position\":4,\"name\":\"KIT DE LLENADO 36V (6X6V)\"}]},{\"@type\":\"WebSite\",\"@id\":\"https:\/\/fulbat.com\/es\/#website\",\"url\":\"https:\/\/fulbat.com\/es\/\",\"name\":\"Fulbat\",\"description\":\"Qualitative, performing &amp; reliable battery solutions\",\"potentialAction\":[{\"@type\":\"SearchAction\",\"target\":{\"@type\":\"EntryPoint\",\"urlTemplate\":\"https:\/\/fulbat.com\/es\/?s={search_term_string}\"},\"query-input\":{\"@type\":\"PropertyValueSpecification\",\"valueRequired\":true,\"valueName\":\"search_term_string\"}}],\"inLanguage\":\"es\"}]}<\/script>\n<!-- \/ Yoast SEO plugin. -->","yoast_head_json":{"title":"KIT DE LLENADO 36V (6X6V) - Fulbat","description":"%","robots":{"index":"index","follow":"follow","max-snippet":"max-snippet:-1","max-image-preview":"max-image-preview:large","max-video-preview":"max-video-preview:-1"},"canonical":"https:\/\/fulbat.com\/es\/producto\/kit-de-llenado-36v-6x6v\/","og_locale":"es_ES","og_type":"article","og_title":"KIT DE LLENADO 36V (6X6V) - Fulbat","og_description":"%","og_url":"https:\/\/fulbat.com\/es\/producto\/kit-de-llenado-36v-6x6v\/","og_site_name":"Fulbat","article_modified_time":"2024-01-03T16:51:24+00:00","og_image":[{"width":3334,"height":1428,"url":"https:\/\/fulbat.com\/wp-content\/uploads\/2023\/12\/FT_Watering_Kit_36V_6x6V.png","type":"image\/png"}],"twitter_card":"summary_large_image","twitter_misc":{"Tiempo de lectura":"1 minuto"},"schema":{"@context":"https:\/\/schema.org","@graph":[{"@type":"WebPage","@id":"https:\/\/fulbat.com\/es\/producto\/kit-de-llenado-36v-6x6v\/","url":"https:\/\/fulbat.com\/es\/producto\/kit-de-llenado-36v-6x6v\/","name":"KIT DE LLENADO 36V (6X6V) - Fulbat","isPartOf":{"@id":"https:\/\/fulbat.com\/es\/#website"},"primaryImageOfPage":{"@id":"https:\/\/fulbat.com\/es\/producto\/kit-de-llenado-36v-6x6v\/#primaryimage"},"image":{"@id":"https:\/\/fulbat.com\/es\/producto\/kit-de-llenado-36v-6x6v\/#primaryimage"},"thumbnailUrl":"https:\/\/fulbat.com\/wp-content\/uploads\/2023\/12\/FT_Watering_Kit_36V_6x6V.png","datePublished":"2023-12-22T08:38:44+00:00","dateModified":"2024-01-03T16:51:24+00:00","description":"%","breadcrumb":{"@id":"https:\/\/fulbat.com\/es\/producto\/kit-de-llenado-36v-6x6v\/#breadcrumb"},"inLanguage":"es","potentialAction":[{"@type":"ReadAction","target":["https:\/\/fulbat.com\/es\/producto\/kit-de-llenado-36v-6x6v\/"]}]},{"@type":"ImageObject","inLanguage":"es","@id":"https:\/\/fulbat.com\/es\/producto\/kit-de-llenado-36v-6x6v\/#primaryimage","url":"https:\/\/fulbat.com\/wp-content\/uploads\/2023\/12\/FT_Watering_Kit_36V_6x6V.png","contentUrl":"https:\/\/fulbat.com\/wp-content\/uploads\/2023\/12\/FT_Watering_Kit_36V_6x6V.png","width":3334,"height":1428},{"@type":"BreadcrumbList","@id":"https:\/\/fulbat.com\/es\/producto\/kit-de-llenado-36v-6x6v\/#breadcrumb","itemListElement":[{"@type":"ListItem","position":1,"name":"Home","item":"https:\/\/fulbat.com\/es\/"},{"@type":"ListItem","position":2,"name":"Shop","item":"https:\/\/fulbat.com\/shop\/"},{"@type":"ListItem","position":3,"name":"Tracci\u00f3n","item":"https:\/\/fulbat.com\/es\/traccion\/"},{"@type":"ListItem","position":4,"name":"KIT DE LLENADO 36V (6X6V)"}]},{"@type":"WebSite","@id":"https:\/\/fulbat.com\/es\/#website","url":"https:\/\/fulbat.com\/es\/","name":"Fulbat","description":"Qualitative, performing &amp; reliable battery solutions","potentialAction":[{"@type":"SearchAction","target":{"@type":"EntryPoint","urlTemplate":"https:\/\/fulbat.com\/es\/?s={search_term_string}"},"query-input":{"@type":"PropertyValueSpecification","valueRequired":true,"valueName":"search_term_string"}}],"inLanguage":"es"}]}},"_links":{"self":[{"href":"https:\/\/fulbat.com\/es\/wp-json\/wp\/v2\/product\/21802","targetHints":{"allow":["GET"]}}],"collection":[{"href":"https:\/\/fulbat.com\/es\/wp-json\/wp\/v2\/product"}],"about":[{"href":"https:\/\/fulbat.com\/es\/wp-json\/wp\/v2\/types\/product"}],"wp:featuredmedia":[{"embeddable":true,"href":"https:\/\/fulbat.com\/es\/wp-json\/wp\/v2\/media\/21806"}],"wp:attachment":[{"href":"https:\/\/fulbat.com\/es\/wp-json\/wp\/v2\/media?parent=21802"}],"wp:term":[{"taxonomy":"product_brand","embeddable":true,"href":"https:\/\/fulbat.com\/es\/wp-json\/wp\/v2\/product_brand?post=21802"},{"taxonomy":"product_cat","embeddable":true,"href":"https:\/\/fulbat.com\/es\/wp-json\/wp\/v2\/product_cat?post=21802"},{"taxonomy":"product_tag","embeddable":true,"href":"https:\/\/fulbat.com\/es\/wp-json\/wp\/v2\/product_tag?post=21802"}],"curies":[{"name":"wp","href":"https:\/\/api.w.org\/{rel}","templated":true}]}}