{"id":21815,"date":"2023-12-22T10:10:17","date_gmt":"2023-12-22T09:10:17","guid":{"rendered":"https:\/\/fulbat.com\/?post_type=product&#038;p=21815"},"modified":"2024-01-04T09:37:54","modified_gmt":"2024-01-04T08:37:54","slug":"kit-de-llenado-48v-6x8v","status":"publish","type":"product","link":"https:\/\/fulbat.com\/es\/producto\/kit-de-llenado-48v-6x8v\/","title":{"rendered":"KIT DE LLENADO 48V (6X8V)"},"content":{"rendered":"<p>Este kit de llenado facilita el mantenimiento de las bater\u00edas FDC Deep Cycle Flooded y su llenado al nivel de agua \u00f3ptimo! Este sistema automatiza el proceso de llenado, mejorando la eficiencia, seguridad y vida \u00fatil de las bater\u00edas. Estos beneficios tambi\u00e9n se traducen en ahorros de tiempo y dinero.<\/p>\n<p>Este kit de 48V est\u00e1 dise\u00f1ado para nuestras bater\u00edas Flooded 8V FULBAT FDC (FDC-875).<\/p>\n<p><strong>Contenido del kit:\u00a0<\/strong><\/p>\n<ul>\n<li>Tapones preinstalados (x6 unidades)<\/li>\n<li>Tapones finales (x2 unidades)<\/li>\n<li>Conector macho todo en uno (x1 unidad)<\/li>\n<li>Tubo de PVC (x1 unidad)<\/li>\n<\/ul>\n","protected":false},"excerpt":{"rendered":"<p>Mantenimiento sencillo de las bater\u00edas FDC Deep Cycle Flooded<\/p>\n<p>Mejora la eficiencia, seguridad y vida \u00fatil de la bater\u00eda.<\/p>\n<p>Ahorro de tiempo y dinero<\/p>\n","protected":false},"featured_media":21819,"template":"","meta":[],"product_brand":[],"product_cat":[2522,4245,2579],"product_tag":[4331,4153],"class_list":{"0":"post-21815","1":"product","2":"type-product","3":"status-publish","4":"has-post-thumbnail","6":"product_cat-carro-de-golf-es","7":"product_cat-fdc-deep-cycle-flooded-es","8":"product_cat-traccion","9":"product_tag-battery-es","10":"product_tag-fdc-875-es","12":"first","13":"outofstock","14":"shipping-taxable","15":"product-type-simple"},"yoast_head":"<!-- This site is optimized with the Yoast SEO plugin v26.9 - https:\/\/yoast.com\/product\/yoast-seo-wordpress\/ -->\n<title>KIT DE LLENADO 48V (6X8V) - Fulbat<\/title>\n<meta name=\"description\" content=\"%\" \/>\n<meta name=\"robots\" content=\"index, follow, max-snippet:-1, max-image-preview:large, max-video-preview:-1\" \/>\n<link rel=\"canonical\" href=\"https:\/\/fulbat.com\/es\/producto\/kit-de-llenado-48v-6x8v\/\" \/>\n<meta property=\"og:locale\" content=\"es_ES\" \/>\n<meta property=\"og:type\" content=\"article\" \/>\n<meta property=\"og:title\" content=\"KIT DE LLENADO 48V (6X8V) - Fulbat\" \/>\n<meta property=\"og:description\" content=\"%\" \/>\n<meta property=\"og:url\" content=\"https:\/\/fulbat.com\/es\/producto\/kit-de-llenado-48v-6x8v\/\" \/>\n<meta property=\"og:site_name\" content=\"Fulbat\" \/>\n<meta property=\"article:modified_time\" content=\"2024-01-04T08:37:54+00:00\" \/>\n<meta property=\"og:image\" content=\"https:\/\/fulbat.com\/wp-content\/uploads\/2023\/12\/FT_Watering_Kit_48V_6x8V-1024x459.png\" \/>\n\t<meta property=\"og:image:width\" content=\"1024\" \/>\n\t<meta property=\"og:image:height\" content=\"459\" \/>\n\t<meta property=\"og:image:type\" content=\"image\/png\" \/>\n<meta name=\"twitter:card\" content=\"summary_large_image\" \/>\n<meta name=\"twitter:label1\" content=\"Tiempo de lectura\" \/>\n\t<meta name=\"twitter:data1\" content=\"1 minuto\" \/>\n<script type=\"application\/ld+json\" class=\"yoast-schema-graph\">{\"@context\":\"https:\/\/schema.org\",\"@graph\":[{\"@type\":\"WebPage\",\"@id\":\"https:\/\/fulbat.com\/es\/producto\/kit-de-llenado-48v-6x8v\/\",\"url\":\"https:\/\/fulbat.com\/es\/producto\/kit-de-llenado-48v-6x8v\/\",\"name\":\"KIT DE LLENADO 48V (6X8V) - Fulbat\",\"isPartOf\":{\"@id\":\"https:\/\/fulbat.com\/es\/#website\"},\"primaryImageOfPage\":{\"@id\":\"https:\/\/fulbat.com\/es\/producto\/kit-de-llenado-48v-6x8v\/#primaryimage\"},\"image\":{\"@id\":\"https:\/\/fulbat.com\/es\/producto\/kit-de-llenado-48v-6x8v\/#primaryimage\"},\"thumbnailUrl\":\"https:\/\/fulbat.com\/wp-content\/uploads\/2023\/12\/FT_Watering_Kit_48V_6x8V.png\",\"datePublished\":\"2023-12-22T09:10:17+00:00\",\"dateModified\":\"2024-01-04T08:37:54+00:00\",\"description\":\"%\",\"breadcrumb\":{\"@id\":\"https:\/\/fulbat.com\/es\/producto\/kit-de-llenado-48v-6x8v\/#breadcrumb\"},\"inLanguage\":\"es\",\"potentialAction\":[{\"@type\":\"ReadAction\",\"target\":[\"https:\/\/fulbat.com\/es\/producto\/kit-de-llenado-48v-6x8v\/\"]}]},{\"@type\":\"ImageObject\",\"inLanguage\":\"es\",\"@id\":\"https:\/\/fulbat.com\/es\/producto\/kit-de-llenado-48v-6x8v\/#primaryimage\",\"url\":\"https:\/\/fulbat.com\/wp-content\/uploads\/2023\/12\/FT_Watering_Kit_48V_6x8V.png\",\"contentUrl\":\"https:\/\/fulbat.com\/wp-content\/uploads\/2023\/12\/FT_Watering_Kit_48V_6x8V.png\",\"width\":3334,\"height\":1496},{\"@type\":\"BreadcrumbList\",\"@id\":\"https:\/\/fulbat.com\/es\/producto\/kit-de-llenado-48v-6x8v\/#breadcrumb\",\"itemListElement\":[{\"@type\":\"ListItem\",\"position\":1,\"name\":\"Home\",\"item\":\"https:\/\/fulbat.com\/es\/\"},{\"@type\":\"ListItem\",\"position\":2,\"name\":\"Shop\",\"item\":\"https:\/\/fulbat.com\/shop\/\"},{\"@type\":\"ListItem\",\"position\":3,\"name\":\"Tracci\u00f3n\",\"item\":\"https:\/\/fulbat.com\/es\/traccion\/\"},{\"@type\":\"ListItem\",\"position\":4,\"name\":\"KIT DE LLENADO 48V (6X8V)\"}]},{\"@type\":\"WebSite\",\"@id\":\"https:\/\/fulbat.com\/es\/#website\",\"url\":\"https:\/\/fulbat.com\/es\/\",\"name\":\"Fulbat\",\"description\":\"Qualitative, performing &amp; reliable battery solutions\",\"potentialAction\":[{\"@type\":\"SearchAction\",\"target\":{\"@type\":\"EntryPoint\",\"urlTemplate\":\"https:\/\/fulbat.com\/es\/?s={search_term_string}\"},\"query-input\":{\"@type\":\"PropertyValueSpecification\",\"valueRequired\":true,\"valueName\":\"search_term_string\"}}],\"inLanguage\":\"es\"}]}<\/script>\n<!-- \/ Yoast SEO plugin. -->","yoast_head_json":{"title":"KIT DE LLENADO 48V (6X8V) - Fulbat","description":"%","robots":{"index":"index","follow":"follow","max-snippet":"max-snippet:-1","max-image-preview":"max-image-preview:large","max-video-preview":"max-video-preview:-1"},"canonical":"https:\/\/fulbat.com\/es\/producto\/kit-de-llenado-48v-6x8v\/","og_locale":"es_ES","og_type":"article","og_title":"KIT DE LLENADO 48V (6X8V) - Fulbat","og_description":"%","og_url":"https:\/\/fulbat.com\/es\/producto\/kit-de-llenado-48v-6x8v\/","og_site_name":"Fulbat","article_modified_time":"2024-01-04T08:37:54+00:00","og_image":[{"width":1024,"height":459,"url":"https:\/\/fulbat.com\/wp-content\/uploads\/2023\/12\/FT_Watering_Kit_48V_6x8V-1024x459.png","type":"image\/png"}],"twitter_card":"summary_large_image","twitter_misc":{"Tiempo de lectura":"1 minuto"},"schema":{"@context":"https:\/\/schema.org","@graph":[{"@type":"WebPage","@id":"https:\/\/fulbat.com\/es\/producto\/kit-de-llenado-48v-6x8v\/","url":"https:\/\/fulbat.com\/es\/producto\/kit-de-llenado-48v-6x8v\/","name":"KIT DE LLENADO 48V (6X8V) - Fulbat","isPartOf":{"@id":"https:\/\/fulbat.com\/es\/#website"},"primaryImageOfPage":{"@id":"https:\/\/fulbat.com\/es\/producto\/kit-de-llenado-48v-6x8v\/#primaryimage"},"image":{"@id":"https:\/\/fulbat.com\/es\/producto\/kit-de-llenado-48v-6x8v\/#primaryimage"},"thumbnailUrl":"https:\/\/fulbat.com\/wp-content\/uploads\/2023\/12\/FT_Watering_Kit_48V_6x8V.png","datePublished":"2023-12-22T09:10:17+00:00","dateModified":"2024-01-04T08:37:54+00:00","description":"%","breadcrumb":{"@id":"https:\/\/fulbat.com\/es\/producto\/kit-de-llenado-48v-6x8v\/#breadcrumb"},"inLanguage":"es","potentialAction":[{"@type":"ReadAction","target":["https:\/\/fulbat.com\/es\/producto\/kit-de-llenado-48v-6x8v\/"]}]},{"@type":"ImageObject","inLanguage":"es","@id":"https:\/\/fulbat.com\/es\/producto\/kit-de-llenado-48v-6x8v\/#primaryimage","url":"https:\/\/fulbat.com\/wp-content\/uploads\/2023\/12\/FT_Watering_Kit_48V_6x8V.png","contentUrl":"https:\/\/fulbat.com\/wp-content\/uploads\/2023\/12\/FT_Watering_Kit_48V_6x8V.png","width":3334,"height":1496},{"@type":"BreadcrumbList","@id":"https:\/\/fulbat.com\/es\/producto\/kit-de-llenado-48v-6x8v\/#breadcrumb","itemListElement":[{"@type":"ListItem","position":1,"name":"Home","item":"https:\/\/fulbat.com\/es\/"},{"@type":"ListItem","position":2,"name":"Shop","item":"https:\/\/fulbat.com\/shop\/"},{"@type":"ListItem","position":3,"name":"Tracci\u00f3n","item":"https:\/\/fulbat.com\/es\/traccion\/"},{"@type":"ListItem","position":4,"name":"KIT DE LLENADO 48V (6X8V)"}]},{"@type":"WebSite","@id":"https:\/\/fulbat.com\/es\/#website","url":"https:\/\/fulbat.com\/es\/","name":"Fulbat","description":"Qualitative, performing &amp; reliable battery solutions","potentialAction":[{"@type":"SearchAction","target":{"@type":"EntryPoint","urlTemplate":"https:\/\/fulbat.com\/es\/?s={search_term_string}"},"query-input":{"@type":"PropertyValueSpecification","valueRequired":true,"valueName":"search_term_string"}}],"inLanguage":"es"}]}},"_links":{"self":[{"href":"https:\/\/fulbat.com\/es\/wp-json\/wp\/v2\/product\/21815","targetHints":{"allow":["GET"]}}],"collection":[{"href":"https:\/\/fulbat.com\/es\/wp-json\/wp\/v2\/product"}],"about":[{"href":"https:\/\/fulbat.com\/es\/wp-json\/wp\/v2\/types\/product"}],"wp:featuredmedia":[{"embeddable":true,"href":"https:\/\/fulbat.com\/es\/wp-json\/wp\/v2\/media\/21819"}],"wp:attachment":[{"href":"https:\/\/fulbat.com\/es\/wp-json\/wp\/v2\/media?parent=21815"}],"wp:term":[{"taxonomy":"product_brand","embeddable":true,"href":"https:\/\/fulbat.com\/es\/wp-json\/wp\/v2\/product_brand?post=21815"},{"taxonomy":"product_cat","embeddable":true,"href":"https:\/\/fulbat.com\/es\/wp-json\/wp\/v2\/product_cat?post=21815"},{"taxonomy":"product_tag","embeddable":true,"href":"https:\/\/fulbat.com\/es\/wp-json\/wp\/v2\/product_tag?post=21815"}],"curies":[{"name":"wp","href":"https:\/\/api.w.org\/{rel}","templated":true}]}}