{"id":22081,"date":"2020-09-14T11:39:39","date_gmt":"2024-02-08T09:09:41","guid":{"rendered":"https:\/\/fulbat.com\/?post_type=product&#038;p=22081"},"modified":"2024-12-05T12:45:33","modified_gmt":"2024-12-05T11:45:33","slug":"flp12-84","status":"publish","type":"product","link":"https:\/\/fulbat.com\/es\/producto\/flp12-84\/","title":{"rendered":"FLP12-84"},"content":{"rendered":"<p>La bater\u00eda FLP12-84 forma parte de nuestra gama industrial FLP &#8211; High Cyclic LiFePO4. Dise\u00f1ada espec\u00edficamente para sustituir a una bater\u00eda de plomo-\u00e1cido con su carcasa de tama\u00f1o est\u00e1ndar y un voltaje de carga similar, esta bater\u00eda LiFePO4 de 12.8V 84Ah ofrece muchas ventajas sobre la tecnolog\u00eda plomo-\u00e1cido en t\u00e9rminos de peso, rendimiento c\u00edclico, seguridad y potencia.<\/p>\n<p>Con un circuito de protecci\u00f3n integrado (PCM), la bater\u00eda FLP12-84 es ideal para aplicaciones c\u00edclicas o de tracci\u00f3n que requieren una mayor relaci\u00f3n potencia-peso, as\u00ed como para aplicaciones con requisitos m\u00ednimos de mantenimiento.<\/p>\n<p><strong>Vida c\u00edclica<\/strong>\u00a0=<\/p>\n<ul>\n<li>hasta 2.000 ciclos con una profundidad de descarga del 100% (80% de capacidad \/ 20\u00b0C)<\/li>\n<li>hasta 4.000 ciclos al 80% de profundidad de descarga (80% de capacidad \/ 20\u00b0C)<\/li>\n<\/ul>\n","protected":false},"excerpt":{"rendered":"<p>Altas prestaciones c\u00edclicas: x10 superior a las bater\u00edas AGM<\/p>\n<p>Menor peso: 60% m\u00e1s ligeras que las bater\u00edas de plomo-\u00e1cido<\/p>\n<p>Muy alta recuperaci\u00f3n tras descarga profunda (hasta 100% DOD)<\/p>\n<p>Circuito de protecci\u00f3n integrado (PCM): funci\u00f3n de equilibrado de celdas, sobrecarga, sobredescarga, protecci\u00f3n de temperatura<\/p>\n<p>PSOC: estado de carga parcial aceptado<\/p>\n<p>Puede cargarse con un cargador de plomo-\u00e1cido est\u00e1ndar (sin paso de desulfataci\u00f3n)<\/p>\n<p>Posibilidad de uso en serie\/paralelo (4 bater\u00edas en serie como m\u00e1ximo o 4 bater\u00edas en paralelo como m\u00e1ximo)<\/p>\n","protected":false},"featured_media":23414,"template":"","meta":[],"product_brand":[],"product_cat":[2509,2508,2517,2515,2506,2519],"product_tag":[3253,3236,3238,3258,4385,3256,3257,2912,3259,3243],"class_list":{"0":"post-22081","1":"product","2":"type-product","3":"status-publish","4":"has-post-thumbnail","6":"product_cat-carro-de-golf","7":"product_cat-electromedicina","8":"product_cat-energias-renovables","9":"product_cat-flp-high-cyclic-lifepo4-es","10":"product_cat-industrial-es","11":"product_cat-sai-y-centro-de-datos","12":"product_tag-bateria-de-carro-de-golf","13":"product_tag-bateria-de-movilidad","14":"product_tag-bateria-litio","15":"product_tag-flp12-36-es","16":"product_tag-flp12-84-es","17":"product_tag-fpc12-35-es","18":"product_tag-fpg12-31-es","19":"product_tag-medical-battery-es","20":"product_tag-rec36-12i-es","21":"product_tag-vehiculo-electrico","23":"first","24":"instock","25":"shipping-taxable","26":"product-type-simple"},"yoast_head":"<!-- This site is optimized with the Yoast SEO plugin v26.9 - https:\/\/yoast.com\/product\/yoast-seo-wordpress\/ -->\n<title>FLP12-84 - Fulbat<\/title>\n<meta name=\"description\" content=\"%\" \/>\n<meta name=\"robots\" content=\"index, follow, max-snippet:-1, max-image-preview:large, max-video-preview:-1\" \/>\n<link rel=\"canonical\" href=\"https:\/\/fulbat.com\/es\/producto\/flp12-84\/\" \/>\n<meta property=\"og:locale\" content=\"es_ES\" \/>\n<meta property=\"og:type\" content=\"article\" \/>\n<meta property=\"og:title\" content=\"FLP12-84 - Fulbat\" \/>\n<meta property=\"og:description\" content=\"%\" \/>\n<meta property=\"og:url\" content=\"https:\/\/fulbat.com\/es\/producto\/flp12-84\/\" \/>\n<meta property=\"og:site_name\" content=\"Fulbat\" \/>\n<meta property=\"article:modified_time\" content=\"2024-12-05T11:45:33+00:00\" \/>\n<meta property=\"og:image\" content=\"https:\/\/fulbat.com\/wp-content\/uploads\/2020\/09\/FT_FLP12-84_HighCyclic_LiFePO4-1.png\" \/>\n\t<meta property=\"og:image:width\" content=\"550\" \/>\n\t<meta property=\"og:image:height\" content=\"499\" \/>\n\t<meta property=\"og:image:type\" content=\"image\/png\" \/>\n<meta name=\"twitter:card\" content=\"summary_large_image\" \/>\n<meta name=\"twitter:label1\" content=\"Tiempo de lectura\" \/>\n\t<meta name=\"twitter:data1\" content=\"1 minuto\" \/>\n<script type=\"application\/ld+json\" class=\"yoast-schema-graph\">{\"@context\":\"https:\/\/schema.org\",\"@graph\":[{\"@type\":\"WebPage\",\"@id\":\"https:\/\/fulbat.com\/es\/producto\/flp12-84\/\",\"url\":\"https:\/\/fulbat.com\/es\/producto\/flp12-84\/\",\"name\":\"FLP12-84 - Fulbat\",\"isPartOf\":{\"@id\":\"https:\/\/fulbat.com\/es\/#website\"},\"primaryImageOfPage\":{\"@id\":\"https:\/\/fulbat.com\/es\/producto\/flp12-84\/#primaryimage\"},\"image\":{\"@id\":\"https:\/\/fulbat.com\/es\/producto\/flp12-84\/#primaryimage\"},\"thumbnailUrl\":\"https:\/\/fulbat.com\/wp-content\/uploads\/2020\/09\/FT_FLP12-84_HighCyclic_LiFePO4-1.png\",\"datePublished\":\"2024-02-08T09:09:41+00:00\",\"dateModified\":\"2024-12-05T11:45:33+00:00\",\"description\":\"%\",\"breadcrumb\":{\"@id\":\"https:\/\/fulbat.com\/es\/producto\/flp12-84\/#breadcrumb\"},\"inLanguage\":\"es\",\"potentialAction\":[{\"@type\":\"ReadAction\",\"target\":[\"https:\/\/fulbat.com\/es\/producto\/flp12-84\/\"]}]},{\"@type\":\"ImageObject\",\"inLanguage\":\"es\",\"@id\":\"https:\/\/fulbat.com\/es\/producto\/flp12-84\/#primaryimage\",\"url\":\"https:\/\/fulbat.com\/wp-content\/uploads\/2020\/09\/FT_FLP12-84_HighCyclic_LiFePO4-1.png\",\"contentUrl\":\"https:\/\/fulbat.com\/wp-content\/uploads\/2020\/09\/FT_FLP12-84_HighCyclic_LiFePO4-1.png\",\"width\":550,\"height\":499,\"caption\":\"FT_FLP12-84_HighCyclic_LiFePO4\"},{\"@type\":\"BreadcrumbList\",\"@id\":\"https:\/\/fulbat.com\/es\/producto\/flp12-84\/#breadcrumb\",\"itemListElement\":[{\"@type\":\"ListItem\",\"position\":1,\"name\":\"Home\",\"item\":\"https:\/\/fulbat.com\/es\/\"},{\"@type\":\"ListItem\",\"position\":2,\"name\":\"Shop\",\"item\":\"https:\/\/fulbat.com\/shop\/\"},{\"@type\":\"ListItem\",\"position\":3,\"name\":\"Industrial\",\"item\":\"https:\/\/fulbat.com\/es\/industrial-es\/\"},{\"@type\":\"ListItem\",\"position\":4,\"name\":\"FLP12-84\"}]},{\"@type\":\"WebSite\",\"@id\":\"https:\/\/fulbat.com\/es\/#website\",\"url\":\"https:\/\/fulbat.com\/es\/\",\"name\":\"Fulbat\",\"description\":\"Qualitative, performing &amp; reliable battery solutions\",\"potentialAction\":[{\"@type\":\"SearchAction\",\"target\":{\"@type\":\"EntryPoint\",\"urlTemplate\":\"https:\/\/fulbat.com\/es\/?s={search_term_string}\"},\"query-input\":{\"@type\":\"PropertyValueSpecification\",\"valueRequired\":true,\"valueName\":\"search_term_string\"}}],\"inLanguage\":\"es\"}]}<\/script>\n<!-- \/ Yoast SEO plugin. -->","yoast_head_json":{"title":"FLP12-84 - Fulbat","description":"%","robots":{"index":"index","follow":"follow","max-snippet":"max-snippet:-1","max-image-preview":"max-image-preview:large","max-video-preview":"max-video-preview:-1"},"canonical":"https:\/\/fulbat.com\/es\/producto\/flp12-84\/","og_locale":"es_ES","og_type":"article","og_title":"FLP12-84 - Fulbat","og_description":"%","og_url":"https:\/\/fulbat.com\/es\/producto\/flp12-84\/","og_site_name":"Fulbat","article_modified_time":"2024-12-05T11:45:33+00:00","og_image":[{"width":550,"height":499,"url":"https:\/\/fulbat.com\/wp-content\/uploads\/2020\/09\/FT_FLP12-84_HighCyclic_LiFePO4-1.png","type":"image\/png"}],"twitter_card":"summary_large_image","twitter_misc":{"Tiempo de lectura":"1 minuto"},"schema":{"@context":"https:\/\/schema.org","@graph":[{"@type":"WebPage","@id":"https:\/\/fulbat.com\/es\/producto\/flp12-84\/","url":"https:\/\/fulbat.com\/es\/producto\/flp12-84\/","name":"FLP12-84 - Fulbat","isPartOf":{"@id":"https:\/\/fulbat.com\/es\/#website"},"primaryImageOfPage":{"@id":"https:\/\/fulbat.com\/es\/producto\/flp12-84\/#primaryimage"},"image":{"@id":"https:\/\/fulbat.com\/es\/producto\/flp12-84\/#primaryimage"},"thumbnailUrl":"https:\/\/fulbat.com\/wp-content\/uploads\/2020\/09\/FT_FLP12-84_HighCyclic_LiFePO4-1.png","datePublished":"2024-02-08T09:09:41+00:00","dateModified":"2024-12-05T11:45:33+00:00","description":"%","breadcrumb":{"@id":"https:\/\/fulbat.com\/es\/producto\/flp12-84\/#breadcrumb"},"inLanguage":"es","potentialAction":[{"@type":"ReadAction","target":["https:\/\/fulbat.com\/es\/producto\/flp12-84\/"]}]},{"@type":"ImageObject","inLanguage":"es","@id":"https:\/\/fulbat.com\/es\/producto\/flp12-84\/#primaryimage","url":"https:\/\/fulbat.com\/wp-content\/uploads\/2020\/09\/FT_FLP12-84_HighCyclic_LiFePO4-1.png","contentUrl":"https:\/\/fulbat.com\/wp-content\/uploads\/2020\/09\/FT_FLP12-84_HighCyclic_LiFePO4-1.png","width":550,"height":499,"caption":"FT_FLP12-84_HighCyclic_LiFePO4"},{"@type":"BreadcrumbList","@id":"https:\/\/fulbat.com\/es\/producto\/flp12-84\/#breadcrumb","itemListElement":[{"@type":"ListItem","position":1,"name":"Home","item":"https:\/\/fulbat.com\/es\/"},{"@type":"ListItem","position":2,"name":"Shop","item":"https:\/\/fulbat.com\/shop\/"},{"@type":"ListItem","position":3,"name":"Industrial","item":"https:\/\/fulbat.com\/es\/industrial-es\/"},{"@type":"ListItem","position":4,"name":"FLP12-84"}]},{"@type":"WebSite","@id":"https:\/\/fulbat.com\/es\/#website","url":"https:\/\/fulbat.com\/es\/","name":"Fulbat","description":"Qualitative, performing &amp; reliable battery solutions","potentialAction":[{"@type":"SearchAction","target":{"@type":"EntryPoint","urlTemplate":"https:\/\/fulbat.com\/es\/?s={search_term_string}"},"query-input":{"@type":"PropertyValueSpecification","valueRequired":true,"valueName":"search_term_string"}}],"inLanguage":"es"}]}},"_links":{"self":[{"href":"https:\/\/fulbat.com\/es\/wp-json\/wp\/v2\/product\/22081","targetHints":{"allow":["GET"]}}],"collection":[{"href":"https:\/\/fulbat.com\/es\/wp-json\/wp\/v2\/product"}],"about":[{"href":"https:\/\/fulbat.com\/es\/wp-json\/wp\/v2\/types\/product"}],"wp:featuredmedia":[{"embeddable":true,"href":"https:\/\/fulbat.com\/es\/wp-json\/wp\/v2\/media\/23414"}],"wp:attachment":[{"href":"https:\/\/fulbat.com\/es\/wp-json\/wp\/v2\/media?parent=22081"}],"wp:term":[{"taxonomy":"product_brand","embeddable":true,"href":"https:\/\/fulbat.com\/es\/wp-json\/wp\/v2\/product_brand?post=22081"},{"taxonomy":"product_cat","embeddable":true,"href":"https:\/\/fulbat.com\/es\/wp-json\/wp\/v2\/product_cat?post=22081"},{"taxonomy":"product_tag","embeddable":true,"href":"https:\/\/fulbat.com\/es\/wp-json\/wp\/v2\/product_tag?post=22081"}],"curies":[{"name":"wp","href":"https:\/\/api.w.org\/{rel}","templated":true}]}}