{"id":22591,"date":"2024-04-02T14:08:01","date_gmt":"2024-04-02T12:08:03","guid":{"rendered":"https:\/\/fulbat.com\/?post_type=product&#038;p=22591"},"modified":"2024-12-05T11:30:22","modified_gmt":"2024-12-05T10:30:22","slug":"fdm12-550-m24","status":"publish","type":"product","link":"https:\/\/fulbat.com\/es\/producto\/fdm12-550-m24\/","title":{"rendered":"FDM12-550 (M24)"},"content":{"rendered":"<p style=\"text-align: justify;\">La bater\u00eda FDM12-550 (M24) forma parte de nuestra gama FDM &#8211; Dual Purpose AGM Carbon. Especialmente dise\u00f1ada para ofrecer un rendimiento superior de arranque y ciclado para aplicaciones marinas y de ocio, esta bater\u00eda de 12 V y 79 Ah garantiza un rendimiento mejorado y una fiabilidad excepcional, satisfaciendo las rigurosas exigencias de las embarcaciones de recreo y caravanas m\u00e1s populares.<\/p>\n<p>Con un dise\u00f1o a prueba de derrames y sin mantenimiento, la gama FDM ofrece una baja autodescarga y una mayor vida \u00fatil. Infundida con aditivos de carbono, esta gama funciona eficazmente incluso sin alcanzar la carga completa.<\/p>\n","protected":false},"excerpt":{"rendered":"<p>Tecnolog\u00eda AGM de doble prop\u00f3sito (VRLA)<\/p>\n<p>No derramable y sin mantenimiento<\/p>\n<p>Rendimiento superior en arranque y ciclos<\/p>\n<p>Aditivos de carbono para mejorar el rendimiento en estado de carga parcial (PSOC) y aumentar la aceptaci\u00f3n de carga<\/p>\n<p>Alta resistencia a las vibraciones<\/p>\n<p>Baja tasa de autodescarga para una vida \u00fatil m\u00e1s larga<\/p>\n","protected":false},"featured_media":22610,"template":"","meta":[],"product_brand":[],"product_cat":[4433,2506,2510],"product_tag":[3260,3238,3263,4467,4440,3262,5587,5585,4441,4442],"class_list":{"0":"post-22591","1":"product","2":"type-product","3":"status-publish","4":"has-post-thumbnail","6":"product_cat-fdm-dual-purpose-agm-carbon-es","7":"product_cat-industrial-es","8":"product_cat-marina-y-ocio","9":"product_tag-bateria-de-ocio","10":"product_tag-bateria-litio","11":"product_tag-bateria-marina","12":"product_tag-dcm-12800-g24","13":"product_tag-fdm12-550-es","14":"product_tag-flp12-100-es","15":"product_tag-flp12-100b-es-2","16":"product_tag-flp12100b-es-2","17":"product_tag-m24-es","18":"product_tag-m24-agm-es","20":"first","21":"instock","22":"shipping-taxable","23":"product-type-simple"},"yoast_head":"<!-- This site is optimized with the Yoast SEO plugin v26.9 - https:\/\/yoast.com\/product\/yoast-seo-wordpress\/ -->\n<title>FDM12-550 (M24) - Fulbat<\/title>\n<meta name=\"description\" content=\"%\" \/>\n<meta name=\"robots\" content=\"index, follow, max-snippet:-1, max-image-preview:large, max-video-preview:-1\" \/>\n<link rel=\"canonical\" href=\"https:\/\/fulbat.com\/es\/producto\/fdm12-550-m24\/\" \/>\n<meta property=\"og:locale\" content=\"es_ES\" \/>\n<meta property=\"og:type\" content=\"article\" \/>\n<meta property=\"og:title\" content=\"FDM12-550 (M24) - Fulbat\" \/>\n<meta property=\"og:description\" content=\"%\" \/>\n<meta property=\"og:url\" content=\"https:\/\/fulbat.com\/es\/producto\/fdm12-550-m24\/\" \/>\n<meta property=\"og:site_name\" content=\"Fulbat\" \/>\n<meta property=\"article:modified_time\" content=\"2024-12-05T10:30:22+00:00\" \/>\n<meta property=\"og:image\" content=\"https:\/\/fulbat.com\/wp-content\/uploads\/2024\/04\/fdm12-550-png.png\" \/>\n\t<meta property=\"og:image:width\" content=\"500\" \/>\n\t<meta property=\"og:image:height\" content=\"500\" \/>\n\t<meta property=\"og:image:type\" content=\"image\/png\" \/>\n<meta name=\"twitter:card\" content=\"summary_large_image\" \/>\n<meta name=\"twitter:label1\" content=\"Tiempo de lectura\" \/>\n\t<meta name=\"twitter:data1\" content=\"1 minuto\" \/>\n<script type=\"application\/ld+json\" class=\"yoast-schema-graph\">{\"@context\":\"https:\/\/schema.org\",\"@graph\":[{\"@type\":\"WebPage\",\"@id\":\"https:\/\/fulbat.com\/es\/producto\/fdm12-550-m24\/\",\"url\":\"https:\/\/fulbat.com\/es\/producto\/fdm12-550-m24\/\",\"name\":\"FDM12-550 (M24) - Fulbat\",\"isPartOf\":{\"@id\":\"https:\/\/fulbat.com\/es\/#website\"},\"primaryImageOfPage\":{\"@id\":\"https:\/\/fulbat.com\/es\/producto\/fdm12-550-m24\/#primaryimage\"},\"image\":{\"@id\":\"https:\/\/fulbat.com\/es\/producto\/fdm12-550-m24\/#primaryimage\"},\"thumbnailUrl\":\"https:\/\/fulbat.com\/wp-content\/uploads\/2024\/04\/fdm12-550-png.png\",\"datePublished\":\"2024-04-02T12:08:03+00:00\",\"dateModified\":\"2024-12-05T10:30:22+00:00\",\"description\":\"%\",\"breadcrumb\":{\"@id\":\"https:\/\/fulbat.com\/es\/producto\/fdm12-550-m24\/#breadcrumb\"},\"inLanguage\":\"es\",\"potentialAction\":[{\"@type\":\"ReadAction\",\"target\":[\"https:\/\/fulbat.com\/es\/producto\/fdm12-550-m24\/\"]}]},{\"@type\":\"ImageObject\",\"inLanguage\":\"es\",\"@id\":\"https:\/\/fulbat.com\/es\/producto\/fdm12-550-m24\/#primaryimage\",\"url\":\"https:\/\/fulbat.com\/wp-content\/uploads\/2024\/04\/fdm12-550-png.png\",\"contentUrl\":\"https:\/\/fulbat.com\/wp-content\/uploads\/2024\/04\/fdm12-550-png.png\",\"width\":500,\"height\":500,\"caption\":\"fdm12-550 png\"},{\"@type\":\"BreadcrumbList\",\"@id\":\"https:\/\/fulbat.com\/es\/producto\/fdm12-550-m24\/#breadcrumb\",\"itemListElement\":[{\"@type\":\"ListItem\",\"position\":1,\"name\":\"Home\",\"item\":\"https:\/\/fulbat.com\/es\/\"},{\"@type\":\"ListItem\",\"position\":2,\"name\":\"Shop\",\"item\":\"https:\/\/fulbat.com\/shop\/\"},{\"@type\":\"ListItem\",\"position\":3,\"name\":\"Industrial\",\"item\":\"https:\/\/fulbat.com\/es\/industrial-es\/\"},{\"@type\":\"ListItem\",\"position\":4,\"name\":\"FDM12-550 (M24)\"}]},{\"@type\":\"WebSite\",\"@id\":\"https:\/\/fulbat.com\/es\/#website\",\"url\":\"https:\/\/fulbat.com\/es\/\",\"name\":\"Fulbat\",\"description\":\"Qualitative, performing &amp; reliable battery solutions\",\"potentialAction\":[{\"@type\":\"SearchAction\",\"target\":{\"@type\":\"EntryPoint\",\"urlTemplate\":\"https:\/\/fulbat.com\/es\/?s={search_term_string}\"},\"query-input\":{\"@type\":\"PropertyValueSpecification\",\"valueRequired\":true,\"valueName\":\"search_term_string\"}}],\"inLanguage\":\"es\"}]}<\/script>\n<!-- \/ Yoast SEO plugin. -->","yoast_head_json":{"title":"FDM12-550 (M24) - Fulbat","description":"%","robots":{"index":"index","follow":"follow","max-snippet":"max-snippet:-1","max-image-preview":"max-image-preview:large","max-video-preview":"max-video-preview:-1"},"canonical":"https:\/\/fulbat.com\/es\/producto\/fdm12-550-m24\/","og_locale":"es_ES","og_type":"article","og_title":"FDM12-550 (M24) - Fulbat","og_description":"%","og_url":"https:\/\/fulbat.com\/es\/producto\/fdm12-550-m24\/","og_site_name":"Fulbat","article_modified_time":"2024-12-05T10:30:22+00:00","og_image":[{"width":500,"height":500,"url":"https:\/\/fulbat.com\/wp-content\/uploads\/2024\/04\/fdm12-550-png.png","type":"image\/png"}],"twitter_card":"summary_large_image","twitter_misc":{"Tiempo de lectura":"1 minuto"},"schema":{"@context":"https:\/\/schema.org","@graph":[{"@type":"WebPage","@id":"https:\/\/fulbat.com\/es\/producto\/fdm12-550-m24\/","url":"https:\/\/fulbat.com\/es\/producto\/fdm12-550-m24\/","name":"FDM12-550 (M24) - Fulbat","isPartOf":{"@id":"https:\/\/fulbat.com\/es\/#website"},"primaryImageOfPage":{"@id":"https:\/\/fulbat.com\/es\/producto\/fdm12-550-m24\/#primaryimage"},"image":{"@id":"https:\/\/fulbat.com\/es\/producto\/fdm12-550-m24\/#primaryimage"},"thumbnailUrl":"https:\/\/fulbat.com\/wp-content\/uploads\/2024\/04\/fdm12-550-png.png","datePublished":"2024-04-02T12:08:03+00:00","dateModified":"2024-12-05T10:30:22+00:00","description":"%","breadcrumb":{"@id":"https:\/\/fulbat.com\/es\/producto\/fdm12-550-m24\/#breadcrumb"},"inLanguage":"es","potentialAction":[{"@type":"ReadAction","target":["https:\/\/fulbat.com\/es\/producto\/fdm12-550-m24\/"]}]},{"@type":"ImageObject","inLanguage":"es","@id":"https:\/\/fulbat.com\/es\/producto\/fdm12-550-m24\/#primaryimage","url":"https:\/\/fulbat.com\/wp-content\/uploads\/2024\/04\/fdm12-550-png.png","contentUrl":"https:\/\/fulbat.com\/wp-content\/uploads\/2024\/04\/fdm12-550-png.png","width":500,"height":500,"caption":"fdm12-550 png"},{"@type":"BreadcrumbList","@id":"https:\/\/fulbat.com\/es\/producto\/fdm12-550-m24\/#breadcrumb","itemListElement":[{"@type":"ListItem","position":1,"name":"Home","item":"https:\/\/fulbat.com\/es\/"},{"@type":"ListItem","position":2,"name":"Shop","item":"https:\/\/fulbat.com\/shop\/"},{"@type":"ListItem","position":3,"name":"Industrial","item":"https:\/\/fulbat.com\/es\/industrial-es\/"},{"@type":"ListItem","position":4,"name":"FDM12-550 (M24)"}]},{"@type":"WebSite","@id":"https:\/\/fulbat.com\/es\/#website","url":"https:\/\/fulbat.com\/es\/","name":"Fulbat","description":"Qualitative, performing &amp; reliable battery solutions","potentialAction":[{"@type":"SearchAction","target":{"@type":"EntryPoint","urlTemplate":"https:\/\/fulbat.com\/es\/?s={search_term_string}"},"query-input":{"@type":"PropertyValueSpecification","valueRequired":true,"valueName":"search_term_string"}}],"inLanguage":"es"}]}},"_links":{"self":[{"href":"https:\/\/fulbat.com\/es\/wp-json\/wp\/v2\/product\/22591","targetHints":{"allow":["GET"]}}],"collection":[{"href":"https:\/\/fulbat.com\/es\/wp-json\/wp\/v2\/product"}],"about":[{"href":"https:\/\/fulbat.com\/es\/wp-json\/wp\/v2\/types\/product"}],"wp:featuredmedia":[{"embeddable":true,"href":"https:\/\/fulbat.com\/es\/wp-json\/wp\/v2\/media\/22610"}],"wp:attachment":[{"href":"https:\/\/fulbat.com\/es\/wp-json\/wp\/v2\/media?parent=22591"}],"wp:term":[{"taxonomy":"product_brand","embeddable":true,"href":"https:\/\/fulbat.com\/es\/wp-json\/wp\/v2\/product_brand?post=22591"},{"taxonomy":"product_cat","embeddable":true,"href":"https:\/\/fulbat.com\/es\/wp-json\/wp\/v2\/product_cat?post=22591"},{"taxonomy":"product_tag","embeddable":true,"href":"https:\/\/fulbat.com\/es\/wp-json\/wp\/v2\/product_tag?post=22591"}],"curies":[{"name":"wp","href":"https:\/\/api.w.org\/{rel}","templated":true}]}}