{"id":23448,"date":"2020-08-26T12:22:48","date_gmt":"2024-07-08T08:39:49","guid":{"rendered":"https:\/\/fulbat.com\/?post_type=product&#038;p=23448"},"modified":"2024-11-20T15:47:18","modified_gmt":"2024-11-20T14:47:18","slug":"fltx7a-9-fltz10s","status":"publish","type":"product","link":"https:\/\/fulbat.com\/es\/producto\/fltx7a-9-fltz10s\/","title":{"rendered":"FLTX7A\/9- FLTZ10S"},"content":{"rendered":"<p style=\"text-align: justify;\">La bater\u00eda FLTX7A\/9 &#8211; FLTZ10S forma parte de nuestra gama de Litio LiFePO4. Equipada con un sistema de gesti\u00f3n de la bater\u00eda integrado y un comprobador de bater\u00edas con pantalla LCD, esta bater\u00eda de 12,8 V y 38.4Wh garantiza un rendimiento de arranque extremo, una autodescarga muy baja y una vida \u00fatil extrema en condiciones m\u00e1s seguras.<\/p>\n<p>Lista para usar y con una concepci\u00f3n ultraligera, la bater\u00eda FLTX7A\/9 &#8211; FLTZ10S es ideal para los pilotos m\u00e1s exigentes que buscan la m\u00e1xima experiencia de conducci\u00f3n.<\/p>\n<p>Suministrada con dos colzas de espuma (dos de 12 mm y uno de 25mm) que puede apilarse y fijarse a nuestra bater\u00eda FLT, es ideal para sustituir los modelos de bater\u00edas de plomo-\u00e1cido garantizando un ajuste seguro.<\/p>\n<p><img loading=\"lazy\" decoding=\"async\" class=\"alignnone wp-image-8284\" src=\"https:\/\/fulbat.com\/wp-content\/uploads\/2020\/08\/EU-flag-300x200.jpg\" alt=\"\" width=\"26\" height=\"17\" srcset=\"https:\/\/fulbat.com\/wp-content\/uploads\/2020\/08\/EU-flag-300x200.jpg 300w, https:\/\/fulbat.com\/wp-content\/uploads\/2020\/08\/EU-flag-150x100.jpg 150w, https:\/\/fulbat.com\/wp-content\/uploads\/2020\/08\/EU-flag.jpg 425w\" sizes=\"auto, (max-width: 26px) 100vw, 26px\" \/> Cumple con el nuevo reglamento europeo (UE) 2019\/1148 de 2021 relativo a la venta de \u00e1cido para bater\u00edas.<\/p>\n<p>Cargadores compatibles : <strong><a href=\"https:\/\/fulbat.com\/es\/cargadores\/cargadores\/fulload-1000\/\" target=\"_blank\" rel=\"noopener noreferrer\">Fulload 1000<\/a> |\u00a0<a href=\"https:\/\/fulbat.com\/es\/cargadores\/cargadores\/fulload-f4\/\" target=\"_blank\" rel=\"noopener noreferrer\">Fulload F4<\/a>\u00a0|\u00a0<a href=\"https:\/\/fulbat.com\/es\/cargadores\/cargadores\/fulbank-2000\/\">Fulbank 2000<\/a><\/strong><\/p>\n","protected":false},"excerpt":{"rendered":"<p>Listo para usar y libre de mantenimiento<\/p>\n<p>Ultraligero en comparaci\u00f3n con la bater\u00eda de plomo-\u00e1cido<\/p>\n<p>Rendimiento muy alto en arranque en fr\u00edo<\/p>\n<p>Muy seguro gracias al BMS integrado<\/p>\n<p>Recarga muy r\u00e1pida<\/p>\n<p>Montaje en m\u00faltiples posiciones<\/p>\n<p>Probador de bater\u00eda LCD integrado<\/p>\n<p>Muy baja autodescarga<\/p>\n","protected":false},"featured_media":23501,"template":"","meta":[],"product_brand":[],"product_cat":[2580,2587,2589,2594,2596,2582,2593,2592],"product_tag":[2936,2939,2954,2969,2978,2971,2976,2963,2965,2967,2974,2987,2990,2984,2962,2961,2973,2989,2986,2935,2959,2876,2970,2979,2972,2977,2964,2966,2968,2975,2988,2991,2985,2960],"class_list":{"0":"post-23448","1":"product","2":"type-product","3":"status-publish","4":"has-post-thumbnail","6":"product_cat-arranque","7":"product_cat-litio","8":"product_cat-moto-es","9":"product_cat-motonieve","10":"product_cat-motonieve-es","11":"product_cat-quad-es","12":"product_cat-scooter-es","13":"product_cat-ssv-utv-es","14":"product_tag-bateria-de-litio","15":"product_tag-bateria-de-quad","16":"product_tag-bateria-de-ssv","17":"product_tag-ft12a-bs-es","18":"product_tag-ft12abs-es","19":"product_tag-ftx12-bs-es","20":"product_tag-ftx12bs-es","21":"product_tag-ftx14-bs-es","22":"product_tag-ftx14bs-es","23":"product_tag-ftx7a-bs-es","24":"product_tag-ftx7abs-es","25":"product_tag-ftx9-bs-es","26":"product_tag-ftx9bs-es","27":"product_tag-ftz10s-es","28":"product_tag-ftz12s-gel-es","29":"product_tag-hjtx14h-fp-es","30":"product_tag-hjtx7a-fp-es","31":"product_tag-hjtx9-fp-es","32":"product_tag-hjtz10s-fp-es","33":"product_tag-litio","34":"product_tag-litio-es","35":"product_tag-motorcycle-battery-es","36":"product_tag-yt12a-bs-es","37":"product_tag-yt12abs-es","38":"product_tag-ytx12-bs-es","39":"product_tag-ytx12bs-es","40":"product_tag-ytx14-bs-es","41":"product_tag-ytx14bs-es","42":"product_tag-ytx7a-bs-es","43":"product_tag-ytx7abs-es","44":"product_tag-ytx9-bs-es","45":"product_tag-ytx9bs-es","46":"product_tag-ytz10s-es","47":"product_tag-ytz12s-es-2","49":"first","50":"instock","51":"shipping-taxable","52":"product-type-simple"},"yoast_head":"<!-- This site is optimized with the Yoast SEO plugin v26.9 - https:\/\/yoast.com\/product\/yoast-seo-wordpress\/ -->\n<title>FLTX7A\/9- FLTZ10S - Fulbat<\/title>\n<meta name=\"description\" content=\"%\" \/>\n<meta name=\"robots\" content=\"index, follow, max-snippet:-1, max-image-preview:large, max-video-preview:-1\" \/>\n<link rel=\"canonical\" href=\"https:\/\/fulbat.com\/es\/producto\/fltx7a-9-fltz10s\/\" \/>\n<meta property=\"og:locale\" content=\"es_ES\" \/>\n<meta property=\"og:type\" content=\"article\" \/>\n<meta property=\"og:title\" content=\"FLTX7A\/9- FLTZ10S - Fulbat\" \/>\n<meta property=\"og:description\" content=\"%\" \/>\n<meta property=\"og:url\" content=\"https:\/\/fulbat.com\/es\/producto\/fltx7a-9-fltz10s\/\" \/>\n<meta property=\"og:site_name\" content=\"Fulbat\" \/>\n<meta property=\"article:modified_time\" content=\"2024-11-20T14:47:18+00:00\" \/>\n<meta property=\"og:image\" content=\"https:\/\/fulbat.com\/wp-content\/uploads\/2024\/07\/New-lithium-moto_.png\" \/>\n\t<meta property=\"og:image:width\" content=\"1080\" \/>\n\t<meta property=\"og:image:height\" content=\"900\" \/>\n\t<meta property=\"og:image:type\" content=\"image\/png\" \/>\n<meta name=\"twitter:card\" content=\"summary_large_image\" \/>\n<meta name=\"twitter:label1\" content=\"Tiempo de lectura\" \/>\n\t<meta name=\"twitter:data1\" content=\"2 minutos\" \/>\n<script type=\"application\/ld+json\" class=\"yoast-schema-graph\">{\"@context\":\"https:\/\/schema.org\",\"@graph\":[{\"@type\":\"WebPage\",\"@id\":\"https:\/\/fulbat.com\/es\/producto\/fltx7a-9-fltz10s\/\",\"url\":\"https:\/\/fulbat.com\/es\/producto\/fltx7a-9-fltz10s\/\",\"name\":\"FLTX7A\/9- FLTZ10S - Fulbat\",\"isPartOf\":{\"@id\":\"https:\/\/fulbat.com\/es\/#website\"},\"primaryImageOfPage\":{\"@id\":\"https:\/\/fulbat.com\/es\/producto\/fltx7a-9-fltz10s\/#primaryimage\"},\"image\":{\"@id\":\"https:\/\/fulbat.com\/es\/producto\/fltx7a-9-fltz10s\/#primaryimage\"},\"thumbnailUrl\":\"https:\/\/fulbat.com\/wp-content\/uploads\/2024\/07\/New-lithium-moto_.png\",\"datePublished\":\"2024-07-08T08:39:49+00:00\",\"dateModified\":\"2024-11-20T14:47:18+00:00\",\"description\":\"%\",\"breadcrumb\":{\"@id\":\"https:\/\/fulbat.com\/es\/producto\/fltx7a-9-fltz10s\/#breadcrumb\"},\"inLanguage\":\"es\",\"potentialAction\":[{\"@type\":\"ReadAction\",\"target\":[\"https:\/\/fulbat.com\/es\/producto\/fltx7a-9-fltz10s\/\"]}]},{\"@type\":\"ImageObject\",\"inLanguage\":\"es\",\"@id\":\"https:\/\/fulbat.com\/es\/producto\/fltx7a-9-fltz10s\/#primaryimage\",\"url\":\"https:\/\/fulbat.com\/wp-content\/uploads\/2024\/07\/New-lithium-moto_.png\",\"contentUrl\":\"https:\/\/fulbat.com\/wp-content\/uploads\/2024\/07\/New-lithium-moto_.png\",\"width\":1080,\"height\":900},{\"@type\":\"BreadcrumbList\",\"@id\":\"https:\/\/fulbat.com\/es\/producto\/fltx7a-9-fltz10s\/#breadcrumb\",\"itemListElement\":[{\"@type\":\"ListItem\",\"position\":1,\"name\":\"Home\",\"item\":\"https:\/\/fulbat.com\/es\/\"},{\"@type\":\"ListItem\",\"position\":2,\"name\":\"Shop\",\"item\":\"https:\/\/fulbat.com\/shop\/\"},{\"@type\":\"ListItem\",\"position\":3,\"name\":\"Arranque\",\"item\":\"https:\/\/fulbat.com\/es\/arranque\/\"},{\"@type\":\"ListItem\",\"position\":4,\"name\":\"FLTX7A\/9- FLTZ10S\"}]},{\"@type\":\"WebSite\",\"@id\":\"https:\/\/fulbat.com\/es\/#website\",\"url\":\"https:\/\/fulbat.com\/es\/\",\"name\":\"Fulbat\",\"description\":\"Qualitative, performing &amp; reliable battery solutions\",\"potentialAction\":[{\"@type\":\"SearchAction\",\"target\":{\"@type\":\"EntryPoint\",\"urlTemplate\":\"https:\/\/fulbat.com\/es\/?s={search_term_string}\"},\"query-input\":{\"@type\":\"PropertyValueSpecification\",\"valueRequired\":true,\"valueName\":\"search_term_string\"}}],\"inLanguage\":\"es\"}]}<\/script>\n<!-- \/ Yoast SEO plugin. -->","yoast_head_json":{"title":"FLTX7A\/9- FLTZ10S - Fulbat","description":"%","robots":{"index":"index","follow":"follow","max-snippet":"max-snippet:-1","max-image-preview":"max-image-preview:large","max-video-preview":"max-video-preview:-1"},"canonical":"https:\/\/fulbat.com\/es\/producto\/fltx7a-9-fltz10s\/","og_locale":"es_ES","og_type":"article","og_title":"FLTX7A\/9- FLTZ10S - Fulbat","og_description":"%","og_url":"https:\/\/fulbat.com\/es\/producto\/fltx7a-9-fltz10s\/","og_site_name":"Fulbat","article_modified_time":"2024-11-20T14:47:18+00:00","og_image":[{"width":1080,"height":900,"url":"https:\/\/fulbat.com\/wp-content\/uploads\/2024\/07\/New-lithium-moto_.png","type":"image\/png"}],"twitter_card":"summary_large_image","twitter_misc":{"Tiempo de lectura":"2 minutos"},"schema":{"@context":"https:\/\/schema.org","@graph":[{"@type":"WebPage","@id":"https:\/\/fulbat.com\/es\/producto\/fltx7a-9-fltz10s\/","url":"https:\/\/fulbat.com\/es\/producto\/fltx7a-9-fltz10s\/","name":"FLTX7A\/9- FLTZ10S - Fulbat","isPartOf":{"@id":"https:\/\/fulbat.com\/es\/#website"},"primaryImageOfPage":{"@id":"https:\/\/fulbat.com\/es\/producto\/fltx7a-9-fltz10s\/#primaryimage"},"image":{"@id":"https:\/\/fulbat.com\/es\/producto\/fltx7a-9-fltz10s\/#primaryimage"},"thumbnailUrl":"https:\/\/fulbat.com\/wp-content\/uploads\/2024\/07\/New-lithium-moto_.png","datePublished":"2024-07-08T08:39:49+00:00","dateModified":"2024-11-20T14:47:18+00:00","description":"%","breadcrumb":{"@id":"https:\/\/fulbat.com\/es\/producto\/fltx7a-9-fltz10s\/#breadcrumb"},"inLanguage":"es","potentialAction":[{"@type":"ReadAction","target":["https:\/\/fulbat.com\/es\/producto\/fltx7a-9-fltz10s\/"]}]},{"@type":"ImageObject","inLanguage":"es","@id":"https:\/\/fulbat.com\/es\/producto\/fltx7a-9-fltz10s\/#primaryimage","url":"https:\/\/fulbat.com\/wp-content\/uploads\/2024\/07\/New-lithium-moto_.png","contentUrl":"https:\/\/fulbat.com\/wp-content\/uploads\/2024\/07\/New-lithium-moto_.png","width":1080,"height":900},{"@type":"BreadcrumbList","@id":"https:\/\/fulbat.com\/es\/producto\/fltx7a-9-fltz10s\/#breadcrumb","itemListElement":[{"@type":"ListItem","position":1,"name":"Home","item":"https:\/\/fulbat.com\/es\/"},{"@type":"ListItem","position":2,"name":"Shop","item":"https:\/\/fulbat.com\/shop\/"},{"@type":"ListItem","position":3,"name":"Arranque","item":"https:\/\/fulbat.com\/es\/arranque\/"},{"@type":"ListItem","position":4,"name":"FLTX7A\/9- FLTZ10S"}]},{"@type":"WebSite","@id":"https:\/\/fulbat.com\/es\/#website","url":"https:\/\/fulbat.com\/es\/","name":"Fulbat","description":"Qualitative, performing &amp; reliable battery solutions","potentialAction":[{"@type":"SearchAction","target":{"@type":"EntryPoint","urlTemplate":"https:\/\/fulbat.com\/es\/?s={search_term_string}"},"query-input":{"@type":"PropertyValueSpecification","valueRequired":true,"valueName":"search_term_string"}}],"inLanguage":"es"}]}},"_links":{"self":[{"href":"https:\/\/fulbat.com\/es\/wp-json\/wp\/v2\/product\/23448","targetHints":{"allow":["GET"]}}],"collection":[{"href":"https:\/\/fulbat.com\/es\/wp-json\/wp\/v2\/product"}],"about":[{"href":"https:\/\/fulbat.com\/es\/wp-json\/wp\/v2\/types\/product"}],"wp:featuredmedia":[{"embeddable":true,"href":"https:\/\/fulbat.com\/es\/wp-json\/wp\/v2\/media\/23501"}],"wp:attachment":[{"href":"https:\/\/fulbat.com\/es\/wp-json\/wp\/v2\/media?parent=23448"}],"wp:term":[{"taxonomy":"product_brand","embeddable":true,"href":"https:\/\/fulbat.com\/es\/wp-json\/wp\/v2\/product_brand?post=23448"},{"taxonomy":"product_cat","embeddable":true,"href":"https:\/\/fulbat.com\/es\/wp-json\/wp\/v2\/product_cat?post=23448"},{"taxonomy":"product_tag","embeddable":true,"href":"https:\/\/fulbat.com\/es\/wp-json\/wp\/v2\/product_tag?post=23448"}],"curies":[{"name":"wp","href":"https:\/\/api.w.org\/{rel}","templated":true}]}}