{"id":24287,"date":"2020-08-26T10:56:46","date_gmt":"2024-10-03T14:14:47","guid":{"rendered":"https:\/\/fulbat.com\/?post_type=product&#038;p=24287"},"modified":"2024-11-20T16:42:36","modified_gmt":"2024-11-20T15:42:36","slug":"fltx4l-5l-7l-fltz5s-6s-7s-3","status":"publish","type":"product","link":"https:\/\/fulbat.com\/es\/producto\/fltx4l-5l-7l-fltz5s-6s-7s-3\/","title":{"rendered":"FLTX4L\/5L\/7L &#8211; FLTZ5S\/6S\/7S"},"content":{"rendered":"<p style=\"text-align: justify;\">La bater\u00eda FLTX4L\/5L\/7L &#8211; FLTZ5S\/6S\/7S forma parte de nuestra gama de Litio LiFePO4. Equipada con un sistema de gesti\u00f3n de la bater\u00eda integrado, esta bater\u00eda de 12,8 V y 25.6Wh garantiza un rendimiento de arranque extremo, una autodescarga muy baja y una vida \u00fatil extrema en condiciones m\u00e1s seguras.<\/p>\n<p>Lista para usar y con una concepci\u00f3n ultraligera, la bater\u00eda FLTX4L\/5L\/7L &#8211; FLTZ5S\/6S\/7S<span>\u00a0<\/span>es ideal para los pilotos m\u00e1s exigentes que buscan la m\u00e1xima experiencia de conducci\u00f3n.<\/p>\n<p>Entregado con 3 espaciadores de espuma (10 mm, 20 mm y 25 mm), que puede apilarse y fijarse a nuestra bater\u00eda FLT, es ideal para sustituir los modelos de bater\u00edas de plomo-\u00e1cido garantizando un ajuste seguro.<\/p>\n<p><img loading=\"lazy\" decoding=\"async\" class=\"alignnone wp-image-8284\" src=\"https:\/\/fulbat.com\/wp-content\/uploads\/2020\/08\/EU-flag-300x200.jpg\" alt=\"\" width=\"26\" height=\"17\" srcset=\"https:\/\/fulbat.com\/wp-content\/uploads\/2020\/08\/EU-flag-300x200.jpg 300w, https:\/\/fulbat.com\/wp-content\/uploads\/2020\/08\/EU-flag-150x100.jpg 150w, https:\/\/fulbat.com\/wp-content\/uploads\/2020\/08\/EU-flag.jpg 425w\" sizes=\"auto, (max-width: 26px) 100vw, 26px\" \/> Cumple con el nuevo reglamento europeo (UE) 2019\/1148 de 2021 relativo a la venta de \u00e1cido para bater\u00edas.<\/p>\n<p>Cargadores compatibles : <strong><a href=\"https:\/\/fulbat.com\/es\/cargadores\/cargadores\/fulload-1000\/\" target=\"_blank\" rel=\"noopener noreferrer\">Fulload 1000<\/a> |\u00a0<a href=\"https:\/\/fulbat.com\/fr\/chargeur\/chargeur\/fulbank-2000\/\">Fulbank 2000<\/a><\/strong><\/p>\n","protected":false},"excerpt":{"rendered":"<p>Listo para usar y sin mantenimiento<\/p>\n<p>Peso ultraligero en comparaci\u00f3n con las bater\u00edas de plomo<\/p>\n<p>Alto rendimiento de arranque en fr\u00edo<\/p>\n<p>Carga r\u00e1pida (hasta 5 veces m\u00e1s r\u00e1pida que una bater\u00eda de plomo)<\/p>\n<p>Dise\u00f1o fiable y seguro gracias al sistema BMS<\/p>\n<p>Se puede montar en cualquier posici\u00f3n<\/p>\n<p>Muy baja autodescarga<\/p>\n","protected":false},"featured_media":24297,"template":"","meta":[],"product_brand":[],"product_cat":[2580,2587,2589,2594,2596,2582,2593,2592],"product_tag":[4523,2936,3014,3020,5584,5582,5583,5580,5604,5618,5616,5614,5613,3016,3022,3024,3025,3019,2959,2935,2876,2877,3015,3021,3017,3023,3018,3026],"class_list":{"0":"post-24287","1":"product","2":"type-product","3":"status-publish","4":"has-post-thumbnail","6":"product_cat-arranque","7":"product_cat-litio","8":"product_cat-moto-es","9":"product_cat-motonieve","10":"product_cat-motonieve-es","11":"product_cat-quad-es","12":"product_cat-scooter-es","13":"product_cat-ssv-utv-es","14":"product_tag-560635-es","15":"product_tag-bateria-de-litio","16":"product_tag-fb4l-b-es","17":"product_tag-fb4lb-es","18":"product_tag-fltx4l-es-2","19":"product_tag-fltx4l-5l-7l-es-2","20":"product_tag-fltx4l-5l-7l-fltz5s-6s-7s-es-2","21":"product_tag-fltx5l-es-2","22":"product_tag-fltx7l-es-2","23":"product_tag-fltz5s-es-2","24":"product_tag-fltz5s-6s-7s-es-2","25":"product_tag-fltz6s-es-2","26":"product_tag-fltz7s-es-2","27":"product_tag-ftx4l-bs-ftz5s-es","28":"product_tag-ftx4lbs-ftz5s-es","29":"product_tag-ftx5l-bs-ftz6s-es","30":"product_tag-ftx5lbs-ftz6s-es","31":"product_tag-hjtz5s-fp-es","32":"product_tag-litio-es","33":"product_tag-litio","34":"product_tag-motorcycle-battery-es","35":"product_tag-scooter-battery-es","36":"product_tag-yb4l-b-es","37":"product_tag-yb4lb-es","38":"product_tag-ytx4l-bs-ytz5s-es","39":"product_tag-ytx4lbs-ytz5s-es","40":"product_tag-ytx5l-bs-ytz6s-es","41":"product_tag-ytx5lbs-es","43":"first","44":"instock","45":"shipping-taxable","46":"product-type-simple"},"yoast_head":"<!-- This site is optimized with the Yoast SEO plugin v26.9 - https:\/\/yoast.com\/product\/yoast-seo-wordpress\/ -->\n<title>FLTX4L\/5L\/7L - FLTZ5S\/6S\/7S - Fulbat<\/title>\n<meta name=\"description\" content=\"%\" \/>\n<meta name=\"robots\" content=\"index, follow, max-snippet:-1, max-image-preview:large, max-video-preview:-1\" \/>\n<link rel=\"canonical\" href=\"https:\/\/fulbat.com\/es\/producto\/fltx4l-5l-7l-fltz5s-6s-7s-3\/\" \/>\n<meta property=\"og:locale\" content=\"es_ES\" \/>\n<meta property=\"og:type\" content=\"article\" \/>\n<meta property=\"og:title\" content=\"FLTX4L\/5L\/7L - FLTZ5S\/6S\/7S - Fulbat\" \/>\n<meta property=\"og:description\" content=\"%\" \/>\n<meta property=\"og:url\" content=\"https:\/\/fulbat.com\/es\/producto\/fltx4l-5l-7l-fltz5s-6s-7s-3\/\" \/>\n<meta property=\"og:site_name\" content=\"Fulbat\" \/>\n<meta property=\"article:modified_time\" content=\"2024-11-20T15:42:36+00:00\" \/>\n<meta property=\"og:image\" content=\"https:\/\/fulbat.com\/wp-content\/uploads\/2024\/10\/New-lithium-moto_.png\" \/>\n\t<meta property=\"og:image:width\" content=\"1080\" \/>\n\t<meta property=\"og:image:height\" content=\"900\" \/>\n\t<meta property=\"og:image:type\" content=\"image\/png\" \/>\n<meta name=\"twitter:card\" content=\"summary_large_image\" \/>\n<meta name=\"twitter:label1\" content=\"Tiempo de lectura\" \/>\n\t<meta name=\"twitter:data1\" content=\"1 minuto\" \/>\n<script type=\"application\/ld+json\" class=\"yoast-schema-graph\">{\"@context\":\"https:\/\/schema.org\",\"@graph\":[{\"@type\":\"WebPage\",\"@id\":\"https:\/\/fulbat.com\/es\/producto\/fltx4l-5l-7l-fltz5s-6s-7s-3\/\",\"url\":\"https:\/\/fulbat.com\/es\/producto\/fltx4l-5l-7l-fltz5s-6s-7s-3\/\",\"name\":\"FLTX4L\/5L\/7L - FLTZ5S\/6S\/7S - Fulbat\",\"isPartOf\":{\"@id\":\"https:\/\/fulbat.com\/es\/#website\"},\"primaryImageOfPage\":{\"@id\":\"https:\/\/fulbat.com\/es\/producto\/fltx4l-5l-7l-fltz5s-6s-7s-3\/#primaryimage\"},\"image\":{\"@id\":\"https:\/\/fulbat.com\/es\/producto\/fltx4l-5l-7l-fltz5s-6s-7s-3\/#primaryimage\"},\"thumbnailUrl\":\"https:\/\/fulbat.com\/wp-content\/uploads\/2024\/10\/New-lithium-moto_.png\",\"datePublished\":\"2024-10-03T14:14:47+00:00\",\"dateModified\":\"2024-11-20T15:42:36+00:00\",\"description\":\"%\",\"breadcrumb\":{\"@id\":\"https:\/\/fulbat.com\/es\/producto\/fltx4l-5l-7l-fltz5s-6s-7s-3\/#breadcrumb\"},\"inLanguage\":\"es\",\"potentialAction\":[{\"@type\":\"ReadAction\",\"target\":[\"https:\/\/fulbat.com\/es\/producto\/fltx4l-5l-7l-fltz5s-6s-7s-3\/\"]}]},{\"@type\":\"ImageObject\",\"inLanguage\":\"es\",\"@id\":\"https:\/\/fulbat.com\/es\/producto\/fltx4l-5l-7l-fltz5s-6s-7s-3\/#primaryimage\",\"url\":\"https:\/\/fulbat.com\/wp-content\/uploads\/2024\/10\/New-lithium-moto_.png\",\"contentUrl\":\"https:\/\/fulbat.com\/wp-content\/uploads\/2024\/10\/New-lithium-moto_.png\",\"width\":1080,\"height\":900,\"caption\":\"New lithium moto_\"},{\"@type\":\"BreadcrumbList\",\"@id\":\"https:\/\/fulbat.com\/es\/producto\/fltx4l-5l-7l-fltz5s-6s-7s-3\/#breadcrumb\",\"itemListElement\":[{\"@type\":\"ListItem\",\"position\":1,\"name\":\"Home\",\"item\":\"https:\/\/fulbat.com\/es\/\"},{\"@type\":\"ListItem\",\"position\":2,\"name\":\"Shop\",\"item\":\"https:\/\/fulbat.com\/shop\/\"},{\"@type\":\"ListItem\",\"position\":3,\"name\":\"Arranque\",\"item\":\"https:\/\/fulbat.com\/es\/arranque\/\"},{\"@type\":\"ListItem\",\"position\":4,\"name\":\"FLTX4L\/5L\/7L &#8211; FLTZ5S\/6S\/7S\"}]},{\"@type\":\"WebSite\",\"@id\":\"https:\/\/fulbat.com\/es\/#website\",\"url\":\"https:\/\/fulbat.com\/es\/\",\"name\":\"Fulbat\",\"description\":\"Qualitative, performing &amp; reliable battery solutions\",\"potentialAction\":[{\"@type\":\"SearchAction\",\"target\":{\"@type\":\"EntryPoint\",\"urlTemplate\":\"https:\/\/fulbat.com\/es\/?s={search_term_string}\"},\"query-input\":{\"@type\":\"PropertyValueSpecification\",\"valueRequired\":true,\"valueName\":\"search_term_string\"}}],\"inLanguage\":\"es\"}]}<\/script>\n<!-- \/ Yoast SEO plugin. -->","yoast_head_json":{"title":"FLTX4L\/5L\/7L - FLTZ5S\/6S\/7S - Fulbat","description":"%","robots":{"index":"index","follow":"follow","max-snippet":"max-snippet:-1","max-image-preview":"max-image-preview:large","max-video-preview":"max-video-preview:-1"},"canonical":"https:\/\/fulbat.com\/es\/producto\/fltx4l-5l-7l-fltz5s-6s-7s-3\/","og_locale":"es_ES","og_type":"article","og_title":"FLTX4L\/5L\/7L - FLTZ5S\/6S\/7S - Fulbat","og_description":"%","og_url":"https:\/\/fulbat.com\/es\/producto\/fltx4l-5l-7l-fltz5s-6s-7s-3\/","og_site_name":"Fulbat","article_modified_time":"2024-11-20T15:42:36+00:00","og_image":[{"width":1080,"height":900,"url":"https:\/\/fulbat.com\/wp-content\/uploads\/2024\/10\/New-lithium-moto_.png","type":"image\/png"}],"twitter_card":"summary_large_image","twitter_misc":{"Tiempo de lectura":"1 minuto"},"schema":{"@context":"https:\/\/schema.org","@graph":[{"@type":"WebPage","@id":"https:\/\/fulbat.com\/es\/producto\/fltx4l-5l-7l-fltz5s-6s-7s-3\/","url":"https:\/\/fulbat.com\/es\/producto\/fltx4l-5l-7l-fltz5s-6s-7s-3\/","name":"FLTX4L\/5L\/7L - FLTZ5S\/6S\/7S - Fulbat","isPartOf":{"@id":"https:\/\/fulbat.com\/es\/#website"},"primaryImageOfPage":{"@id":"https:\/\/fulbat.com\/es\/producto\/fltx4l-5l-7l-fltz5s-6s-7s-3\/#primaryimage"},"image":{"@id":"https:\/\/fulbat.com\/es\/producto\/fltx4l-5l-7l-fltz5s-6s-7s-3\/#primaryimage"},"thumbnailUrl":"https:\/\/fulbat.com\/wp-content\/uploads\/2024\/10\/New-lithium-moto_.png","datePublished":"2024-10-03T14:14:47+00:00","dateModified":"2024-11-20T15:42:36+00:00","description":"%","breadcrumb":{"@id":"https:\/\/fulbat.com\/es\/producto\/fltx4l-5l-7l-fltz5s-6s-7s-3\/#breadcrumb"},"inLanguage":"es","potentialAction":[{"@type":"ReadAction","target":["https:\/\/fulbat.com\/es\/producto\/fltx4l-5l-7l-fltz5s-6s-7s-3\/"]}]},{"@type":"ImageObject","inLanguage":"es","@id":"https:\/\/fulbat.com\/es\/producto\/fltx4l-5l-7l-fltz5s-6s-7s-3\/#primaryimage","url":"https:\/\/fulbat.com\/wp-content\/uploads\/2024\/10\/New-lithium-moto_.png","contentUrl":"https:\/\/fulbat.com\/wp-content\/uploads\/2024\/10\/New-lithium-moto_.png","width":1080,"height":900,"caption":"New lithium moto_"},{"@type":"BreadcrumbList","@id":"https:\/\/fulbat.com\/es\/producto\/fltx4l-5l-7l-fltz5s-6s-7s-3\/#breadcrumb","itemListElement":[{"@type":"ListItem","position":1,"name":"Home","item":"https:\/\/fulbat.com\/es\/"},{"@type":"ListItem","position":2,"name":"Shop","item":"https:\/\/fulbat.com\/shop\/"},{"@type":"ListItem","position":3,"name":"Arranque","item":"https:\/\/fulbat.com\/es\/arranque\/"},{"@type":"ListItem","position":4,"name":"FLTX4L\/5L\/7L &#8211; FLTZ5S\/6S\/7S"}]},{"@type":"WebSite","@id":"https:\/\/fulbat.com\/es\/#website","url":"https:\/\/fulbat.com\/es\/","name":"Fulbat","description":"Qualitative, performing &amp; reliable battery solutions","potentialAction":[{"@type":"SearchAction","target":{"@type":"EntryPoint","urlTemplate":"https:\/\/fulbat.com\/es\/?s={search_term_string}"},"query-input":{"@type":"PropertyValueSpecification","valueRequired":true,"valueName":"search_term_string"}}],"inLanguage":"es"}]}},"_links":{"self":[{"href":"https:\/\/fulbat.com\/es\/wp-json\/wp\/v2\/product\/24287","targetHints":{"allow":["GET"]}}],"collection":[{"href":"https:\/\/fulbat.com\/es\/wp-json\/wp\/v2\/product"}],"about":[{"href":"https:\/\/fulbat.com\/es\/wp-json\/wp\/v2\/types\/product"}],"wp:featuredmedia":[{"embeddable":true,"href":"https:\/\/fulbat.com\/es\/wp-json\/wp\/v2\/media\/24297"}],"wp:attachment":[{"href":"https:\/\/fulbat.com\/es\/wp-json\/wp\/v2\/media?parent=24287"}],"wp:term":[{"taxonomy":"product_brand","embeddable":true,"href":"https:\/\/fulbat.com\/es\/wp-json\/wp\/v2\/product_brand?post=24287"},{"taxonomy":"product_cat","embeddable":true,"href":"https:\/\/fulbat.com\/es\/wp-json\/wp\/v2\/product_cat?post=24287"},{"taxonomy":"product_tag","embeddable":true,"href":"https:\/\/fulbat.com\/es\/wp-json\/wp\/v2\/product_tag?post=24287"}],"curies":[{"name":"wp","href":"https:\/\/api.w.org\/{rel}","templated":true}]}}