{"id":35623,"date":"2025-07-09T11:13:56","date_gmt":"2025-04-17T09:13:57","guid":{"rendered":"https:\/\/fulbat.com\/?post_type=product&#038;p=35623"},"modified":"2025-04-17T12:33:08","modified_gmt":"2025-04-17T10:33:08","slug":"u1-500-sla","status":"publish","type":"product","link":"https:\/\/fulbat.com\/es\/producto\/u1-500-sla\/","title":{"rendered":"U1-500 SLA"},"content":{"rendered":"<p style=\"text-align: justify;\">La U1-500 SLA forma parte de nuestra gama SLA. Especialmente dise\u00f1ada para ofrecer el m\u00e1ximo rendimiento y seguridad, esta bater\u00eda de 12 V est\u00e1 lista para usar y no requiere ninguna manipulaci\u00f3n con \u00e1cido, preparaci\u00f3n inicial ni mantenimiento.<\/p>\n<p>Con un dise\u00f1o no derramable (VRLA), la bater\u00eda U1-500 SLA es ideal para todos los cortac\u00e9spedes con conductor que requieren un alto rendimiento.<\/p>\n<p><img loading=\"lazy\" decoding=\"async\" class=\"alignnone wp-image-8284\" src=\"https:\/\/fulbat.com\/wp-content\/uploads\/2020\/08\/EU-flag-300x200.jpg\" alt=\"\" width=\"26\" height=\"17\" srcset=\"https:\/\/fulbat.com\/wp-content\/uploads\/2020\/08\/EU-flag-300x200.jpg 300w, https:\/\/fulbat.com\/wp-content\/uploads\/2020\/08\/EU-flag-150x100.jpg 150w, https:\/\/fulbat.com\/wp-content\/uploads\/2020\/08\/EU-flag.jpg 425w\" sizes=\"auto, (max-width: 26px) 100vw, 26px\" \/> Conforme al Reglamento Europeo &#8211; (UE) 2019\/1148 de 2021 para la venta de \u00e1cido para bater\u00edas<\/p>\n<p>Cargador compatible: <a href=\"https:\/\/fulbat.com\/charger\/charger\/fulload-f4\/\"><strong>Fulload F4<\/strong><\/a><\/p>\n","protected":false},"excerpt":{"rendered":"<p>Tecnolog\u00eda AGM<\/p>\n<p>Activado de f\u00e1brica y listo para usar<\/p>\n<p>Bater\u00eda VRLA (Bater\u00eda de plomo-\u00e1cido regulada por v\u00e1lvula)<\/p>\n<p>No derramable: f\u00e1cil de enviar<\/p>\n<p>Sin manipulaci\u00f3n de \u00e1cidos<\/p>\n<p>F\u00e1cil de instalar y sin mantenimiento<\/p>\n<p>Mayor vida \u00fatil<\/p>\n<p>Sulfataci\u00f3n de la placa minimizada<\/p>\n<p>Adecuado para climas fr\u00edos<\/p>\n","protected":false},"featured_media":39219,"template":"","meta":[],"product_brand":[],"product_cat":[2580,2586,2591],"product_tag":[4511,3094,3190,4512,3204,3203,3205,3206],"class_list":{"0":"post-35623","1":"product","2":"type-product","3":"status-publish","4":"has-post-thumbnail","6":"product_cat-arranque","7":"product_cat-cesped-y-jardin","8":"product_cat-sla-es","9":"product_tag-551003-es","10":"product_tag-bateria-para-cesped-y-jardin-es","11":"product_tag-sla-bateria","12":"product_tag-u1-350-es","13":"product_tag-u1-9-es","14":"product_tag-u1-9-sla-es","15":"product_tag-u19-es","16":"product_tag-u19-sla-es","18":"first","19":"instock","20":"shipping-taxable","21":"product-type-simple"},"yoast_head":"<!-- This site is optimized with the Yoast SEO plugin v26.9 - https:\/\/yoast.com\/product\/yoast-seo-wordpress\/ -->\n<title>U1-500 SLA - Fulbat<\/title>\n<meta name=\"description\" content=\"%\" \/>\n<meta name=\"robots\" content=\"index, follow, max-snippet:-1, max-image-preview:large, max-video-preview:-1\" \/>\n<link rel=\"canonical\" href=\"https:\/\/fulbat.com\/es\/producto\/u1-500-sla\/\" \/>\n<meta property=\"og:locale\" content=\"es_ES\" \/>\n<meta property=\"og:type\" content=\"article\" \/>\n<meta property=\"og:title\" content=\"U1-500 SLA - Fulbat\" \/>\n<meta property=\"og:description\" content=\"%\" \/>\n<meta property=\"og:url\" content=\"https:\/\/fulbat.com\/es\/producto\/u1-500-sla\/\" \/>\n<meta property=\"og:site_name\" content=\"Fulbat\" \/>\n<meta property=\"article:modified_time\" content=\"2025-04-17T10:33:08+00:00\" \/>\n<meta property=\"og:image\" content=\"https:\/\/fulbat.com\/wp-content\/uploads\/2025\/04\/Fulbat_SLA_U1-500.png\" \/>\n\t<meta property=\"og:image:width\" content=\"1080\" \/>\n\t<meta property=\"og:image:height\" content=\"1201\" \/>\n\t<meta property=\"og:image:type\" content=\"image\/png\" \/>\n<meta name=\"twitter:card\" content=\"summary_large_image\" \/>\n<meta name=\"twitter:label1\" content=\"Tiempo de lectura\" \/>\n\t<meta name=\"twitter:data1\" content=\"1 minuto\" \/>\n<script type=\"application\/ld+json\" class=\"yoast-schema-graph\">{\"@context\":\"https:\/\/schema.org\",\"@graph\":[{\"@type\":\"WebPage\",\"@id\":\"https:\/\/fulbat.com\/es\/producto\/u1-500-sla\/\",\"url\":\"https:\/\/fulbat.com\/es\/producto\/u1-500-sla\/\",\"name\":\"U1-500 SLA - Fulbat\",\"isPartOf\":{\"@id\":\"https:\/\/fulbat.com\/es\/#website\"},\"primaryImageOfPage\":{\"@id\":\"https:\/\/fulbat.com\/es\/producto\/u1-500-sla\/#primaryimage\"},\"image\":{\"@id\":\"https:\/\/fulbat.com\/es\/producto\/u1-500-sla\/#primaryimage\"},\"thumbnailUrl\":\"https:\/\/fulbat.com\/wp-content\/uploads\/2026\/01\/FT_AGM_U1-500_USA_handle.png\",\"datePublished\":\"2025-04-17T09:13:57+00:00\",\"dateModified\":\"2025-04-17T10:33:08+00:00\",\"description\":\"%\",\"breadcrumb\":{\"@id\":\"https:\/\/fulbat.com\/es\/producto\/u1-500-sla\/#breadcrumb\"},\"inLanguage\":\"es\",\"potentialAction\":[{\"@type\":\"ReadAction\",\"target\":[\"https:\/\/fulbat.com\/es\/producto\/u1-500-sla\/\"]}]},{\"@type\":\"ImageObject\",\"inLanguage\":\"es\",\"@id\":\"https:\/\/fulbat.com\/es\/producto\/u1-500-sla\/#primaryimage\",\"url\":\"https:\/\/fulbat.com\/wp-content\/uploads\/2026\/01\/FT_AGM_U1-500_USA_handle.png\",\"contentUrl\":\"https:\/\/fulbat.com\/wp-content\/uploads\/2026\/01\/FT_AGM_U1-500_USA_handle.png\",\"width\":2604,\"height\":2896,\"caption\":\"FT_AGM_U1-500_USA_handle\"},{\"@type\":\"BreadcrumbList\",\"@id\":\"https:\/\/fulbat.com\/es\/producto\/u1-500-sla\/#breadcrumb\",\"itemListElement\":[{\"@type\":\"ListItem\",\"position\":1,\"name\":\"Home\",\"item\":\"https:\/\/fulbat.com\/es\/\"},{\"@type\":\"ListItem\",\"position\":2,\"name\":\"Shop\",\"item\":\"https:\/\/fulbat.com\/shop\/\"},{\"@type\":\"ListItem\",\"position\":3,\"name\":\"Arranque\",\"item\":\"https:\/\/fulbat.com\/es\/arranque\/\"},{\"@type\":\"ListItem\",\"position\":4,\"name\":\"U1-500 SLA\"}]},{\"@type\":\"WebSite\",\"@id\":\"https:\/\/fulbat.com\/es\/#website\",\"url\":\"https:\/\/fulbat.com\/es\/\",\"name\":\"Fulbat\",\"description\":\"Qualitative, performing &amp; reliable battery solutions\",\"potentialAction\":[{\"@type\":\"SearchAction\",\"target\":{\"@type\":\"EntryPoint\",\"urlTemplate\":\"https:\/\/fulbat.com\/es\/?s={search_term_string}\"},\"query-input\":{\"@type\":\"PropertyValueSpecification\",\"valueRequired\":true,\"valueName\":\"search_term_string\"}}],\"inLanguage\":\"es\"}]}<\/script>\n<!-- \/ Yoast SEO plugin. -->","yoast_head_json":{"title":"U1-500 SLA - Fulbat","description":"%","robots":{"index":"index","follow":"follow","max-snippet":"max-snippet:-1","max-image-preview":"max-image-preview:large","max-video-preview":"max-video-preview:-1"},"canonical":"https:\/\/fulbat.com\/es\/producto\/u1-500-sla\/","og_locale":"es_ES","og_type":"article","og_title":"U1-500 SLA - Fulbat","og_description":"%","og_url":"https:\/\/fulbat.com\/es\/producto\/u1-500-sla\/","og_site_name":"Fulbat","article_modified_time":"2025-04-17T10:33:08+00:00","og_image":[{"width":1080,"height":1201,"url":"https:\/\/fulbat.com\/wp-content\/uploads\/2025\/04\/Fulbat_SLA_U1-500.png","type":"image\/png"}],"twitter_card":"summary_large_image","twitter_misc":{"Tiempo de lectura":"1 minuto"},"schema":{"@context":"https:\/\/schema.org","@graph":[{"@type":"WebPage","@id":"https:\/\/fulbat.com\/es\/producto\/u1-500-sla\/","url":"https:\/\/fulbat.com\/es\/producto\/u1-500-sla\/","name":"U1-500 SLA - Fulbat","isPartOf":{"@id":"https:\/\/fulbat.com\/es\/#website"},"primaryImageOfPage":{"@id":"https:\/\/fulbat.com\/es\/producto\/u1-500-sla\/#primaryimage"},"image":{"@id":"https:\/\/fulbat.com\/es\/producto\/u1-500-sla\/#primaryimage"},"thumbnailUrl":"https:\/\/fulbat.com\/wp-content\/uploads\/2026\/01\/FT_AGM_U1-500_USA_handle.png","datePublished":"2025-04-17T09:13:57+00:00","dateModified":"2025-04-17T10:33:08+00:00","description":"%","breadcrumb":{"@id":"https:\/\/fulbat.com\/es\/producto\/u1-500-sla\/#breadcrumb"},"inLanguage":"es","potentialAction":[{"@type":"ReadAction","target":["https:\/\/fulbat.com\/es\/producto\/u1-500-sla\/"]}]},{"@type":"ImageObject","inLanguage":"es","@id":"https:\/\/fulbat.com\/es\/producto\/u1-500-sla\/#primaryimage","url":"https:\/\/fulbat.com\/wp-content\/uploads\/2026\/01\/FT_AGM_U1-500_USA_handle.png","contentUrl":"https:\/\/fulbat.com\/wp-content\/uploads\/2026\/01\/FT_AGM_U1-500_USA_handle.png","width":2604,"height":2896,"caption":"FT_AGM_U1-500_USA_handle"},{"@type":"BreadcrumbList","@id":"https:\/\/fulbat.com\/es\/producto\/u1-500-sla\/#breadcrumb","itemListElement":[{"@type":"ListItem","position":1,"name":"Home","item":"https:\/\/fulbat.com\/es\/"},{"@type":"ListItem","position":2,"name":"Shop","item":"https:\/\/fulbat.com\/shop\/"},{"@type":"ListItem","position":3,"name":"Arranque","item":"https:\/\/fulbat.com\/es\/arranque\/"},{"@type":"ListItem","position":4,"name":"U1-500 SLA"}]},{"@type":"WebSite","@id":"https:\/\/fulbat.com\/es\/#website","url":"https:\/\/fulbat.com\/es\/","name":"Fulbat","description":"Qualitative, performing &amp; reliable battery solutions","potentialAction":[{"@type":"SearchAction","target":{"@type":"EntryPoint","urlTemplate":"https:\/\/fulbat.com\/es\/?s={search_term_string}"},"query-input":{"@type":"PropertyValueSpecification","valueRequired":true,"valueName":"search_term_string"}}],"inLanguage":"es"}]}},"_links":{"self":[{"href":"https:\/\/fulbat.com\/es\/wp-json\/wp\/v2\/product\/35623","targetHints":{"allow":["GET"]}}],"collection":[{"href":"https:\/\/fulbat.com\/es\/wp-json\/wp\/v2\/product"}],"about":[{"href":"https:\/\/fulbat.com\/es\/wp-json\/wp\/v2\/types\/product"}],"wp:featuredmedia":[{"embeddable":true,"href":"https:\/\/fulbat.com\/es\/wp-json\/wp\/v2\/media\/39219"}],"wp:attachment":[{"href":"https:\/\/fulbat.com\/es\/wp-json\/wp\/v2\/media?parent=35623"}],"wp:term":[{"taxonomy":"product_brand","embeddable":true,"href":"https:\/\/fulbat.com\/es\/wp-json\/wp\/v2\/product_brand?post=35623"},{"taxonomy":"product_cat","embeddable":true,"href":"https:\/\/fulbat.com\/es\/wp-json\/wp\/v2\/product_cat?post=35623"},{"taxonomy":"product_tag","embeddable":true,"href":"https:\/\/fulbat.com\/es\/wp-json\/wp\/v2\/product_tag?post=35623"}],"curies":[{"name":"wp","href":"https:\/\/api.w.org\/{rel}","templated":true}]}}