{"id":35772,"date":"2020-09-10T17:04:38","date_gmt":"2025-05-05T09:56:39","guid":{"rendered":"https:\/\/fulbat.com\/?post_type=product&#038;p=35772"},"modified":"2025-05-05T13:24:07","modified_gmt":"2025-05-05T11:24:07","slug":"fp12-3-2fr","status":"publish","type":"product","link":"https:\/\/fulbat.com\/es\/producto\/fp12-3-2fr\/","title":{"rendered":"FP12-3.2FR"},"content":{"rendered":"<p style=\"text-align: justify;\">La FP12-3.2FR forma parte de nuestra serie FP de uso general. Especialmente dise\u00f1ada para aplicaciones de reserva y apoyo, esta bater\u00eda de 12 V y 3,2 Ah es ign\u00edfuga seg\u00fan UL94-V0 y tiene una vida \u00fatil de 5 a\u00f1os en servicio de flotaci\u00f3n.<\/p>\n<p>Con tecnolog\u00eda avanzada regulada por v\u00e1lvula AGM y materia prima de alta pureza, la bater\u00eda FP12-3.2FR garantiza un alto rendimiento y una vida \u00fatil fiable en espera.<\/p>\n","protected":false},"excerpt":{"rendered":"<p>No necesita mantenimiento y no se derrama<\/p>\n<p>Tecnolog\u00eda AGM para un rendimiento superior<\/p>\n<p>Baja tasa de autodescarga (alrededor del 3%\/mes a 20 \u00b0C)<\/p>\n<p>Rejillas de plomo-calcio para una vida \u00fatil superior<\/p>\n<p>Posibilidad de uso en serie\/paralelo<\/p>\n<p>Funciona en cualquier orientaci\u00f3n (excluyendo el uso invertido continuo)<\/p>\n<p>Amplia gama de temperaturas de funcionamiento<\/p>\n<p>Robusta carcasa de ABS resistente a los impactos<\/p>\n<p>Baja emisi\u00f3n de gases gracias a una alta recombinaci\u00f3n de gases del 99% (VRLA)<\/p>\n","protected":false},"featured_media":35777,"template":"","meta":[],"product_brand":[],"product_cat":[2507,2514,2506,2519],"product_tag":[6488,2915,6489,2913,6490,3451,6491],"class_list":{"0":"post-35772","1":"product","2":"type-product","3":"status-publish","4":"has-post-thumbnail","6":"product_cat-alarma-y-seguridad","7":"product_cat-fp-general-purpose-agm-es","8":"product_cat-industrial-es","9":"product_cat-sai-y-centro-de-datos","10":"product_tag-590072-es","11":"product_tag-alarm-battery-es","12":"product_tag-fp12-3-2fr-es","13":"product_tag-general-purpose-battery-es","14":"product_tag-np3-2-12fr-es","15":"product_tag-sai-bateria","16":"product_tag-y3-2-12fr-es","18":"first","19":"instock","20":"shipping-taxable","21":"product-type-simple"},"yoast_head":"<!-- This site is optimized with the Yoast SEO plugin v26.9 - https:\/\/yoast.com\/product\/yoast-seo-wordpress\/ -->\n<title>FP12-3.2FR - Fulbat<\/title>\n<meta name=\"description\" content=\"La FP12-3.2FR forma parte de nuestra serie FP - De uso general. Especialmente dise\u00f1ada para aplicaciones de reserva y apoyo, esta bater\u00eda de 12 V y 3,2 Ah es ign\u00edfuga.\" \/>\n<meta name=\"robots\" content=\"index, follow, max-snippet:-1, max-image-preview:large, max-video-preview:-1\" \/>\n<link rel=\"canonical\" href=\"https:\/\/fulbat.com\/es\/producto\/fp12-3-2fr\/\" \/>\n<meta property=\"og:locale\" content=\"es_ES\" \/>\n<meta property=\"og:type\" content=\"article\" \/>\n<meta property=\"og:title\" content=\"FP12-3.2FR - Fulbat\" \/>\n<meta property=\"og:description\" content=\"La FP12-3.2FR forma parte de nuestra serie FP - De uso general. Especialmente dise\u00f1ada para aplicaciones de reserva y apoyo, esta bater\u00eda de 12 V y 3,2 Ah es ign\u00edfuga.\" \/>\n<meta property=\"og:url\" content=\"https:\/\/fulbat.com\/es\/producto\/fp12-3-2fr\/\" \/>\n<meta property=\"og:site_name\" content=\"Fulbat\" \/>\n<meta property=\"article:modified_time\" content=\"2025-05-05T11:24:07+00:00\" \/>\n<meta property=\"og:image\" content=\"https:\/\/fulbat.com\/wp-content\/uploads\/2025\/05\/FT_AGM_FP12-3.2_FR.png\" \/>\n\t<meta property=\"og:image:width\" content=\"1960\" \/>\n\t<meta property=\"og:image:height\" content=\"1160\" \/>\n\t<meta property=\"og:image:type\" content=\"image\/png\" \/>\n<meta name=\"twitter:card\" content=\"summary_large_image\" \/>\n<meta name=\"twitter:label1\" content=\"Tiempo de lectura\" \/>\n\t<meta name=\"twitter:data1\" content=\"1 minuto\" \/>\n<script type=\"application\/ld+json\" class=\"yoast-schema-graph\">{\"@context\":\"https:\/\/schema.org\",\"@graph\":[{\"@type\":\"WebPage\",\"@id\":\"https:\/\/fulbat.com\/es\/producto\/fp12-3-2fr\/\",\"url\":\"https:\/\/fulbat.com\/es\/producto\/fp12-3-2fr\/\",\"name\":\"FP12-3.2FR - Fulbat\",\"isPartOf\":{\"@id\":\"https:\/\/fulbat.com\/es\/#website\"},\"primaryImageOfPage\":{\"@id\":\"https:\/\/fulbat.com\/es\/producto\/fp12-3-2fr\/#primaryimage\"},\"image\":{\"@id\":\"https:\/\/fulbat.com\/es\/producto\/fp12-3-2fr\/#primaryimage\"},\"thumbnailUrl\":\"https:\/\/fulbat.com\/wp-content\/uploads\/2025\/05\/FT_AGM_FP12-3.2_FR.png\",\"datePublished\":\"2025-05-05T09:56:39+00:00\",\"dateModified\":\"2025-05-05T11:24:07+00:00\",\"description\":\"La FP12-3.2FR forma parte de nuestra serie FP - De uso general. Especialmente dise\u00f1ada para aplicaciones de reserva y apoyo, esta bater\u00eda de 12 V y 3,2 Ah es ign\u00edfuga.\",\"breadcrumb\":{\"@id\":\"https:\/\/fulbat.com\/es\/producto\/fp12-3-2fr\/#breadcrumb\"},\"inLanguage\":\"es\",\"potentialAction\":[{\"@type\":\"ReadAction\",\"target\":[\"https:\/\/fulbat.com\/es\/producto\/fp12-3-2fr\/\"]}]},{\"@type\":\"ImageObject\",\"inLanguage\":\"es\",\"@id\":\"https:\/\/fulbat.com\/es\/producto\/fp12-3-2fr\/#primaryimage\",\"url\":\"https:\/\/fulbat.com\/wp-content\/uploads\/2025\/05\/FT_AGM_FP12-3.2_FR.png\",\"contentUrl\":\"https:\/\/fulbat.com\/wp-content\/uploads\/2025\/05\/FT_AGM_FP12-3.2_FR.png\",\"width\":1960,\"height\":1160,\"caption\":\"FT_AGM_FP12-3.2_FR\"},{\"@type\":\"BreadcrumbList\",\"@id\":\"https:\/\/fulbat.com\/es\/producto\/fp12-3-2fr\/#breadcrumb\",\"itemListElement\":[{\"@type\":\"ListItem\",\"position\":1,\"name\":\"Home\",\"item\":\"https:\/\/fulbat.com\/es\/\"},{\"@type\":\"ListItem\",\"position\":2,\"name\":\"Shop\",\"item\":\"https:\/\/fulbat.com\/shop\/\"},{\"@type\":\"ListItem\",\"position\":3,\"name\":\"Industrial\",\"item\":\"https:\/\/fulbat.com\/es\/industrial-es\/\"},{\"@type\":\"ListItem\",\"position\":4,\"name\":\"FP12-3.2FR\"}]},{\"@type\":\"WebSite\",\"@id\":\"https:\/\/fulbat.com\/es\/#website\",\"url\":\"https:\/\/fulbat.com\/es\/\",\"name\":\"Fulbat\",\"description\":\"Qualitative, performing &amp; reliable battery solutions\",\"potentialAction\":[{\"@type\":\"SearchAction\",\"target\":{\"@type\":\"EntryPoint\",\"urlTemplate\":\"https:\/\/fulbat.com\/es\/?s={search_term_string}\"},\"query-input\":{\"@type\":\"PropertyValueSpecification\",\"valueRequired\":true,\"valueName\":\"search_term_string\"}}],\"inLanguage\":\"es\"}]}<\/script>\n<!-- \/ Yoast SEO plugin. -->","yoast_head_json":{"title":"FP12-3.2FR - Fulbat","description":"La FP12-3.2FR forma parte de nuestra serie FP - De uso general. Especialmente dise\u00f1ada para aplicaciones de reserva y apoyo, esta bater\u00eda de 12 V y 3,2 Ah es ign\u00edfuga.","robots":{"index":"index","follow":"follow","max-snippet":"max-snippet:-1","max-image-preview":"max-image-preview:large","max-video-preview":"max-video-preview:-1"},"canonical":"https:\/\/fulbat.com\/es\/producto\/fp12-3-2fr\/","og_locale":"es_ES","og_type":"article","og_title":"FP12-3.2FR - Fulbat","og_description":"La FP12-3.2FR forma parte de nuestra serie FP - De uso general. Especialmente dise\u00f1ada para aplicaciones de reserva y apoyo, esta bater\u00eda de 12 V y 3,2 Ah es ign\u00edfuga.","og_url":"https:\/\/fulbat.com\/es\/producto\/fp12-3-2fr\/","og_site_name":"Fulbat","article_modified_time":"2025-05-05T11:24:07+00:00","og_image":[{"width":1960,"height":1160,"url":"https:\/\/fulbat.com\/wp-content\/uploads\/2025\/05\/FT_AGM_FP12-3.2_FR.png","type":"image\/png"}],"twitter_card":"summary_large_image","twitter_misc":{"Tiempo de lectura":"1 minuto"},"schema":{"@context":"https:\/\/schema.org","@graph":[{"@type":"WebPage","@id":"https:\/\/fulbat.com\/es\/producto\/fp12-3-2fr\/","url":"https:\/\/fulbat.com\/es\/producto\/fp12-3-2fr\/","name":"FP12-3.2FR - Fulbat","isPartOf":{"@id":"https:\/\/fulbat.com\/es\/#website"},"primaryImageOfPage":{"@id":"https:\/\/fulbat.com\/es\/producto\/fp12-3-2fr\/#primaryimage"},"image":{"@id":"https:\/\/fulbat.com\/es\/producto\/fp12-3-2fr\/#primaryimage"},"thumbnailUrl":"https:\/\/fulbat.com\/wp-content\/uploads\/2025\/05\/FT_AGM_FP12-3.2_FR.png","datePublished":"2025-05-05T09:56:39+00:00","dateModified":"2025-05-05T11:24:07+00:00","description":"La FP12-3.2FR forma parte de nuestra serie FP - De uso general. Especialmente dise\u00f1ada para aplicaciones de reserva y apoyo, esta bater\u00eda de 12 V y 3,2 Ah es ign\u00edfuga.","breadcrumb":{"@id":"https:\/\/fulbat.com\/es\/producto\/fp12-3-2fr\/#breadcrumb"},"inLanguage":"es","potentialAction":[{"@type":"ReadAction","target":["https:\/\/fulbat.com\/es\/producto\/fp12-3-2fr\/"]}]},{"@type":"ImageObject","inLanguage":"es","@id":"https:\/\/fulbat.com\/es\/producto\/fp12-3-2fr\/#primaryimage","url":"https:\/\/fulbat.com\/wp-content\/uploads\/2025\/05\/FT_AGM_FP12-3.2_FR.png","contentUrl":"https:\/\/fulbat.com\/wp-content\/uploads\/2025\/05\/FT_AGM_FP12-3.2_FR.png","width":1960,"height":1160,"caption":"FT_AGM_FP12-3.2_FR"},{"@type":"BreadcrumbList","@id":"https:\/\/fulbat.com\/es\/producto\/fp12-3-2fr\/#breadcrumb","itemListElement":[{"@type":"ListItem","position":1,"name":"Home","item":"https:\/\/fulbat.com\/es\/"},{"@type":"ListItem","position":2,"name":"Shop","item":"https:\/\/fulbat.com\/shop\/"},{"@type":"ListItem","position":3,"name":"Industrial","item":"https:\/\/fulbat.com\/es\/industrial-es\/"},{"@type":"ListItem","position":4,"name":"FP12-3.2FR"}]},{"@type":"WebSite","@id":"https:\/\/fulbat.com\/es\/#website","url":"https:\/\/fulbat.com\/es\/","name":"Fulbat","description":"Qualitative, performing &amp; reliable battery solutions","potentialAction":[{"@type":"SearchAction","target":{"@type":"EntryPoint","urlTemplate":"https:\/\/fulbat.com\/es\/?s={search_term_string}"},"query-input":{"@type":"PropertyValueSpecification","valueRequired":true,"valueName":"search_term_string"}}],"inLanguage":"es"}]}},"_links":{"self":[{"href":"https:\/\/fulbat.com\/es\/wp-json\/wp\/v2\/product\/35772","targetHints":{"allow":["GET"]}}],"collection":[{"href":"https:\/\/fulbat.com\/es\/wp-json\/wp\/v2\/product"}],"about":[{"href":"https:\/\/fulbat.com\/es\/wp-json\/wp\/v2\/types\/product"}],"wp:featuredmedia":[{"embeddable":true,"href":"https:\/\/fulbat.com\/es\/wp-json\/wp\/v2\/media\/35777"}],"wp:attachment":[{"href":"https:\/\/fulbat.com\/es\/wp-json\/wp\/v2\/media?parent=35772"}],"wp:term":[{"taxonomy":"product_brand","embeddable":true,"href":"https:\/\/fulbat.com\/es\/wp-json\/wp\/v2\/product_brand?post=35772"},{"taxonomy":"product_cat","embeddable":true,"href":"https:\/\/fulbat.com\/es\/wp-json\/wp\/v2\/product_cat?post=35772"},{"taxonomy":"product_tag","embeddable":true,"href":"https:\/\/fulbat.com\/es\/wp-json\/wp\/v2\/product_tag?post=35772"}],"curies":[{"name":"wp","href":"https:\/\/api.w.org\/{rel}","templated":true}]}}