{"id":35940,"date":"2025-06-03T11:27:01","date_gmt":"2025-06-03T09:27:01","guid":{"rendered":"https:\/\/fulbat.com\/?post_type=product&#038;p=35940"},"modified":"2025-06-11T16:23:36","modified_gmt":"2025-06-11T14:23:36","slug":"fdc-cm24-100","status":"publish","type":"product","link":"https:\/\/fulbat.com\/es\/producto\/fdc-cm24-100\/","title":{"rendered":"FDC-CM24-100"},"content":{"rendered":"<p style=\"text-align: justify;\">La FDC-CM24-100 forma parte de nuestras bater\u00edas de litio de ciclo profundo FDC. Especialmente dise\u00f1ada para ofrecer una soluci\u00f3n m\u00e1s ligera, duradera y de mayor potencia que las bater\u00edas de plomo-\u00e1cido, esta bater\u00eda de 25,6 V y 100 Ah ofrece una seguridad \u00f3ptima gracias a un Sistema de Gesti\u00f3n de Bater\u00edas (BMS) integrado.<\/p>\n<p style=\"text-align: justify;\">Sin mantenimiento (ya no es necesario regarla), la bater\u00eda FDC-CM24-100 ofrecer\u00e1 un rendimiento excepcional y una fiabilidad inigualable para veh\u00edculos el\u00e9ctricos como las m\u00e1quinas de limpieza.<\/p>\n","protected":false},"excerpt":{"rendered":"<p>El sistema inteligente de gesti\u00f3n de bater\u00edas (BMS) se autoprotege contra cortocircuitos, sobrecalentamiento, sobrecarga, sobredescarga y sobrecorriente<\/p>\n<p>Carga r\u00e1pida: menos de 4 horas<\/p>\n<p>La vida \u00fatil de las bater\u00edas de plomo inundadas es 2 \u00f3 3 veces mayor<\/p>\n<p>El dise\u00f1o sin \u00e1cido evita la corrosi\u00f3n, el goteo de \u00e1cido y los gases de carga<\/p>\n","protected":false},"featured_media":36126,"template":"","meta":[],"product_brand":[],"product_cat":[4320,2521,2579],"product_tag":[6557,4331,6556,6555,4333],"class_list":{"0":"post-35940","1":"product","2":"type-product","3":"status-publish","4":"has-post-thumbnail","6":"product_cat-fdc-deep-cycle-lifepo4-es","7":"product_cat-maquina-de-limpieza-de-suelos","8":"product_cat-traccion","9":"product_tag-593990-es","10":"product_tag-battery-es","11":"product_tag-fdc-cm24-100-es","12":"product_tag-maquina-de-limpieza-de-suelos","13":"product_tag-motive-power-es","15":"first","16":"outofstock","17":"shipping-taxable","18":"product-type-simple"},"yoast_head":"<!-- This site is optimized with the Yoast SEO plugin v26.9 - https:\/\/yoast.com\/product\/yoast-seo-wordpress\/ -->\n<title>FDC-CM24-100 - Fulbat<\/title>\n<meta name=\"description\" content=\"FDC-CM24-100 forma parte de nuestras bater\u00edas de litio de ciclo profundo FDC. Dise\u00f1adas para ofrecer una soluci\u00f3n m\u00e1s ligera, duradera y de mayor potencia que las bater\u00edas de plomo-\u00e1cido\" \/>\n<meta name=\"robots\" content=\"index, follow, max-snippet:-1, max-image-preview:large, max-video-preview:-1\" \/>\n<link rel=\"canonical\" href=\"https:\/\/fulbat.com\/es\/producto\/fdc-cm24-100\/\" \/>\n<meta property=\"og:locale\" content=\"es_ES\" \/>\n<meta property=\"og:type\" content=\"article\" \/>\n<meta property=\"og:title\" content=\"FDC-CM24-100 - Fulbat\" \/>\n<meta property=\"og:description\" content=\"FDC-CM24-100 forma parte de nuestras bater\u00edas de litio de ciclo profundo FDC. Dise\u00f1adas para ofrecer una soluci\u00f3n m\u00e1s ligera, duradera y de mayor potencia que las bater\u00edas de plomo-\u00e1cido\" \/>\n<meta property=\"og:url\" content=\"https:\/\/fulbat.com\/es\/producto\/fdc-cm24-100\/\" \/>\n<meta property=\"og:site_name\" content=\"Fulbat\" \/>\n<meta property=\"article:modified_time\" content=\"2025-06-11T14:23:36+00:00\" \/>\n<meta property=\"og:image\" content=\"https:\/\/fulbat.com\/wp-content\/uploads\/2025\/06\/CM24-100.png\" \/>\n\t<meta property=\"og:image:width\" content=\"1080\" \/>\n\t<meta property=\"og:image:height\" content=\"1080\" \/>\n\t<meta property=\"og:image:type\" content=\"image\/png\" \/>\n<meta name=\"twitter:card\" content=\"summary_large_image\" \/>\n<meta name=\"twitter:label1\" content=\"Tiempo de lectura\" \/>\n\t<meta name=\"twitter:data1\" content=\"1 minuto\" \/>\n<script type=\"application\/ld+json\" class=\"yoast-schema-graph\">{\"@context\":\"https:\/\/schema.org\",\"@graph\":[{\"@type\":\"WebPage\",\"@id\":\"https:\/\/fulbat.com\/es\/producto\/fdc-cm24-100\/\",\"url\":\"https:\/\/fulbat.com\/es\/producto\/fdc-cm24-100\/\",\"name\":\"FDC-CM24-100 - Fulbat\",\"isPartOf\":{\"@id\":\"https:\/\/fulbat.com\/es\/#website\"},\"primaryImageOfPage\":{\"@id\":\"https:\/\/fulbat.com\/es\/producto\/fdc-cm24-100\/#primaryimage\"},\"image\":{\"@id\":\"https:\/\/fulbat.com\/es\/producto\/fdc-cm24-100\/#primaryimage\"},\"thumbnailUrl\":\"https:\/\/fulbat.com\/wp-content\/uploads\/2025\/06\/CM24-100.png\",\"datePublished\":\"2025-06-03T09:27:01+00:00\",\"dateModified\":\"2025-06-11T14:23:36+00:00\",\"description\":\"FDC-CM24-100 forma parte de nuestras bater\u00edas de litio de ciclo profundo FDC. Dise\u00f1adas para ofrecer una soluci\u00f3n m\u00e1s ligera, duradera y de mayor potencia que las bater\u00edas de plomo-\u00e1cido\",\"breadcrumb\":{\"@id\":\"https:\/\/fulbat.com\/es\/producto\/fdc-cm24-100\/#breadcrumb\"},\"inLanguage\":\"es\",\"potentialAction\":[{\"@type\":\"ReadAction\",\"target\":[\"https:\/\/fulbat.com\/es\/producto\/fdc-cm24-100\/\"]}]},{\"@type\":\"ImageObject\",\"inLanguage\":\"es\",\"@id\":\"https:\/\/fulbat.com\/es\/producto\/fdc-cm24-100\/#primaryimage\",\"url\":\"https:\/\/fulbat.com\/wp-content\/uploads\/2025\/06\/CM24-100.png\",\"contentUrl\":\"https:\/\/fulbat.com\/wp-content\/uploads\/2025\/06\/CM24-100.png\",\"width\":1080,\"height\":1080,\"caption\":\"CM24-100\"},{\"@type\":\"BreadcrumbList\",\"@id\":\"https:\/\/fulbat.com\/es\/producto\/fdc-cm24-100\/#breadcrumb\",\"itemListElement\":[{\"@type\":\"ListItem\",\"position\":1,\"name\":\"Home\",\"item\":\"https:\/\/fulbat.com\/es\/\"},{\"@type\":\"ListItem\",\"position\":2,\"name\":\"Shop\",\"item\":\"https:\/\/fulbat.com\/shop\/\"},{\"@type\":\"ListItem\",\"position\":3,\"name\":\"Tracci\u00f3n\",\"item\":\"https:\/\/fulbat.com\/es\/traccion\/\"},{\"@type\":\"ListItem\",\"position\":4,\"name\":\"FDC-CM24-100\"}]},{\"@type\":\"WebSite\",\"@id\":\"https:\/\/fulbat.com\/es\/#website\",\"url\":\"https:\/\/fulbat.com\/es\/\",\"name\":\"Fulbat\",\"description\":\"Qualitative, performing &amp; reliable battery solutions\",\"potentialAction\":[{\"@type\":\"SearchAction\",\"target\":{\"@type\":\"EntryPoint\",\"urlTemplate\":\"https:\/\/fulbat.com\/es\/?s={search_term_string}\"},\"query-input\":{\"@type\":\"PropertyValueSpecification\",\"valueRequired\":true,\"valueName\":\"search_term_string\"}}],\"inLanguage\":\"es\"}]}<\/script>\n<!-- \/ Yoast SEO plugin. -->","yoast_head_json":{"title":"FDC-CM24-100 - Fulbat","description":"FDC-CM24-100 forma parte de nuestras bater\u00edas de litio de ciclo profundo FDC. Dise\u00f1adas para ofrecer una soluci\u00f3n m\u00e1s ligera, duradera y de mayor potencia que las bater\u00edas de plomo-\u00e1cido","robots":{"index":"index","follow":"follow","max-snippet":"max-snippet:-1","max-image-preview":"max-image-preview:large","max-video-preview":"max-video-preview:-1"},"canonical":"https:\/\/fulbat.com\/es\/producto\/fdc-cm24-100\/","og_locale":"es_ES","og_type":"article","og_title":"FDC-CM24-100 - Fulbat","og_description":"FDC-CM24-100 forma parte de nuestras bater\u00edas de litio de ciclo profundo FDC. Dise\u00f1adas para ofrecer una soluci\u00f3n m\u00e1s ligera, duradera y de mayor potencia que las bater\u00edas de plomo-\u00e1cido","og_url":"https:\/\/fulbat.com\/es\/producto\/fdc-cm24-100\/","og_site_name":"Fulbat","article_modified_time":"2025-06-11T14:23:36+00:00","og_image":[{"width":1080,"height":1080,"url":"https:\/\/fulbat.com\/wp-content\/uploads\/2025\/06\/CM24-100.png","type":"image\/png"}],"twitter_card":"summary_large_image","twitter_misc":{"Tiempo de lectura":"1 minuto"},"schema":{"@context":"https:\/\/schema.org","@graph":[{"@type":"WebPage","@id":"https:\/\/fulbat.com\/es\/producto\/fdc-cm24-100\/","url":"https:\/\/fulbat.com\/es\/producto\/fdc-cm24-100\/","name":"FDC-CM24-100 - Fulbat","isPartOf":{"@id":"https:\/\/fulbat.com\/es\/#website"},"primaryImageOfPage":{"@id":"https:\/\/fulbat.com\/es\/producto\/fdc-cm24-100\/#primaryimage"},"image":{"@id":"https:\/\/fulbat.com\/es\/producto\/fdc-cm24-100\/#primaryimage"},"thumbnailUrl":"https:\/\/fulbat.com\/wp-content\/uploads\/2025\/06\/CM24-100.png","datePublished":"2025-06-03T09:27:01+00:00","dateModified":"2025-06-11T14:23:36+00:00","description":"FDC-CM24-100 forma parte de nuestras bater\u00edas de litio de ciclo profundo FDC. Dise\u00f1adas para ofrecer una soluci\u00f3n m\u00e1s ligera, duradera y de mayor potencia que las bater\u00edas de plomo-\u00e1cido","breadcrumb":{"@id":"https:\/\/fulbat.com\/es\/producto\/fdc-cm24-100\/#breadcrumb"},"inLanguage":"es","potentialAction":[{"@type":"ReadAction","target":["https:\/\/fulbat.com\/es\/producto\/fdc-cm24-100\/"]}]},{"@type":"ImageObject","inLanguage":"es","@id":"https:\/\/fulbat.com\/es\/producto\/fdc-cm24-100\/#primaryimage","url":"https:\/\/fulbat.com\/wp-content\/uploads\/2025\/06\/CM24-100.png","contentUrl":"https:\/\/fulbat.com\/wp-content\/uploads\/2025\/06\/CM24-100.png","width":1080,"height":1080,"caption":"CM24-100"},{"@type":"BreadcrumbList","@id":"https:\/\/fulbat.com\/es\/producto\/fdc-cm24-100\/#breadcrumb","itemListElement":[{"@type":"ListItem","position":1,"name":"Home","item":"https:\/\/fulbat.com\/es\/"},{"@type":"ListItem","position":2,"name":"Shop","item":"https:\/\/fulbat.com\/shop\/"},{"@type":"ListItem","position":3,"name":"Tracci\u00f3n","item":"https:\/\/fulbat.com\/es\/traccion\/"},{"@type":"ListItem","position":4,"name":"FDC-CM24-100"}]},{"@type":"WebSite","@id":"https:\/\/fulbat.com\/es\/#website","url":"https:\/\/fulbat.com\/es\/","name":"Fulbat","description":"Qualitative, performing &amp; reliable battery solutions","potentialAction":[{"@type":"SearchAction","target":{"@type":"EntryPoint","urlTemplate":"https:\/\/fulbat.com\/es\/?s={search_term_string}"},"query-input":{"@type":"PropertyValueSpecification","valueRequired":true,"valueName":"search_term_string"}}],"inLanguage":"es"}]}},"_links":{"self":[{"href":"https:\/\/fulbat.com\/es\/wp-json\/wp\/v2\/product\/35940","targetHints":{"allow":["GET"]}}],"collection":[{"href":"https:\/\/fulbat.com\/es\/wp-json\/wp\/v2\/product"}],"about":[{"href":"https:\/\/fulbat.com\/es\/wp-json\/wp\/v2\/types\/product"}],"wp:featuredmedia":[{"embeddable":true,"href":"https:\/\/fulbat.com\/es\/wp-json\/wp\/v2\/media\/36126"}],"wp:attachment":[{"href":"https:\/\/fulbat.com\/es\/wp-json\/wp\/v2\/media?parent=35940"}],"wp:term":[{"taxonomy":"product_brand","embeddable":true,"href":"https:\/\/fulbat.com\/es\/wp-json\/wp\/v2\/product_brand?post=35940"},{"taxonomy":"product_cat","embeddable":true,"href":"https:\/\/fulbat.com\/es\/wp-json\/wp\/v2\/product_cat?post=35940"},{"taxonomy":"product_tag","embeddable":true,"href":"https:\/\/fulbat.com\/es\/wp-json\/wp\/v2\/product_tag?post=35940"}],"curies":[{"name":"wp","href":"https:\/\/api.w.org\/{rel}","templated":true}]}}