{"id":36144,"date":"2025-06-16T13:51:51","date_gmt":"2025-06-16T11:51:52","guid":{"rendered":"https:\/\/fulbat.com\/?post_type=product&#038;p=36144"},"modified":"2025-06-16T14:32:21","modified_gmt":"2025-06-16T12:32:21","slug":"fhd32hl-bs-gel","status":"publish","type":"product","link":"https:\/\/fulbat.com\/es\/producto\/fhd32hl-bs-gel\/","title":{"rendered":"FHD32HL-BS GEL"},"content":{"rendered":"<p style=\"text-align: justify;\">FHD32HL-BS Gel es una pieza FitHD de nuestra gama Gel. Especialmente dise\u00f1ada para ofrecer el m\u00e1ximo rendimiento y seguridad, esta bater\u00eda reforzada de 12 V y 33,6 Ah de alta capacidad est\u00e1 lista para usar y no requiere ninguna manipulaci\u00f3n con \u00e1cido, preparaci\u00f3n inicial ni mantenimiento.<\/p>\n<p>Con bornes y caja de bater\u00eda espec\u00edficos, la bater\u00eda de gel FHD32HL-BS ofrecer\u00e1 la m\u00e1xima resistencia a las vibraciones para las motos Heavy Duty.<\/p>\n<p><img loading=\"lazy\" decoding=\"async\" class=\"alignnone wp-image-8284\" src=\"https:\/\/fulbat.com\/wp-content\/uploads\/2020\/08\/EU-flag-300x200.jpg\" alt=\"\" width=\"26\" height=\"17\" srcset=\"https:\/\/fulbat.com\/wp-content\/uploads\/2020\/08\/EU-flag-300x200.jpg 300w, https:\/\/fulbat.com\/wp-content\/uploads\/2020\/08\/EU-flag-150x100.jpg 150w, https:\/\/fulbat.com\/wp-content\/uploads\/2020\/08\/EU-flag.jpg 425w\" sizes=\"auto, (max-width: 26px) 100vw, 26px\" \/> Conforme al Reglamento Europeo &#8211; (UE) 2019\/1148 de 2021 para la venta de \u00e1cido para bater\u00edas<\/p>\n<p>Cargador compatible: <strong><a href=\"https:\/\/fulbat.com\/charger\/charger\/fulload-f4\/\">Fulload F4<\/a><\/strong><\/p>\n","protected":false},"excerpt":{"rendered":"<p>Tecnolog\u00eda GEL<\/p>\n<p>Listo para usar<\/p>\n<p>Bater\u00eda VRLA<\/p>\n<p>No derramable: f\u00e1cil de enviar<\/p>\n<p>100% libre de mantenimiento<\/p>\n<p>Ajuste multiposicional<\/p>\n<p>Sulfataci\u00f3n de la placa minimizada<\/p>\n<p>Adecuado para climas fr\u00edos<\/p>\n<p>Sin manipulaci\u00f3n de \u00e1cidos<\/p>\n<p>F\u00e1cil de instalar<\/p>\n","protected":false},"featured_media":36153,"template":"","meta":[],"product_brand":[],"product_cat":[2580,2585,2589,2594,2582,2592],"product_tag":[6593,2939,3064,3067,3148,3149,6592,3062,3066,5619,2878,3078,2876,3065,3068,3063,3069],"class_list":{"0":"post-36144","1":"product","2":"type-product","3":"status-publish","4":"has-post-thumbnail","6":"product_cat-arranque","7":"product_cat-gel-es","8":"product_cat-moto-es","9":"product_cat-motonieve","10":"product_cat-quad-es","11":"product_cat-ssv-utv-es","12":"product_tag-550874-es","13":"product_tag-bateria-de-quad","14":"product_tag-fb30l-b-es","15":"product_tag-fb30lb-es","16":"product_tag-fhd30hl-bs-es","17":"product_tag-fhd30hlbs-es","18":"product_tag-fhd32hl-bs-es","19":"product_tag-fix30l-bs-es","20":"product_tag-fix30lbs-es","21":"product_tag-fltx30hl-es-2","22":"product_tag-gel-battery-es","23":"product_tag-harley-davidson-es","24":"product_tag-motorcycle-battery-es","25":"product_tag-yb30l-b-es","26":"product_tag-yb30lb-es","27":"product_tag-yix30l-bs-es","28":"product_tag-yix30lbs-es","30":"first","31":"instock","32":"shipping-taxable","33":"product-type-simple"},"yoast_head":"<!-- This site is optimized with the Yoast SEO plugin v26.9 - https:\/\/yoast.com\/product\/yoast-seo-wordpress\/ -->\n<title>FHD32HL-BS GEL - Fulbat<\/title>\n<meta name=\"description\" content=\"La bater\u00eda de gel FULBAT FHD32HL-BS es una pieza FitHD de nuestra gama de gel. Especialmente dise\u00f1ada para ofrecer el m\u00e1ximo rendimiento y seguridad.\" \/>\n<meta name=\"robots\" content=\"index, follow, max-snippet:-1, max-image-preview:large, max-video-preview:-1\" \/>\n<link rel=\"canonical\" href=\"https:\/\/fulbat.com\/es\/producto\/fhd32hl-bs-gel\/\" \/>\n<meta property=\"og:locale\" content=\"es_ES\" \/>\n<meta property=\"og:type\" content=\"article\" \/>\n<meta property=\"og:title\" content=\"FHD32HL-BS GEL - Fulbat\" \/>\n<meta property=\"og:description\" content=\"La bater\u00eda de gel FULBAT FHD32HL-BS es una pieza FitHD de nuestra gama de gel. Especialmente dise\u00f1ada para ofrecer el m\u00e1ximo rendimiento y seguridad.\" \/>\n<meta property=\"og:url\" content=\"https:\/\/fulbat.com\/es\/producto\/fhd32hl-bs-gel\/\" \/>\n<meta property=\"og:site_name\" content=\"Fulbat\" \/>\n<meta property=\"article:modified_time\" content=\"2025-06-16T12:32:21+00:00\" \/>\n<meta property=\"og:image\" content=\"https:\/\/fulbat.com\/wp-content\/uploads\/2025\/06\/FT_GEL_FHD30HL-BS-932x1024.png\" \/>\n\t<meta property=\"og:image:width\" content=\"932\" \/>\n\t<meta property=\"og:image:height\" content=\"1024\" \/>\n\t<meta property=\"og:image:type\" content=\"image\/png\" \/>\n<meta name=\"twitter:card\" content=\"summary_large_image\" \/>\n<meta name=\"twitter:label1\" content=\"Tiempo de lectura\" \/>\n\t<meta name=\"twitter:data1\" content=\"1 minuto\" \/>\n<script type=\"application\/ld+json\" class=\"yoast-schema-graph\">{\"@context\":\"https:\/\/schema.org\",\"@graph\":[{\"@type\":\"WebPage\",\"@id\":\"https:\/\/fulbat.com\/es\/producto\/fhd32hl-bs-gel\/\",\"url\":\"https:\/\/fulbat.com\/es\/producto\/fhd32hl-bs-gel\/\",\"name\":\"FHD32HL-BS GEL - Fulbat\",\"isPartOf\":{\"@id\":\"https:\/\/fulbat.com\/es\/#website\"},\"primaryImageOfPage\":{\"@id\":\"https:\/\/fulbat.com\/es\/producto\/fhd32hl-bs-gel\/#primaryimage\"},\"image\":{\"@id\":\"https:\/\/fulbat.com\/es\/producto\/fhd32hl-bs-gel\/#primaryimage\"},\"thumbnailUrl\":\"https:\/\/fulbat.com\/wp-content\/uploads\/2025\/06\/FT_GEL_FHD30HL-BS.png\",\"datePublished\":\"2025-06-16T11:51:52+00:00\",\"dateModified\":\"2025-06-16T12:32:21+00:00\",\"description\":\"La bater\u00eda de gel FULBAT FHD32HL-BS es una pieza FitHD de nuestra gama de gel. Especialmente dise\u00f1ada para ofrecer el m\u00e1ximo rendimiento y seguridad.\",\"breadcrumb\":{\"@id\":\"https:\/\/fulbat.com\/es\/producto\/fhd32hl-bs-gel\/#breadcrumb\"},\"inLanguage\":\"es\",\"potentialAction\":[{\"@type\":\"ReadAction\",\"target\":[\"https:\/\/fulbat.com\/es\/producto\/fhd32hl-bs-gel\/\"]}]},{\"@type\":\"ImageObject\",\"inLanguage\":\"es\",\"@id\":\"https:\/\/fulbat.com\/es\/producto\/fhd32hl-bs-gel\/#primaryimage\",\"url\":\"https:\/\/fulbat.com\/wp-content\/uploads\/2025\/06\/FT_GEL_FHD30HL-BS.png\",\"contentUrl\":\"https:\/\/fulbat.com\/wp-content\/uploads\/2025\/06\/FT_GEL_FHD30HL-BS.png\",\"width\":2885,\"height\":3171,\"caption\":\"FT_GEL_FHD32HL-BS\"},{\"@type\":\"BreadcrumbList\",\"@id\":\"https:\/\/fulbat.com\/es\/producto\/fhd32hl-bs-gel\/#breadcrumb\",\"itemListElement\":[{\"@type\":\"ListItem\",\"position\":1,\"name\":\"Home\",\"item\":\"https:\/\/fulbat.com\/es\/\"},{\"@type\":\"ListItem\",\"position\":2,\"name\":\"Shop\",\"item\":\"https:\/\/fulbat.com\/shop\/\"},{\"@type\":\"ListItem\",\"position\":3,\"name\":\"Arranque\",\"item\":\"https:\/\/fulbat.com\/es\/arranque\/\"},{\"@type\":\"ListItem\",\"position\":4,\"name\":\"FHD32HL-BS GEL\"}]},{\"@type\":\"WebSite\",\"@id\":\"https:\/\/fulbat.com\/es\/#website\",\"url\":\"https:\/\/fulbat.com\/es\/\",\"name\":\"Fulbat\",\"description\":\"Qualitative, performing &amp; reliable battery solutions\",\"potentialAction\":[{\"@type\":\"SearchAction\",\"target\":{\"@type\":\"EntryPoint\",\"urlTemplate\":\"https:\/\/fulbat.com\/es\/?s={search_term_string}\"},\"query-input\":{\"@type\":\"PropertyValueSpecification\",\"valueRequired\":true,\"valueName\":\"search_term_string\"}}],\"inLanguage\":\"es\"}]}<\/script>\n<!-- \/ Yoast SEO plugin. -->","yoast_head_json":{"title":"FHD32HL-BS GEL - Fulbat","description":"La bater\u00eda de gel FULBAT FHD32HL-BS es una pieza FitHD de nuestra gama de gel. Especialmente dise\u00f1ada para ofrecer el m\u00e1ximo rendimiento y seguridad.","robots":{"index":"index","follow":"follow","max-snippet":"max-snippet:-1","max-image-preview":"max-image-preview:large","max-video-preview":"max-video-preview:-1"},"canonical":"https:\/\/fulbat.com\/es\/producto\/fhd32hl-bs-gel\/","og_locale":"es_ES","og_type":"article","og_title":"FHD32HL-BS GEL - Fulbat","og_description":"La bater\u00eda de gel FULBAT FHD32HL-BS es una pieza FitHD de nuestra gama de gel. Especialmente dise\u00f1ada para ofrecer el m\u00e1ximo rendimiento y seguridad.","og_url":"https:\/\/fulbat.com\/es\/producto\/fhd32hl-bs-gel\/","og_site_name":"Fulbat","article_modified_time":"2025-06-16T12:32:21+00:00","og_image":[{"width":932,"height":1024,"url":"https:\/\/fulbat.com\/wp-content\/uploads\/2025\/06\/FT_GEL_FHD30HL-BS-932x1024.png","type":"image\/png"}],"twitter_card":"summary_large_image","twitter_misc":{"Tiempo de lectura":"1 minuto"},"schema":{"@context":"https:\/\/schema.org","@graph":[{"@type":"WebPage","@id":"https:\/\/fulbat.com\/es\/producto\/fhd32hl-bs-gel\/","url":"https:\/\/fulbat.com\/es\/producto\/fhd32hl-bs-gel\/","name":"FHD32HL-BS GEL - Fulbat","isPartOf":{"@id":"https:\/\/fulbat.com\/es\/#website"},"primaryImageOfPage":{"@id":"https:\/\/fulbat.com\/es\/producto\/fhd32hl-bs-gel\/#primaryimage"},"image":{"@id":"https:\/\/fulbat.com\/es\/producto\/fhd32hl-bs-gel\/#primaryimage"},"thumbnailUrl":"https:\/\/fulbat.com\/wp-content\/uploads\/2025\/06\/FT_GEL_FHD30HL-BS.png","datePublished":"2025-06-16T11:51:52+00:00","dateModified":"2025-06-16T12:32:21+00:00","description":"La bater\u00eda de gel FULBAT FHD32HL-BS es una pieza FitHD de nuestra gama de gel. Especialmente dise\u00f1ada para ofrecer el m\u00e1ximo rendimiento y seguridad.","breadcrumb":{"@id":"https:\/\/fulbat.com\/es\/producto\/fhd32hl-bs-gel\/#breadcrumb"},"inLanguage":"es","potentialAction":[{"@type":"ReadAction","target":["https:\/\/fulbat.com\/es\/producto\/fhd32hl-bs-gel\/"]}]},{"@type":"ImageObject","inLanguage":"es","@id":"https:\/\/fulbat.com\/es\/producto\/fhd32hl-bs-gel\/#primaryimage","url":"https:\/\/fulbat.com\/wp-content\/uploads\/2025\/06\/FT_GEL_FHD30HL-BS.png","contentUrl":"https:\/\/fulbat.com\/wp-content\/uploads\/2025\/06\/FT_GEL_FHD30HL-BS.png","width":2885,"height":3171,"caption":"FT_GEL_FHD32HL-BS"},{"@type":"BreadcrumbList","@id":"https:\/\/fulbat.com\/es\/producto\/fhd32hl-bs-gel\/#breadcrumb","itemListElement":[{"@type":"ListItem","position":1,"name":"Home","item":"https:\/\/fulbat.com\/es\/"},{"@type":"ListItem","position":2,"name":"Shop","item":"https:\/\/fulbat.com\/shop\/"},{"@type":"ListItem","position":3,"name":"Arranque","item":"https:\/\/fulbat.com\/es\/arranque\/"},{"@type":"ListItem","position":4,"name":"FHD32HL-BS GEL"}]},{"@type":"WebSite","@id":"https:\/\/fulbat.com\/es\/#website","url":"https:\/\/fulbat.com\/es\/","name":"Fulbat","description":"Qualitative, performing &amp; reliable battery solutions","potentialAction":[{"@type":"SearchAction","target":{"@type":"EntryPoint","urlTemplate":"https:\/\/fulbat.com\/es\/?s={search_term_string}"},"query-input":{"@type":"PropertyValueSpecification","valueRequired":true,"valueName":"search_term_string"}}],"inLanguage":"es"}]}},"_links":{"self":[{"href":"https:\/\/fulbat.com\/es\/wp-json\/wp\/v2\/product\/36144","targetHints":{"allow":["GET"]}}],"collection":[{"href":"https:\/\/fulbat.com\/es\/wp-json\/wp\/v2\/product"}],"about":[{"href":"https:\/\/fulbat.com\/es\/wp-json\/wp\/v2\/types\/product"}],"wp:featuredmedia":[{"embeddable":true,"href":"https:\/\/fulbat.com\/es\/wp-json\/wp\/v2\/media\/36153"}],"wp:attachment":[{"href":"https:\/\/fulbat.com\/es\/wp-json\/wp\/v2\/media?parent=36144"}],"wp:term":[{"taxonomy":"product_brand","embeddable":true,"href":"https:\/\/fulbat.com\/es\/wp-json\/wp\/v2\/product_brand?post=36144"},{"taxonomy":"product_cat","embeddable":true,"href":"https:\/\/fulbat.com\/es\/wp-json\/wp\/v2\/product_cat?post=36144"},{"taxonomy":"product_tag","embeddable":true,"href":"https:\/\/fulbat.com\/es\/wp-json\/wp\/v2\/product_tag?post=36144"}],"curies":[{"name":"wp","href":"https:\/\/api.w.org\/{rel}","templated":true}]}}