{"id":36794,"date":"2025-07-21T12:21:54","date_gmt":"2025-07-21T13:11:55","guid":{"rendered":"https:\/\/fulbat.com\/?post_type=product&#038;p=36794"},"modified":"2025-07-22T09:57:58","modified_gmt":"2025-07-22T07:57:58","slug":"fdct6-185","status":"publish","type":"product","link":"https:\/\/fulbat.com\/es\/producto\/fdct6-185\/","title":{"rendered":"FDCT6-185"},"content":{"rendered":"<p style=\"text-align: justify;\">La FDCT6-185 forma parte de nuestras bater\u00edas tubulares de ciclo profundo (FDCT), especialmente dise\u00f1adas para aplicaciones exigentes que requieren un servicio prolongado, un alto rendimiento c\u00edclico y requisitos de descarga intensiva.<\/p>\n<p style=\"text-align: justify;\">Construida con placas de blindaje tubular positivo, la gama FDCT ofrece una capacidad de descarga muy alta y una mayor resistencia, incluso en malas condiciones de carga. Gracias a su alta productividad en entornos de trabajo severos, las bater\u00edas FDCT Tubular son ideales para aplicaciones como plataformas de trabajo a\u00e9reas, apiladoras el\u00e9ctricas, m\u00e1quinas de limpieza y sistemas de energ\u00eda solar.<\/p>\n","protected":false},"excerpt":{"rendered":"<p>La excelente construcci\u00f3n de la placa tubular con electrolito libre garantiza una larga vida \u00fatil<br \/>\nMuy alto rendimiento en ciclos : Hasta 1200 ciclos (EN 60254-1 \/ 25\u00b0C &#8211; para bater\u00eda de tracci\u00f3n)<br \/>\nAlta capacidad de descarga<br \/>\nExcelente resistencia a las vibraciones<br \/>\nMayor resistencia incluso en casos de malas condiciones de carga<br \/>\nAlta productividad en condiciones de trabajo severas<\/p>\n","protected":false},"featured_media":36734,"template":"","meta":[],"product_brand":[],"product_cat":[6613,2521,2520,2579],"product_tag":[6615,4116,6614],"class_list":{"0":"post-36794","1":"product","2":"type-product","3":"status-publish","4":"has-post-thumbnail","6":"product_cat-fdct-deep-cycle-tubular-es-traccion","7":"product_cat-maquina-de-limpieza-de-suelos","8":"product_cat-plataforma-de-trabajo-aereo","9":"product_cat-traccion","10":"product_tag-593040-es","11":"product_tag-bateria-traccion","12":"product_tag-fdct12-120-es","14":"first","15":"instock","16":"shipping-taxable","17":"product-type-simple"},"yoast_head":"<!-- This site is optimized with the Yoast SEO plugin v26.9 - https:\/\/yoast.com\/product\/yoast-seo-wordpress\/ -->\n<title>FDCT6-185 - Fulbat<\/title>\n<meta name=\"description\" content=\"%\" \/>\n<meta name=\"robots\" content=\"index, follow, max-snippet:-1, max-image-preview:large, max-video-preview:-1\" \/>\n<link rel=\"canonical\" href=\"https:\/\/fulbat.com\/es\/producto\/fdct6-185\/\" \/>\n<meta property=\"og:locale\" content=\"es_ES\" \/>\n<meta property=\"og:type\" content=\"article\" \/>\n<meta property=\"og:title\" content=\"FDCT6-185 - Fulbat\" \/>\n<meta property=\"og:description\" content=\"%\" \/>\n<meta property=\"og:url\" content=\"https:\/\/fulbat.com\/es\/producto\/fdct6-185\/\" \/>\n<meta property=\"og:site_name\" content=\"Fulbat\" \/>\n<meta property=\"article:modified_time\" content=\"2025-07-22T07:57:58+00:00\" \/>\n<meta property=\"og:image\" content=\"https:\/\/fulbat.com\/wp-content\/uploads\/2025\/07\/FDCT6-185.png\" \/>\n\t<meta property=\"og:image:width\" content=\"800\" \/>\n\t<meta property=\"og:image:height\" content=\"800\" \/>\n\t<meta property=\"og:image:type\" content=\"image\/png\" \/>\n<meta name=\"twitter:card\" content=\"summary_large_image\" \/>\n<meta name=\"twitter:label1\" content=\"Tiempo de lectura\" \/>\n\t<meta name=\"twitter:data1\" content=\"1 minuto\" \/>\n<script type=\"application\/ld+json\" class=\"yoast-schema-graph\">{\"@context\":\"https:\/\/schema.org\",\"@graph\":[{\"@type\":\"WebPage\",\"@id\":\"https:\/\/fulbat.com\/es\/producto\/fdct6-185\/\",\"url\":\"https:\/\/fulbat.com\/es\/producto\/fdct6-185\/\",\"name\":\"FDCT6-185 - Fulbat\",\"isPartOf\":{\"@id\":\"https:\/\/fulbat.com\/es\/#website\"},\"primaryImageOfPage\":{\"@id\":\"https:\/\/fulbat.com\/es\/producto\/fdct6-185\/#primaryimage\"},\"image\":{\"@id\":\"https:\/\/fulbat.com\/es\/producto\/fdct6-185\/#primaryimage\"},\"thumbnailUrl\":\"https:\/\/fulbat.com\/wp-content\/uploads\/2025\/07\/FDCT6-185.png\",\"datePublished\":\"2025-07-21T13:11:55+00:00\",\"dateModified\":\"2025-07-22T07:57:58+00:00\",\"description\":\"%\",\"breadcrumb\":{\"@id\":\"https:\/\/fulbat.com\/es\/producto\/fdct6-185\/#breadcrumb\"},\"inLanguage\":\"es\",\"potentialAction\":[{\"@type\":\"ReadAction\",\"target\":[\"https:\/\/fulbat.com\/es\/producto\/fdct6-185\/\"]}]},{\"@type\":\"ImageObject\",\"inLanguage\":\"es\",\"@id\":\"https:\/\/fulbat.com\/es\/producto\/fdct6-185\/#primaryimage\",\"url\":\"https:\/\/fulbat.com\/wp-content\/uploads\/2025\/07\/FDCT6-185.png\",\"contentUrl\":\"https:\/\/fulbat.com\/wp-content\/uploads\/2025\/07\/FDCT6-185.png\",\"width\":800,\"height\":800,\"caption\":\"FDCT6-185\"},{\"@type\":\"BreadcrumbList\",\"@id\":\"https:\/\/fulbat.com\/es\/producto\/fdct6-185\/#breadcrumb\",\"itemListElement\":[{\"@type\":\"ListItem\",\"position\":1,\"name\":\"Home\",\"item\":\"https:\/\/fulbat.com\/es\/\"},{\"@type\":\"ListItem\",\"position\":2,\"name\":\"Shop\",\"item\":\"https:\/\/fulbat.com\/shop\/\"},{\"@type\":\"ListItem\",\"position\":3,\"name\":\"Tracci\u00f3n\",\"item\":\"https:\/\/fulbat.com\/es\/traccion\/\"},{\"@type\":\"ListItem\",\"position\":4,\"name\":\"FDCT6-185\"}]},{\"@type\":\"WebSite\",\"@id\":\"https:\/\/fulbat.com\/es\/#website\",\"url\":\"https:\/\/fulbat.com\/es\/\",\"name\":\"Fulbat\",\"description\":\"Qualitative, performing &amp; reliable battery solutions\",\"potentialAction\":[{\"@type\":\"SearchAction\",\"target\":{\"@type\":\"EntryPoint\",\"urlTemplate\":\"https:\/\/fulbat.com\/es\/?s={search_term_string}\"},\"query-input\":{\"@type\":\"PropertyValueSpecification\",\"valueRequired\":true,\"valueName\":\"search_term_string\"}}],\"inLanguage\":\"es\"}]}<\/script>\n<!-- \/ Yoast SEO plugin. -->","yoast_head_json":{"title":"FDCT6-185 - Fulbat","description":"%","robots":{"index":"index","follow":"follow","max-snippet":"max-snippet:-1","max-image-preview":"max-image-preview:large","max-video-preview":"max-video-preview:-1"},"canonical":"https:\/\/fulbat.com\/es\/producto\/fdct6-185\/","og_locale":"es_ES","og_type":"article","og_title":"FDCT6-185 - Fulbat","og_description":"%","og_url":"https:\/\/fulbat.com\/es\/producto\/fdct6-185\/","og_site_name":"Fulbat","article_modified_time":"2025-07-22T07:57:58+00:00","og_image":[{"width":800,"height":800,"url":"https:\/\/fulbat.com\/wp-content\/uploads\/2025\/07\/FDCT6-185.png","type":"image\/png"}],"twitter_card":"summary_large_image","twitter_misc":{"Tiempo de lectura":"1 minuto"},"schema":{"@context":"https:\/\/schema.org","@graph":[{"@type":"WebPage","@id":"https:\/\/fulbat.com\/es\/producto\/fdct6-185\/","url":"https:\/\/fulbat.com\/es\/producto\/fdct6-185\/","name":"FDCT6-185 - Fulbat","isPartOf":{"@id":"https:\/\/fulbat.com\/es\/#website"},"primaryImageOfPage":{"@id":"https:\/\/fulbat.com\/es\/producto\/fdct6-185\/#primaryimage"},"image":{"@id":"https:\/\/fulbat.com\/es\/producto\/fdct6-185\/#primaryimage"},"thumbnailUrl":"https:\/\/fulbat.com\/wp-content\/uploads\/2025\/07\/FDCT6-185.png","datePublished":"2025-07-21T13:11:55+00:00","dateModified":"2025-07-22T07:57:58+00:00","description":"%","breadcrumb":{"@id":"https:\/\/fulbat.com\/es\/producto\/fdct6-185\/#breadcrumb"},"inLanguage":"es","potentialAction":[{"@type":"ReadAction","target":["https:\/\/fulbat.com\/es\/producto\/fdct6-185\/"]}]},{"@type":"ImageObject","inLanguage":"es","@id":"https:\/\/fulbat.com\/es\/producto\/fdct6-185\/#primaryimage","url":"https:\/\/fulbat.com\/wp-content\/uploads\/2025\/07\/FDCT6-185.png","contentUrl":"https:\/\/fulbat.com\/wp-content\/uploads\/2025\/07\/FDCT6-185.png","width":800,"height":800,"caption":"FDCT6-185"},{"@type":"BreadcrumbList","@id":"https:\/\/fulbat.com\/es\/producto\/fdct6-185\/#breadcrumb","itemListElement":[{"@type":"ListItem","position":1,"name":"Home","item":"https:\/\/fulbat.com\/es\/"},{"@type":"ListItem","position":2,"name":"Shop","item":"https:\/\/fulbat.com\/shop\/"},{"@type":"ListItem","position":3,"name":"Tracci\u00f3n","item":"https:\/\/fulbat.com\/es\/traccion\/"},{"@type":"ListItem","position":4,"name":"FDCT6-185"}]},{"@type":"WebSite","@id":"https:\/\/fulbat.com\/es\/#website","url":"https:\/\/fulbat.com\/es\/","name":"Fulbat","description":"Qualitative, performing &amp; reliable battery solutions","potentialAction":[{"@type":"SearchAction","target":{"@type":"EntryPoint","urlTemplate":"https:\/\/fulbat.com\/es\/?s={search_term_string}"},"query-input":{"@type":"PropertyValueSpecification","valueRequired":true,"valueName":"search_term_string"}}],"inLanguage":"es"}]}},"_links":{"self":[{"href":"https:\/\/fulbat.com\/es\/wp-json\/wp\/v2\/product\/36794","targetHints":{"allow":["GET"]}}],"collection":[{"href":"https:\/\/fulbat.com\/es\/wp-json\/wp\/v2\/product"}],"about":[{"href":"https:\/\/fulbat.com\/es\/wp-json\/wp\/v2\/types\/product"}],"wp:featuredmedia":[{"embeddable":true,"href":"https:\/\/fulbat.com\/es\/wp-json\/wp\/v2\/media\/36734"}],"wp:attachment":[{"href":"https:\/\/fulbat.com\/es\/wp-json\/wp\/v2\/media?parent=36794"}],"wp:term":[{"taxonomy":"product_brand","embeddable":true,"href":"https:\/\/fulbat.com\/es\/wp-json\/wp\/v2\/product_brand?post=36794"},{"taxonomy":"product_cat","embeddable":true,"href":"https:\/\/fulbat.com\/es\/wp-json\/wp\/v2\/product_cat?post=36794"},{"taxonomy":"product_tag","embeddable":true,"href":"https:\/\/fulbat.com\/es\/wp-json\/wp\/v2\/product_tag?post=36794"}],"curies":[{"name":"wp","href":"https:\/\/api.w.org\/{rel}","templated":true}]}}