{"id":37863,"date":"2023-05-23T16:54:49","date_gmt":"2025-09-29T12:25:49","guid":{"rendered":"https:\/\/fulbat.com\/?post_type=product&#038;p=37863"},"modified":"2025-09-29T16:25:22","modified_gmt":"2025-09-29T14:25:22","slug":"fdc12-75l","status":"publish","type":"product","link":"https:\/\/fulbat.com\/es\/producto\/fdc12-75l\/","title":{"rendered":"FDC12-75L"},"content":{"rendered":"<p style=\"text-align: justify;\">La FDC12-75L forma parte de nuestras bater\u00edas de carbono AGM de ciclo profundo FDC. Especialmente dise\u00f1ada para aplicaciones de ciclo profundo de descarga frecuente, esta bater\u00eda de 12 V y 76 Ah ofrece una baja autodescarga y garantiza una vida \u00fatil m\u00e1xima con una alta resistencia a los ciclos gracias a las placas de rejilla reforzadas.<\/p>\n<p style=\"text-align: justify;\">Con un dise\u00f1o no derramable y libre de mantenimiento, la bater\u00eda FDC12-75L ofrecer\u00e1 un rendimiento fiable para veh\u00edculos el\u00e9ctricos y otras aplicaciones como m\u00e1quinas de limpieza&#8230;<\/p>\n","protected":false},"excerpt":{"rendered":"<p>No derramable y sin mantenimiento<\/p>\n<p>Sin manipulaci\u00f3n de \u00e1cidos<\/p>\n<p>Dise\u00f1o de ciclo profundo para alta capacidad y m\u00e1xima vida \u00fatil<\/p>\n<p>Dise\u00f1o de rejilla\/placas reforzadas para un uso c\u00edclico \u00f3ptimo<\/p>\n<p>Aditivos de carbono para rendir en estado de carga parcial (psoc) y aumentar la eficiencia de la carga<\/p>\n<p>Sin fen\u00f3meno de estratificaci\u00f3n<\/p>\n<p>Robusta, segura y fiable<\/p>\n<p>Baja tasa de autodescarga para una mayor vida \u00fatil<\/p>\n","protected":false},"featured_media":37885,"template":"","meta":[],"product_brand":[],"product_cat":[4243,2521,2520,2579],"product_tag":[4116,6714],"class_list":{"0":"post-37863","1":"product","2":"type-product","3":"status-publish","4":"has-post-thumbnail","6":"product_cat-fdc-deep-cycle-agm-carbon-es","7":"product_cat-maquina-de-limpieza-de-suelos","8":"product_cat-plataforma-de-trabajo-aereo","9":"product_cat-traccion","10":"product_tag-bateria-traccion","11":"product_tag-fdc12-75l-es","13":"first","14":"instock","15":"shipping-taxable","16":"product-type-simple"},"yoast_head":"<!-- This site is optimized with the Yoast SEO plugin v26.9 - https:\/\/yoast.com\/product\/yoast-seo-wordpress\/ -->\n<title>FDC12-75L - Fulbat<\/title>\n<meta name=\"description\" content=\"La FDC12-75L forma parte de nuestras bater\u00edas de carbono AGM de ciclo profundo FDC. Esta bater\u00eda ofrece una baja autodescarga y garantiza una vida \u00fatil m\u00e1xima.\" \/>\n<meta name=\"robots\" content=\"index, follow, max-snippet:-1, max-image-preview:large, max-video-preview:-1\" \/>\n<link rel=\"canonical\" href=\"https:\/\/fulbat.com\/es\/producto\/fdc12-75l\/\" \/>\n<meta property=\"og:locale\" content=\"es_ES\" \/>\n<meta property=\"og:type\" content=\"article\" \/>\n<meta property=\"og:title\" content=\"FDC12-75L - Fulbat\" \/>\n<meta property=\"og:description\" content=\"La FDC12-75L forma parte de nuestras bater\u00edas de carbono AGM de ciclo profundo FDC. Esta bater\u00eda ofrece una baja autodescarga y garantiza una vida \u00fatil m\u00e1xima.\" \/>\n<meta property=\"og:url\" content=\"https:\/\/fulbat.com\/es\/producto\/fdc12-75l\/\" \/>\n<meta property=\"og:site_name\" content=\"Fulbat\" \/>\n<meta property=\"article:modified_time\" content=\"2025-09-29T14:25:22+00:00\" \/>\n<meta property=\"og:image\" content=\"https:\/\/fulbat.com\/wp-content\/uploads\/2023\/05\/FT_FDC12-75L-2-1024x1012.png\" \/>\n\t<meta property=\"og:image:width\" content=\"1024\" \/>\n\t<meta property=\"og:image:height\" content=\"1012\" \/>\n\t<meta property=\"og:image:type\" content=\"image\/png\" \/>\n<meta name=\"twitter:card\" content=\"summary_large_image\" \/>\n<meta name=\"twitter:label1\" content=\"Tiempo de lectura\" \/>\n\t<meta name=\"twitter:data1\" content=\"1 minuto\" \/>\n<script type=\"application\/ld+json\" class=\"yoast-schema-graph\">{\"@context\":\"https:\/\/schema.org\",\"@graph\":[{\"@type\":\"WebPage\",\"@id\":\"https:\/\/fulbat.com\/es\/producto\/fdc12-75l\/\",\"url\":\"https:\/\/fulbat.com\/es\/producto\/fdc12-75l\/\",\"name\":\"FDC12-75L - Fulbat\",\"isPartOf\":{\"@id\":\"https:\/\/fulbat.com\/es\/#website\"},\"primaryImageOfPage\":{\"@id\":\"https:\/\/fulbat.com\/es\/producto\/fdc12-75l\/#primaryimage\"},\"image\":{\"@id\":\"https:\/\/fulbat.com\/es\/producto\/fdc12-75l\/#primaryimage\"},\"thumbnailUrl\":\"https:\/\/fulbat.com\/wp-content\/uploads\/2023\/05\/FT_FDC12-75L-2.png\",\"datePublished\":\"2025-09-29T12:25:49+00:00\",\"dateModified\":\"2025-09-29T14:25:22+00:00\",\"description\":\"La FDC12-75L forma parte de nuestras bater\u00edas de carbono AGM de ciclo profundo FDC. Esta bater\u00eda ofrece una baja autodescarga y garantiza una vida \u00fatil m\u00e1xima.\",\"breadcrumb\":{\"@id\":\"https:\/\/fulbat.com\/es\/producto\/fdc12-75l\/#breadcrumb\"},\"inLanguage\":\"es\",\"potentialAction\":[{\"@type\":\"ReadAction\",\"target\":[\"https:\/\/fulbat.com\/es\/producto\/fdc12-75l\/\"]}]},{\"@type\":\"ImageObject\",\"inLanguage\":\"es\",\"@id\":\"https:\/\/fulbat.com\/es\/producto\/fdc12-75l\/#primaryimage\",\"url\":\"https:\/\/fulbat.com\/wp-content\/uploads\/2023\/05\/FT_FDC12-75L-2.png\",\"contentUrl\":\"https:\/\/fulbat.com\/wp-content\/uploads\/2023\/05\/FT_FDC12-75L-2.png\",\"width\":3260,\"height\":3223,\"caption\":\"FT_FDC12-75L\"},{\"@type\":\"BreadcrumbList\",\"@id\":\"https:\/\/fulbat.com\/es\/producto\/fdc12-75l\/#breadcrumb\",\"itemListElement\":[{\"@type\":\"ListItem\",\"position\":1,\"name\":\"Home\",\"item\":\"https:\/\/fulbat.com\/es\/\"},{\"@type\":\"ListItem\",\"position\":2,\"name\":\"Shop\",\"item\":\"https:\/\/fulbat.com\/shop\/\"},{\"@type\":\"ListItem\",\"position\":3,\"name\":\"Tracci\u00f3n\",\"item\":\"https:\/\/fulbat.com\/es\/traccion\/\"},{\"@type\":\"ListItem\",\"position\":4,\"name\":\"FDC12-75L\"}]},{\"@type\":\"WebSite\",\"@id\":\"https:\/\/fulbat.com\/es\/#website\",\"url\":\"https:\/\/fulbat.com\/es\/\",\"name\":\"Fulbat\",\"description\":\"Qualitative, performing &amp; reliable battery solutions\",\"potentialAction\":[{\"@type\":\"SearchAction\",\"target\":{\"@type\":\"EntryPoint\",\"urlTemplate\":\"https:\/\/fulbat.com\/es\/?s={search_term_string}\"},\"query-input\":{\"@type\":\"PropertyValueSpecification\",\"valueRequired\":true,\"valueName\":\"search_term_string\"}}],\"inLanguage\":\"es\"}]}<\/script>\n<!-- \/ Yoast SEO plugin. -->","yoast_head_json":{"title":"FDC12-75L - Fulbat","description":"La FDC12-75L forma parte de nuestras bater\u00edas de carbono AGM de ciclo profundo FDC. Esta bater\u00eda ofrece una baja autodescarga y garantiza una vida \u00fatil m\u00e1xima.","robots":{"index":"index","follow":"follow","max-snippet":"max-snippet:-1","max-image-preview":"max-image-preview:large","max-video-preview":"max-video-preview:-1"},"canonical":"https:\/\/fulbat.com\/es\/producto\/fdc12-75l\/","og_locale":"es_ES","og_type":"article","og_title":"FDC12-75L - Fulbat","og_description":"La FDC12-75L forma parte de nuestras bater\u00edas de carbono AGM de ciclo profundo FDC. Esta bater\u00eda ofrece una baja autodescarga y garantiza una vida \u00fatil m\u00e1xima.","og_url":"https:\/\/fulbat.com\/es\/producto\/fdc12-75l\/","og_site_name":"Fulbat","article_modified_time":"2025-09-29T14:25:22+00:00","og_image":[{"width":1024,"height":1012,"url":"https:\/\/fulbat.com\/wp-content\/uploads\/2023\/05\/FT_FDC12-75L-2-1024x1012.png","type":"image\/png"}],"twitter_card":"summary_large_image","twitter_misc":{"Tiempo de lectura":"1 minuto"},"schema":{"@context":"https:\/\/schema.org","@graph":[{"@type":"WebPage","@id":"https:\/\/fulbat.com\/es\/producto\/fdc12-75l\/","url":"https:\/\/fulbat.com\/es\/producto\/fdc12-75l\/","name":"FDC12-75L - Fulbat","isPartOf":{"@id":"https:\/\/fulbat.com\/es\/#website"},"primaryImageOfPage":{"@id":"https:\/\/fulbat.com\/es\/producto\/fdc12-75l\/#primaryimage"},"image":{"@id":"https:\/\/fulbat.com\/es\/producto\/fdc12-75l\/#primaryimage"},"thumbnailUrl":"https:\/\/fulbat.com\/wp-content\/uploads\/2023\/05\/FT_FDC12-75L-2.png","datePublished":"2025-09-29T12:25:49+00:00","dateModified":"2025-09-29T14:25:22+00:00","description":"La FDC12-75L forma parte de nuestras bater\u00edas de carbono AGM de ciclo profundo FDC. Esta bater\u00eda ofrece una baja autodescarga y garantiza una vida \u00fatil m\u00e1xima.","breadcrumb":{"@id":"https:\/\/fulbat.com\/es\/producto\/fdc12-75l\/#breadcrumb"},"inLanguage":"es","potentialAction":[{"@type":"ReadAction","target":["https:\/\/fulbat.com\/es\/producto\/fdc12-75l\/"]}]},{"@type":"ImageObject","inLanguage":"es","@id":"https:\/\/fulbat.com\/es\/producto\/fdc12-75l\/#primaryimage","url":"https:\/\/fulbat.com\/wp-content\/uploads\/2023\/05\/FT_FDC12-75L-2.png","contentUrl":"https:\/\/fulbat.com\/wp-content\/uploads\/2023\/05\/FT_FDC12-75L-2.png","width":3260,"height":3223,"caption":"FT_FDC12-75L"},{"@type":"BreadcrumbList","@id":"https:\/\/fulbat.com\/es\/producto\/fdc12-75l\/#breadcrumb","itemListElement":[{"@type":"ListItem","position":1,"name":"Home","item":"https:\/\/fulbat.com\/es\/"},{"@type":"ListItem","position":2,"name":"Shop","item":"https:\/\/fulbat.com\/shop\/"},{"@type":"ListItem","position":3,"name":"Tracci\u00f3n","item":"https:\/\/fulbat.com\/es\/traccion\/"},{"@type":"ListItem","position":4,"name":"FDC12-75L"}]},{"@type":"WebSite","@id":"https:\/\/fulbat.com\/es\/#website","url":"https:\/\/fulbat.com\/es\/","name":"Fulbat","description":"Qualitative, performing &amp; reliable battery solutions","potentialAction":[{"@type":"SearchAction","target":{"@type":"EntryPoint","urlTemplate":"https:\/\/fulbat.com\/es\/?s={search_term_string}"},"query-input":{"@type":"PropertyValueSpecification","valueRequired":true,"valueName":"search_term_string"}}],"inLanguage":"es"}]}},"_links":{"self":[{"href":"https:\/\/fulbat.com\/es\/wp-json\/wp\/v2\/product\/37863","targetHints":{"allow":["GET"]}}],"collection":[{"href":"https:\/\/fulbat.com\/es\/wp-json\/wp\/v2\/product"}],"about":[{"href":"https:\/\/fulbat.com\/es\/wp-json\/wp\/v2\/types\/product"}],"wp:featuredmedia":[{"embeddable":true,"href":"https:\/\/fulbat.com\/es\/wp-json\/wp\/v2\/media\/37885"}],"wp:attachment":[{"href":"https:\/\/fulbat.com\/es\/wp-json\/wp\/v2\/media?parent=37863"}],"wp:term":[{"taxonomy":"product_brand","embeddable":true,"href":"https:\/\/fulbat.com\/es\/wp-json\/wp\/v2\/product_brand?post=37863"},{"taxonomy":"product_cat","embeddable":true,"href":"https:\/\/fulbat.com\/es\/wp-json\/wp\/v2\/product_cat?post=37863"},{"taxonomy":"product_tag","embeddable":true,"href":"https:\/\/fulbat.com\/es\/wp-json\/wp\/v2\/product_tag?post=37863"}],"curies":[{"name":"wp","href":"https:\/\/api.w.org\/{rel}","templated":true}]}}