{"id":39859,"date":"2026-02-20T11:09:35","date_gmt":"2026-02-20T10:09:35","guid":{"rendered":"https:\/\/fulbat.com\/product\/fulload-f4\/"},"modified":"2026-04-07T15:58:19","modified_gmt":"2026-04-07T13:58:19","slug":"fulload-f4","status":"publish","type":"product","link":"https:\/\/fulbat.com\/es\/producto\/fulload-f4\/","title":{"rendered":"FULLOAD F4"},"content":{"rendered":"<p style=\"text-align: justify;\">El FULLOAD F4 es un cargador y mantenedor de bater\u00edas inteligente y totalmente autom\u00e1tico, dise\u00f1ado espec\u00edficamente para bater\u00edas de plomo-\u00e1cido y de litio para powersports.<\/p>\n<p style=\"text-align: justify;\">Con 7 modos seleccionables \u2014incluido un modo espec\u00edfico para bater\u00edas de litio\u2014 carga bater\u00edas de 6 V y 12 V de forma segura a 2 A o 4 A, adapt\u00e1ndose perfectamente tanto a bater\u00edas peque\u00f1as como est\u00e1ndar (hasta 80 Ah). Su avanzado proceso de carga en 8 etapas maximiza el rendimiento de la bater\u00eda, prolonga su vida \u00fatil y mantiene tus veh\u00edculos siempre listos para la acci\u00f3n.<\/p>\n<p>El FULLOAD F4 se suministra con pinzas y con un juego de terminales de anilla, lo que lo hace vers\u00e1til y f\u00e1cil de conectar a cualquier bater\u00eda.<\/p>\n","protected":false},"excerpt":{"rendered":"<p><strong>Amplia compatibilidad:<\/strong> <span>para bater\u00edas de plomo-\u00e1cido de 6 V\/12 V y bater\u00edas LiFePO4 de 12 V.<\/span><br \/>\n<strong>7 modos de carga:<\/strong> <span>para adaptarse a diferentes tipos y condiciones de bater\u00edas.<\/span><br \/>\n<strong>Funcionamiento sencillo:<\/strong> conectar, seleccionar el modo de carga y olvidarse.<br \/>\n<strong>Pantalla LED clara:<\/strong> indicadores f\u00e1ciles de leer para el estado de carga.<br \/>\n<strong>Muy seguro:<\/strong> protegido contra cortocircuitos, polaridad inversa, sobrecarga y sobrecalentamiento.<br \/>\nTraducci\u00f3n realizada con la versi\u00f3n gratuita del traductor DeepL.com<\/p>\n","protected":false},"featured_media":37810,"template":"","meta":[],"product_brand":[],"product_cat":[6792,6793,2597],"product_tag":[],"class_list":{"0":"post-39859","1":"product","2":"type-product","3":"status-publish","4":"has-post-thumbnail","6":"product_cat-cargador","7":"product_cat-cargador-es","8":"product_cat-sin-categoria","10":"first","11":"instock","12":"shipping-taxable","13":"product-type-simple"},"yoast_head":"<!-- This site is optimized with the Yoast SEO plugin v26.9 - https:\/\/yoast.com\/product\/yoast-seo-wordpress\/ -->\n<title>FULLOAD F4 - Fulbat<\/title>\n<meta name=\"description\" content=\"%\" \/>\n<meta name=\"robots\" content=\"index, follow, max-snippet:-1, max-image-preview:large, max-video-preview:-1\" \/>\n<link rel=\"canonical\" href=\"https:\/\/fulbat.com\/es\/producto\/fulload-f4\/\" \/>\n<meta property=\"og:locale\" content=\"es_ES\" \/>\n<meta property=\"og:type\" content=\"article\" \/>\n<meta property=\"og:title\" content=\"FULLOAD F4 - Fulbat\" \/>\n<meta property=\"og:description\" content=\"%\" \/>\n<meta property=\"og:url\" content=\"https:\/\/fulbat.com\/es\/producto\/fulload-f4\/\" \/>\n<meta property=\"og:site_name\" content=\"Fulbat\" \/>\n<meta property=\"article:modified_time\" content=\"2026-04-07T13:58:19+00:00\" \/>\n<meta property=\"og:image\" content=\"https:\/\/fulbat.com\/wp-content\/uploads\/2025\/09\/Fulbat_photo_produit-charger1.png\" \/>\n\t<meta property=\"og:image:width\" content=\"1200\" \/>\n\t<meta property=\"og:image:height\" content=\"800\" \/>\n\t<meta property=\"og:image:type\" content=\"image\/png\" \/>\n<meta name=\"twitter:card\" content=\"summary_large_image\" \/>\n<meta name=\"twitter:label1\" content=\"Tiempo de lectura\" \/>\n\t<meta name=\"twitter:data1\" content=\"1 minuto\" \/>\n<script type=\"application\/ld+json\" class=\"yoast-schema-graph\">{\"@context\":\"https:\/\/schema.org\",\"@graph\":[{\"@type\":\"WebPage\",\"@id\":\"https:\/\/fulbat.com\/es\/producto\/fulload-f4\/\",\"url\":\"https:\/\/fulbat.com\/es\/producto\/fulload-f4\/\",\"name\":\"FULLOAD F4 - Fulbat\",\"isPartOf\":{\"@id\":\"https:\/\/fulbat.com\/es\/#website\"},\"primaryImageOfPage\":{\"@id\":\"https:\/\/fulbat.com\/es\/producto\/fulload-f4\/#primaryimage\"},\"image\":{\"@id\":\"https:\/\/fulbat.com\/es\/producto\/fulload-f4\/#primaryimage\"},\"thumbnailUrl\":\"https:\/\/fulbat.com\/wp-content\/uploads\/2025\/09\/Fulbat_photo_produit-charger1.png\",\"datePublished\":\"2026-02-20T10:09:35+00:00\",\"dateModified\":\"2026-04-07T13:58:19+00:00\",\"description\":\"%\",\"breadcrumb\":{\"@id\":\"https:\/\/fulbat.com\/es\/producto\/fulload-f4\/#breadcrumb\"},\"inLanguage\":\"es\",\"potentialAction\":[{\"@type\":\"ReadAction\",\"target\":[\"https:\/\/fulbat.com\/es\/producto\/fulload-f4\/\"]}]},{\"@type\":\"ImageObject\",\"inLanguage\":\"es\",\"@id\":\"https:\/\/fulbat.com\/es\/producto\/fulload-f4\/#primaryimage\",\"url\":\"https:\/\/fulbat.com\/wp-content\/uploads\/2025\/09\/Fulbat_photo_produit-charger1.png\",\"contentUrl\":\"https:\/\/fulbat.com\/wp-content\/uploads\/2025\/09\/Fulbat_photo_produit-charger1.png\",\"width\":1200,\"height\":800,\"caption\":\"Fulbat_photo_produit-charger1\"},{\"@type\":\"BreadcrumbList\",\"@id\":\"https:\/\/fulbat.com\/es\/producto\/fulload-f4\/#breadcrumb\",\"itemListElement\":[{\"@type\":\"ListItem\",\"position\":1,\"name\":\"Home\",\"item\":\"https:\/\/fulbat.com\/es\/\"},{\"@type\":\"ListItem\",\"position\":2,\"name\":\"Shop\",\"item\":\"https:\/\/fulbat.com\/shop\/\"},{\"@type\":\"ListItem\",\"position\":3,\"name\":\"Sin categor\u00eda\",\"item\":\"https:\/\/fulbat.com\/es\/sin-categoria\/\"},{\"@type\":\"ListItem\",\"position\":4,\"name\":\"FULLOAD F4\"}]},{\"@type\":\"WebSite\",\"@id\":\"https:\/\/fulbat.com\/es\/#website\",\"url\":\"https:\/\/fulbat.com\/es\/\",\"name\":\"Fulbat\",\"description\":\"Qualitative, performing &amp; reliable battery solutions\",\"potentialAction\":[{\"@type\":\"SearchAction\",\"target\":{\"@type\":\"EntryPoint\",\"urlTemplate\":\"https:\/\/fulbat.com\/es\/?s={search_term_string}\"},\"query-input\":{\"@type\":\"PropertyValueSpecification\",\"valueRequired\":true,\"valueName\":\"search_term_string\"}}],\"inLanguage\":\"es\"}]}<\/script>\n<!-- \/ Yoast SEO plugin. -->","yoast_head_json":{"title":"FULLOAD F4 - Fulbat","description":"%","robots":{"index":"index","follow":"follow","max-snippet":"max-snippet:-1","max-image-preview":"max-image-preview:large","max-video-preview":"max-video-preview:-1"},"canonical":"https:\/\/fulbat.com\/es\/producto\/fulload-f4\/","og_locale":"es_ES","og_type":"article","og_title":"FULLOAD F4 - Fulbat","og_description":"%","og_url":"https:\/\/fulbat.com\/es\/producto\/fulload-f4\/","og_site_name":"Fulbat","article_modified_time":"2026-04-07T13:58:19+00:00","og_image":[{"width":1200,"height":800,"url":"https:\/\/fulbat.com\/wp-content\/uploads\/2025\/09\/Fulbat_photo_produit-charger1.png","type":"image\/png"}],"twitter_card":"summary_large_image","twitter_misc":{"Tiempo de lectura":"1 minuto"},"schema":{"@context":"https:\/\/schema.org","@graph":[{"@type":"WebPage","@id":"https:\/\/fulbat.com\/es\/producto\/fulload-f4\/","url":"https:\/\/fulbat.com\/es\/producto\/fulload-f4\/","name":"FULLOAD F4 - Fulbat","isPartOf":{"@id":"https:\/\/fulbat.com\/es\/#website"},"primaryImageOfPage":{"@id":"https:\/\/fulbat.com\/es\/producto\/fulload-f4\/#primaryimage"},"image":{"@id":"https:\/\/fulbat.com\/es\/producto\/fulload-f4\/#primaryimage"},"thumbnailUrl":"https:\/\/fulbat.com\/wp-content\/uploads\/2025\/09\/Fulbat_photo_produit-charger1.png","datePublished":"2026-02-20T10:09:35+00:00","dateModified":"2026-04-07T13:58:19+00:00","description":"%","breadcrumb":{"@id":"https:\/\/fulbat.com\/es\/producto\/fulload-f4\/#breadcrumb"},"inLanguage":"es","potentialAction":[{"@type":"ReadAction","target":["https:\/\/fulbat.com\/es\/producto\/fulload-f4\/"]}]},{"@type":"ImageObject","inLanguage":"es","@id":"https:\/\/fulbat.com\/es\/producto\/fulload-f4\/#primaryimage","url":"https:\/\/fulbat.com\/wp-content\/uploads\/2025\/09\/Fulbat_photo_produit-charger1.png","contentUrl":"https:\/\/fulbat.com\/wp-content\/uploads\/2025\/09\/Fulbat_photo_produit-charger1.png","width":1200,"height":800,"caption":"Fulbat_photo_produit-charger1"},{"@type":"BreadcrumbList","@id":"https:\/\/fulbat.com\/es\/producto\/fulload-f4\/#breadcrumb","itemListElement":[{"@type":"ListItem","position":1,"name":"Home","item":"https:\/\/fulbat.com\/es\/"},{"@type":"ListItem","position":2,"name":"Shop","item":"https:\/\/fulbat.com\/shop\/"},{"@type":"ListItem","position":3,"name":"Sin categor\u00eda","item":"https:\/\/fulbat.com\/es\/sin-categoria\/"},{"@type":"ListItem","position":4,"name":"FULLOAD F4"}]},{"@type":"WebSite","@id":"https:\/\/fulbat.com\/es\/#website","url":"https:\/\/fulbat.com\/es\/","name":"Fulbat","description":"Qualitative, performing &amp; reliable battery solutions","potentialAction":[{"@type":"SearchAction","target":{"@type":"EntryPoint","urlTemplate":"https:\/\/fulbat.com\/es\/?s={search_term_string}"},"query-input":{"@type":"PropertyValueSpecification","valueRequired":true,"valueName":"search_term_string"}}],"inLanguage":"es"}]}},"_links":{"self":[{"href":"https:\/\/fulbat.com\/es\/wp-json\/wp\/v2\/product\/39859","targetHints":{"allow":["GET"]}}],"collection":[{"href":"https:\/\/fulbat.com\/es\/wp-json\/wp\/v2\/product"}],"about":[{"href":"https:\/\/fulbat.com\/es\/wp-json\/wp\/v2\/types\/product"}],"wp:featuredmedia":[{"embeddable":true,"href":"https:\/\/fulbat.com\/es\/wp-json\/wp\/v2\/media\/37810"}],"wp:attachment":[{"href":"https:\/\/fulbat.com\/es\/wp-json\/wp\/v2\/media?parent=39859"}],"wp:term":[{"taxonomy":"product_brand","embeddable":true,"href":"https:\/\/fulbat.com\/es\/wp-json\/wp\/v2\/product_brand?post=39859"},{"taxonomy":"product_cat","embeddable":true,"href":"https:\/\/fulbat.com\/es\/wp-json\/wp\/v2\/product_cat?post=39859"},{"taxonomy":"product_tag","embeddable":true,"href":"https:\/\/fulbat.com\/es\/wp-json\/wp\/v2\/product_tag?post=39859"}],"curies":[{"name":"wp","href":"https:\/\/api.w.org\/{rel}","templated":true}]}}