{"id":40052,"date":"2026-01-22T12:00:24","date_gmt":"2026-01-22T11:00:24","guid":{"rendered":"https:\/\/fulbat.com\/product\/fulboost\/"},"modified":"2026-04-07T15:57:33","modified_gmt":"2026-04-07T13:57:33","slug":"fulboost","status":"publish","type":"product","link":"https:\/\/fulbat.com\/es\/producto\/fulboost\/","title":{"rendered":"FULBOOST"},"content":{"rendered":"<p><span>El FULBOOST es un arrancador de litio multifunci\u00f3n compacto y ultraport\u00e1til para arrancar veh\u00edculos, recargar dispositivos USB e iluminaci\u00f3n de emergencia.<\/span><\/p>\n<p><span>Con un rendimiento de arranque mejorado, nuestro FULBOOST es ahora capaz de suministrar 1600 A de corriente de pico: ideal para arrancar motores de gasolina de 7,0 L y di\u00e9sel de 6,0 L, as\u00ed como todos los veh\u00edculos deportivos equipados con una bater\u00eda de plomo de 12 V. <\/span><span>Dise\u00f1ado con una bater\u00eda interna de iones de litio, nuestro FULBOOST tambi\u00e9n puede recargar todo tipo de aparatos el\u00e9ctricos (smartphones, tabletas, auriculares&#8230;). Los 150 l\u00famenes de su funci\u00f3n linterna son \u00fatiles en caso de emergencia.<br \/>\n<\/span><\/p>\n<p><span>F\u00e1cil de usar, guardar y cargar, el FULBOOST es la soluci\u00f3n de reserva ideal para meter en el maletero de cualquier moto, en la guantera o en la mochila de cualquier aventurero.<\/span><\/p>\n<p>El AIRBOOST incluye un cargador dom\u00e9stico de 12 V, un cable USB multiconector, una funda protectora y un cable inteligente.<\/p>\n","protected":false},"excerpt":{"rendered":"<p>Potenciador de litio compacto y potente de 1600 A<br \/>\nPara veh\u00edculos equipados con una bater\u00eda de plomo de 12 V<br \/>\nDise\u00f1ado para motores de gasolina de hasta 7,0 L y di\u00e9sel de hasta 6,0 L<br \/>\nUltraseguro gracias a la tecnolog\u00eda de cables inteligentes: a prueba de chispas, cortocircuitos y protecci\u00f3n contra polaridad inversa<br \/>\nCargador para todo tipo de dispositivos USB<br \/>\nLinterna LED ultrabrillante de 150 l\u00famenes con 3 modos: constante, SOS, flash<\/p>\n","protected":false},"featured_media":40042,"template":"","meta":[],"product_brand":[],"product_cat":[6792,6847],"product_tag":[],"class_list":{"0":"post-40052","1":"product","2":"type-product","3":"status-publish","4":"has-post-thumbnail","6":"product_cat-cargador","7":"product_cat-booster","9":"first","10":"instock","11":"shipping-taxable","12":"product-type-simple"},"yoast_head":"<!-- This site is optimized with the Yoast SEO plugin v26.9 - https:\/\/yoast.com\/product\/yoast-seo-wordpress\/ -->\n<title>FULBOOST - Fulbat<\/title>\n<meta name=\"description\" content=\"%\" \/>\n<meta name=\"robots\" content=\"index, follow, max-snippet:-1, max-image-preview:large, max-video-preview:-1\" \/>\n<link rel=\"canonical\" href=\"https:\/\/fulbat.com\/es\/producto\/fulboost\/\" \/>\n<meta property=\"og:locale\" content=\"es_ES\" \/>\n<meta property=\"og:type\" content=\"article\" \/>\n<meta property=\"og:title\" content=\"FULBOOST - Fulbat\" \/>\n<meta property=\"og:description\" content=\"%\" \/>\n<meta property=\"og:url\" content=\"https:\/\/fulbat.com\/es\/producto\/fulboost\/\" \/>\n<meta property=\"og:site_name\" content=\"Fulbat\" \/>\n<meta property=\"article:modified_time\" content=\"2026-04-07T13:57:33+00:00\" \/>\n<meta property=\"og:image\" content=\"https:\/\/fulbat.com\/wp-content\/uploads\/2026\/01\/fulboost.png\" \/>\n\t<meta property=\"og:image:width\" content=\"1080\" \/>\n\t<meta property=\"og:image:height\" content=\"1080\" \/>\n\t<meta property=\"og:image:type\" content=\"image\/png\" \/>\n<meta name=\"twitter:card\" content=\"summary_large_image\" \/>\n<meta name=\"twitter:label1\" content=\"Tiempo de lectura\" \/>\n\t<meta name=\"twitter:data1\" content=\"1 minuto\" \/>\n<script type=\"application\/ld+json\" class=\"yoast-schema-graph\">{\"@context\":\"https:\/\/schema.org\",\"@graph\":[{\"@type\":\"WebPage\",\"@id\":\"https:\/\/fulbat.com\/es\/producto\/fulboost\/\",\"url\":\"https:\/\/fulbat.com\/es\/producto\/fulboost\/\",\"name\":\"FULBOOST - Fulbat\",\"isPartOf\":{\"@id\":\"https:\/\/fulbat.com\/es\/#website\"},\"primaryImageOfPage\":{\"@id\":\"https:\/\/fulbat.com\/es\/producto\/fulboost\/#primaryimage\"},\"image\":{\"@id\":\"https:\/\/fulbat.com\/es\/producto\/fulboost\/#primaryimage\"},\"thumbnailUrl\":\"https:\/\/fulbat.com\/wp-content\/uploads\/2026\/01\/fulboost.png\",\"datePublished\":\"2026-01-22T11:00:24+00:00\",\"dateModified\":\"2026-04-07T13:57:33+00:00\",\"description\":\"%\",\"breadcrumb\":{\"@id\":\"https:\/\/fulbat.com\/es\/producto\/fulboost\/#breadcrumb\"},\"inLanguage\":\"es\",\"potentialAction\":[{\"@type\":\"ReadAction\",\"target\":[\"https:\/\/fulbat.com\/es\/producto\/fulboost\/\"]}]},{\"@type\":\"ImageObject\",\"inLanguage\":\"es\",\"@id\":\"https:\/\/fulbat.com\/es\/producto\/fulboost\/#primaryimage\",\"url\":\"https:\/\/fulbat.com\/wp-content\/uploads\/2026\/01\/fulboost.png\",\"contentUrl\":\"https:\/\/fulbat.com\/wp-content\/uploads\/2026\/01\/fulboost.png\",\"width\":1080,\"height\":1080,\"caption\":\"fulboost\"},{\"@type\":\"BreadcrumbList\",\"@id\":\"https:\/\/fulbat.com\/es\/producto\/fulboost\/#breadcrumb\",\"itemListElement\":[{\"@type\":\"ListItem\",\"position\":1,\"name\":\"Home\",\"item\":\"https:\/\/fulbat.com\/es\/\"},{\"@type\":\"ListItem\",\"position\":2,\"name\":\"Shop\",\"item\":\"https:\/\/fulbat.com\/shop\/\"},{\"@type\":\"ListItem\",\"position\":3,\"name\":\"Cargador\",\"item\":\"https:\/\/fulbat.com\/es\/cargador\/\"},{\"@type\":\"ListItem\",\"position\":4,\"name\":\"Booster\",\"item\":\"https:\/\/fulbat.com\/es\/cargador\/booster\/\"},{\"@type\":\"ListItem\",\"position\":5,\"name\":\"FULBOOST\"}]},{\"@type\":\"WebSite\",\"@id\":\"https:\/\/fulbat.com\/es\/#website\",\"url\":\"https:\/\/fulbat.com\/es\/\",\"name\":\"Fulbat\",\"description\":\"Qualitative, performing &amp; reliable battery solutions\",\"potentialAction\":[{\"@type\":\"SearchAction\",\"target\":{\"@type\":\"EntryPoint\",\"urlTemplate\":\"https:\/\/fulbat.com\/es\/?s={search_term_string}\"},\"query-input\":{\"@type\":\"PropertyValueSpecification\",\"valueRequired\":true,\"valueName\":\"search_term_string\"}}],\"inLanguage\":\"es\"}]}<\/script>\n<!-- \/ Yoast SEO plugin. -->","yoast_head_json":{"title":"FULBOOST - Fulbat","description":"%","robots":{"index":"index","follow":"follow","max-snippet":"max-snippet:-1","max-image-preview":"max-image-preview:large","max-video-preview":"max-video-preview:-1"},"canonical":"https:\/\/fulbat.com\/es\/producto\/fulboost\/","og_locale":"es_ES","og_type":"article","og_title":"FULBOOST - Fulbat","og_description":"%","og_url":"https:\/\/fulbat.com\/es\/producto\/fulboost\/","og_site_name":"Fulbat","article_modified_time":"2026-04-07T13:57:33+00:00","og_image":[{"width":1080,"height":1080,"url":"https:\/\/fulbat.com\/wp-content\/uploads\/2026\/01\/fulboost.png","type":"image\/png"}],"twitter_card":"summary_large_image","twitter_misc":{"Tiempo de lectura":"1 minuto"},"schema":{"@context":"https:\/\/schema.org","@graph":[{"@type":"WebPage","@id":"https:\/\/fulbat.com\/es\/producto\/fulboost\/","url":"https:\/\/fulbat.com\/es\/producto\/fulboost\/","name":"FULBOOST - Fulbat","isPartOf":{"@id":"https:\/\/fulbat.com\/es\/#website"},"primaryImageOfPage":{"@id":"https:\/\/fulbat.com\/es\/producto\/fulboost\/#primaryimage"},"image":{"@id":"https:\/\/fulbat.com\/es\/producto\/fulboost\/#primaryimage"},"thumbnailUrl":"https:\/\/fulbat.com\/wp-content\/uploads\/2026\/01\/fulboost.png","datePublished":"2026-01-22T11:00:24+00:00","dateModified":"2026-04-07T13:57:33+00:00","description":"%","breadcrumb":{"@id":"https:\/\/fulbat.com\/es\/producto\/fulboost\/#breadcrumb"},"inLanguage":"es","potentialAction":[{"@type":"ReadAction","target":["https:\/\/fulbat.com\/es\/producto\/fulboost\/"]}]},{"@type":"ImageObject","inLanguage":"es","@id":"https:\/\/fulbat.com\/es\/producto\/fulboost\/#primaryimage","url":"https:\/\/fulbat.com\/wp-content\/uploads\/2026\/01\/fulboost.png","contentUrl":"https:\/\/fulbat.com\/wp-content\/uploads\/2026\/01\/fulboost.png","width":1080,"height":1080,"caption":"fulboost"},{"@type":"BreadcrumbList","@id":"https:\/\/fulbat.com\/es\/producto\/fulboost\/#breadcrumb","itemListElement":[{"@type":"ListItem","position":1,"name":"Home","item":"https:\/\/fulbat.com\/es\/"},{"@type":"ListItem","position":2,"name":"Shop","item":"https:\/\/fulbat.com\/shop\/"},{"@type":"ListItem","position":3,"name":"Cargador","item":"https:\/\/fulbat.com\/es\/cargador\/"},{"@type":"ListItem","position":4,"name":"Booster","item":"https:\/\/fulbat.com\/es\/cargador\/booster\/"},{"@type":"ListItem","position":5,"name":"FULBOOST"}]},{"@type":"WebSite","@id":"https:\/\/fulbat.com\/es\/#website","url":"https:\/\/fulbat.com\/es\/","name":"Fulbat","description":"Qualitative, performing &amp; reliable battery solutions","potentialAction":[{"@type":"SearchAction","target":{"@type":"EntryPoint","urlTemplate":"https:\/\/fulbat.com\/es\/?s={search_term_string}"},"query-input":{"@type":"PropertyValueSpecification","valueRequired":true,"valueName":"search_term_string"}}],"inLanguage":"es"}]}},"_links":{"self":[{"href":"https:\/\/fulbat.com\/es\/wp-json\/wp\/v2\/product\/40052","targetHints":{"allow":["GET"]}}],"collection":[{"href":"https:\/\/fulbat.com\/es\/wp-json\/wp\/v2\/product"}],"about":[{"href":"https:\/\/fulbat.com\/es\/wp-json\/wp\/v2\/types\/product"}],"wp:featuredmedia":[{"embeddable":true,"href":"https:\/\/fulbat.com\/es\/wp-json\/wp\/v2\/media\/40042"}],"wp:attachment":[{"href":"https:\/\/fulbat.com\/es\/wp-json\/wp\/v2\/media?parent=40052"}],"wp:term":[{"taxonomy":"product_brand","embeddable":true,"href":"https:\/\/fulbat.com\/es\/wp-json\/wp\/v2\/product_brand?post=40052"},{"taxonomy":"product_cat","embeddable":true,"href":"https:\/\/fulbat.com\/es\/wp-json\/wp\/v2\/product_cat?post=40052"},{"taxonomy":"product_tag","embeddable":true,"href":"https:\/\/fulbat.com\/es\/wp-json\/wp\/v2\/product_tag?post=40052"}],"curies":[{"name":"wp","href":"https:\/\/api.w.org\/{rel}","templated":true}]}}