{"id":40055,"date":"2026-02-28T09:28:15","date_gmt":"2026-02-28T08:28:15","guid":{"rendered":"https:\/\/fulbat.com\/product\/airboost\/"},"modified":"2026-04-07T15:58:51","modified_gmt":"2026-04-07T13:58:51","slug":"airboost","status":"publish","type":"product","link":"https:\/\/fulbat.com\/es\/producto\/airboost\/","title":{"rendered":"AIRBOOST"},"content":{"rendered":"<p style=\"text-align: justify;\">El AIRBOOST es un booster de arranque de litio compacto y ultra port\u00e1til con compresor de aire integrado, dise\u00f1ado como la soluci\u00f3n de emergencia todo-en-uno definitiva. Ofrece 1600A de corriente pico y permite arrancar de forma segura motores de gasolina de hasta 7,0L y motores di\u00e9sel de hasta 6,0L, para todos los veh\u00edculos equipados con bater\u00eda de plomo-\u00e1cido de 12V (coches, motos y otros veh\u00edculos powersports).<\/p>\n<p style=\"text-align: justify;\">Equipado con un potente compresor de aire de 150 PSI (10,4 bar), infla r\u00e1pidamente neum\u00e1ticos de coche, moto y bicicleta, as\u00ed como balones deportivos y otros inflables, est\u00e9s donde est\u00e9s.<br \/>\nSu linterna LED integrada de 240 l\u00famenes proporciona una iluminaci\u00f3n de emergencia fiable, mientras que la bater\u00eda incorporada permite recargar smartphones, tablets, auriculares y otros dispositivos electr\u00f3nicos en cualquier momento.<\/p>\n<p style=\"text-align: justify;\">Compacto, potente y f\u00e1cil de usar, AIRBOOST es tu arrancador port\u00e1til y compresor de neum\u00e1ticos esencial para viajes por carretera, conducci\u00f3n diaria y aventuras al aire libre.<\/p>\n<p style=\"text-align: justify;\">El AIRBOOST incluye un cargador de 220 V, un cable USB-C, un cable micro-USB, un cable Lightning, un cable inteligente, una manguera de inflado, 4 v\u00e1lvulas y una funda protectora de almacenamiento.<\/p>\n","protected":false},"excerpt":{"rendered":"<p>Booster LITHIUM compacto y potente con una potencia de 1600A<br \/>\nPara veh\u00edculos equipados con bater\u00eda de plomo-\u00e1cido de 12V<br \/>\nDise\u00f1ado para motores de gasolina de hasta 7,0L y di\u00e9sel de hasta 6,0L<br \/>\nUltra seguro gracias a la tecnolog\u00eda smart cable: protecci\u00f3n contra chispas, cortocircuitos e inversi\u00f3n de polaridad<br \/>\nPermite inflar neum\u00e1ticos (coche, moto, bicicleta) y balones gracias al compresor de aire integrado<br \/>\nCargador para todo tipo de dispositivos USB<br \/>\nLinterna LED ultra brillante de 240 l\u00famenes con 3 modos<\/p>\n","protected":false},"featured_media":40038,"template":"","meta":[],"product_brand":[],"product_cat":[6792,6847],"product_tag":[],"class_list":{"0":"post-40055","1":"product","2":"type-product","3":"status-publish","4":"has-post-thumbnail","6":"product_cat-cargador","7":"product_cat-booster","9":"first","10":"instock","11":"shipping-taxable","12":"product-type-simple"},"yoast_head":"<!-- This site is optimized with the Yoast SEO plugin v26.9 - https:\/\/yoast.com\/product\/yoast-seo-wordpress\/ -->\n<title>AIRBOOST - Fulbat<\/title>\n<meta name=\"description\" content=\"The AIRBOOST is a compact, ultra-portable lithium jump starter with a built-in air compressor, designed as the ultimate all-in-one emergency solution.\" \/>\n<meta name=\"robots\" content=\"index, follow, max-snippet:-1, max-image-preview:large, max-video-preview:-1\" \/>\n<link rel=\"canonical\" href=\"https:\/\/fulbat.com\/es\/producto\/airboost\/\" \/>\n<meta property=\"og:locale\" content=\"es_ES\" \/>\n<meta property=\"og:type\" content=\"article\" \/>\n<meta property=\"og:title\" content=\"AIRBOOST - Fulbat\" \/>\n<meta property=\"og:description\" content=\"The AIRBOOST is a compact, ultra-portable lithium jump starter with a built-in air compressor, designed as the ultimate all-in-one emergency solution.\" \/>\n<meta property=\"og:url\" content=\"https:\/\/fulbat.com\/es\/producto\/airboost\/\" \/>\n<meta property=\"og:site_name\" content=\"Fulbat\" \/>\n<meta property=\"article:modified_time\" content=\"2026-04-07T13:58:51+00:00\" \/>\n<meta property=\"og:image\" content=\"https:\/\/fulbat.com\/wp-content\/uploads\/2026\/02\/Airboost.png\" \/>\n\t<meta property=\"og:image:width\" content=\"1080\" \/>\n\t<meta property=\"og:image:height\" content=\"1080\" \/>\n\t<meta property=\"og:image:type\" content=\"image\/png\" \/>\n<meta name=\"twitter:card\" content=\"summary_large_image\" \/>\n<meta name=\"twitter:label1\" content=\"Tiempo de lectura\" \/>\n\t<meta name=\"twitter:data1\" content=\"2 minutos\" \/>\n<script type=\"application\/ld+json\" class=\"yoast-schema-graph\">{\"@context\":\"https:\/\/schema.org\",\"@graph\":[{\"@type\":\"WebPage\",\"@id\":\"https:\/\/fulbat.com\/es\/producto\/airboost\/\",\"url\":\"https:\/\/fulbat.com\/es\/producto\/airboost\/\",\"name\":\"AIRBOOST - Fulbat\",\"isPartOf\":{\"@id\":\"https:\/\/fulbat.com\/es\/#website\"},\"primaryImageOfPage\":{\"@id\":\"https:\/\/fulbat.com\/es\/producto\/airboost\/#primaryimage\"},\"image\":{\"@id\":\"https:\/\/fulbat.com\/es\/producto\/airboost\/#primaryimage\"},\"thumbnailUrl\":\"https:\/\/fulbat.com\/wp-content\/uploads\/2026\/02\/Airboost.png\",\"datePublished\":\"2026-02-28T08:28:15+00:00\",\"dateModified\":\"2026-04-07T13:58:51+00:00\",\"description\":\"The AIRBOOST is a compact, ultra-portable lithium jump starter with a built-in air compressor, designed as the ultimate all-in-one emergency solution.\",\"breadcrumb\":{\"@id\":\"https:\/\/fulbat.com\/es\/producto\/airboost\/#breadcrumb\"},\"inLanguage\":\"es\",\"potentialAction\":[{\"@type\":\"ReadAction\",\"target\":[\"https:\/\/fulbat.com\/es\/producto\/airboost\/\"]}]},{\"@type\":\"ImageObject\",\"inLanguage\":\"es\",\"@id\":\"https:\/\/fulbat.com\/es\/producto\/airboost\/#primaryimage\",\"url\":\"https:\/\/fulbat.com\/wp-content\/uploads\/2026\/02\/Airboost.png\",\"contentUrl\":\"https:\/\/fulbat.com\/wp-content\/uploads\/2026\/02\/Airboost.png\",\"width\":1080,\"height\":1080,\"caption\":\"Airboost\"},{\"@type\":\"BreadcrumbList\",\"@id\":\"https:\/\/fulbat.com\/es\/producto\/airboost\/#breadcrumb\",\"itemListElement\":[{\"@type\":\"ListItem\",\"position\":1,\"name\":\"Home\",\"item\":\"https:\/\/fulbat.com\/es\/\"},{\"@type\":\"ListItem\",\"position\":2,\"name\":\"Shop\",\"item\":\"https:\/\/fulbat.com\/shop\/\"},{\"@type\":\"ListItem\",\"position\":3,\"name\":\"Cargador\",\"item\":\"https:\/\/fulbat.com\/es\/cargador\/\"},{\"@type\":\"ListItem\",\"position\":4,\"name\":\"Booster\",\"item\":\"https:\/\/fulbat.com\/es\/cargador\/booster\/\"},{\"@type\":\"ListItem\",\"position\":5,\"name\":\"AIRBOOST\"}]},{\"@type\":\"WebSite\",\"@id\":\"https:\/\/fulbat.com\/es\/#website\",\"url\":\"https:\/\/fulbat.com\/es\/\",\"name\":\"Fulbat\",\"description\":\"Qualitative, performing &amp; reliable battery solutions\",\"potentialAction\":[{\"@type\":\"SearchAction\",\"target\":{\"@type\":\"EntryPoint\",\"urlTemplate\":\"https:\/\/fulbat.com\/es\/?s={search_term_string}\"},\"query-input\":{\"@type\":\"PropertyValueSpecification\",\"valueRequired\":true,\"valueName\":\"search_term_string\"}}],\"inLanguage\":\"es\"}]}<\/script>\n<!-- \/ Yoast SEO plugin. -->","yoast_head_json":{"title":"AIRBOOST - Fulbat","description":"The AIRBOOST is a compact, ultra-portable lithium jump starter with a built-in air compressor, designed as the ultimate all-in-one emergency solution.","robots":{"index":"index","follow":"follow","max-snippet":"max-snippet:-1","max-image-preview":"max-image-preview:large","max-video-preview":"max-video-preview:-1"},"canonical":"https:\/\/fulbat.com\/es\/producto\/airboost\/","og_locale":"es_ES","og_type":"article","og_title":"AIRBOOST - Fulbat","og_description":"The AIRBOOST is a compact, ultra-portable lithium jump starter with a built-in air compressor, designed as the ultimate all-in-one emergency solution.","og_url":"https:\/\/fulbat.com\/es\/producto\/airboost\/","og_site_name":"Fulbat","article_modified_time":"2026-04-07T13:58:51+00:00","og_image":[{"width":1080,"height":1080,"url":"https:\/\/fulbat.com\/wp-content\/uploads\/2026\/02\/Airboost.png","type":"image\/png"}],"twitter_card":"summary_large_image","twitter_misc":{"Tiempo de lectura":"2 minutos"},"schema":{"@context":"https:\/\/schema.org","@graph":[{"@type":"WebPage","@id":"https:\/\/fulbat.com\/es\/producto\/airboost\/","url":"https:\/\/fulbat.com\/es\/producto\/airboost\/","name":"AIRBOOST - Fulbat","isPartOf":{"@id":"https:\/\/fulbat.com\/es\/#website"},"primaryImageOfPage":{"@id":"https:\/\/fulbat.com\/es\/producto\/airboost\/#primaryimage"},"image":{"@id":"https:\/\/fulbat.com\/es\/producto\/airboost\/#primaryimage"},"thumbnailUrl":"https:\/\/fulbat.com\/wp-content\/uploads\/2026\/02\/Airboost.png","datePublished":"2026-02-28T08:28:15+00:00","dateModified":"2026-04-07T13:58:51+00:00","description":"The AIRBOOST is a compact, ultra-portable lithium jump starter with a built-in air compressor, designed as the ultimate all-in-one emergency solution.","breadcrumb":{"@id":"https:\/\/fulbat.com\/es\/producto\/airboost\/#breadcrumb"},"inLanguage":"es","potentialAction":[{"@type":"ReadAction","target":["https:\/\/fulbat.com\/es\/producto\/airboost\/"]}]},{"@type":"ImageObject","inLanguage":"es","@id":"https:\/\/fulbat.com\/es\/producto\/airboost\/#primaryimage","url":"https:\/\/fulbat.com\/wp-content\/uploads\/2026\/02\/Airboost.png","contentUrl":"https:\/\/fulbat.com\/wp-content\/uploads\/2026\/02\/Airboost.png","width":1080,"height":1080,"caption":"Airboost"},{"@type":"BreadcrumbList","@id":"https:\/\/fulbat.com\/es\/producto\/airboost\/#breadcrumb","itemListElement":[{"@type":"ListItem","position":1,"name":"Home","item":"https:\/\/fulbat.com\/es\/"},{"@type":"ListItem","position":2,"name":"Shop","item":"https:\/\/fulbat.com\/shop\/"},{"@type":"ListItem","position":3,"name":"Cargador","item":"https:\/\/fulbat.com\/es\/cargador\/"},{"@type":"ListItem","position":4,"name":"Booster","item":"https:\/\/fulbat.com\/es\/cargador\/booster\/"},{"@type":"ListItem","position":5,"name":"AIRBOOST"}]},{"@type":"WebSite","@id":"https:\/\/fulbat.com\/es\/#website","url":"https:\/\/fulbat.com\/es\/","name":"Fulbat","description":"Qualitative, performing &amp; reliable battery solutions","potentialAction":[{"@type":"SearchAction","target":{"@type":"EntryPoint","urlTemplate":"https:\/\/fulbat.com\/es\/?s={search_term_string}"},"query-input":{"@type":"PropertyValueSpecification","valueRequired":true,"valueName":"search_term_string"}}],"inLanguage":"es"}]}},"_links":{"self":[{"href":"https:\/\/fulbat.com\/es\/wp-json\/wp\/v2\/product\/40055","targetHints":{"allow":["GET"]}}],"collection":[{"href":"https:\/\/fulbat.com\/es\/wp-json\/wp\/v2\/product"}],"about":[{"href":"https:\/\/fulbat.com\/es\/wp-json\/wp\/v2\/types\/product"}],"wp:featuredmedia":[{"embeddable":true,"href":"https:\/\/fulbat.com\/es\/wp-json\/wp\/v2\/media\/40038"}],"wp:attachment":[{"href":"https:\/\/fulbat.com\/es\/wp-json\/wp\/v2\/media?parent=40055"}],"wp:term":[{"taxonomy":"product_brand","embeddable":true,"href":"https:\/\/fulbat.com\/es\/wp-json\/wp\/v2\/product_brand?post=40055"},{"taxonomy":"product_cat","embeddable":true,"href":"https:\/\/fulbat.com\/es\/wp-json\/wp\/v2\/product_cat?post=40055"},{"taxonomy":"product_tag","embeddable":true,"href":"https:\/\/fulbat.com\/es\/wp-json\/wp\/v2\/product_tag?post=40055"}],"curies":[{"name":"wp","href":"https:\/\/api.w.org\/{rel}","templated":true}]}}