{"id":40370,"date":"2026-01-22T16:56:23","date_gmt":"2026-01-22T15:56:23","guid":{"rendered":"https:\/\/fulbat.com\/product\/fultest-2\/"},"modified":"2026-04-07T15:57:41","modified_gmt":"2026-04-07T13:57:41","slug":"fultest-2","status":"publish","type":"product","link":"https:\/\/fulbat.com\/es\/producto\/fultest-2\/","title":{"rendered":"FULTEST 2"},"content":{"rendered":"<p>El flamante Fultest 2 es un comprobador de bater\u00edas de plomo-\u00e1cido y litio de 12 V que ofrece un completo programa de pruebas, como la prueba de la bater\u00eda, la prueba de arranque, la prueba de carga y la impresi\u00f3n. No s\u00f3lo comprueba la lectura de tensi\u00f3n, sino que tambi\u00e9n comprueba los CCA (amperios de arranque en fr\u00edo) para comprobar c\u00f3mo funciona realmente tu bater\u00eda. As\u00ed, este comprobador proporciona un an\u00e1lisis completo de la vida \u00fatil de tu bater\u00eda. Adem\u00e1s de indicar con precisi\u00f3n el estado de la bater\u00eda, tambi\u00e9n es capaz de comprobar las pruebas del alternador y del motor de arranque. Dise\u00f1ado para cualquier profesional, \u00a1el Fultest 2 es una buena forma de comprobar f\u00e1cilmente el estado de la bater\u00eda de tu coche y de tu powersport!<\/p>\n<p>\u00datil y compacto, nuestro Fultest 2 se entrega con un juego de pinzas, una funda protectora y un cable USB con el que puedes conectar el comprobador al ordenador para imprimir todos los diagn\u00f3sticos.<\/p>\n","protected":false},"excerpt":{"rendered":"<p>Para todas las bater\u00edas de 12 V de veh\u00edculos y motocicletas<br \/>\n3 pruebas de bater\u00eda: Amperios de arranque en fr\u00edo, Tensi\u00f3n, Resistencia interna<br \/>\nPrueba del alternador y del sistema de arranque<br \/>\nF\u00e1cil de leer gracias a la gran pantalla LCD<br \/>\nProtecciones contra cortocircuitos y polaridad invertida<br \/>\nFunci\u00f3n de impresi\u00f3n mediante impresora de PC<br \/>\nM\u00faltiples idiomas: Ingl\u00e9s, alem\u00e1n, espa\u00f1ol, franc\u00e9s, holand\u00e9s, italiano<\/p>\n","protected":false},"featured_media":19233,"template":"","meta":[],"product_brand":[],"product_cat":[6792,6805],"product_tag":[],"class_list":{"0":"post-40370","1":"product","2":"type-product","3":"status-publish","4":"has-post-thumbnail","6":"product_cat-cargador","7":"product_cat-tester","9":"first","10":"instock","11":"shipping-taxable","12":"product-type-simple"},"yoast_head":"<!-- This site is optimized with the Yoast SEO plugin v26.9 - https:\/\/yoast.com\/product\/yoast-seo-wordpress\/ -->\n<title>FULTEST 2 - Fulbat<\/title>\n<meta name=\"description\" content=\"%\" \/>\n<meta name=\"robots\" content=\"index, follow, max-snippet:-1, max-image-preview:large, max-video-preview:-1\" \/>\n<link rel=\"canonical\" href=\"https:\/\/fulbat.com\/es\/producto\/fultest-2\/\" \/>\n<meta property=\"og:locale\" content=\"es_ES\" \/>\n<meta property=\"og:type\" content=\"article\" \/>\n<meta property=\"og:title\" content=\"FULTEST 2 - Fulbat\" \/>\n<meta property=\"og:description\" content=\"%\" \/>\n<meta property=\"og:url\" content=\"https:\/\/fulbat.com\/es\/producto\/fultest-2\/\" \/>\n<meta property=\"og:site_name\" content=\"Fulbat\" \/>\n<meta property=\"article:modified_time\" content=\"2026-04-07T13:57:41+00:00\" \/>\n<meta property=\"og:image\" content=\"https:\/\/fulbat.com\/wp-content\/uploads\/2023\/04\/Fulbat_Fultest-2_tester-battery-thumbnail.png\" \/>\n\t<meta property=\"og:image:width\" content=\"300\" \/>\n\t<meta property=\"og:image:height\" content=\"225\" \/>\n\t<meta property=\"og:image:type\" content=\"image\/png\" \/>\n<meta name=\"twitter:card\" content=\"summary_large_image\" \/>\n<meta name=\"twitter:label1\" content=\"Tiempo de lectura\" \/>\n\t<meta name=\"twitter:data1\" content=\"1 minuto\" \/>\n<script type=\"application\/ld+json\" class=\"yoast-schema-graph\">{\"@context\":\"https:\/\/schema.org\",\"@graph\":[{\"@type\":\"WebPage\",\"@id\":\"https:\/\/fulbat.com\/es\/producto\/fultest-2\/\",\"url\":\"https:\/\/fulbat.com\/es\/producto\/fultest-2\/\",\"name\":\"FULTEST 2 - Fulbat\",\"isPartOf\":{\"@id\":\"https:\/\/fulbat.com\/es\/#website\"},\"primaryImageOfPage\":{\"@id\":\"https:\/\/fulbat.com\/es\/producto\/fultest-2\/#primaryimage\"},\"image\":{\"@id\":\"https:\/\/fulbat.com\/es\/producto\/fultest-2\/#primaryimage\"},\"thumbnailUrl\":\"https:\/\/fulbat.com\/wp-content\/uploads\/2023\/04\/Fulbat_Fultest-2_tester-battery-thumbnail.png\",\"datePublished\":\"2026-01-22T15:56:23+00:00\",\"dateModified\":\"2026-04-07T13:57:41+00:00\",\"description\":\"%\",\"breadcrumb\":{\"@id\":\"https:\/\/fulbat.com\/es\/producto\/fultest-2\/#breadcrumb\"},\"inLanguage\":\"es\",\"potentialAction\":[{\"@type\":\"ReadAction\",\"target\":[\"https:\/\/fulbat.com\/es\/producto\/fultest-2\/\"]}]},{\"@type\":\"ImageObject\",\"inLanguage\":\"es\",\"@id\":\"https:\/\/fulbat.com\/es\/producto\/fultest-2\/#primaryimage\",\"url\":\"https:\/\/fulbat.com\/wp-content\/uploads\/2023\/04\/Fulbat_Fultest-2_tester-battery-thumbnail.png\",\"contentUrl\":\"https:\/\/fulbat.com\/wp-content\/uploads\/2023\/04\/Fulbat_Fultest-2_tester-battery-thumbnail.png\",\"width\":300,\"height\":225},{\"@type\":\"BreadcrumbList\",\"@id\":\"https:\/\/fulbat.com\/es\/producto\/fultest-2\/#breadcrumb\",\"itemListElement\":[{\"@type\":\"ListItem\",\"position\":1,\"name\":\"Home\",\"item\":\"https:\/\/fulbat.com\/es\/\"},{\"@type\":\"ListItem\",\"position\":2,\"name\":\"Shop\",\"item\":\"https:\/\/fulbat.com\/shop\/\"},{\"@type\":\"ListItem\",\"position\":3,\"name\":\"Cargador\",\"item\":\"https:\/\/fulbat.com\/es\/cargador\/\"},{\"@type\":\"ListItem\",\"position\":4,\"name\":\"Tester\",\"item\":\"https:\/\/fulbat.com\/es\/cargador\/tester\/\"},{\"@type\":\"ListItem\",\"position\":5,\"name\":\"FULTEST 2\"}]},{\"@type\":\"WebSite\",\"@id\":\"https:\/\/fulbat.com\/es\/#website\",\"url\":\"https:\/\/fulbat.com\/es\/\",\"name\":\"Fulbat\",\"description\":\"Qualitative, performing &amp; reliable battery solutions\",\"potentialAction\":[{\"@type\":\"SearchAction\",\"target\":{\"@type\":\"EntryPoint\",\"urlTemplate\":\"https:\/\/fulbat.com\/es\/?s={search_term_string}\"},\"query-input\":{\"@type\":\"PropertyValueSpecification\",\"valueRequired\":true,\"valueName\":\"search_term_string\"}}],\"inLanguage\":\"es\"}]}<\/script>\n<!-- \/ Yoast SEO plugin. -->","yoast_head_json":{"title":"FULTEST 2 - Fulbat","description":"%","robots":{"index":"index","follow":"follow","max-snippet":"max-snippet:-1","max-image-preview":"max-image-preview:large","max-video-preview":"max-video-preview:-1"},"canonical":"https:\/\/fulbat.com\/es\/producto\/fultest-2\/","og_locale":"es_ES","og_type":"article","og_title":"FULTEST 2 - Fulbat","og_description":"%","og_url":"https:\/\/fulbat.com\/es\/producto\/fultest-2\/","og_site_name":"Fulbat","article_modified_time":"2026-04-07T13:57:41+00:00","og_image":[{"width":300,"height":225,"url":"https:\/\/fulbat.com\/wp-content\/uploads\/2023\/04\/Fulbat_Fultest-2_tester-battery-thumbnail.png","type":"image\/png"}],"twitter_card":"summary_large_image","twitter_misc":{"Tiempo de lectura":"1 minuto"},"schema":{"@context":"https:\/\/schema.org","@graph":[{"@type":"WebPage","@id":"https:\/\/fulbat.com\/es\/producto\/fultest-2\/","url":"https:\/\/fulbat.com\/es\/producto\/fultest-2\/","name":"FULTEST 2 - Fulbat","isPartOf":{"@id":"https:\/\/fulbat.com\/es\/#website"},"primaryImageOfPage":{"@id":"https:\/\/fulbat.com\/es\/producto\/fultest-2\/#primaryimage"},"image":{"@id":"https:\/\/fulbat.com\/es\/producto\/fultest-2\/#primaryimage"},"thumbnailUrl":"https:\/\/fulbat.com\/wp-content\/uploads\/2023\/04\/Fulbat_Fultest-2_tester-battery-thumbnail.png","datePublished":"2026-01-22T15:56:23+00:00","dateModified":"2026-04-07T13:57:41+00:00","description":"%","breadcrumb":{"@id":"https:\/\/fulbat.com\/es\/producto\/fultest-2\/#breadcrumb"},"inLanguage":"es","potentialAction":[{"@type":"ReadAction","target":["https:\/\/fulbat.com\/es\/producto\/fultest-2\/"]}]},{"@type":"ImageObject","inLanguage":"es","@id":"https:\/\/fulbat.com\/es\/producto\/fultest-2\/#primaryimage","url":"https:\/\/fulbat.com\/wp-content\/uploads\/2023\/04\/Fulbat_Fultest-2_tester-battery-thumbnail.png","contentUrl":"https:\/\/fulbat.com\/wp-content\/uploads\/2023\/04\/Fulbat_Fultest-2_tester-battery-thumbnail.png","width":300,"height":225},{"@type":"BreadcrumbList","@id":"https:\/\/fulbat.com\/es\/producto\/fultest-2\/#breadcrumb","itemListElement":[{"@type":"ListItem","position":1,"name":"Home","item":"https:\/\/fulbat.com\/es\/"},{"@type":"ListItem","position":2,"name":"Shop","item":"https:\/\/fulbat.com\/shop\/"},{"@type":"ListItem","position":3,"name":"Cargador","item":"https:\/\/fulbat.com\/es\/cargador\/"},{"@type":"ListItem","position":4,"name":"Tester","item":"https:\/\/fulbat.com\/es\/cargador\/tester\/"},{"@type":"ListItem","position":5,"name":"FULTEST 2"}]},{"@type":"WebSite","@id":"https:\/\/fulbat.com\/es\/#website","url":"https:\/\/fulbat.com\/es\/","name":"Fulbat","description":"Qualitative, performing &amp; reliable battery solutions","potentialAction":[{"@type":"SearchAction","target":{"@type":"EntryPoint","urlTemplate":"https:\/\/fulbat.com\/es\/?s={search_term_string}"},"query-input":{"@type":"PropertyValueSpecification","valueRequired":true,"valueName":"search_term_string"}}],"inLanguage":"es"}]}},"_links":{"self":[{"href":"https:\/\/fulbat.com\/es\/wp-json\/wp\/v2\/product\/40370","targetHints":{"allow":["GET"]}}],"collection":[{"href":"https:\/\/fulbat.com\/es\/wp-json\/wp\/v2\/product"}],"about":[{"href":"https:\/\/fulbat.com\/es\/wp-json\/wp\/v2\/types\/product"}],"wp:featuredmedia":[{"embeddable":true,"href":"https:\/\/fulbat.com\/es\/wp-json\/wp\/v2\/media\/19233"}],"wp:attachment":[{"href":"https:\/\/fulbat.com\/es\/wp-json\/wp\/v2\/media?parent=40370"}],"wp:term":[{"taxonomy":"product_brand","embeddable":true,"href":"https:\/\/fulbat.com\/es\/wp-json\/wp\/v2\/product_brand?post=40370"},{"taxonomy":"product_cat","embeddable":true,"href":"https:\/\/fulbat.com\/es\/wp-json\/wp\/v2\/product_cat?post=40370"},{"taxonomy":"product_tag","embeddable":true,"href":"https:\/\/fulbat.com\/es\/wp-json\/wp\/v2\/product_tag?post=40370"}],"curies":[{"name":"wp","href":"https:\/\/api.w.org\/{rel}","templated":true}]}}