{"id":40387,"date":"2026-04-07T14:43:33","date_gmt":"2026-04-07T12:43:33","guid":{"rendered":"https:\/\/fulbat.com\/?post_type=product&#038;p=40387"},"modified":"2026-04-07T16:00:10","modified_gmt":"2026-04-07T14:00:10","slug":"adaptor-t1-to-t2","status":"publish","type":"product","link":"https:\/\/fulbat.com\/es\/producto\/adaptor-t1-to-t2\/","title":{"rendered":"ADAPTADOR T1 A T2"},"content":{"rendered":"<p style=\"text-align: justify;\">Este adaptador T1-T2, \u00fatil en aplicaciones de seguridad, SAI y m\u00e9dicas, permite conectar bater\u00edas equipadas con terminales T1 a T2. Este juego de dos adaptadores convierte un terminal T1 (Faston de 4,7 mm) en un terminal T2 (Faston de 6,35 mm). Tambi\u00e9n se puede utilizar con todas las bater\u00edas de plomo-\u00e1cido selladas que dispongan de conector deslizante.<\/p>\n<p>M\u00e1s informaci\u00f3n sobre las aplicationes : <strong><a href=\"https:\/\/fulbat.com\/es\/industrial\/alarma-y-seguridad\/\">Alarma y Seguridad<\/a><\/strong> |<strong><a href=\"https:\/\/fulbat.com\/es\/industrial\/sai-y-centro-de-datos\/\"> SAI y Centro de datos<\/a><\/strong> | <strong><a href=\"https:\/\/fulbat.com\/es\/industrial\/electromedicina\/\">Electromedicina<\/a><\/strong><\/p>\n","protected":false},"excerpt":{"rendered":"<p>Este adaptador T1-T2, \u00fatil en aplicaciones de seguridad, SAI y m\u00e9dicas, permite conectar bater\u00edas equipadas con terminales T1 a T2. Este juego de dos adaptadores convierte un terminal T1 (Faston de 4,7 mm) en un terminal T2 (Faston de 6,35 mm). Tambi\u00e9n se puede utilizar con todas las bater\u00edas de plomo-\u00e1cido selladas que dispongan de&#8230;<\/p>\n","protected":false},"featured_media":29085,"template":"","meta":[],"product_brand":[],"product_cat":[6792,6809],"product_tag":[],"class_list":{"0":"post-40387","1":"product","2":"type-product","3":"status-publish","4":"has-post-thumbnail","6":"product_cat-cargador","7":"product_cat-accessories","9":"first","10":"instock","11":"shipping-taxable","12":"product-type-simple"},"yoast_head":"<!-- This site is optimized with the Yoast SEO plugin v26.9 - https:\/\/yoast.com\/product\/yoast-seo-wordpress\/ -->\n<title>ADAPTADOR T1 A T2 - Fulbat<\/title>\n<meta name=\"description\" content=\"%\" \/>\n<meta name=\"robots\" content=\"index, follow, max-snippet:-1, max-image-preview:large, max-video-preview:-1\" \/>\n<link rel=\"canonical\" href=\"https:\/\/fulbat.com\/es\/producto\/adaptor-t1-to-t2\/\" \/>\n<meta property=\"og:locale\" content=\"es_ES\" \/>\n<meta property=\"og:type\" content=\"article\" \/>\n<meta property=\"og:title\" content=\"ADAPTADOR T1 A T2 - Fulbat\" \/>\n<meta property=\"og:description\" content=\"%\" \/>\n<meta property=\"og:url\" content=\"https:\/\/fulbat.com\/es\/producto\/adaptor-t1-to-t2\/\" \/>\n<meta property=\"og:site_name\" content=\"Fulbat\" \/>\n<meta property=\"article:modified_time\" content=\"2026-04-07T14:00:10+00:00\" \/>\n<meta property=\"og:image\" content=\"https:\/\/fulbat.com\/wp-content\/uploads\/2021\/07\/FT_Adaptor_T1-T2.png\" \/>\n\t<meta property=\"og:image:width\" content=\"601\" \/>\n\t<meta property=\"og:image:height\" content=\"735\" \/>\n\t<meta property=\"og:image:type\" content=\"image\/png\" \/>\n<meta name=\"twitter:card\" content=\"summary_large_image\" \/>\n<meta name=\"twitter:label1\" content=\"Tiempo de lectura\" \/>\n\t<meta name=\"twitter:data1\" content=\"1 minuto\" \/>\n<script type=\"application\/ld+json\" class=\"yoast-schema-graph\">{\"@context\":\"https:\/\/schema.org\",\"@graph\":[{\"@type\":\"WebPage\",\"@id\":\"https:\/\/fulbat.com\/es\/producto\/adaptor-t1-to-t2\/\",\"url\":\"https:\/\/fulbat.com\/es\/producto\/adaptor-t1-to-t2\/\",\"name\":\"ADAPTADOR T1 A T2 - Fulbat\",\"isPartOf\":{\"@id\":\"https:\/\/fulbat.com\/es\/#website\"},\"primaryImageOfPage\":{\"@id\":\"https:\/\/fulbat.com\/es\/producto\/adaptor-t1-to-t2\/#primaryimage\"},\"image\":{\"@id\":\"https:\/\/fulbat.com\/es\/producto\/adaptor-t1-to-t2\/#primaryimage\"},\"thumbnailUrl\":\"https:\/\/fulbat.com\/wp-content\/uploads\/2021\/07\/FT_Adaptor_T1-T2.png\",\"datePublished\":\"2026-04-07T12:43:33+00:00\",\"dateModified\":\"2026-04-07T14:00:10+00:00\",\"description\":\"%\",\"breadcrumb\":{\"@id\":\"https:\/\/fulbat.com\/es\/producto\/adaptor-t1-to-t2\/#breadcrumb\"},\"inLanguage\":\"es\",\"potentialAction\":[{\"@type\":\"ReadAction\",\"target\":[\"https:\/\/fulbat.com\/es\/producto\/adaptor-t1-to-t2\/\"]}]},{\"@type\":\"ImageObject\",\"inLanguage\":\"es\",\"@id\":\"https:\/\/fulbat.com\/es\/producto\/adaptor-t1-to-t2\/#primaryimage\",\"url\":\"https:\/\/fulbat.com\/wp-content\/uploads\/2021\/07\/FT_Adaptor_T1-T2.png\",\"contentUrl\":\"https:\/\/fulbat.com\/wp-content\/uploads\/2021\/07\/FT_Adaptor_T1-T2.png\",\"width\":601,\"height\":735,\"caption\":\"FT_Adaptor_T1-T2\"},{\"@type\":\"BreadcrumbList\",\"@id\":\"https:\/\/fulbat.com\/es\/producto\/adaptor-t1-to-t2\/#breadcrumb\",\"itemListElement\":[{\"@type\":\"ListItem\",\"position\":1,\"name\":\"Home\",\"item\":\"https:\/\/fulbat.com\/es\/\"},{\"@type\":\"ListItem\",\"position\":2,\"name\":\"Shop\",\"item\":\"https:\/\/fulbat.com\/shop\/\"},{\"@type\":\"ListItem\",\"position\":3,\"name\":\"Cargador\",\"item\":\"https:\/\/fulbat.com\/es\/cargador\/\"},{\"@type\":\"ListItem\",\"position\":4,\"name\":\"Accessories\",\"item\":\"https:\/\/fulbat.com\/es\/cargador\/accessories\/\"},{\"@type\":\"ListItem\",\"position\":5,\"name\":\"ADAPTADOR T1 A T2\"}]},{\"@type\":\"WebSite\",\"@id\":\"https:\/\/fulbat.com\/es\/#website\",\"url\":\"https:\/\/fulbat.com\/es\/\",\"name\":\"Fulbat\",\"description\":\"Qualitative, performing &amp; reliable battery solutions\",\"potentialAction\":[{\"@type\":\"SearchAction\",\"target\":{\"@type\":\"EntryPoint\",\"urlTemplate\":\"https:\/\/fulbat.com\/es\/?s={search_term_string}\"},\"query-input\":{\"@type\":\"PropertyValueSpecification\",\"valueRequired\":true,\"valueName\":\"search_term_string\"}}],\"inLanguage\":\"es\"}]}<\/script>\n<!-- \/ Yoast SEO plugin. -->","yoast_head_json":{"title":"ADAPTADOR T1 A T2 - Fulbat","description":"%","robots":{"index":"index","follow":"follow","max-snippet":"max-snippet:-1","max-image-preview":"max-image-preview:large","max-video-preview":"max-video-preview:-1"},"canonical":"https:\/\/fulbat.com\/es\/producto\/adaptor-t1-to-t2\/","og_locale":"es_ES","og_type":"article","og_title":"ADAPTADOR T1 A T2 - Fulbat","og_description":"%","og_url":"https:\/\/fulbat.com\/es\/producto\/adaptor-t1-to-t2\/","og_site_name":"Fulbat","article_modified_time":"2026-04-07T14:00:10+00:00","og_image":[{"width":601,"height":735,"url":"https:\/\/fulbat.com\/wp-content\/uploads\/2021\/07\/FT_Adaptor_T1-T2.png","type":"image\/png"}],"twitter_card":"summary_large_image","twitter_misc":{"Tiempo de lectura":"1 minuto"},"schema":{"@context":"https:\/\/schema.org","@graph":[{"@type":"WebPage","@id":"https:\/\/fulbat.com\/es\/producto\/adaptor-t1-to-t2\/","url":"https:\/\/fulbat.com\/es\/producto\/adaptor-t1-to-t2\/","name":"ADAPTADOR T1 A T2 - Fulbat","isPartOf":{"@id":"https:\/\/fulbat.com\/es\/#website"},"primaryImageOfPage":{"@id":"https:\/\/fulbat.com\/es\/producto\/adaptor-t1-to-t2\/#primaryimage"},"image":{"@id":"https:\/\/fulbat.com\/es\/producto\/adaptor-t1-to-t2\/#primaryimage"},"thumbnailUrl":"https:\/\/fulbat.com\/wp-content\/uploads\/2021\/07\/FT_Adaptor_T1-T2.png","datePublished":"2026-04-07T12:43:33+00:00","dateModified":"2026-04-07T14:00:10+00:00","description":"%","breadcrumb":{"@id":"https:\/\/fulbat.com\/es\/producto\/adaptor-t1-to-t2\/#breadcrumb"},"inLanguage":"es","potentialAction":[{"@type":"ReadAction","target":["https:\/\/fulbat.com\/es\/producto\/adaptor-t1-to-t2\/"]}]},{"@type":"ImageObject","inLanguage":"es","@id":"https:\/\/fulbat.com\/es\/producto\/adaptor-t1-to-t2\/#primaryimage","url":"https:\/\/fulbat.com\/wp-content\/uploads\/2021\/07\/FT_Adaptor_T1-T2.png","contentUrl":"https:\/\/fulbat.com\/wp-content\/uploads\/2021\/07\/FT_Adaptor_T1-T2.png","width":601,"height":735,"caption":"FT_Adaptor_T1-T2"},{"@type":"BreadcrumbList","@id":"https:\/\/fulbat.com\/es\/producto\/adaptor-t1-to-t2\/#breadcrumb","itemListElement":[{"@type":"ListItem","position":1,"name":"Home","item":"https:\/\/fulbat.com\/es\/"},{"@type":"ListItem","position":2,"name":"Shop","item":"https:\/\/fulbat.com\/shop\/"},{"@type":"ListItem","position":3,"name":"Cargador","item":"https:\/\/fulbat.com\/es\/cargador\/"},{"@type":"ListItem","position":4,"name":"Accessories","item":"https:\/\/fulbat.com\/es\/cargador\/accessories\/"},{"@type":"ListItem","position":5,"name":"ADAPTADOR T1 A T2"}]},{"@type":"WebSite","@id":"https:\/\/fulbat.com\/es\/#website","url":"https:\/\/fulbat.com\/es\/","name":"Fulbat","description":"Qualitative, performing &amp; reliable battery solutions","potentialAction":[{"@type":"SearchAction","target":{"@type":"EntryPoint","urlTemplate":"https:\/\/fulbat.com\/es\/?s={search_term_string}"},"query-input":{"@type":"PropertyValueSpecification","valueRequired":true,"valueName":"search_term_string"}}],"inLanguage":"es"}]}},"_links":{"self":[{"href":"https:\/\/fulbat.com\/es\/wp-json\/wp\/v2\/product\/40387","targetHints":{"allow":["GET"]}}],"collection":[{"href":"https:\/\/fulbat.com\/es\/wp-json\/wp\/v2\/product"}],"about":[{"href":"https:\/\/fulbat.com\/es\/wp-json\/wp\/v2\/types\/product"}],"wp:featuredmedia":[{"embeddable":true,"href":"https:\/\/fulbat.com\/es\/wp-json\/wp\/v2\/media\/29085"}],"wp:attachment":[{"href":"https:\/\/fulbat.com\/es\/wp-json\/wp\/v2\/media?parent=40387"}],"wp:term":[{"taxonomy":"product_brand","embeddable":true,"href":"https:\/\/fulbat.com\/es\/wp-json\/wp\/v2\/product_brand?post=40387"},{"taxonomy":"product_cat","embeddable":true,"href":"https:\/\/fulbat.com\/es\/wp-json\/wp\/v2\/product_cat?post=40387"},{"taxonomy":"product_tag","embeddable":true,"href":"https:\/\/fulbat.com\/es\/wp-json\/wp\/v2\/product_tag?post=40387"}],"curies":[{"name":"wp","href":"https:\/\/api.w.org\/{rel}","templated":true}]}}