{"id":40391,"date":"2026-04-07T15:18:36","date_gmt":"2026-04-07T13:18:36","guid":{"rendered":"https:\/\/fulbat.com\/?post_type=product&#038;p=40391"},"modified":"2026-04-07T16:11:00","modified_gmt":"2026-04-07T14:11:00","slug":"adaptador-ggp","status":"publish","type":"product","link":"https:\/\/fulbat.com\/es\/producto\/adaptador-ggp\/","title":{"rendered":"ADAPTADOR GGP"},"content":{"rendered":"<p style=\"text-align: justify;\">El Adaptador FULBAT GGP es la soluci\u00f3n ideal para cargar las bater\u00edas GGP durante el invierno. S\u00f3lo tienes que conectar el adaptador al cortac\u00e9sped y cargar como de costumbre. Este accesorio es compatible con todos los cargadores FULBAT (<strong><a href=\"https:\/\/fulbat.com\/es\/cargadores\/cargadores\/fulload-1000\/\">Fulload 1000<\/a><\/strong> &amp; <strong><a href=\"https:\/\/fulbat.com\/es\/cargadores\/cargadores\/fulload-f4\/\">Fulload F4<\/a><\/strong>)<\/p>\n","protected":false},"excerpt":{"rendered":"<p>El Adaptador FULBAT GGP es la soluci\u00f3n ideal para cargar las bater\u00edas GGP durante el invierno. S\u00f3lo tienes que conectar el adaptador al cortac\u00e9sped y cargar como de costumbre. Este accesorio es compatible con todos los cargadores FULBAT (Fulload 1000 &amp; Fulload F4)<\/p>\n","protected":false},"featured_media":15345,"template":"","meta":[],"product_brand":[],"product_cat":[6792,6809],"product_tag":[],"class_list":{"0":"post-40391","1":"product","2":"type-product","3":"status-publish","4":"has-post-thumbnail","6":"product_cat-cargador","7":"product_cat-accessories","9":"first","10":"instock","11":"shipping-taxable","12":"product-type-simple"},"yoast_head":"<!-- This site is optimized with the Yoast SEO plugin v26.9 - https:\/\/yoast.com\/product\/yoast-seo-wordpress\/ -->\n<title>ADAPTADOR GGP - Fulbat<\/title>\n<meta name=\"description\" content=\"%\" \/>\n<meta name=\"robots\" content=\"index, follow, max-snippet:-1, max-image-preview:large, max-video-preview:-1\" \/>\n<link rel=\"canonical\" href=\"https:\/\/fulbat.com\/es\/producto\/adaptador-ggp\/\" \/>\n<meta property=\"og:locale\" content=\"es_ES\" \/>\n<meta property=\"og:type\" content=\"article\" \/>\n<meta property=\"og:title\" content=\"ADAPTADOR GGP - Fulbat\" \/>\n<meta property=\"og:description\" content=\"%\" \/>\n<meta property=\"og:url\" content=\"https:\/\/fulbat.com\/es\/producto\/adaptador-ggp\/\" \/>\n<meta property=\"og:site_name\" content=\"Fulbat\" \/>\n<meta property=\"article:modified_time\" content=\"2026-04-07T14:11:00+00:00\" \/>\n<meta property=\"og:image\" content=\"https:\/\/fulbat.com\/wp-content\/uploads\/2020\/09\/Fulbat_AdaptorGGP_battery-1.png\" \/>\n\t<meta property=\"og:image:width\" content=\"400\" \/>\n\t<meta property=\"og:image:height\" content=\"267\" \/>\n\t<meta property=\"og:image:type\" content=\"image\/png\" \/>\n<meta name=\"twitter:card\" content=\"summary_large_image\" \/>\n<meta name=\"twitter:label1\" content=\"Tiempo de lectura\" \/>\n\t<meta name=\"twitter:data1\" content=\"1 minuto\" \/>\n<script type=\"application\/ld+json\" class=\"yoast-schema-graph\">{\"@context\":\"https:\/\/schema.org\",\"@graph\":[{\"@type\":\"WebPage\",\"@id\":\"https:\/\/fulbat.com\/es\/producto\/adaptador-ggp\/\",\"url\":\"https:\/\/fulbat.com\/es\/producto\/adaptador-ggp\/\",\"name\":\"ADAPTADOR GGP - Fulbat\",\"isPartOf\":{\"@id\":\"https:\/\/fulbat.com\/es\/#website\"},\"primaryImageOfPage\":{\"@id\":\"https:\/\/fulbat.com\/es\/producto\/adaptador-ggp\/#primaryimage\"},\"image\":{\"@id\":\"https:\/\/fulbat.com\/es\/producto\/adaptador-ggp\/#primaryimage\"},\"thumbnailUrl\":\"https:\/\/fulbat.com\/wp-content\/uploads\/2020\/09\/Fulbat_AdaptorGGP_battery-1.png\",\"datePublished\":\"2026-04-07T13:18:36+00:00\",\"dateModified\":\"2026-04-07T14:11:00+00:00\",\"description\":\"%\",\"breadcrumb\":{\"@id\":\"https:\/\/fulbat.com\/es\/producto\/adaptador-ggp\/#breadcrumb\"},\"inLanguage\":\"es\",\"potentialAction\":[{\"@type\":\"ReadAction\",\"target\":[\"https:\/\/fulbat.com\/es\/producto\/adaptador-ggp\/\"]}]},{\"@type\":\"ImageObject\",\"inLanguage\":\"es\",\"@id\":\"https:\/\/fulbat.com\/es\/producto\/adaptador-ggp\/#primaryimage\",\"url\":\"https:\/\/fulbat.com\/wp-content\/uploads\/2020\/09\/Fulbat_AdaptorGGP_battery-1.png\",\"contentUrl\":\"https:\/\/fulbat.com\/wp-content\/uploads\/2020\/09\/Fulbat_AdaptorGGP_battery-1.png\",\"width\":400,\"height\":267,\"caption\":\"Fulbat_AdaptadorGGP_pila-1\"},{\"@type\":\"BreadcrumbList\",\"@id\":\"https:\/\/fulbat.com\/es\/producto\/adaptador-ggp\/#breadcrumb\",\"itemListElement\":[{\"@type\":\"ListItem\",\"position\":1,\"name\":\"Home\",\"item\":\"https:\/\/fulbat.com\/es\/\"},{\"@type\":\"ListItem\",\"position\":2,\"name\":\"Shop\",\"item\":\"https:\/\/fulbat.com\/shop\/\"},{\"@type\":\"ListItem\",\"position\":3,\"name\":\"Cargador\",\"item\":\"https:\/\/fulbat.com\/es\/cargador\/\"},{\"@type\":\"ListItem\",\"position\":4,\"name\":\"Accessories\",\"item\":\"https:\/\/fulbat.com\/es\/cargador\/accessories\/\"},{\"@type\":\"ListItem\",\"position\":5,\"name\":\"ADAPTADOR GGP\"}]},{\"@type\":\"WebSite\",\"@id\":\"https:\/\/fulbat.com\/es\/#website\",\"url\":\"https:\/\/fulbat.com\/es\/\",\"name\":\"Fulbat\",\"description\":\"Qualitative, performing &amp; reliable battery solutions\",\"potentialAction\":[{\"@type\":\"SearchAction\",\"target\":{\"@type\":\"EntryPoint\",\"urlTemplate\":\"https:\/\/fulbat.com\/es\/?s={search_term_string}\"},\"query-input\":{\"@type\":\"PropertyValueSpecification\",\"valueRequired\":true,\"valueName\":\"search_term_string\"}}],\"inLanguage\":\"es\"}]}<\/script>\n<!-- \/ Yoast SEO plugin. -->","yoast_head_json":{"title":"ADAPTADOR GGP - Fulbat","description":"%","robots":{"index":"index","follow":"follow","max-snippet":"max-snippet:-1","max-image-preview":"max-image-preview:large","max-video-preview":"max-video-preview:-1"},"canonical":"https:\/\/fulbat.com\/es\/producto\/adaptador-ggp\/","og_locale":"es_ES","og_type":"article","og_title":"ADAPTADOR GGP - Fulbat","og_description":"%","og_url":"https:\/\/fulbat.com\/es\/producto\/adaptador-ggp\/","og_site_name":"Fulbat","article_modified_time":"2026-04-07T14:11:00+00:00","og_image":[{"width":400,"height":267,"url":"https:\/\/fulbat.com\/wp-content\/uploads\/2020\/09\/Fulbat_AdaptorGGP_battery-1.png","type":"image\/png"}],"twitter_card":"summary_large_image","twitter_misc":{"Tiempo de lectura":"1 minuto"},"schema":{"@context":"https:\/\/schema.org","@graph":[{"@type":"WebPage","@id":"https:\/\/fulbat.com\/es\/producto\/adaptador-ggp\/","url":"https:\/\/fulbat.com\/es\/producto\/adaptador-ggp\/","name":"ADAPTADOR GGP - Fulbat","isPartOf":{"@id":"https:\/\/fulbat.com\/es\/#website"},"primaryImageOfPage":{"@id":"https:\/\/fulbat.com\/es\/producto\/adaptador-ggp\/#primaryimage"},"image":{"@id":"https:\/\/fulbat.com\/es\/producto\/adaptador-ggp\/#primaryimage"},"thumbnailUrl":"https:\/\/fulbat.com\/wp-content\/uploads\/2020\/09\/Fulbat_AdaptorGGP_battery-1.png","datePublished":"2026-04-07T13:18:36+00:00","dateModified":"2026-04-07T14:11:00+00:00","description":"%","breadcrumb":{"@id":"https:\/\/fulbat.com\/es\/producto\/adaptador-ggp\/#breadcrumb"},"inLanguage":"es","potentialAction":[{"@type":"ReadAction","target":["https:\/\/fulbat.com\/es\/producto\/adaptador-ggp\/"]}]},{"@type":"ImageObject","inLanguage":"es","@id":"https:\/\/fulbat.com\/es\/producto\/adaptador-ggp\/#primaryimage","url":"https:\/\/fulbat.com\/wp-content\/uploads\/2020\/09\/Fulbat_AdaptorGGP_battery-1.png","contentUrl":"https:\/\/fulbat.com\/wp-content\/uploads\/2020\/09\/Fulbat_AdaptorGGP_battery-1.png","width":400,"height":267,"caption":"Fulbat_AdaptadorGGP_pila-1"},{"@type":"BreadcrumbList","@id":"https:\/\/fulbat.com\/es\/producto\/adaptador-ggp\/#breadcrumb","itemListElement":[{"@type":"ListItem","position":1,"name":"Home","item":"https:\/\/fulbat.com\/es\/"},{"@type":"ListItem","position":2,"name":"Shop","item":"https:\/\/fulbat.com\/shop\/"},{"@type":"ListItem","position":3,"name":"Cargador","item":"https:\/\/fulbat.com\/es\/cargador\/"},{"@type":"ListItem","position":4,"name":"Accessories","item":"https:\/\/fulbat.com\/es\/cargador\/accessories\/"},{"@type":"ListItem","position":5,"name":"ADAPTADOR GGP"}]},{"@type":"WebSite","@id":"https:\/\/fulbat.com\/es\/#website","url":"https:\/\/fulbat.com\/es\/","name":"Fulbat","description":"Qualitative, performing &amp; reliable battery solutions","potentialAction":[{"@type":"SearchAction","target":{"@type":"EntryPoint","urlTemplate":"https:\/\/fulbat.com\/es\/?s={search_term_string}"},"query-input":{"@type":"PropertyValueSpecification","valueRequired":true,"valueName":"search_term_string"}}],"inLanguage":"es"}]}},"_links":{"self":[{"href":"https:\/\/fulbat.com\/es\/wp-json\/wp\/v2\/product\/40391","targetHints":{"allow":["GET"]}}],"collection":[{"href":"https:\/\/fulbat.com\/es\/wp-json\/wp\/v2\/product"}],"about":[{"href":"https:\/\/fulbat.com\/es\/wp-json\/wp\/v2\/types\/product"}],"wp:featuredmedia":[{"embeddable":true,"href":"https:\/\/fulbat.com\/es\/wp-json\/wp\/v2\/media\/15345"}],"wp:attachment":[{"href":"https:\/\/fulbat.com\/es\/wp-json\/wp\/v2\/media?parent=40391"}],"wp:term":[{"taxonomy":"product_brand","embeddable":true,"href":"https:\/\/fulbat.com\/es\/wp-json\/wp\/v2\/product_brand?post=40391"},{"taxonomy":"product_cat","embeddable":true,"href":"https:\/\/fulbat.com\/es\/wp-json\/wp\/v2\/product_cat?post=40391"},{"taxonomy":"product_tag","embeddable":true,"href":"https:\/\/fulbat.com\/es\/wp-json\/wp\/v2\/product_tag?post=40391"}],"curies":[{"name":"wp","href":"https:\/\/api.w.org\/{rel}","templated":true}]}}