{"id":40396,"date":"2026-04-07T15:25:11","date_gmt":"2026-04-07T13:25:11","guid":{"rendered":"https:\/\/fulbat.com\/?post_type=product&#038;p=40396"},"modified":"2026-04-07T15:43:32","modified_gmt":"2026-04-07T13:43:32","slug":"fulconnect","status":"publish","type":"product","link":"https:\/\/fulbat.com\/es\/producto\/fulconnect\/","title":{"rendered":"FULCONNECT"},"content":{"rendered":"<p style=\"text-align: justify;\">Fulconnect es la soluci\u00f3n ideal si tu bater\u00eda es de dif\u00edcil acceso, est\u00e1 oculta o si no puedes utilizar pinzas. S\u00f3lo tienes que conectar los terminales de ojal a la bater\u00eda y cargarla con normalidad. Este accesorio es compatible con todos los cargadores FULBAT ( <strong><a href=\"https:\/\/fulbat.com\/es\/cargadores\/cargadores\/fulload-1000\/\">Fulload 1000<\/a><\/strong> &amp; <strong><a href=\"https:\/\/fulbat.com\/es\/cargadores\/cargadores\/fulload-f4\/\">Fulload F4<\/a><\/strong>)  <\/p>\n","protected":false},"excerpt":{"rendered":"<p>Fulconnect es la soluci\u00f3n ideal si tu bater\u00eda es de dif\u00edcil acceso, est\u00e1 oculta o si no puedes utilizar pinzas. S\u00f3lo tienes que conectar los terminales de ojal a la bater\u00eda y cargarla con normalidad. Este accesorio es compatible con todos los cargadores FULBAT ( Fulload 1000 &amp; Fulload F4)<\/p>\n","protected":false},"featured_media":40512,"template":"","meta":[],"product_brand":[],"product_cat":[6792,6809],"product_tag":[],"class_list":{"0":"post-40396","1":"product","2":"type-product","3":"status-publish","4":"has-post-thumbnail","6":"product_cat-cargador","7":"product_cat-accessories","9":"first","10":"instock","11":"shipping-taxable","12":"product-type-simple"},"yoast_head":"<!-- This site is optimized with the Yoast SEO plugin v26.9 - https:\/\/yoast.com\/product\/yoast-seo-wordpress\/ -->\n<title>FULCONNECT - Fulbat<\/title>\n<meta name=\"description\" content=\"%\" \/>\n<meta name=\"robots\" content=\"index, follow, max-snippet:-1, max-image-preview:large, max-video-preview:-1\" \/>\n<link rel=\"canonical\" href=\"https:\/\/fulbat.com\/es\/producto\/fulconnect\/\" \/>\n<meta property=\"og:locale\" content=\"es_ES\" \/>\n<meta property=\"og:type\" content=\"article\" \/>\n<meta property=\"og:title\" content=\"FULCONNECT - Fulbat\" \/>\n<meta property=\"og:description\" content=\"%\" \/>\n<meta property=\"og:url\" content=\"https:\/\/fulbat.com\/es\/producto\/fulconnect\/\" \/>\n<meta property=\"og:site_name\" content=\"Fulbat\" \/>\n<meta property=\"article:modified_time\" content=\"2026-04-07T13:43:32+00:00\" \/>\n<meta property=\"og:image\" content=\"https:\/\/fulbat.com\/wp-content\/uploads\/2020\/09\/Fulbat_Fulconnect_battery-1.png\" \/>\n\t<meta property=\"og:image:width\" content=\"400\" \/>\n\t<meta property=\"og:image:height\" content=\"267\" \/>\n\t<meta property=\"og:image:type\" content=\"image\/png\" \/>\n<meta name=\"twitter:card\" content=\"summary_large_image\" \/>\n<meta name=\"twitter:label1\" content=\"Tiempo de lectura\" \/>\n\t<meta name=\"twitter:data1\" content=\"1 minuto\" \/>\n<script type=\"application\/ld+json\" class=\"yoast-schema-graph\">{\"@context\":\"https:\/\/schema.org\",\"@graph\":[{\"@type\":\"WebPage\",\"@id\":\"https:\/\/fulbat.com\/es\/producto\/fulconnect\/\",\"url\":\"https:\/\/fulbat.com\/es\/producto\/fulconnect\/\",\"name\":\"FULCONNECT - Fulbat\",\"isPartOf\":{\"@id\":\"https:\/\/fulbat.com\/es\/#website\"},\"primaryImageOfPage\":{\"@id\":\"https:\/\/fulbat.com\/es\/producto\/fulconnect\/#primaryimage\"},\"image\":{\"@id\":\"https:\/\/fulbat.com\/es\/producto\/fulconnect\/#primaryimage\"},\"thumbnailUrl\":\"https:\/\/fulbat.com\/wp-content\/uploads\/2026\/04\/Vignette_Fulconnect.png\",\"datePublished\":\"2026-04-07T13:25:11+00:00\",\"dateModified\":\"2026-04-07T13:43:32+00:00\",\"description\":\"%\",\"breadcrumb\":{\"@id\":\"https:\/\/fulbat.com\/es\/producto\/fulconnect\/#breadcrumb\"},\"inLanguage\":\"es\",\"potentialAction\":[{\"@type\":\"ReadAction\",\"target\":[\"https:\/\/fulbat.com\/es\/producto\/fulconnect\/\"]}]},{\"@type\":\"ImageObject\",\"inLanguage\":\"es\",\"@id\":\"https:\/\/fulbat.com\/es\/producto\/fulconnect\/#primaryimage\",\"url\":\"https:\/\/fulbat.com\/wp-content\/uploads\/2026\/04\/Vignette_Fulconnect.png\",\"contentUrl\":\"https:\/\/fulbat.com\/wp-content\/uploads\/2026\/04\/Vignette_Fulconnect.png\",\"width\":1080,\"height\":1080,\"caption\":\"Vignette_Fulconnect\"},{\"@type\":\"BreadcrumbList\",\"@id\":\"https:\/\/fulbat.com\/es\/producto\/fulconnect\/#breadcrumb\",\"itemListElement\":[{\"@type\":\"ListItem\",\"position\":1,\"name\":\"Home\",\"item\":\"https:\/\/fulbat.com\/es\/\"},{\"@type\":\"ListItem\",\"position\":2,\"name\":\"Shop\",\"item\":\"https:\/\/fulbat.com\/shop\/\"},{\"@type\":\"ListItem\",\"position\":3,\"name\":\"Cargador\",\"item\":\"https:\/\/fulbat.com\/es\/cargador\/\"},{\"@type\":\"ListItem\",\"position\":4,\"name\":\"Accessories\",\"item\":\"https:\/\/fulbat.com\/es\/cargador\/accessories\/\"},{\"@type\":\"ListItem\",\"position\":5,\"name\":\"FULCONNECT\"}]},{\"@type\":\"WebSite\",\"@id\":\"https:\/\/fulbat.com\/es\/#website\",\"url\":\"https:\/\/fulbat.com\/es\/\",\"name\":\"Fulbat\",\"description\":\"Qualitative, performing &amp; reliable battery solutions\",\"potentialAction\":[{\"@type\":\"SearchAction\",\"target\":{\"@type\":\"EntryPoint\",\"urlTemplate\":\"https:\/\/fulbat.com\/es\/?s={search_term_string}\"},\"query-input\":{\"@type\":\"PropertyValueSpecification\",\"valueRequired\":true,\"valueName\":\"search_term_string\"}}],\"inLanguage\":\"es\"}]}<\/script>\n<!-- \/ Yoast SEO plugin. -->","yoast_head_json":{"title":"FULCONNECT - Fulbat","description":"%","robots":{"index":"index","follow":"follow","max-snippet":"max-snippet:-1","max-image-preview":"max-image-preview:large","max-video-preview":"max-video-preview:-1"},"canonical":"https:\/\/fulbat.com\/es\/producto\/fulconnect\/","og_locale":"es_ES","og_type":"article","og_title":"FULCONNECT - Fulbat","og_description":"%","og_url":"https:\/\/fulbat.com\/es\/producto\/fulconnect\/","og_site_name":"Fulbat","article_modified_time":"2026-04-07T13:43:32+00:00","og_image":[{"width":400,"height":267,"url":"https:\/\/fulbat.com\/wp-content\/uploads\/2020\/09\/Fulbat_Fulconnect_battery-1.png","type":"image\/png"}],"twitter_card":"summary_large_image","twitter_misc":{"Tiempo de lectura":"1 minuto"},"schema":{"@context":"https:\/\/schema.org","@graph":[{"@type":"WebPage","@id":"https:\/\/fulbat.com\/es\/producto\/fulconnect\/","url":"https:\/\/fulbat.com\/es\/producto\/fulconnect\/","name":"FULCONNECT - Fulbat","isPartOf":{"@id":"https:\/\/fulbat.com\/es\/#website"},"primaryImageOfPage":{"@id":"https:\/\/fulbat.com\/es\/producto\/fulconnect\/#primaryimage"},"image":{"@id":"https:\/\/fulbat.com\/es\/producto\/fulconnect\/#primaryimage"},"thumbnailUrl":"https:\/\/fulbat.com\/wp-content\/uploads\/2026\/04\/Vignette_Fulconnect.png","datePublished":"2026-04-07T13:25:11+00:00","dateModified":"2026-04-07T13:43:32+00:00","description":"%","breadcrumb":{"@id":"https:\/\/fulbat.com\/es\/producto\/fulconnect\/#breadcrumb"},"inLanguage":"es","potentialAction":[{"@type":"ReadAction","target":["https:\/\/fulbat.com\/es\/producto\/fulconnect\/"]}]},{"@type":"ImageObject","inLanguage":"es","@id":"https:\/\/fulbat.com\/es\/producto\/fulconnect\/#primaryimage","url":"https:\/\/fulbat.com\/wp-content\/uploads\/2026\/04\/Vignette_Fulconnect.png","contentUrl":"https:\/\/fulbat.com\/wp-content\/uploads\/2026\/04\/Vignette_Fulconnect.png","width":1080,"height":1080,"caption":"Vignette_Fulconnect"},{"@type":"BreadcrumbList","@id":"https:\/\/fulbat.com\/es\/producto\/fulconnect\/#breadcrumb","itemListElement":[{"@type":"ListItem","position":1,"name":"Home","item":"https:\/\/fulbat.com\/es\/"},{"@type":"ListItem","position":2,"name":"Shop","item":"https:\/\/fulbat.com\/shop\/"},{"@type":"ListItem","position":3,"name":"Cargador","item":"https:\/\/fulbat.com\/es\/cargador\/"},{"@type":"ListItem","position":4,"name":"Accessories","item":"https:\/\/fulbat.com\/es\/cargador\/accessories\/"},{"@type":"ListItem","position":5,"name":"FULCONNECT"}]},{"@type":"WebSite","@id":"https:\/\/fulbat.com\/es\/#website","url":"https:\/\/fulbat.com\/es\/","name":"Fulbat","description":"Qualitative, performing &amp; reliable battery solutions","potentialAction":[{"@type":"SearchAction","target":{"@type":"EntryPoint","urlTemplate":"https:\/\/fulbat.com\/es\/?s={search_term_string}"},"query-input":{"@type":"PropertyValueSpecification","valueRequired":true,"valueName":"search_term_string"}}],"inLanguage":"es"}]}},"_links":{"self":[{"href":"https:\/\/fulbat.com\/es\/wp-json\/wp\/v2\/product\/40396","targetHints":{"allow":["GET"]}}],"collection":[{"href":"https:\/\/fulbat.com\/es\/wp-json\/wp\/v2\/product"}],"about":[{"href":"https:\/\/fulbat.com\/es\/wp-json\/wp\/v2\/types\/product"}],"wp:featuredmedia":[{"embeddable":true,"href":"https:\/\/fulbat.com\/es\/wp-json\/wp\/v2\/media\/40512"}],"wp:attachment":[{"href":"https:\/\/fulbat.com\/es\/wp-json\/wp\/v2\/media?parent=40396"}],"wp:term":[{"taxonomy":"product_brand","embeddable":true,"href":"https:\/\/fulbat.com\/es\/wp-json\/wp\/v2\/product_brand?post=40396"},{"taxonomy":"product_cat","embeddable":true,"href":"https:\/\/fulbat.com\/es\/wp-json\/wp\/v2\/product_cat?post=40396"},{"taxonomy":"product_tag","embeddable":true,"href":"https:\/\/fulbat.com\/es\/wp-json\/wp\/v2\/product_tag?post=40396"}],"curies":[{"name":"wp","href":"https:\/\/api.w.org\/{rel}","templated":true}]}}