{"id":11316,"date":"2021-07-27T12:25:43","date_gmt":"2021-07-27T10:25:43","guid":{"rendered":"https:\/\/fulbat.com\/chargeur\/accessoires\/adaptateur-de-batterie-industrielle-t1-en-t2\/"},"modified":"2024-09-09T13:26:09","modified_gmt":"2024-09-09T11:26:09","slug":"adaptateur-de-batterie-industrielle-t1-en-t2","status":"publish","type":"page","link":"https:\/\/fulbat.com\/fr\/chargeur\/accessoires\/adaptateur-de-batterie-industrielle-t1-en-t2\/","title":{"rendered":"Adaptateur de batterie T1 en T2"},"content":{"rendered":"<section class=\"l-section wpb_row us_custom_de67d1db height_medium with_img\"><div class=\"l-section-img\" role=\"img\" data-img-width=\"1450\" data-img-height=\"700\" style=\"background-image: url(https:\/\/fulbat.com\/wp-content\/uploads\/2020\/08\/charger-accessories-booster-tester-battery-fulbat.jpg);background-repeat: no-repeat;\"><\/div><div class=\"l-section-h i-cf\"><div class=\"g-cols vc_row via_flex valign_top type_default stacking_default\"><div class=\"vc_col-sm-12 wpb_column vc_column_container\"><div class=\"vc_column-inner us_custom_8f7b07a9 us_animate_this\"><div class=\"wpb_wrapper\">[vc_custom_heading source=\u00a0\u00bbpost_title\u00a0\u00bb font_container=\u00a0\u00bbtag:h1|text_align:left\u00a0\u00bb use_theme_fonts=\u00a0\u00bbyes\u00a0\u00bb css=\u00a0\u00bb%7B%22default%22%3A%7B%22color%22%3A%22%23ffffff%22%7D%7D\u00a0\u00bb]<nav class=\"g-breadcrumbs us_custom_6df4bc3a has_text_color separator_icon align_none hide_current\" itemscope itemtype=\"http:\/\/schema.org\/BreadcrumbList\"><div class=\"g-breadcrumbs-item\" itemscope itemprop=\"itemListElement\" itemtype=\"http:\/\/schema.org\/ListItem\"><a itemprop=\"item\" href=\"https:\/\/fulbat.com\/fr\/\"><span itemprop=\"name\">HOME<\/span><\/a><meta itemprop=\"position\" content=\"1\"\/><\/div><div class=\"g-breadcrumbs-separator\"><i class=\"far fa-angle-right\"><\/i><\/div><div class=\"g-breadcrumbs-item\">Pages<\/div><\/nav><\/div><\/div><\/div><\/div><\/div><\/section><section class=\"l-section wpb_row us_custom_0728b4ce height_medium\"><div class=\"l-section-h i-cf\"><div class=\"g-cols vc_row via_flex valign_top type_default stacking_default\"><div class=\"vc_col-sm-6 wpb_column vc_column_container\"><div class=\"vc_column-inner\"><div class=\"wpb_wrapper\"><div class=\"w-slider style_none fit_scaledown\"><div class=\"w-slider-h\"><div class=\"royalSlider\"><div class=\"rsContent\"><a class=\"rsImg\" data-rsw=\"400\" data-rsh=\"400\" href=\"https:\/\/fulbat.com\/wp-content\/uploads\/2021\/07\/fulbat-page-product-accesories-gabarit-T1-T2.jpg\"><span data-alt=\"fulbat-page-product-accesories-gabarit-T1-T2\"><\/span><\/a><\/div><\/div><img decoding=\"async\" src=\"https:\/\/fulbat.com\/wp-content\/uploads\/2021\/07\/fulbat-page-product-accesories-gabarit-T1-T2.jpg\" width=\"400\" height=\"400\" alt=\"fulbat-page-product-accesories-gabarit-T1-T2\" loading=\"lazy\"><\/div><div class=\"w-slider-json\" onclick='return {&quot;autoScaleSlider&quot;:true,&quot;loop&quot;:true,&quot;fadeInLoadedSlide&quot;:false,&quot;slidesSpacing&quot;:0,&quot;imageScalePadding&quot;:0,&quot;numImagesToPreload&quot;:2,&quot;arrowsNav&quot;:true,&quot;arrowsNavAutoHide&quot;:false,&quot;transitionType&quot;:&quot;move&quot;,&quot;transitionSpeed&quot;:250,&quot;block&quot;:{&quot;moveEffect&quot;:&quot;none&quot;,&quot;speed&quot;:300},&quot;thumbs&quot;:{&quot;fitInViewport&quot;:false},&quot;controlNavigation&quot;:&quot;none&quot;,&quot;imageScaleMode&quot;:&quot;fit-if-smaller&quot;,&quot;autoScaleSliderWidth&quot;:400,&quot;autoScaleSliderHeight&quot;:400}'><\/div><\/div><\/div><\/div><\/div><div class=\"vc_col-sm-6 wpb_column vc_column_container\"><div class=\"vc_column-inner\"><div class=\"wpb_wrapper\"><div class=\"w-separator size_small\"><\/div><div class=\"wpb_text_column\"><div class=\"wpb_wrapper\"><p>Utile dans les applications de s\u00e9curit\u00e9, UPS et m\u00e9dicales, cet adaptateur de batterie T1-T2 permet de passer d&rsquo;une batterie \u00e9quip\u00e9e de bornes T1 \u00e0 T2. Ce jeu de deux adaptateurs permet de convertir une borne T1 (Faston 4.7mm) en une borne T2 (Faston 6.35mm). Il peut \u00e9galement \u00eatre utilis\u00e9 pour toutes les batteries au plomb \u00e9tanches \u00e9quip\u00e9es d&rsquo;un connecteur coulissant.<\/p>\n<p>En savoir plus sur les applications : <a href=\"https:\/\/fulbat.com\/fr\/industriel\/alarme-securite\/\"><strong>Alarme &amp; S\u00e9curit\u00e9<\/strong><\/a>\u00a0 | <a href=\"https:\/\/fulbat.com\/fr\/industriel\/onduleur-ups-centre-de-donnees\/\"><strong>Onduleur (UPS) &amp; centre de donn\u00e9es<\/strong><\/a> | <a href=\"https:\/\/fulbat.com\/fr\/industriel\/medical\/\"><strong>M\u00e9dical<\/strong><\/a><\/p>\n<\/div><\/div><\/div><\/div><\/div><div class=\"vc_col-sm-12 wpb_column vc_column_container\"><div class=\"vc_column-inner\"><div class=\"wpb_wrapper\">[vc_custom_heading text=\u00a0\u00bbProduits li\u00e9s\u00a0\u00bb font_container=\u00a0\u00bbtag:h3|text_align:left\u00a0\u00bb use_theme_fonts=\u00a0\u00bbyes\u00a0\u00bb css=\u00a0\u00bb%7B%22default%22%3A%7B%22border-style%22%3A%22solid%22%2C%22border-bottom-width%22%3A%221px%22%2C%22border-color%22%3A%22%23008a3c%22%7D%7D\u00a0\u00bb]<div class=\"w-grid type_grid layout_blog_1 cols_4 ratio_16x9\" id=\"us_grid_1\" style=\"--gap:0.5rem;\"><style>@media (max-width:1280px){#us_grid_1 .w-grid-item{width:33.3333%}#us_grid_1 .w-grid-item.size_2x1,#us_grid_1 .w-grid-item.size_2x2{width:66.6667%}}@media (max-width:1024px){#us_grid_1 .w-grid-item{width:50%}#us_grid_1 .w-grid-item.size_2x1,#us_grid_1 .w-grid-item.size_2x2{width:100%}}@media (max-width:600px){#us_grid_1 .w-grid-list{margin:0}#us_grid_1 .w-grid-item{width:100%;padding:0;margin-bottom:var(--gap,0px)}}#us_grid_1 .w-grid-item-h:before{padding-bottom:56.25%}.layout_blog_1 .w-grid-item-h:before{padding-bottom:100%}@media (min-width:601px){.layout_blog_1 .w-grid-item.size_1x2 .w-grid-item-h:before{padding-bottom:calc(200% + var(--gap,0px) * 2)}.layout_blog_1 .w-grid-item.size_2x1 .w-grid-item-h:before{padding-bottom:calc(50% - var(--gap,0px) * 1)}.layout_blog_1 .w-grid-item.size_2x2 .w-grid-item-h:before{padding-bottom:calc(100% - var(--gap,0px) * 0)}}.layout_blog_1 .w-grid-item-h{}.layout_blog_1 .usg_post_image_1{margin-bottom:0.5rem!important}.layout_blog_1 .usg_post_title_1{font-size:1rem!important}@media (min-width:1025px) and (max-width:1280px){.layout_blog_1 .usg_post_image_1{margin-bottom:0.5rem!important}.layout_blog_1 .usg_post_title_1{font-size:1rem!important}}@media (min-width:601px) and (max-width:1024px){.layout_blog_1 .usg_post_image_1{margin-bottom:0.5rem!important}.layout_blog_1 .usg_post_title_1{font-size:1rem!important}}@media (max-width:600px){.layout_blog_1 .usg_post_image_1{margin-bottom:0.5rem!important}.layout_blog_1 .usg_post_title_1{font-size:1rem!important}}<\/style><div class=\"w-grid-list\">\t<article class=\"w-grid-item size_1x1 post-10013 page type-page status-publish has-post-thumbnail hentry\" data-id=\"10013\">\r\n\t\t<div class=\"w-grid-item-h\">\r\n\t\t\t\t\t\t\t<a href=\"https:\/\/fulbat.com\/fr\/chargeur\/accessoires\/adaptateurs-t6-en-bornes-auto\/\" class=\"w-grid-item-anchor\" aria-label=\"Adaptateur T6 vers SAE\"><\/a>\r\n\t\t\t\t\t\t<div class=\"w-post-elm post_image usg_post_image_1 stretched\"><a href=\"https:\/\/fulbat.com\/fr\/chargeur\/accessoires\/adaptateurs-t6-en-bornes-auto\/\" aria-label=\"Adaptateur T6 vers SAE\"><img loading=\"lazy\" decoding=\"async\" width=\"400\" height=\"267\" src=\"https:\/\/fulbat.com\/wp-content\/uploads\/2020\/09\/Fulbat_T11_SAE_Adaptor_battery-accessory-0.png\" class=\"attachment-large size-large wp-post-image\" alt=\"Fulbat_T11_SAE_Adaptateur_batterie-accessoire-0\" srcset=\"https:\/\/fulbat.com\/wp-content\/uploads\/2020\/09\/Fulbat_T11_SAE_Adaptor_battery-accessory-0.png 400w, https:\/\/fulbat.com\/wp-content\/uploads\/2020\/09\/Fulbat_T11_SAE_Adaptor_battery-accessory-0-300x200.png 300w\" sizes=\"auto, (max-width: 400px) 100vw, 400px\" \/><\/a><\/div><h2 class=\"w-post-elm post_title usg_post_title_1 entry-title color_link_inherit\"><a href=\"https:\/\/fulbat.com\/fr\/chargeur\/accessoires\/adaptateurs-t6-en-bornes-auto\/\">Adaptateur T6 vers SAE<\/a><\/h2>\t\t<\/div>\r\n\t<\/article>\r\n\t<article class=\"w-grid-item size_1x1 post-10010 page type-page status-publish has-post-thumbnail hentry\" data-id=\"10010\">\r\n\t\t<div class=\"w-grid-item-h\">\r\n\t\t\t\t\t\t\t<a href=\"https:\/\/fulbat.com\/fr\/chargeur\/accessoires\/adaptateur-t11-en-borne-auto\/\" class=\"w-grid-item-anchor\" aria-label=\"Adaptateur T11 vers SAE\"><\/a>\r\n\t\t\t\t\t\t<div class=\"w-post-elm post_image usg_post_image_1 stretched\"><a href=\"https:\/\/fulbat.com\/fr\/chargeur\/accessoires\/adaptateur-t11-en-borne-auto\/\" aria-label=\"Adaptateur T11 vers SAE\"><img loading=\"lazy\" decoding=\"async\" width=\"800\" height=\"534\" src=\"https:\/\/fulbat.com\/wp-content\/uploads\/2021\/07\/fulbat-page-gamme-accesories-T1-T2.png\" class=\"attachment-large size-large wp-post-image\" alt=\"\" srcset=\"https:\/\/fulbat.com\/wp-content\/uploads\/2021\/07\/fulbat-page-gamme-accesories-T1-T2.png 800w, https:\/\/fulbat.com\/wp-content\/uploads\/2021\/07\/fulbat-page-gamme-accesories-T1-T2-300x200.png 300w, https:\/\/fulbat.com\/wp-content\/uploads\/2021\/07\/fulbat-page-gamme-accesories-T1-T2-150x100.png 150w, https:\/\/fulbat.com\/wp-content\/uploads\/2021\/07\/fulbat-page-gamme-accesories-T1-T2-600x401.png 600w, https:\/\/fulbat.com\/wp-content\/uploads\/2021\/07\/fulbat-page-gamme-accesories-T1-T2-431x288.png 431w\" sizes=\"auto, (max-width: 800px) 100vw, 800px\" \/><\/a><\/div><h2 class=\"w-post-elm post_title usg_post_title_1 entry-title color_link_inherit\"><a href=\"https:\/\/fulbat.com\/fr\/chargeur\/accessoires\/adaptateur-t11-en-borne-auto\/\">Adaptateur T11 vers SAE<\/a><\/h2>\t\t<\/div>\r\n\t<\/article>\r\n<\/div><div class=\"w-grid-preloader\">\t<div class=\"g-preloader type_1\">\r\n\t\t<div><\/div>\r\n\t<\/div>\r\n\t<\/div>\t<div class=\"w-grid-json hidden\" onclick='return {&quot;action&quot;:&quot;us_ajax_grid&quot;,&quot;ajax_url&quot;:&quot;https:\\\/\\\/fulbat.com\\\/wp-admin\\\/admin-ajax.php&quot;,&quot;infinite_scroll&quot;:0,&quot;max_num_pages&quot;:1,&quot;pagination&quot;:&quot;none&quot;,&quot;template_vars&quot;:{&quot;columns&quot;:&quot;4&quot;,&quot;exclude_items&quot;:&quot;none&quot;,&quot;img_size&quot;:&quot;default&quot;,&quot;ignore_items_size&quot;:0,&quot;items_layout&quot;:&quot;blog_1&quot;,&quot;items_offset&quot;:&quot;1&quot;,&quot;load_animation&quot;:&quot;none&quot;,&quot;overriding_link&quot;:&quot;%7B%22type%22%3A%22post%22%7D&quot;,&quot;post_id&quot;:0,&quot;query_args&quot;:{&quot;ignore_sticky_posts&quot;:1,&quot;post_type&quot;:&quot;any&quot;,&quot;post__in&quot;:[&quot;6110&quot;,&quot;7365&quot;],&quot;tax_query&quot;:[{&quot;taxonomy&quot;:&quot;product_visibility&quot;,&quot;field&quot;:&quot;slug&quot;,&quot;terms&quot;:[&quot;exclude-from-catalog&quot;],&quot;operator&quot;:&quot;NOT IN&quot;}],&quot;posts_per_page&quot;:&quot;10&quot;},&quot;orderby_query_args&quot;:{&quot;orderby&quot;:{&quot;post__in&quot;:&quot;ASC&quot;},&quot;order&quot;:&quot;ASC&quot;},&quot;type&quot;:&quot;grid&quot;,&quot;us_grid_ajax_index&quot;:1,&quot;us_grid_filter_params&quot;:[],&quot;us_grid_index&quot;:1,&quot;_us_grid_post_type&quot;:&quot;ids&quot;,&quot;page_args&quot;:[],&quot;lang&quot;:&quot;fr&quot;}}'><\/div>\r\n\t<\/div><\/div><\/div><\/div><\/div><\/div><\/section>\n","protected":false},"excerpt":{"rendered":"[vc_custom_heading source=\"post_title\" font_container=\"tag:h1|text_align:left\" use_theme_fonts=\"yes\" css=\"%7B%22default%22%3A%7B%22color%22%3A%22%23ffffff%22%7D%7D\"]HOMEPagesAdaptateurs pour passer les batteries \u00e9quip\u00e9es de terminaux 8mm (M8\/T11) en terminaux SAE. Utiles dans les applications de loisirs de type camping-car et marine, ils permettent d&rsquo;utiliser les anciennes connexions automobiles sur vos batteries \u00e9quip\u00e9es de bornes T11 (M8). En savoir plus sur l&rsquo;application : Marine &amp; Loisir [vc_custom_heading text=\"TELECHARGEMENT\" font_container=\"tag:h3|text_align:left\"...","protected":false},"author":3,"featured_media":11304,"parent":9574,"menu_order":0,"comment_status":"closed","ping_status":"closed","template":"","meta":{"footnotes":""},"class_list":["post-11316","page","type-page","status-publish","has-post-thumbnail","hentry"],"yoast_head":"<!-- This site is optimized with the Yoast SEO plugin v26.9 - https:\/\/yoast.com\/product\/yoast-seo-wordpress\/ -->\n<title>Adaptateur de batterie T1 en T2 - Fulbat<\/title>\n<meta name=\"description\" content=\"L&#039;adaptateur de batterie FULBAT convertit une borne T1 (Faston 4,7 mm) en une borne T2 (Faston 6,35 mm) pour toutes les batteries au plomb \u00e9tanches.\" \/>\n<meta name=\"robots\" content=\"index, follow, max-snippet:-1, max-image-preview:large, max-video-preview:-1\" \/>\n<link rel=\"canonical\" href=\"https:\/\/fulbat.com\/fr\/chargeur\/accessoires\/adaptateur-de-batterie-industrielle-t1-en-t2\/\" \/>\n<meta property=\"og:locale\" content=\"fr_FR\" \/>\n<meta property=\"og:type\" content=\"article\" \/>\n<meta property=\"og:title\" content=\"Adaptateur de batterie T1 en T2 - Fulbat\" \/>\n<meta property=\"og:description\" content=\"L&#039;adaptateur de batterie FULBAT convertit une borne T1 (Faston 4,7 mm) en une borne T2 (Faston 6,35 mm) pour toutes les batteries au plomb \u00e9tanches.\" \/>\n<meta property=\"og:url\" content=\"https:\/\/fulbat.com\/fr\/chargeur\/accessoires\/adaptateur-de-batterie-industrielle-t1-en-t2\/\" \/>\n<meta property=\"og:site_name\" content=\"Fulbat\" \/>\n<meta property=\"article:modified_time\" content=\"2024-09-09T11:26:09+00:00\" \/>\n<meta property=\"og:image\" content=\"https:\/\/fulbat.com\/wp-content\/uploads\/2021\/07\/fulbat-page-gamme-accesories-T1-T2.jpg\" \/>\n\t<meta property=\"og:image:width\" content=\"800\" \/>\n\t<meta property=\"og:image:height\" content=\"534\" \/>\n\t<meta property=\"og:image:type\" content=\"image\/jpeg\" \/>\n<meta name=\"twitter:card\" content=\"summary_large_image\" \/>\n<meta name=\"twitter:label1\" content=\"Dur\u00e9e de lecture estim\u00e9e\" \/>\n\t<meta name=\"twitter:data1\" content=\"1 minute\" \/>\n<script type=\"application\/ld+json\" class=\"yoast-schema-graph\">{\"@context\":\"https:\/\/schema.org\",\"@graph\":[{\"@type\":\"WebPage\",\"@id\":\"https:\/\/fulbat.com\/fr\/chargeur\/accessoires\/adaptateur-de-batterie-industrielle-t1-en-t2\/\",\"url\":\"https:\/\/fulbat.com\/fr\/chargeur\/accessoires\/adaptateur-de-batterie-industrielle-t1-en-t2\/\",\"name\":\"Adaptateur de batterie T1 en T2 - Fulbat\",\"isPartOf\":{\"@id\":\"https:\/\/fulbat.com\/fr\/#website\"},\"primaryImageOfPage\":{\"@id\":\"https:\/\/fulbat.com\/fr\/chargeur\/accessoires\/adaptateur-de-batterie-industrielle-t1-en-t2\/#primaryimage\"},\"image\":{\"@id\":\"https:\/\/fulbat.com\/fr\/chargeur\/accessoires\/adaptateur-de-batterie-industrielle-t1-en-t2\/#primaryimage\"},\"thumbnailUrl\":\"https:\/\/fulbat.com\/wp-content\/uploads\/2021\/07\/fulbat-page-gamme-accesories-T1-T2.jpg\",\"datePublished\":\"2021-07-27T10:25:43+00:00\",\"dateModified\":\"2024-09-09T11:26:09+00:00\",\"description\":\"L'adaptateur de batterie FULBAT convertit une borne T1 (Faston 4,7 mm) en une borne T2 (Faston 6,35 mm) pour toutes les batteries au plomb \u00e9tanches.\",\"breadcrumb\":{\"@id\":\"https:\/\/fulbat.com\/fr\/chargeur\/accessoires\/adaptateur-de-batterie-industrielle-t1-en-t2\/#breadcrumb\"},\"inLanguage\":\"fr-FR\",\"potentialAction\":[{\"@type\":\"ReadAction\",\"target\":[\"https:\/\/fulbat.com\/fr\/chargeur\/accessoires\/adaptateur-de-batterie-industrielle-t1-en-t2\/\"]}]},{\"@type\":\"ImageObject\",\"inLanguage\":\"fr-FR\",\"@id\":\"https:\/\/fulbat.com\/fr\/chargeur\/accessoires\/adaptateur-de-batterie-industrielle-t1-en-t2\/#primaryimage\",\"url\":\"https:\/\/fulbat.com\/wp-content\/uploads\/2021\/07\/fulbat-page-gamme-accesories-T1-T2.jpg\",\"contentUrl\":\"https:\/\/fulbat.com\/wp-content\/uploads\/2021\/07\/fulbat-page-gamme-accesories-T1-T2.jpg\",\"width\":800,\"height\":534},{\"@type\":\"BreadcrumbList\",\"@id\":\"https:\/\/fulbat.com\/fr\/chargeur\/accessoires\/adaptateur-de-batterie-industrielle-t1-en-t2\/#breadcrumb\",\"itemListElement\":[{\"@type\":\"ListItem\",\"position\":1,\"name\":\"Home\",\"item\":\"https:\/\/fulbat.com\/fr\/\"},{\"@type\":\"ListItem\",\"position\":2,\"name\":\"CHARGEUR\",\"item\":\"https:\/\/fulbat.com\/fr\/chargeur\/\"},{\"@type\":\"ListItem\",\"position\":3,\"name\":\"Accessoires\",\"item\":\"https:\/\/fulbat.com\/fr\/chargeur\/accessoires\/\"},{\"@type\":\"ListItem\",\"position\":4,\"name\":\"Adaptateur de batterie T1 en T2\"}]},{\"@type\":\"WebSite\",\"@id\":\"https:\/\/fulbat.com\/fr\/#website\",\"url\":\"https:\/\/fulbat.com\/fr\/\",\"name\":\"Fulbat\",\"description\":\"Qualitative, performing &amp; reliable battery solutions\",\"potentialAction\":[{\"@type\":\"SearchAction\",\"target\":{\"@type\":\"EntryPoint\",\"urlTemplate\":\"https:\/\/fulbat.com\/fr\/?s={search_term_string}\"},\"query-input\":{\"@type\":\"PropertyValueSpecification\",\"valueRequired\":true,\"valueName\":\"search_term_string\"}}],\"inLanguage\":\"fr-FR\"}]}<\/script>\n<!-- \/ Yoast SEO plugin. -->","yoast_head_json":{"title":"Adaptateur de batterie T1 en T2 - Fulbat","description":"L'adaptateur de batterie FULBAT convertit une borne T1 (Faston 4,7 mm) en une borne T2 (Faston 6,35 mm) pour toutes les batteries au plomb \u00e9tanches.","robots":{"index":"index","follow":"follow","max-snippet":"max-snippet:-1","max-image-preview":"max-image-preview:large","max-video-preview":"max-video-preview:-1"},"canonical":"https:\/\/fulbat.com\/fr\/chargeur\/accessoires\/adaptateur-de-batterie-industrielle-t1-en-t2\/","og_locale":"fr_FR","og_type":"article","og_title":"Adaptateur de batterie T1 en T2 - Fulbat","og_description":"L'adaptateur de batterie FULBAT convertit une borne T1 (Faston 4,7 mm) en une borne T2 (Faston 6,35 mm) pour toutes les batteries au plomb \u00e9tanches.","og_url":"https:\/\/fulbat.com\/fr\/chargeur\/accessoires\/adaptateur-de-batterie-industrielle-t1-en-t2\/","og_site_name":"Fulbat","article_modified_time":"2024-09-09T11:26:09+00:00","og_image":[{"width":800,"height":534,"url":"https:\/\/fulbat.com\/wp-content\/uploads\/2021\/07\/fulbat-page-gamme-accesories-T1-T2.jpg","type":"image\/jpeg"}],"twitter_card":"summary_large_image","twitter_misc":{"Dur\u00e9e de lecture estim\u00e9e":"1 minute"},"schema":{"@context":"https:\/\/schema.org","@graph":[{"@type":"WebPage","@id":"https:\/\/fulbat.com\/fr\/chargeur\/accessoires\/adaptateur-de-batterie-industrielle-t1-en-t2\/","url":"https:\/\/fulbat.com\/fr\/chargeur\/accessoires\/adaptateur-de-batterie-industrielle-t1-en-t2\/","name":"Adaptateur de batterie T1 en T2 - Fulbat","isPartOf":{"@id":"https:\/\/fulbat.com\/fr\/#website"},"primaryImageOfPage":{"@id":"https:\/\/fulbat.com\/fr\/chargeur\/accessoires\/adaptateur-de-batterie-industrielle-t1-en-t2\/#primaryimage"},"image":{"@id":"https:\/\/fulbat.com\/fr\/chargeur\/accessoires\/adaptateur-de-batterie-industrielle-t1-en-t2\/#primaryimage"},"thumbnailUrl":"https:\/\/fulbat.com\/wp-content\/uploads\/2021\/07\/fulbat-page-gamme-accesories-T1-T2.jpg","datePublished":"2021-07-27T10:25:43+00:00","dateModified":"2024-09-09T11:26:09+00:00","description":"L'adaptateur de batterie FULBAT convertit une borne T1 (Faston 4,7 mm) en une borne T2 (Faston 6,35 mm) pour toutes les batteries au plomb \u00e9tanches.","breadcrumb":{"@id":"https:\/\/fulbat.com\/fr\/chargeur\/accessoires\/adaptateur-de-batterie-industrielle-t1-en-t2\/#breadcrumb"},"inLanguage":"fr-FR","potentialAction":[{"@type":"ReadAction","target":["https:\/\/fulbat.com\/fr\/chargeur\/accessoires\/adaptateur-de-batterie-industrielle-t1-en-t2\/"]}]},{"@type":"ImageObject","inLanguage":"fr-FR","@id":"https:\/\/fulbat.com\/fr\/chargeur\/accessoires\/adaptateur-de-batterie-industrielle-t1-en-t2\/#primaryimage","url":"https:\/\/fulbat.com\/wp-content\/uploads\/2021\/07\/fulbat-page-gamme-accesories-T1-T2.jpg","contentUrl":"https:\/\/fulbat.com\/wp-content\/uploads\/2021\/07\/fulbat-page-gamme-accesories-T1-T2.jpg","width":800,"height":534},{"@type":"BreadcrumbList","@id":"https:\/\/fulbat.com\/fr\/chargeur\/accessoires\/adaptateur-de-batterie-industrielle-t1-en-t2\/#breadcrumb","itemListElement":[{"@type":"ListItem","position":1,"name":"Home","item":"https:\/\/fulbat.com\/fr\/"},{"@type":"ListItem","position":2,"name":"CHARGEUR","item":"https:\/\/fulbat.com\/fr\/chargeur\/"},{"@type":"ListItem","position":3,"name":"Accessoires","item":"https:\/\/fulbat.com\/fr\/chargeur\/accessoires\/"},{"@type":"ListItem","position":4,"name":"Adaptateur de batterie T1 en T2"}]},{"@type":"WebSite","@id":"https:\/\/fulbat.com\/fr\/#website","url":"https:\/\/fulbat.com\/fr\/","name":"Fulbat","description":"Qualitative, performing &amp; reliable battery solutions","potentialAction":[{"@type":"SearchAction","target":{"@type":"EntryPoint","urlTemplate":"https:\/\/fulbat.com\/fr\/?s={search_term_string}"},"query-input":{"@type":"PropertyValueSpecification","valueRequired":true,"valueName":"search_term_string"}}],"inLanguage":"fr-FR"}]}},"_links":{"self":[{"href":"https:\/\/fulbat.com\/fr\/wp-json\/wp\/v2\/pages\/11316","targetHints":{"allow":["GET"]}}],"collection":[{"href":"https:\/\/fulbat.com\/fr\/wp-json\/wp\/v2\/pages"}],"about":[{"href":"https:\/\/fulbat.com\/fr\/wp-json\/wp\/v2\/types\/page"}],"author":[{"embeddable":true,"href":"https:\/\/fulbat.com\/fr\/wp-json\/wp\/v2\/users\/3"}],"replies":[{"embeddable":true,"href":"https:\/\/fulbat.com\/fr\/wp-json\/wp\/v2\/comments?post=11316"}],"version-history":[{"count":8,"href":"https:\/\/fulbat.com\/fr\/wp-json\/wp\/v2\/pages\/11316\/revisions"}],"predecessor-version":[{"id":24065,"href":"https:\/\/fulbat.com\/fr\/wp-json\/wp\/v2\/pages\/11316\/revisions\/24065"}],"up":[{"embeddable":true,"href":"https:\/\/fulbat.com\/fr\/wp-json\/wp\/v2\/pages\/9574"}],"wp:featuredmedia":[{"embeddable":true,"href":"https:\/\/fulbat.com\/fr\/wp-json\/wp\/v2\/media\/11304"}],"wp:attachment":[{"href":"https:\/\/fulbat.com\/fr\/wp-json\/wp\/v2\/media?parent=11316"}],"curies":[{"name":"wp","href":"https:\/\/api.w.org\/{rel}","templated":true}]}}