{"id":13818,"date":"2022-02-03T15:13:34","date_gmt":"2022-02-03T14:13:34","guid":{"rendered":"https:\/\/fulbat.com\/traction\/fdc-deep-cycle-agm\/fdc12-75\/"},"modified":"2023-06-02T15:14:11","modified_gmt":"2023-06-02T13:14:11","slug":"fdc12-75","status":"publish","type":"page","link":"https:\/\/fulbat.com\/fr\/traction\/fdc-deep-cycle-agm\/fdc12-75\/","title":{"rendered":"FDC12-75"},"content":{"rendered":"<section class=\"l-section wpb_row height_medium with_img\"><div class=\"l-section-img\" role=\"img\" data-img-width=\"1450\" data-img-height=\"504\" style=\"background-image: url(https:\/\/fulbat.com\/wp-content\/uploads\/2020\/07\/automotive-power-battery-energy-france-2.jpg);background-repeat: no-repeat;\"><\/div><div class=\"l-section-h i-cf\"><div class=\"g-cols vc_row via_flex valign_top type_default stacking_default\"><div class=\"vc_col-sm-12 wpb_column vc_column_container us_animate_afl\" style=\"animation-delay:0.5s\"><div class=\"vc_column-inner us_custom_de67d1db\"><div class=\"wpb_wrapper\">[vc_custom_heading source=\u00a0\u00bbpost_title\u00a0\u00bb font_container=\u00a0\u00bbtag:h1|text_align:left\u00a0\u00bb use_theme_fonts=\u00a0\u00bbyes\u00a0\u00bb css=\u00a0\u00bb%7B%22default%22%3A%7B%22color%22%3A%22%23ffffff%22%7D%7D\u00a0\u00bb]<nav class=\"g-breadcrumbs us_custom_6df4bc3a has_text_color separator_icon align_none hide_current\" itemscope itemtype=\"http:\/\/schema.org\/BreadcrumbList\"><div class=\"g-breadcrumbs-item\" itemscope itemprop=\"itemListElement\" itemtype=\"http:\/\/schema.org\/ListItem\"><a itemprop=\"item\" href=\"https:\/\/fulbat.com\/fr\/\"><span itemprop=\"name\">HOME<\/span><\/a><meta itemprop=\"position\" content=\"1\"\/><\/div><div class=\"g-breadcrumbs-separator\"><i class=\"far fa-angle-right\"><\/i><\/div><div class=\"g-breadcrumbs-item\">Pages<\/div><\/nav><\/div><\/div><\/div><\/div><\/div><\/section><section class=\"l-section wpb_row us_custom_f07baf74 height_medium\"><div class=\"l-section-h i-cf\"><div class=\"g-cols vc_row via_flex valign_top type_default stacking_default\"><div class=\"vc_col-sm-4 wpb_column vc_column_container\"><div class=\"vc_column-inner\"><div class=\"wpb_wrapper\"><div class=\"w-slider style_none fit_scaledown\"><div class=\"w-slider-h\"><div class=\"royalSlider\"><div class=\"rsContent\"><a class=\"rsImg\" data-rsw=\"300\" data-rsh=\"300\" href=\"https:\/\/fulbat.com\/wp-content\/uploads\/2023\/01\/Fulbat_Deepcycle_FDC12-75_2-300x300.png\"><span data-alt=\"\"><\/span><\/a><\/div><div class=\"rsContent\"><a class=\"rsImg\" data-rsw=\"300\" data-rsh=\"300\" href=\"https:\/\/fulbat.com\/wp-content\/uploads\/2023\/01\/Fulbat_Deepcycle_FDC12-75-300x300.png\"><span data-alt=\"\"><\/span><\/a><\/div><\/div><img decoding=\"async\" src=\"https:\/\/fulbat.com\/wp-content\/uploads\/2023\/01\/Fulbat_Deepcycle_FDC12-75_2-300x300.png\" width=\"300\" height=\"300\" alt loading=\"lazy\"><\/div><div class=\"w-slider-json\" onclick='return {&quot;autoScaleSlider&quot;:true,&quot;loop&quot;:true,&quot;fadeInLoadedSlide&quot;:false,&quot;slidesSpacing&quot;:0,&quot;imageScalePadding&quot;:0,&quot;numImagesToPreload&quot;:2,&quot;arrowsNav&quot;:true,&quot;arrowsNavAutoHide&quot;:false,&quot;transitionType&quot;:&quot;move&quot;,&quot;transitionSpeed&quot;:250,&quot;block&quot;:{&quot;moveEffect&quot;:&quot;none&quot;,&quot;speed&quot;:300},&quot;thumbs&quot;:{&quot;fitInViewport&quot;:false},&quot;controlNavigation&quot;:&quot;none&quot;,&quot;autoplay&quot;:{&quot;enabled&quot;:true,&quot;pauseOnHover&quot;:true,&quot;delay&quot;:3000},&quot;imageScaleMode&quot;:&quot;fit-if-smaller&quot;,&quot;autoScaleSliderWidth&quot;:300,&quot;autoScaleSliderHeight&quot;:300}'><\/div><\/div><div class=\"wpb_text_column\"><div class=\"wpb_wrapper\"><p><img loading=\"lazy\" decoding=\"async\" class=\"size-medium wp-image-5487 aligncenter\" src=\"https:\/\/fulbat.com\/wp-content\/uploads\/2021\/04\/Non-SPillable_Carbon-Additive.png\" alt=\"Fulbat_Deepcycle_FDC12-75\" width=\"142\" height=\"113\" \/><\/p>\n<\/div><\/div><div class=\"w-separator size_small\"><\/div>[vc_custom_heading text=\u00a0\u00bbPOINTS FORTS\u00a0\u00bb font_container=\u00a0\u00bbtag:h3|text_align:left\u00a0\u00bb use_theme_fonts=\u00a0\u00bbyes\u00a0\u00bb css=\u00a0\u00bb%7B%22default%22%3A%7B%22border-style%22%3A%22solid%22%2C%22border-bottom-width%22%3A%221px%22%2C%22border-color%22%3A%22%23770f21%22%7D%7D\u00a0\u00bb]<div class=\"w-iconbox us_custom_fc811230 iconpos_left style_default color_primary align_left no_text icontype_img\"><div class=\"w-iconbox-icon\" style=\"font-size:18px;\"><img loading=\"lazy\" decoding=\"async\" width=\"201\" height=\"191\" src=\"https:\/\/fulbat.com\/wp-content\/uploads\/2020\/09\/cardio-motive-power-battery.png\" class=\"attachment-full size-full\" alt=\"cardio-motive-power-battery\" \/><\/div><div class=\"w-iconbox-meta\"><h6 class=\"w-iconbox-title\">\u00c9tanche et sans entretien<\/h6><\/div><\/div><div class=\"w-iconbox us_custom_fc811230 iconpos_left style_default color_primary align_left no_text icontype_img\"><div class=\"w-iconbox-icon\" style=\"font-size:18px;\"><img loading=\"lazy\" decoding=\"async\" width=\"201\" height=\"191\" src=\"https:\/\/fulbat.com\/wp-content\/uploads\/2020\/09\/cardio-motive-power-battery.png\" class=\"attachment-full size-full\" alt=\"cardio-motive-power-battery\" \/><\/div><div class=\"w-iconbox-meta\"><h6 class=\"w-iconbox-title\">Pas de manipulation d&rsquo;acide<\/h6><\/div><\/div><div class=\"w-iconbox us_custom_fc811230 iconpos_left style_default color_primary align_left no_text icontype_img\"><div class=\"w-iconbox-icon\" style=\"font-size:18px;\"><img loading=\"lazy\" decoding=\"async\" width=\"201\" height=\"191\" src=\"https:\/\/fulbat.com\/wp-content\/uploads\/2020\/09\/cardio-motive-power-battery.png\" class=\"attachment-full size-full\" alt=\"cardio-motive-power-battery\" \/><\/div><div class=\"w-iconbox-meta\"><h6 class=\"w-iconbox-title\">Conception sp\u00e9ciale offrant une capacit\u00e9 \u00e9lev\u00e9e et une dur\u00e9e de vie maximale<\/h6><\/div><\/div><div class=\"w-iconbox us_custom_fc811230 iconpos_left style_default color_primary align_left no_text icontype_img\"><div class=\"w-iconbox-icon\" style=\"font-size:18px;\"><img loading=\"lazy\" decoding=\"async\" width=\"201\" height=\"191\" src=\"https:\/\/fulbat.com\/wp-content\/uploads\/2020\/09\/cardio-motive-power-battery.png\" class=\"attachment-full size-full\" alt=\"cardio-motive-power-battery\" \/><\/div><div class=\"w-iconbox-meta\"><h6 class=\"w-iconbox-title\">Plaques et grilles renforc\u00e9es pour une utilisation cyclique optimale<\/h6><\/div><\/div><div class=\"w-iconbox us_custom_fc811230 iconpos_left style_default color_primary align_left no_text icontype_img\"><div class=\"w-iconbox-icon\" style=\"font-size:18px;\"><img loading=\"lazy\" decoding=\"async\" width=\"201\" height=\"191\" src=\"https:\/\/fulbat.com\/wp-content\/uploads\/2020\/09\/cardio-motive-power-battery.png\" class=\"attachment-full size-full\" alt=\"cardio-motive-power-battery\" \/><\/div><div class=\"w-iconbox-meta\"><h6 class=\"w-iconbox-title\">Ajout de carbone permettant de hautes performances en \u00e9tat de charge partielle (PSOC) et une charge plus rapide<\/h6><\/div><\/div><div class=\"w-iconbox us_custom_fc811230 iconpos_left style_default color_primary align_left no_text icontype_img\"><div class=\"w-iconbox-icon\" style=\"font-size:18px;\"><img loading=\"lazy\" decoding=\"async\" width=\"201\" height=\"191\" src=\"https:\/\/fulbat.com\/wp-content\/uploads\/2020\/09\/cardio-motive-power-battery.png\" class=\"attachment-full size-full\" alt=\"cardio-motive-power-battery\" \/><\/div><div class=\"w-iconbox-meta\"><h6 class=\"w-iconbox-title\">Pas de ph\u00e9nom\u00e8ne de stratification<\/h6><\/div><\/div><div class=\"w-iconbox us_custom_fc811230 iconpos_left style_default color_primary align_left no_text icontype_img\"><div class=\"w-iconbox-icon\" style=\"font-size:18px;\"><img loading=\"lazy\" decoding=\"async\" width=\"201\" height=\"191\" src=\"https:\/\/fulbat.com\/wp-content\/uploads\/2020\/09\/cardio-motive-power-battery.png\" class=\"attachment-full size-full\" alt=\"cardio-motive-power-battery\" \/><\/div><div class=\"w-iconbox-meta\"><h6 class=\"w-iconbox-title\">Robuste, s\u00fbre &amp; fiable<\/h6><\/div><\/div><div class=\"w-iconbox us_custom_fc811230 iconpos_left style_default color_primary align_left no_text icontype_img\"><div class=\"w-iconbox-icon\" style=\"font-size:18px;\"><img loading=\"lazy\" decoding=\"async\" width=\"201\" height=\"191\" src=\"https:\/\/fulbat.com\/wp-content\/uploads\/2020\/09\/cardio-motive-power-battery.png\" class=\"attachment-full size-full\" alt=\"cardio-motive-power-battery\" \/><\/div><div class=\"w-iconbox-meta\"><h6 class=\"w-iconbox-title\">Faible taux d&rsquo;autod\u00e9charge permettant une longue dur\u00e9e de stockage<\/h6><\/div><\/div><div class=\"w-separator size_small\"><\/div><div class=\"wpb_text_column\"><div class=\"wpb_wrapper\"><\/div><\/div><\/div><\/div><\/div><div class=\"vc_col-sm-8 wpb_column vc_column_container\"><div class=\"vc_column-inner\"><div class=\"wpb_wrapper\"><div class=\"wpb_text_column\"><div class=\"wpb_wrapper\"><h6>La batterie FDC12-75 fait partie de notre gamme FDC \u2013 Deep Cycle AGM Carbone. Sp\u00e9cialement con\u00e7ue pour les applications de traction n\u00e9cessitant des d\u00e9charges profondes et fr\u00e9quentes, cette batterie 12V 82Ah offre une dur\u00e9e de vie maximale avec une grande r\u00e9sistance aux cycles gr\u00e2ce \u00e0 des plaques plus \u00e9paisses et des grilles renforc\u00e9es.<\/h6>\n<h6>Totalement sans entretien et de conception \u00e9tanche, la batterie FDC12-75 offrira une performance optimale pour les v\u00e9hicules \u00e9lectriques et autres applications telles que les autolaveuses, marine, solaire\u2026 .<\/h6>\n<\/div><\/div>[vc_custom_heading text=\u00a0\u00bbCARACT\u00c9RISTIQUES TECHNIQUES\u00a0\u00bb font_container=\u00a0\u00bbtag:h3|text_align:left\u00a0\u00bb use_theme_fonts=\u00a0\u00bbyes\u00a0\u00bb css=\u00a0\u00bb%7B%22default%22%3A%7B%22border-style%22%3A%22solid%22%2C%22border-bottom-width%22%3A%221px%22%2C%22border-color%22%3A%22%23770f21%22%7D%7D\u00a0\u00bb]<div class=\"g-cols wpb_row via_flex valign_top type_default stacking_default\"><div class=\"vc_col-sm-6 wpb_column vc_column_container\"><div class=\"vc_column-inner\"><div class=\"wpb_wrapper\"><div class=\"wpb_text_column\"><div class=\"wpb_wrapper\"><h6>R\u00e9f\u00e9rence: <strong>593021<\/strong><\/h6>\n<\/div><\/div><div class=\"wpb_text_column\"><div class=\"wpb_wrapper\"><h6>Technologie: <strong>AGM<\/strong><\/h6>\n<\/div><\/div><div class=\"wpb_text_column\"><div class=\"wpb_wrapper\"><h6>Tension (V): <strong>12V<\/strong><\/h6>\n<\/div><\/div><div class=\"wpb_text_column\"><div class=\"wpb_wrapper\"><h6>Capacit\u00e9 (5Hr): <strong>71Ah<\/strong><\/h6>\n<\/div><\/div><div class=\"wpb_text_column\"><div class=\"wpb_wrapper\"><h6>Capacit\u00e9 (20Hr): <strong>82Ah<\/strong><\/h6>\n<\/div><\/div><\/div><\/div><\/div><div class=\"vc_col-sm-6 wpb_column vc_column_container\"><div class=\"vc_column-inner\"><div class=\"wpb_wrapper\"><div class=\"wpb_text_column\"><div class=\"wpb_wrapper\"><h6>Terminal:<br \/>\n<img loading=\"lazy\" decoding=\"async\" class=\"alignnone wp-image-6309\" src=\"https:\/\/fulbat.com\/wp-content\/uploads\/2021\/09\/T6.png\" alt=\"\" width=\"91\" height=\"82\" \/><\/h6>\n<\/div><\/div><div class=\"wpb_text_column\"><div class=\"wpb_wrapper\"><h6>Dimensions:<br \/>\n<strong>Longueur 260 mm<\/strong><br \/>\n<strong>Largeur 168 mm<\/strong><br \/>\n<strong>Hauteur 214 mm<\/strong><\/h6>\n<\/div><\/div><\/div><\/div><\/div><\/div><div class=\"w-separator size_small\"><\/div>[vc_custom_heading text=\u00a0\u00bbAPPLICATIONS\u00a0\u00bb font_container=\u00a0\u00bbtag:h3|text_align:left\u00a0\u00bb use_theme_fonts=\u00a0\u00bbyes\u00a0\u00bb css=\u00a0\u00bb%7B%22default%22%3A%7B%22border-style%22%3A%22solid%22%2C%22border-bottom-width%22%3A%221px%22%2C%22border-color%22%3A%22%23770f21%22%7D%7D\u00a0\u00bb]<div class=\"g-cols wpb_row us_custom_fc811230 via_flex valign_top type_default stacking_default\"><div class=\"vc_col-sm-3 wpb_column vc_column_container\"><div class=\"vc_column-inner\"><div class=\"wpb_wrapper\"><div class=\"w-iconbox us_custom_eb849559 iconpos_top style_default color_primary align_center no_text icontype_img\"><a title=\"NACELLE &amp; PLATEFORME \u00c9L\u00c9VATRICE\" target=\"_blank\" rel=\"nofollow\" href=\"https:\/\/fulbat.com\/fr\/traction\/nacelle-et-plateforme-elevatrice\/\" class=\"w-iconbox-link\" aria-label=\"NACELLE &amp; PLATEFORME \u00c9L\u00c9VATRICE\"><div class=\"w-iconbox-icon\" style=\"font-size:80px;\"><img loading=\"lazy\" decoding=\"async\" width=\"1237\" height=\"1237\" src=\"https:\/\/fulbat.com\/wp-content\/uploads\/2020\/09\/aerial-work-platform-battery-power.png\" class=\"attachment-full size-full\" alt=\"aerial-work-platform-battery-power\" srcset=\"https:\/\/fulbat.com\/wp-content\/uploads\/2020\/09\/aerial-work-platform-battery-power.png 1237w, https:\/\/fulbat.com\/wp-content\/uploads\/2020\/09\/aerial-work-platform-battery-power-300x300.png 300w, https:\/\/fulbat.com\/wp-content\/uploads\/2020\/09\/aerial-work-platform-battery-power-150x150.png 150w, https:\/\/fulbat.com\/wp-content\/uploads\/2020\/09\/aerial-work-platform-battery-power-600x600.png 600w, https:\/\/fulbat.com\/wp-content\/uploads\/2020\/09\/aerial-work-platform-battery-power-400x400.png 400w, https:\/\/fulbat.com\/wp-content\/uploads\/2020\/09\/aerial-work-platform-battery-power-288x288.png 288w\" sizes=\"auto, (max-width: 1237px) 100vw, 1237px\" \/><\/div><\/a><div class=\"w-iconbox-meta\"><a title=\"NACELLE &amp; PLATEFORME \u00c9L\u00c9VATRICE\" target=\"_blank\" rel=\"nofollow\" href=\"https:\/\/fulbat.com\/fr\/traction\/nacelle-et-plateforme-elevatrice\/\" class=\"w-iconbox-link\" aria-label=\"NACELLE &amp; PLATEFORME \u00c9L\u00c9VATRICE\"><h6 class=\"w-iconbox-title\" style=\"font-size:13px;\">NACELLE &amp; PLATEFORME \u00c9L\u00c9VATRICE<\/h6><\/a><\/div><\/div><\/div><\/div><\/div><div class=\"vc_col-sm-3 wpb_column vc_column_container\"><div class=\"vc_column-inner\"><div class=\"wpb_wrapper\"><div class=\"w-iconbox iconpos_top style_default color_primary align_center no_text icontype_img\"><a title=\"AUTOLAVEUSE\" target=\"_blank\" rel=\"nofollow\" href=\"https:\/\/fulbat.com\/fr\/traction\/autolaveuse\/\" class=\"w-iconbox-link\" aria-label=\"AUTOLAVEUSE\"><div class=\"w-iconbox-icon\" style=\"font-size:80px;\"><img loading=\"lazy\" decoding=\"async\" width=\"1237\" height=\"1237\" src=\"https:\/\/fulbat.com\/wp-content\/uploads\/2020\/09\/cleaning-machine-battery-power.png\" class=\"attachment-full size-full\" alt=\"cleaning-machine-battery-power\" srcset=\"https:\/\/fulbat.com\/wp-content\/uploads\/2020\/09\/cleaning-machine-battery-power.png 1237w, https:\/\/fulbat.com\/wp-content\/uploads\/2020\/09\/cleaning-machine-battery-power-300x300.png 300w, https:\/\/fulbat.com\/wp-content\/uploads\/2020\/09\/cleaning-machine-battery-power-150x150.png 150w, https:\/\/fulbat.com\/wp-content\/uploads\/2020\/09\/cleaning-machine-battery-power-600x600.png 600w, https:\/\/fulbat.com\/wp-content\/uploads\/2020\/09\/cleaning-machine-battery-power-400x400.png 400w, https:\/\/fulbat.com\/wp-content\/uploads\/2020\/09\/cleaning-machine-battery-power-288x288.png 288w\" sizes=\"auto, (max-width: 1237px) 100vw, 1237px\" \/><\/div><\/a><div class=\"w-iconbox-meta\"><a title=\"AUTOLAVEUSE\" target=\"_blank\" rel=\"nofollow\" href=\"https:\/\/fulbat.com\/fr\/traction\/autolaveuse\/\" class=\"w-iconbox-link\" aria-label=\"AUTOLAVEUSE\"><h6 class=\"w-iconbox-title\" style=\"font-size:12px;\">AUTOLAVEUSE<\/h6><\/a><\/div><\/div><\/div><\/div><\/div><div class=\"vc_col-sm-3 wpb_column vc_column_container\"><div class=\"vc_column-inner\"><div class=\"wpb_wrapper\"><div class=\"w-iconbox iconpos_top style_default color_primary align_center no_text icontype_img\"><div class=\"w-iconbox-icon\" style=\"font-size:80px;\"><img loading=\"lazy\" decoding=\"async\" width=\"1251\" height=\"1250\" src=\"https:\/\/fulbat.com\/wp-content\/uploads\/2022\/02\/Solar.png\" class=\"attachment-full size-full\" alt=\"Solar\" srcset=\"https:\/\/fulbat.com\/wp-content\/uploads\/2022\/02\/Solar.png 1251w, https:\/\/fulbat.com\/wp-content\/uploads\/2022\/02\/Solar-300x300.png 300w, https:\/\/fulbat.com\/wp-content\/uploads\/2022\/02\/Solar-1024x1024.png 1024w, https:\/\/fulbat.com\/wp-content\/uploads\/2022\/02\/Solar-150x150.png 150w, https:\/\/fulbat.com\/wp-content\/uploads\/2022\/02\/Solar-769x768.png 769w, https:\/\/fulbat.com\/wp-content\/uploads\/2022\/02\/Solar-400x400.png 400w, https:\/\/fulbat.com\/wp-content\/uploads\/2022\/02\/Solar-288x288.png 288w, https:\/\/fulbat.com\/wp-content\/uploads\/2022\/02\/Solar-600x600.png 600w\" sizes=\"auto, (max-width: 1251px) 100vw, 1251px\" \/><\/div><div class=\"w-iconbox-meta\"><h6 class=\"w-iconbox-title\" style=\"font-size:12px;\">SOLAIRE<\/h6><\/div><\/div><\/div><\/div><\/div><div class=\"vc_col-sm-3 wpb_column vc_column_container\"><div class=\"vc_column-inner\"><div class=\"wpb_wrapper\"><\/div><\/div><\/div><\/div><div class=\"w-separator size_small\"><\/div>[vc_custom_heading text=\u00a0\u00bbTELECHARGEMENT\u00a0\u00bb font_container=\u00a0\u00bbtag:h3|text_align:left\u00a0\u00bb use_theme_fonts=\u00a0\u00bbyes\u00a0\u00bb css=\u00a0\u00bb%7B%22default%22%3A%7B%22border-style%22%3A%22solid%22%2C%22border-bottom-width%22%3A%221px%22%2C%22border-color%22%3A%22%23770F21%22%7D%7D\u00a0\u00bb]<div class=\"w-btn-wrapper align_none\"><a class=\"w-btn us-btn-style_10 icon_atleft\" target=\"_blank\" rel=\"nofollow\" href=\"https:\/\/fulbat.com\/wp-content\/uploads\/2023\/01\/FT_FDC12-75_AGM_DeepCycleBattery_2022.pdf\"><i class=\"fas fa-file-pdf\"><\/i><span class=\"w-btn-label\">Fiche technique<\/span><\/a><\/div><div class=\"w-btn-wrapper align_none\"><a class=\"w-btn us-btn-style_10 icon_atleft\" href=\"#\"><i class=\"fas fa-file-pdf\"><\/i><span class=\"w-btn-label\">Manuel<\/span><\/a><\/div><\/div><\/div><\/div><div class=\"vc_col-sm-12 wpb_column vc_column_container\"><div class=\"vc_column-inner\"><div class=\"wpb_wrapper\"><div class=\"wpb_text_column\"><div class=\"wpb_wrapper\"><\/div><\/div><\/div><\/div><\/div><\/div><\/div><\/section>\n","protected":false},"excerpt":{"rendered":"[vc_custom_heading source=\"post_title\" font_container=\"tag:h1|text_align:left\" use_theme_fonts=\"yes\" css=\"%7B%22default%22%3A%7B%22color%22%3A%22%23ffffff%22%7D%7D\"]HOMEPages [vc_custom_heading text=\"POINTS FORTS\" font_container=\"tag:h3|text_align:left\" use_theme_fonts=\"yes\" css=\"%7B%22default%22%3A%7B%22border-style%22%3A%22solid%22%2C%22border-bottom-width%22%3A%221px%22%2C%22border-color%22%3A%22%23770f21%22%7D%7D\"]\u00c9tanche et sans entretienPas de manipulation d&rsquo;acideConception sp\u00e9ciale offrant une capacit\u00e9 \u00e9lev\u00e9e et une dur\u00e9e de vie maximalePlaques et grilles renforc\u00e9es pour une utilisation cyclique optimaleAjout de carbone permettant de hautes performances en \u00e9tat de charge partielle (PSOC) et une charge plus rapidePas de ph\u00e9nom\u00e8ne...","protected":false},"author":3,"featured_media":18250,"parent":9255,"menu_order":0,"comment_status":"closed","ping_status":"closed","template":"","meta":{"footnotes":""},"class_list":["post-13818","page","type-page","status-publish","has-post-thumbnail","hentry"],"yoast_head":"<!-- This site is optimized with the Yoast SEO plugin v26.9 - https:\/\/yoast.com\/product\/yoast-seo-wordpress\/ -->\n<title>FDC12-75 - Fulbat<\/title>\n<meta name=\"robots\" content=\"index, follow, max-snippet:-1, max-image-preview:large, max-video-preview:-1\" \/>\n<link rel=\"canonical\" href=\"https:\/\/fulbat.com\/fr\/traction\/fdc-deep-cycle-agm\/fdc12-75\/\" \/>\n<meta property=\"og:locale\" content=\"fr_FR\" \/>\n<meta property=\"og:type\" content=\"article\" \/>\n<meta property=\"og:title\" content=\"FDC12-75 - Fulbat\" \/>\n<meta property=\"og:url\" content=\"https:\/\/fulbat.com\/fr\/traction\/fdc-deep-cycle-agm\/fdc12-75\/\" \/>\n<meta property=\"og:site_name\" content=\"Fulbat\" \/>\n<meta property=\"article:modified_time\" content=\"2023-06-02T13:14:11+00:00\" \/>\n<meta property=\"og:image\" content=\"https:\/\/fulbat.com\/wp-content\/uploads\/2023\/01\/Fulbat_Deepcycle_FDC12-75_2.png\" \/>\n\t<meta property=\"og:image:width\" content=\"500\" \/>\n\t<meta property=\"og:image:height\" content=\"500\" \/>\n\t<meta property=\"og:image:type\" content=\"image\/png\" \/>\n<meta name=\"twitter:card\" content=\"summary_large_image\" \/>\n<meta name=\"twitter:label1\" content=\"Dur\u00e9e de lecture estim\u00e9e\" \/>\n\t<meta name=\"twitter:data1\" content=\"5 minutes\" \/>\n<script type=\"application\/ld+json\" class=\"yoast-schema-graph\">{\"@context\":\"https:\/\/schema.org\",\"@graph\":[{\"@type\":\"WebPage\",\"@id\":\"https:\/\/fulbat.com\/fr\/traction\/fdc-deep-cycle-agm\/fdc12-75\/\",\"url\":\"https:\/\/fulbat.com\/fr\/traction\/fdc-deep-cycle-agm\/fdc12-75\/\",\"name\":\"FDC12-75 - Fulbat\",\"isPartOf\":{\"@id\":\"https:\/\/fulbat.com\/fr\/#website\"},\"primaryImageOfPage\":{\"@id\":\"https:\/\/fulbat.com\/fr\/traction\/fdc-deep-cycle-agm\/fdc12-75\/#primaryimage\"},\"image\":{\"@id\":\"https:\/\/fulbat.com\/fr\/traction\/fdc-deep-cycle-agm\/fdc12-75\/#primaryimage\"},\"thumbnailUrl\":\"https:\/\/fulbat.com\/wp-content\/uploads\/2023\/01\/Fulbat_Deepcycle_FDC12-75_2.png\",\"datePublished\":\"2022-02-03T14:13:34+00:00\",\"dateModified\":\"2023-06-02T13:14:11+00:00\",\"breadcrumb\":{\"@id\":\"https:\/\/fulbat.com\/fr\/traction\/fdc-deep-cycle-agm\/fdc12-75\/#breadcrumb\"},\"inLanguage\":\"fr-FR\",\"potentialAction\":[{\"@type\":\"ReadAction\",\"target\":[\"https:\/\/fulbat.com\/fr\/traction\/fdc-deep-cycle-agm\/fdc12-75\/\"]}]},{\"@type\":\"ImageObject\",\"inLanguage\":\"fr-FR\",\"@id\":\"https:\/\/fulbat.com\/fr\/traction\/fdc-deep-cycle-agm\/fdc12-75\/#primaryimage\",\"url\":\"https:\/\/fulbat.com\/wp-content\/uploads\/2023\/01\/Fulbat_Deepcycle_FDC12-75_2.png\",\"contentUrl\":\"https:\/\/fulbat.com\/wp-content\/uploads\/2023\/01\/Fulbat_Deepcycle_FDC12-75_2.png\",\"width\":500,\"height\":500},{\"@type\":\"BreadcrumbList\",\"@id\":\"https:\/\/fulbat.com\/fr\/traction\/fdc-deep-cycle-agm\/fdc12-75\/#breadcrumb\",\"itemListElement\":[{\"@type\":\"ListItem\",\"position\":1,\"name\":\"Home\",\"item\":\"https:\/\/fulbat.com\/fr\/\"},{\"@type\":\"ListItem\",\"position\":2,\"name\":\"TRACTION\",\"item\":\"https:\/\/fulbat.com\/fr\/traction\/\"},{\"@type\":\"ListItem\",\"position\":3,\"name\":\"FDC \u2013 Deep Cycle AGM Carbon\",\"item\":\"https:\/\/fulbat.com\/fr\/traction\/fdc-deep-cycle-agm\/\"},{\"@type\":\"ListItem\",\"position\":4,\"name\":\"FDC12-75\"}]},{\"@type\":\"WebSite\",\"@id\":\"https:\/\/fulbat.com\/fr\/#website\",\"url\":\"https:\/\/fulbat.com\/fr\/\",\"name\":\"Fulbat\",\"description\":\"Qualitative, performing &amp; reliable battery solutions\",\"potentialAction\":[{\"@type\":\"SearchAction\",\"target\":{\"@type\":\"EntryPoint\",\"urlTemplate\":\"https:\/\/fulbat.com\/fr\/?s={search_term_string}\"},\"query-input\":{\"@type\":\"PropertyValueSpecification\",\"valueRequired\":true,\"valueName\":\"search_term_string\"}}],\"inLanguage\":\"fr-FR\"}]}<\/script>\n<!-- \/ Yoast SEO plugin. -->","yoast_head_json":{"title":"FDC12-75 - Fulbat","robots":{"index":"index","follow":"follow","max-snippet":"max-snippet:-1","max-image-preview":"max-image-preview:large","max-video-preview":"max-video-preview:-1"},"canonical":"https:\/\/fulbat.com\/fr\/traction\/fdc-deep-cycle-agm\/fdc12-75\/","og_locale":"fr_FR","og_type":"article","og_title":"FDC12-75 - Fulbat","og_url":"https:\/\/fulbat.com\/fr\/traction\/fdc-deep-cycle-agm\/fdc12-75\/","og_site_name":"Fulbat","article_modified_time":"2023-06-02T13:14:11+00:00","og_image":[{"width":500,"height":500,"url":"https:\/\/fulbat.com\/wp-content\/uploads\/2023\/01\/Fulbat_Deepcycle_FDC12-75_2.png","type":"image\/png"}],"twitter_card":"summary_large_image","twitter_misc":{"Dur\u00e9e de lecture estim\u00e9e":"5 minutes"},"schema":{"@context":"https:\/\/schema.org","@graph":[{"@type":"WebPage","@id":"https:\/\/fulbat.com\/fr\/traction\/fdc-deep-cycle-agm\/fdc12-75\/","url":"https:\/\/fulbat.com\/fr\/traction\/fdc-deep-cycle-agm\/fdc12-75\/","name":"FDC12-75 - Fulbat","isPartOf":{"@id":"https:\/\/fulbat.com\/fr\/#website"},"primaryImageOfPage":{"@id":"https:\/\/fulbat.com\/fr\/traction\/fdc-deep-cycle-agm\/fdc12-75\/#primaryimage"},"image":{"@id":"https:\/\/fulbat.com\/fr\/traction\/fdc-deep-cycle-agm\/fdc12-75\/#primaryimage"},"thumbnailUrl":"https:\/\/fulbat.com\/wp-content\/uploads\/2023\/01\/Fulbat_Deepcycle_FDC12-75_2.png","datePublished":"2022-02-03T14:13:34+00:00","dateModified":"2023-06-02T13:14:11+00:00","breadcrumb":{"@id":"https:\/\/fulbat.com\/fr\/traction\/fdc-deep-cycle-agm\/fdc12-75\/#breadcrumb"},"inLanguage":"fr-FR","potentialAction":[{"@type":"ReadAction","target":["https:\/\/fulbat.com\/fr\/traction\/fdc-deep-cycle-agm\/fdc12-75\/"]}]},{"@type":"ImageObject","inLanguage":"fr-FR","@id":"https:\/\/fulbat.com\/fr\/traction\/fdc-deep-cycle-agm\/fdc12-75\/#primaryimage","url":"https:\/\/fulbat.com\/wp-content\/uploads\/2023\/01\/Fulbat_Deepcycle_FDC12-75_2.png","contentUrl":"https:\/\/fulbat.com\/wp-content\/uploads\/2023\/01\/Fulbat_Deepcycle_FDC12-75_2.png","width":500,"height":500},{"@type":"BreadcrumbList","@id":"https:\/\/fulbat.com\/fr\/traction\/fdc-deep-cycle-agm\/fdc12-75\/#breadcrumb","itemListElement":[{"@type":"ListItem","position":1,"name":"Home","item":"https:\/\/fulbat.com\/fr\/"},{"@type":"ListItem","position":2,"name":"TRACTION","item":"https:\/\/fulbat.com\/fr\/traction\/"},{"@type":"ListItem","position":3,"name":"FDC \u2013 Deep Cycle AGM Carbon","item":"https:\/\/fulbat.com\/fr\/traction\/fdc-deep-cycle-agm\/"},{"@type":"ListItem","position":4,"name":"FDC12-75"}]},{"@type":"WebSite","@id":"https:\/\/fulbat.com\/fr\/#website","url":"https:\/\/fulbat.com\/fr\/","name":"Fulbat","description":"Qualitative, performing &amp; reliable battery solutions","potentialAction":[{"@type":"SearchAction","target":{"@type":"EntryPoint","urlTemplate":"https:\/\/fulbat.com\/fr\/?s={search_term_string}"},"query-input":{"@type":"PropertyValueSpecification","valueRequired":true,"valueName":"search_term_string"}}],"inLanguage":"fr-FR"}]}},"_links":{"self":[{"href":"https:\/\/fulbat.com\/fr\/wp-json\/wp\/v2\/pages\/13818","targetHints":{"allow":["GET"]}}],"collection":[{"href":"https:\/\/fulbat.com\/fr\/wp-json\/wp\/v2\/pages"}],"about":[{"href":"https:\/\/fulbat.com\/fr\/wp-json\/wp\/v2\/types\/page"}],"author":[{"embeddable":true,"href":"https:\/\/fulbat.com\/fr\/wp-json\/wp\/v2\/users\/3"}],"replies":[{"embeddable":true,"href":"https:\/\/fulbat.com\/fr\/wp-json\/wp\/v2\/comments?post=13818"}],"version-history":[{"count":12,"href":"https:\/\/fulbat.com\/fr\/wp-json\/wp\/v2\/pages\/13818\/revisions"}],"predecessor-version":[{"id":18596,"href":"https:\/\/fulbat.com\/fr\/wp-json\/wp\/v2\/pages\/13818\/revisions\/18596"}],"up":[{"embeddable":true,"href":"https:\/\/fulbat.com\/fr\/wp-json\/wp\/v2\/pages\/9255"}],"wp:featuredmedia":[{"embeddable":true,"href":"https:\/\/fulbat.com\/fr\/wp-json\/wp\/v2\/media\/18250"}],"wp:attachment":[{"href":"https:\/\/fulbat.com\/fr\/wp-json\/wp\/v2\/media?parent=13818"}],"curies":[{"name":"wp","href":"https:\/\/api.w.org\/{rel}","templated":true}]}}