{"id":9733,"date":"2021-04-27T11:01:08","date_gmt":"2021-04-27T09:01:08","guid":{"rendered":"https:\/\/fulbat.com\/chargeur\/booster\/"},"modified":"2025-08-22T15:33:14","modified_gmt":"2025-08-22T13:33:14","slug":"booster","status":"publish","type":"page","link":"https:\/\/fulbat.com\/fr\/chargeur\/booster\/","title":{"rendered":"Booster"},"content":{"rendered":"<section class=\"l-section wpb_row us_custom_de67d1db height_medium with_img\"><div class=\"l-section-img\" role=\"img\" data-img-width=\"1450\" data-img-height=\"700\" style=\"background-image: url(https:\/\/fulbat.com\/wp-content\/uploads\/2020\/08\/charger-accessories-booster-tester-battery-fulbat.jpg);background-repeat: no-repeat;\"><\/div><div class=\"l-section-h i-cf\"><div class=\"g-cols vc_row via_flex valign_top type_default stacking_default\"><div class=\"vc_col-sm-12 wpb_column vc_column_container\"><div class=\"vc_column-inner us_custom_8f7b07a9 us_animate_this\"><div class=\"wpb_wrapper\">[vc_custom_heading source=\u00a0\u00bbpost_title\u00a0\u00bb font_container=\u00a0\u00bbtag:h1|text_align:left\u00a0\u00bb google_fonts=\u00a0\u00bbfont_family:Titillium%20Web%3A200%2C200italic%2C300%2C300italic%2Cregular%2Citalic%2C600%2C600italic%2C700%2C700italic%2C900|font_style:700%20bold%20regular%3A700%3Anormal\u00a0\u00bb css=\u00a0\u00bb%7B%22default%22%3A%7B%22color%22%3A%22%23ffffff%22%7D%7D\u00a0\u00bb]<nav class=\"g-breadcrumbs us_custom_6df4bc3a has_text_color separator_icon align_none hide_current\" itemscope itemtype=\"http:\/\/schema.org\/BreadcrumbList\"><div class=\"g-breadcrumbs-item\" itemscope itemprop=\"itemListElement\" itemtype=\"http:\/\/schema.org\/ListItem\"><a itemprop=\"item\" href=\"https:\/\/fulbat.com\/fr\/\"><span itemprop=\"name\">HOME<\/span><\/a><meta itemprop=\"position\" content=\"1\"\/><\/div><div class=\"g-breadcrumbs-separator\"><i class=\"far fa-angle-right\"><\/i><\/div><div class=\"g-breadcrumbs-item\">Pages<\/div><\/nav><div class=\"w-separator size_small\"><\/div><\/div><\/div><\/div><\/div><\/div><\/section><section class=\"l-section wpb_row us_custom_0728b4ce height_medium\"><div class=\"l-section-overlay\" style=\"background:#f0f0f0\"><\/div><div class=\"l-section-h i-cf\"><div class=\"g-cols vc_row via_flex valign_top type_default stacking_default\"><div class=\"vc_col-sm-12 wpb_column vc_column_container us_animate_fade\" style=\"animation-delay:0.5s\"><div class=\"vc_column-inner\"><div class=\"wpb_wrapper\">[vc_custom_heading text=\u00a0\u00bbNOS PRODUITS\u00a0\u00bb font_container=\u00a0\u00bbtag:h1|text_align:left\u00a0\u00bb use_theme_fonts=\u00a0\u00bbyes\u00a0\u00bb css=\u00a0\u00bb%7B%22default%22%3A%7B%22border-style%22%3A%22solid%22%2C%22border-bottom-width%22%3A%222px%22%2C%22border-color%22%3A%22%23008a3c%22%7D%7D\u00a0\u00bb]<div class=\"w-separator size_small\"><\/div><div class=\"w-grid type_grid layout_blog_1 cols_4 ratio_16x9\" id=\"us_grid_1\" style=\"--gap:0.5rem;\"><style>@media (max-width:1280px){#us_grid_1 .w-grid-item{width:33.3333%}#us_grid_1 .w-grid-item.size_2x1,#us_grid_1 .w-grid-item.size_2x2{width:66.6667%}}@media (max-width:1024px){#us_grid_1 .w-grid-item{width:33.3333%}#us_grid_1 .w-grid-item.size_2x1,#us_grid_1 .w-grid-item.size_2x2{width:66.6667%}}@media (max-width:600px){#us_grid_1 .w-grid-item{width:33.3333%}#us_grid_1 .w-grid-item.size_2x1,#us_grid_1 .w-grid-item.size_2x2{width:66.6667%}}#us_grid_1 .w-grid-item-h:before{padding-bottom:56.25%}.layout_blog_1 .w-grid-item-h:before{padding-bottom:100%}@media (min-width:601px){.layout_blog_1 .w-grid-item.size_1x2 .w-grid-item-h:before{padding-bottom:calc(200% + var(--gap,0px) * 2)}.layout_blog_1 .w-grid-item.size_2x1 .w-grid-item-h:before{padding-bottom:calc(50% - var(--gap,0px) * 1)}.layout_blog_1 .w-grid-item.size_2x2 .w-grid-item-h:before{padding-bottom:calc(100% - var(--gap,0px) * 0)}}.layout_blog_1 .w-grid-item-h{}.layout_blog_1 .usg_post_image_1{margin-bottom:0.5rem!important}.layout_blog_1 .usg_post_title_1{font-size:1rem!important}@media (min-width:1025px) and (max-width:1280px){.layout_blog_1 .usg_post_image_1{margin-bottom:0.5rem!important}.layout_blog_1 .usg_post_title_1{font-size:1rem!important}}@media (min-width:601px) and (max-width:1024px){.layout_blog_1 .usg_post_image_1{margin-bottom:0.5rem!important}.layout_blog_1 .usg_post_title_1{font-size:1rem!important}}@media (max-width:600px){.layout_blog_1 .usg_post_image_1{margin-bottom:0.5rem!important}.layout_blog_1 .usg_post_title_1{font-size:1rem!important}}<\/style><div class=\"w-grid-list\">\t<article class=\"w-grid-item size_1x1 post-20123 page type-page status-publish has-post-thumbnail hentry\" data-id=\"20123\">\r\n\t\t<div class=\"w-grid-item-h\">\r\n\t\t\t\t\t\t\t<a href=\"https:\/\/fulbat.com\/fr\/chargeur\/fulboost\/\" class=\"w-grid-item-anchor\" aria-label=\"Fulboost\"><\/a>\r\n\t\t\t\t\t\t<div class=\"w-post-elm post_image usg_post_image_1 stretched\"><a href=\"https:\/\/fulbat.com\/fr\/chargeur\/fulboost\/\" aria-label=\"Fulboost\"><img loading=\"lazy\" decoding=\"async\" width=\"800\" height=\"782\" src=\"https:\/\/fulbat.com\/wp-content\/uploads\/2025\/08\/FT_Fulboost_4-1.png\" class=\"attachment-large size-large wp-post-image\" alt=\"FT_Fulboost_4\" srcset=\"https:\/\/fulbat.com\/wp-content\/uploads\/2025\/08\/FT_Fulboost_4-1.png 800w, https:\/\/fulbat.com\/wp-content\/uploads\/2025\/08\/FT_Fulboost_4-1-300x293.png 300w, https:\/\/fulbat.com\/wp-content\/uploads\/2025\/08\/FT_Fulboost_4-1-150x147.png 150w, https:\/\/fulbat.com\/wp-content\/uploads\/2025\/08\/FT_Fulboost_4-1-786x768.png 786w, https:\/\/fulbat.com\/wp-content\/uploads\/2025\/08\/FT_Fulboost_4-1-295x288.png 295w, https:\/\/fulbat.com\/wp-content\/uploads\/2025\/08\/FT_Fulboost_4-1-798x780.png 798w, https:\/\/fulbat.com\/wp-content\/uploads\/2025\/08\/FT_Fulboost_4-1-409x400.png 409w, https:\/\/fulbat.com\/wp-content\/uploads\/2025\/08\/FT_Fulboost_4-1-600x587.png 600w, https:\/\/fulbat.com\/wp-content\/uploads\/2025\/08\/FT_Fulboost_4-1-50x50.png 50w\" sizes=\"auto, (max-width: 800px) 100vw, 800px\" \/><\/a><\/div><h2 class=\"w-post-elm post_title usg_post_title_1 entry-title color_link_inherit\"><a href=\"https:\/\/fulbat.com\/fr\/chargeur\/fulboost\/\">Fulboost<\/a><\/h2>\t\t<\/div>\r\n\t<\/article>\r\n<\/div><div class=\"w-grid-preloader\">\t<div class=\"g-preloader type_1\">\r\n\t\t<div><\/div>\r\n\t<\/div>\r\n\t<\/div>\t<div class=\"w-grid-json hidden\" onclick='return {&quot;action&quot;:&quot;us_ajax_grid&quot;,&quot;ajax_url&quot;:&quot;https:\\\/\\\/fulbat.com\\\/wp-admin\\\/admin-ajax.php&quot;,&quot;infinite_scroll&quot;:0,&quot;max_num_pages&quot;:1,&quot;pagination&quot;:&quot;none&quot;,&quot;template_vars&quot;:{&quot;columns&quot;:&quot;4&quot;,&quot;exclude_items&quot;:&quot;none&quot;,&quot;img_size&quot;:&quot;default&quot;,&quot;ignore_items_size&quot;:0,&quot;items_layout&quot;:&quot;blog_1&quot;,&quot;items_offset&quot;:&quot;1&quot;,&quot;load_animation&quot;:&quot;none&quot;,&quot;overriding_link&quot;:&quot;%7B%22type%22%3A%22post%22%7D&quot;,&quot;post_id&quot;:0,&quot;query_args&quot;:{&quot;ignore_sticky_posts&quot;:1,&quot;post_type&quot;:&quot;any&quot;,&quot;post__in&quot;:[&quot;5718&quot;,&quot;20054&quot;],&quot;tax_query&quot;:[{&quot;taxonomy&quot;:&quot;product_visibility&quot;,&quot;field&quot;:&quot;slug&quot;,&quot;terms&quot;:[&quot;exclude-from-catalog&quot;],&quot;operator&quot;:&quot;NOT IN&quot;}],&quot;posts_per_page&quot;:&quot;10&quot;},&quot;orderby_query_args&quot;:{&quot;orderby&quot;:{&quot;date&quot;:&quot;DESC&quot;}},&quot;type&quot;:&quot;grid&quot;,&quot;us_grid_ajax_index&quot;:1,&quot;us_grid_filter_params&quot;:[],&quot;us_grid_index&quot;:1,&quot;_us_grid_post_type&quot;:&quot;ids&quot;,&quot;page_args&quot;:[],&quot;lang&quot;:&quot;fr&quot;}}'><\/div>\r\n\t<\/div><\/div><\/div><\/div><\/div><\/div><\/section><section class=\"l-section wpb_row us_custom_0728b4ce height_medium\"><div class=\"l-section-h i-cf\"><div class=\"g-cols vc_row via_flex valign_top type_default stacking_default\"><div class=\"vc_col-sm-12 wpb_column vc_column_container us_animate_fade\" style=\"animation-delay:0.5s\"><div class=\"vc_column-inner\"><div class=\"wpb_wrapper\">[vc_custom_heading text=\u00a0\u00bbEXPLORER D&rsquo;AUTRES PRODUITS\u00a0\u00bb font_container=\u00a0\u00bbtag:h3|text_align:left\u00a0\u00bb use_theme_fonts=\u00a0\u00bbyes\u00a0\u00bb css=\u00a0\u00bb%7B%22default%22%3A%7B%22border-style%22%3A%22solid%22%2C%22border-bottom-width%22%3A%223px%22%2C%22border-color%22%3A%22%23008a3c%22%7D%7D\u00a0\u00bb]<div class=\"w-separator size_small\"><\/div><div class=\"w-grid type_carousel layout_281 cols_3 ratio_3x2\" id=\"us_grid_2\" style=\"--gap:5px;\"><style>.layout_281 .w-grid-item-h:before{padding-bottom:66.6667%}.layout_281 .w-grid-item-h{color:inherit}.layout_281 .usg_post_image_1{transition-duration:0.8s;transform-origin:100% 100%;transform:scale(1) translate(0%,0%)}.layout_281 .w-grid-item-h:hover .usg_post_image_1{transform:scale(1.3) translate(0%,0%);opacity:0.6;background:linear-gradient(135deg,rgba(39,156,4,0.6521875381469726),rgba(153,209,0,0.6646875381469727))!important;color:#ffffff!important}.layout_281 .usg_vwrapper_1{transition-duration:0.3s;transform-origin:50% 50%;transform:scale(1) translate(0%,0%)}.layout_281 .w-grid-item-h:hover .usg_vwrapper_1{transform:scale(1) translate(0%,0%);opacity:0.9;background:linear-gradient(135deg,rgba(39,156,4,0.85),rgba(153,209,0,0.85))!important;color:#ffffff!important}.layout_281 .usg_post_title_1{transition-duration:0.4s;transform-origin:0% 0%;transform:scale(0.5) translate(0%,0%)}.layout_281 .w-grid-item-h:hover .usg_post_title_1{transform:scale(1) translate(15%,45%);opacity:0;color:#1a1a1a!important}.layout_281 .usg_post_title_2{transition-duration:0.4s;transform-origin:0% 0%;transform:scale(0.5) translate(0%,0%);opacity:0}.layout_281 .w-grid-item-h:hover .usg_post_title_2{transform:scale(1) translate(15%,45%);opacity:1;color:#ffffff!important}.layout_281 .usg_post_image_1{color:#ffffff!important;position:absolute!important;left:0!important;top:0!important;bottom:0!important;right:0!important}.layout_281 .usg_vwrapper_1{color:#ffffff!important;position:absolute!important;left:0!important;top:0!important;bottom:0!important;right:0!important;padding:10%!important}.layout_281 .usg_post_title_1{color:#000000!important;font-size:2.5rem!important;margin-bottom:1rem!important}.layout_281 .usg_post_title_2{color:#1a1a1a!important;font-size:2rem!important;margin-bottom:1rem!important}@media (min-width:1025px) and (max-width:1280px){.layout_281 .usg_post_image_1{color:#ffffff!important;position:absolute!important;left:0!important;top:0!important;bottom:0!important;right:0!important}.layout_281 .usg_vwrapper_1{color:#ffffff!important;position:absolute!important;left:0!important;top:0!important;bottom:0!important;right:0!important;padding:10%!important}.layout_281 .usg_post_title_1{color:#000000!important;font-size:2.5rem!important;margin-bottom:1rem!important}.layout_281 .usg_post_title_2{color:#1a1a1a!important;font-size:2rem!important;margin-bottom:1rem!important}}@media (min-width:601px) and (max-width:1024px){.layout_281 .usg_post_image_1{color:#ffffff!important;position:absolute!important;left:0!important;top:0!important;bottom:0!important;right:0!important}.layout_281 .usg_vwrapper_1{color:#ffffff!important;position:absolute!important;left:0!important;top:0!important;bottom:0!important;right:0!important;padding:10%!important}.layout_281 .usg_post_title_1{color:#000000!important;font-size:2.5rem!important;margin-bottom:1rem!important}.layout_281 .usg_post_title_2{color:#1a1a1a!important;font-size:2rem!important;margin-bottom:1rem!important}}@media (max-width:600px){.layout_281 .usg_post_image_1{color:#ffffff!important;position:absolute!important;left:0!important;top:0!important;bottom:0!important;right:0!important}.layout_281 .usg_vwrapper_1{color:#ffffff!important;position:absolute!important;left:0!important;top:0!important;bottom:0!important;right:0!important;padding:10%!important}.layout_281 .usg_post_title_1{color:#000000!important;font-size:2.5rem!important;margin-bottom:1rem!important}.layout_281 .usg_post_title_2{color:#1a1a1a!important;font-size:2rem!important;margin-bottom:1rem!important}}<\/style><div class=\"w-grid-list owl-carousel navstyle_circle navpos_outside with_dots\">\t<article class=\"w-grid-item post-9234 page type-page status-publish has-post-thumbnail hentry\" data-id=\"9234\">\r\n\t\t<div class=\"w-grid-item-h\">\r\n\t\t\t\t\t\t\t<a href=\"https:\/\/fulbat.com\/fr\/chargeur\/chargeur\/\" class=\"w-grid-item-anchor\" aria-label=\"Chargeur\"><\/a>\r\n\t\t\t\t\t\t<div class=\"w-post-elm post_image usg_post_image_1 has_text_color stretched\"><img loading=\"lazy\" decoding=\"async\" width=\"1024\" height=\"683\" src=\"https:\/\/fulbat.com\/wp-content\/uploads\/2025\/09\/Fulbat_photo_produit-charger.f10001png-1024x683.png\" class=\"attachment-large size-large wp-post-image\" alt=\"Fulbat_photo_produit-charger.f10001png\" srcset=\"https:\/\/fulbat.com\/wp-content\/uploads\/2025\/09\/Fulbat_photo_produit-charger.f10001png-1024x683.png 1024w, https:\/\/fulbat.com\/wp-content\/uploads\/2025\/09\/Fulbat_photo_produit-charger.f10001png-300x200.png 300w, https:\/\/fulbat.com\/wp-content\/uploads\/2025\/09\/Fulbat_photo_produit-charger.f10001png-150x100.png 150w, https:\/\/fulbat.com\/wp-content\/uploads\/2025\/09\/Fulbat_photo_produit-charger.f10001png-432x288.png 432w, https:\/\/fulbat.com\/wp-content\/uploads\/2025\/09\/Fulbat_photo_produit-charger.f10001png-800x533.png 800w, https:\/\/fulbat.com\/wp-content\/uploads\/2025\/09\/Fulbat_photo_produit-charger.f10001png-600x400.png 600w, https:\/\/fulbat.com\/wp-content\/uploads\/2025\/09\/Fulbat_photo_produit-charger.f10001png.png 1200w\" sizes=\"auto, (max-width: 1024px) 100vw, 1024px\" \/><\/div><h2 class=\"w-post-elm post_title usg_post_title_1 has_text_color entry-title color_link_inherit\">Chargeur<\/h2><div class=\"w-vwrapper usg_vwrapper_1 has_text_color align_left valign_top\"><h3 class=\"w-post-elm post_title usg_post_title_2 has_text_color entry-title color_link_inherit\">Chargeur<\/h3><\/div>\t\t<\/div>\r\n\t<\/article>\r\n\t<article class=\"w-grid-item post-9574 page type-page status-publish has-post-thumbnail hentry\" data-id=\"9574\">\r\n\t\t<div class=\"w-grid-item-h\">\r\n\t\t\t\t\t\t\t<a href=\"https:\/\/fulbat.com\/fr\/chargeur\/accessoires\/\" class=\"w-grid-item-anchor\" aria-label=\"Accessoires\"><\/a>\r\n\t\t\t\t\t\t<div class=\"w-post-elm post_image usg_post_image_1 has_text_color stretched\"><img loading=\"lazy\" decoding=\"async\" width=\"300\" height=\"225\" src=\"https:\/\/fulbat.com\/wp-content\/uploads\/2020\/08\/fulconnect-FT-accessories-cable.png\" class=\"attachment-large size-large wp-post-image\" alt=\"fulconnect-FT-accessories-cable\" \/><\/div><h2 class=\"w-post-elm post_title usg_post_title_1 has_text_color entry-title color_link_inherit\">Accessoires<\/h2><div class=\"w-vwrapper usg_vwrapper_1 has_text_color align_left valign_top\"><h3 class=\"w-post-elm post_title usg_post_title_2 has_text_color entry-title color_link_inherit\">Accessoires<\/h3><\/div>\t\t<\/div>\r\n\t<\/article>\r\n\t<article class=\"w-grid-item post-9736 page type-page status-publish has-post-thumbnail hentry\" data-id=\"9736\">\r\n\t\t<div class=\"w-grid-item-h\">\r\n\t\t\t\t\t\t\t<a href=\"https:\/\/fulbat.com\/fr\/chargeur\/testeur\/\" class=\"w-grid-item-anchor\" aria-label=\"Testeur\"><\/a>\r\n\t\t\t\t\t\t<div class=\"w-post-elm post_image usg_post_image_1 has_text_color stretched\"><img loading=\"lazy\" decoding=\"async\" width=\"300\" height=\"225\" src=\"https:\/\/fulbat.com\/wp-content\/uploads\/2023\/04\/Fulbat_Fultest-2_tester-battery-thumbnail.png\" class=\"attachment-large size-large wp-post-image\" alt=\"\" srcset=\"https:\/\/fulbat.com\/wp-content\/uploads\/2023\/04\/Fulbat_Fultest-2_tester-battery-thumbnail.png 300w, https:\/\/fulbat.com\/wp-content\/uploads\/2023\/04\/Fulbat_Fultest-2_tester-battery-thumbnail-150x113.png 150w\" sizes=\"auto, (max-width: 300px) 100vw, 300px\" \/><\/div><h2 class=\"w-post-elm post_title usg_post_title_1 has_text_color entry-title color_link_inherit\">Testeur<\/h2><div class=\"w-vwrapper usg_vwrapper_1 has_text_color align_left valign_top\"><h3 class=\"w-post-elm post_title usg_post_title_2 has_text_color entry-title color_link_inherit\">Testeur<\/h3><\/div>\t\t<\/div>\r\n\t<\/article>\r\n<\/div>\t<div class=\"g-preloader type_1\">\r\n\t\t<div><\/div>\r\n\t<\/div>\r\n\t\t<div class=\"w-grid-json hidden\" onclick='return {&quot;action&quot;:&quot;us_ajax_grid&quot;,&quot;ajax_url&quot;:&quot;https:\\\/\\\/fulbat.com\\\/wp-admin\\\/admin-ajax.php&quot;,&quot;infinite_scroll&quot;:0,&quot;max_num_pages&quot;:1,&quot;pagination&quot;:&quot;none&quot;,&quot;template_vars&quot;:{&quot;columns&quot;:&quot;3&quot;,&quot;exclude_items&quot;:&quot;none&quot;,&quot;img_size&quot;:&quot;default&quot;,&quot;ignore_items_size&quot;:0,&quot;items_layout&quot;:&quot;281&quot;,&quot;items_offset&quot;:&quot;1&quot;,&quot;load_animation&quot;:&quot;none&quot;,&quot;overriding_link&quot;:&quot;%7B%22type%22%3A%22post%22%7D&quot;,&quot;post_id&quot;:0,&quot;query_args&quot;:{&quot;ignore_sticky_posts&quot;:1,&quot;post_type&quot;:&quot;any&quot;,&quot;post__in&quot;:[&quot;1692&quot;,&quot;1688&quot;,&quot;1686&quot;],&quot;tax_query&quot;:[{&quot;taxonomy&quot;:&quot;product_visibility&quot;,&quot;field&quot;:&quot;slug&quot;,&quot;terms&quot;:[&quot;exclude-from-catalog&quot;],&quot;operator&quot;:&quot;NOT IN&quot;}],&quot;posts_per_page&quot;:&quot;10&quot;},&quot;orderby_query_args&quot;:{&quot;orderby&quot;:{&quot;post__in&quot;:&quot;DESC&quot;},&quot;order&quot;:&quot;DESC&quot;},&quot;type&quot;:&quot;carousel&quot;,&quot;us_grid_ajax_index&quot;:2,&quot;us_grid_filter_params&quot;:[],&quot;us_grid_index&quot;:2,&quot;_us_grid_post_type&quot;:&quot;ids&quot;,&quot;page_args&quot;:[],&quot;lang&quot;:&quot;fr&quot;},&quot;carousel_settings&quot;:{&quot;autoHeight&quot;:0,&quot;autoplay&quot;:0,&quot;carousel_fade&quot;:0,&quot;center&quot;:0,&quot;dots&quot;:1,&quot;items&quot;:&quot;3&quot;,&quot;loop&quot;:false,&quot;nav&quot;:0,&quot;slideby&quot;:&quot;1&quot;,&quot;smooth_play&quot;:0,&quot;speed&quot;:250,&quot;timeout&quot;:3000,&quot;transition&quot;:&quot;&quot;,&quot;aria_labels&quot;:{&quot;prev&quot;:&quot;Pr\\u00e9c\\u00e9dent&quot;,&quot;next&quot;:&quot;Suivant&quot;}},&quot;carousel_breakpoints&quot;:{&quot;0&quot;:{&quot;autoHeight&quot;:0,&quot;autoplay&quot;:1,&quot;autoplayHoverPause&quot;:1,&quot;items&quot;:1,&quot;loop&quot;:true,&quot;stagePadding&quot;:0},&quot;601&quot;:{&quot;autoHeight&quot;:0,&quot;autoplay&quot;:1,&quot;autoplayHoverPause&quot;:1,&quot;items&quot;:2,&quot;loop&quot;:false,&quot;stagePadding&quot;:0},&quot;1025&quot;:{&quot;autoHeight&quot;:0,&quot;autoplay&quot;:1,&quot;autoplayHoverPause&quot;:1,&quot;items&quot;:3,&quot;loop&quot;:false,&quot;stagePadding&quot;:0},&quot;1281&quot;:{&quot;items&quot;:3,&quot;stagePadding&quot;:0}}}'><\/div>\r\n\t<\/div><div class=\"w-separator size_small\"><\/div><\/div><\/div><\/div><\/div><\/div><\/section>\n","protected":false},"excerpt":{"rendered":"[vc_custom_heading source=\"post_title\" font_container=\"tag:h1|text_align:left\" google_fonts=\"font_family:Titillium%20Web%3A200%2C200italic%2C300%2C300italic%2Cregular%2Citalic%2C600%2C600italic%2C700%2C700italic%2C900|font_style:700%20bold%20regular%3A700%3Anormal\" css=\"%7B%22default%22%3A%7B%22color%22%3A%22%23ffffff%22%7D%7D\"]ACCUEILPages Que ce soit pour motos, voitures, quads, motoneiges ou tout autre v\u00e9hicule powersports, la performance de votre batterie est essentielle pour ne jamais \u00eatre pris au d\u00e9pourvu. Notre gamme de testeurs de batteries FULBAT vous permet de v\u00e9rifier l\u2019\u00e9tat, la charge et la sant\u00e9 de vos batteries en quelques secondes,...","protected":false},"author":1,"featured_media":20198,"parent":8947,"menu_order":0,"comment_status":"closed","ping_status":"closed","template":"","meta":{"footnotes":""},"class_list":["post-9733","page","type-page","status-publish","has-post-thumbnail","hentry"],"yoast_head":"<!-- This site is optimized with the Yoast SEO plugin v26.9 - https:\/\/yoast.com\/product\/yoast-seo-wordpress\/ -->\n<title>Booster - Fulbat<\/title>\n<meta name=\"robots\" content=\"index, follow, max-snippet:-1, max-image-preview:large, max-video-preview:-1\" \/>\n<link rel=\"canonical\" href=\"https:\/\/fulbat.com\/fr\/chargeur\/booster\/\" \/>\n<meta property=\"og:locale\" content=\"fr_FR\" \/>\n<meta property=\"og:type\" content=\"article\" \/>\n<meta property=\"og:title\" content=\"Booster - Fulbat\" \/>\n<meta property=\"og:url\" content=\"https:\/\/fulbat.com\/fr\/chargeur\/booster\/\" \/>\n<meta property=\"og:site_name\" content=\"Fulbat\" \/>\n<meta property=\"article:modified_time\" content=\"2025-08-22T13:33:14+00:00\" \/>\n<meta property=\"og:image\" content=\"https:\/\/fulbat.com\/wp-content\/uploads\/2023\/07\/2023-06-Fulboost_Fulbat-charger-battery_thumbnail_3.png\" \/>\n\t<meta property=\"og:image:width\" content=\"300\" \/>\n\t<meta property=\"og:image:height\" content=\"225\" \/>\n\t<meta property=\"og:image:type\" content=\"image\/png\" \/>\n<meta name=\"twitter:card\" content=\"summary_large_image\" \/>\n<meta name=\"twitter:label1\" content=\"Dur\u00e9e de lecture estim\u00e9e\" \/>\n\t<meta name=\"twitter:data1\" content=\"1 minute\" \/>\n<script type=\"application\/ld+json\" class=\"yoast-schema-graph\">{\"@context\":\"https:\/\/schema.org\",\"@graph\":[{\"@type\":\"WebPage\",\"@id\":\"https:\/\/fulbat.com\/fr\/chargeur\/booster\/\",\"url\":\"https:\/\/fulbat.com\/fr\/chargeur\/booster\/\",\"name\":\"Booster - Fulbat\",\"isPartOf\":{\"@id\":\"https:\/\/fulbat.com\/fr\/#website\"},\"primaryImageOfPage\":{\"@id\":\"https:\/\/fulbat.com\/fr\/chargeur\/booster\/#primaryimage\"},\"image\":{\"@id\":\"https:\/\/fulbat.com\/fr\/chargeur\/booster\/#primaryimage\"},\"thumbnailUrl\":\"https:\/\/fulbat.com\/wp-content\/uploads\/2023\/07\/2023-06-Fulboost_Fulbat-charger-battery_thumbnail_3.png\",\"datePublished\":\"2021-04-27T09:01:08+00:00\",\"dateModified\":\"2025-08-22T13:33:14+00:00\",\"breadcrumb\":{\"@id\":\"https:\/\/fulbat.com\/fr\/chargeur\/booster\/#breadcrumb\"},\"inLanguage\":\"fr-FR\",\"potentialAction\":[{\"@type\":\"ReadAction\",\"target\":[\"https:\/\/fulbat.com\/fr\/chargeur\/booster\/\"]}]},{\"@type\":\"ImageObject\",\"inLanguage\":\"fr-FR\",\"@id\":\"https:\/\/fulbat.com\/fr\/chargeur\/booster\/#primaryimage\",\"url\":\"https:\/\/fulbat.com\/wp-content\/uploads\/2023\/07\/2023-06-Fulboost_Fulbat-charger-battery_thumbnail_3.png\",\"contentUrl\":\"https:\/\/fulbat.com\/wp-content\/uploads\/2023\/07\/2023-06-Fulboost_Fulbat-charger-battery_thumbnail_3.png\",\"width\":300,\"height\":225},{\"@type\":\"BreadcrumbList\",\"@id\":\"https:\/\/fulbat.com\/fr\/chargeur\/booster\/#breadcrumb\",\"itemListElement\":[{\"@type\":\"ListItem\",\"position\":1,\"name\":\"Home\",\"item\":\"https:\/\/fulbat.com\/fr\/\"},{\"@type\":\"ListItem\",\"position\":2,\"name\":\"CHARGEUR\",\"item\":\"https:\/\/fulbat.com\/fr\/chargeur\/\"},{\"@type\":\"ListItem\",\"position\":3,\"name\":\"Booster\"}]},{\"@type\":\"WebSite\",\"@id\":\"https:\/\/fulbat.com\/fr\/#website\",\"url\":\"https:\/\/fulbat.com\/fr\/\",\"name\":\"Fulbat\",\"description\":\"Qualitative, performing &amp; reliable battery solutions\",\"potentialAction\":[{\"@type\":\"SearchAction\",\"target\":{\"@type\":\"EntryPoint\",\"urlTemplate\":\"https:\/\/fulbat.com\/fr\/?s={search_term_string}\"},\"query-input\":{\"@type\":\"PropertyValueSpecification\",\"valueRequired\":true,\"valueName\":\"search_term_string\"}}],\"inLanguage\":\"fr-FR\"}]}<\/script>\n<!-- \/ Yoast SEO plugin. -->","yoast_head_json":{"title":"Booster - Fulbat","robots":{"index":"index","follow":"follow","max-snippet":"max-snippet:-1","max-image-preview":"max-image-preview:large","max-video-preview":"max-video-preview:-1"},"canonical":"https:\/\/fulbat.com\/fr\/chargeur\/booster\/","og_locale":"fr_FR","og_type":"article","og_title":"Booster - Fulbat","og_url":"https:\/\/fulbat.com\/fr\/chargeur\/booster\/","og_site_name":"Fulbat","article_modified_time":"2025-08-22T13:33:14+00:00","og_image":[{"width":300,"height":225,"url":"https:\/\/fulbat.com\/wp-content\/uploads\/2023\/07\/2023-06-Fulboost_Fulbat-charger-battery_thumbnail_3.png","type":"image\/png"}],"twitter_card":"summary_large_image","twitter_misc":{"Dur\u00e9e de lecture estim\u00e9e":"1 minute"},"schema":{"@context":"https:\/\/schema.org","@graph":[{"@type":"WebPage","@id":"https:\/\/fulbat.com\/fr\/chargeur\/booster\/","url":"https:\/\/fulbat.com\/fr\/chargeur\/booster\/","name":"Booster - Fulbat","isPartOf":{"@id":"https:\/\/fulbat.com\/fr\/#website"},"primaryImageOfPage":{"@id":"https:\/\/fulbat.com\/fr\/chargeur\/booster\/#primaryimage"},"image":{"@id":"https:\/\/fulbat.com\/fr\/chargeur\/booster\/#primaryimage"},"thumbnailUrl":"https:\/\/fulbat.com\/wp-content\/uploads\/2023\/07\/2023-06-Fulboost_Fulbat-charger-battery_thumbnail_3.png","datePublished":"2021-04-27T09:01:08+00:00","dateModified":"2025-08-22T13:33:14+00:00","breadcrumb":{"@id":"https:\/\/fulbat.com\/fr\/chargeur\/booster\/#breadcrumb"},"inLanguage":"fr-FR","potentialAction":[{"@type":"ReadAction","target":["https:\/\/fulbat.com\/fr\/chargeur\/booster\/"]}]},{"@type":"ImageObject","inLanguage":"fr-FR","@id":"https:\/\/fulbat.com\/fr\/chargeur\/booster\/#primaryimage","url":"https:\/\/fulbat.com\/wp-content\/uploads\/2023\/07\/2023-06-Fulboost_Fulbat-charger-battery_thumbnail_3.png","contentUrl":"https:\/\/fulbat.com\/wp-content\/uploads\/2023\/07\/2023-06-Fulboost_Fulbat-charger-battery_thumbnail_3.png","width":300,"height":225},{"@type":"BreadcrumbList","@id":"https:\/\/fulbat.com\/fr\/chargeur\/booster\/#breadcrumb","itemListElement":[{"@type":"ListItem","position":1,"name":"Home","item":"https:\/\/fulbat.com\/fr\/"},{"@type":"ListItem","position":2,"name":"CHARGEUR","item":"https:\/\/fulbat.com\/fr\/chargeur\/"},{"@type":"ListItem","position":3,"name":"Booster"}]},{"@type":"WebSite","@id":"https:\/\/fulbat.com\/fr\/#website","url":"https:\/\/fulbat.com\/fr\/","name":"Fulbat","description":"Qualitative, performing &amp; reliable battery solutions","potentialAction":[{"@type":"SearchAction","target":{"@type":"EntryPoint","urlTemplate":"https:\/\/fulbat.com\/fr\/?s={search_term_string}"},"query-input":{"@type":"PropertyValueSpecification","valueRequired":true,"valueName":"search_term_string"}}],"inLanguage":"fr-FR"}]}},"_links":{"self":[{"href":"https:\/\/fulbat.com\/fr\/wp-json\/wp\/v2\/pages\/9733","targetHints":{"allow":["GET"]}}],"collection":[{"href":"https:\/\/fulbat.com\/fr\/wp-json\/wp\/v2\/pages"}],"about":[{"href":"https:\/\/fulbat.com\/fr\/wp-json\/wp\/v2\/types\/page"}],"author":[{"embeddable":true,"href":"https:\/\/fulbat.com\/fr\/wp-json\/wp\/v2\/users\/1"}],"replies":[{"embeddable":true,"href":"https:\/\/fulbat.com\/fr\/wp-json\/wp\/v2\/comments?post=9733"}],"version-history":[{"count":17,"href":"https:\/\/fulbat.com\/fr\/wp-json\/wp\/v2\/pages\/9733\/revisions"}],"predecessor-version":[{"id":37440,"href":"https:\/\/fulbat.com\/fr\/wp-json\/wp\/v2\/pages\/9733\/revisions\/37440"}],"up":[{"embeddable":true,"href":"https:\/\/fulbat.com\/fr\/wp-json\/wp\/v2\/pages\/8947"}],"wp:featuredmedia":[{"embeddable":true,"href":"https:\/\/fulbat.com\/fr\/wp-json\/wp\/v2\/media\/20198"}],"wp:attachment":[{"href":"https:\/\/fulbat.com\/fr\/wp-json\/wp\/v2\/media?parent=9733"}],"curies":[{"name":"wp","href":"https:\/\/api.w.org\/{rel}","templated":true}]}}