{"id":9947,"date":"2021-04-30T14:58:05","date_gmt":"2021-04-30T12:58:05","guid":{"rendered":"https:\/\/fulbat.com\/chargeur\/accessoires\/fulconnect\/"},"modified":"2025-12-19T11:58:04","modified_gmt":"2025-12-19T10:58:04","slug":"fulconnect","status":"publish","type":"page","link":"https:\/\/fulbat.com\/fr\/chargeur\/accessoires\/fulconnect\/","title":{"rendered":"Fulconnect"},"content":{"rendered":"<section class=\"l-section wpb_row us_custom_de67d1db height_medium with_img\"><div class=\"l-section-img\" role=\"img\" data-img-width=\"1450\" data-img-height=\"700\" style=\"background-image: url(https:\/\/fulbat.com\/wp-content\/uploads\/2020\/08\/charger-accessories-booster-tester-battery-fulbat.jpg);background-repeat: no-repeat;\"><\/div><div class=\"l-section-h i-cf\"><div class=\"g-cols vc_row via_flex valign_top type_default stacking_default\"><div class=\"vc_col-sm-12 wpb_column vc_column_container\"><div class=\"vc_column-inner us_custom_8f7b07a9 us_animate_this\"><div class=\"wpb_wrapper\">[vc_custom_heading source=\u00a0\u00bbpost_title\u00a0\u00bb font_container=\u00a0\u00bbtag:h1|text_align:left\u00a0\u00bb use_theme_fonts=\u00a0\u00bbyes\u00a0\u00bb css=\u00a0\u00bb%7B%22default%22%3A%7B%22color%22%3A%22%23ffffff%22%7D%7D\u00a0\u00bb]<nav class=\"g-breadcrumbs us_custom_6df4bc3a has_text_color separator_icon align_none hide_current\" itemscope itemtype=\"http:\/\/schema.org\/BreadcrumbList\"><div class=\"g-breadcrumbs-item\" itemscope itemprop=\"itemListElement\" itemtype=\"http:\/\/schema.org\/ListItem\"><a itemprop=\"item\" href=\"https:\/\/fulbat.com\/fr\/\"><span itemprop=\"name\">HOME<\/span><\/a><meta itemprop=\"position\" content=\"1\"\/><\/div><div class=\"g-breadcrumbs-separator\"><i class=\"far fa-angle-right\"><\/i><\/div><div class=\"g-breadcrumbs-item\">Pages<\/div><\/nav><\/div><\/div><\/div><\/div><\/div><\/section><section class=\"l-section wpb_row us_custom_0728b4ce height_medium\"><div class=\"l-section-h i-cf\"><div class=\"g-cols vc_row via_flex valign_top type_default stacking_default\"><div class=\"vc_col-sm-4 wpb_column vc_column_container\"><div class=\"vc_column-inner\"><div class=\"wpb_wrapper\"><div class=\"w-separator size_small\"><\/div><div class=\"w-slider style_none fit_scaledown\"><div class=\"w-slider-h\"><div class=\"royalSlider\"><div class=\"rsContent\"><a class=\"rsImg\" data-rsw=\"1024\" data-rsh=\"1024\" href=\"https:\/\/fulbat.com\/wp-content\/uploads\/2025\/11\/Fulconnect-1024x1024.png\"><span data-alt=\"\"><\/span><\/a><\/div><div class=\"rsContent\"><a class=\"rsImg\" data-rsw=\"1024\" data-rsh=\"1024\" href=\"https:\/\/fulbat.com\/wp-content\/uploads\/2025\/11\/Fulconnect-colorbox-1024x1024.png\"><span data-alt=\"\"><\/span><\/a><\/div><\/div><img decoding=\"async\" src=\"https:\/\/fulbat.com\/wp-content\/uploads\/2025\/11\/Fulconnect-1024x1024.png\" width=\"1024\" height=\"1024\" alt loading=\"lazy\"><\/div><div class=\"w-slider-json\" onclick='return {&quot;autoScaleSlider&quot;:true,&quot;loop&quot;:true,&quot;fadeInLoadedSlide&quot;:false,&quot;slidesSpacing&quot;:0,&quot;imageScalePadding&quot;:0,&quot;numImagesToPreload&quot;:2,&quot;arrowsNav&quot;:true,&quot;arrowsNavAutoHide&quot;:false,&quot;transitionType&quot;:&quot;move&quot;,&quot;transitionSpeed&quot;:250,&quot;block&quot;:{&quot;moveEffect&quot;:&quot;none&quot;,&quot;speed&quot;:300},&quot;thumbs&quot;:{&quot;fitInViewport&quot;:false},&quot;controlNavigation&quot;:&quot;none&quot;,&quot;imageScaleMode&quot;:&quot;fit-if-smaller&quot;,&quot;autoScaleSliderWidth&quot;:1024,&quot;autoScaleSliderHeight&quot;:1024}'><\/div><\/div><div class=\"w-separator size_small\"><\/div><\/div><\/div><\/div><div class=\"vc_col-sm-8 wpb_column vc_column_container\"><div class=\"vc_column-inner\"><div class=\"wpb_wrapper\"><div class=\"w-separator size_small\"><\/div><div class=\"wpb_text_column\"><div class=\"wpb_wrapper\"><h6>Fulconnect est la solution id\u00e9ale si votre batterie est difficile d&rsquo;acc\u00e8s, cach\u00e9e ou si vous ne pouvez pas utiliser des pinces crocodiles. Branchez simplement les \u0153illets \u00e0 la batterie et connectez la prise \u00e0 votre chargeur. Cet accessoire est compatible avec tout les chargeurs FULBAT (<strong><\/strong><a href=\"https:\/\/fulbat.com\/fr\/chargeur\/chargeur\/fulload-1000\/\"><strong>Fulload 1000 <\/strong><\/a>et <a href=\"https:\/\/fulbat.com\/fr\/chargeur\/chargeur\/fulload-f4\/\"><strong>Fulload F4)<\/strong><\/a><\/h6>\n<\/div><\/div><div class=\"w-separator size_small\"><\/div>[vc_custom_heading text=\u00a0\u00bbSPECIFICATIONS\u00a0\u00bb font_container=\u00a0\u00bbtag:h3|text_align:left\u00a0\u00bb use_theme_fonts=\u00a0\u00bbyes\u00a0\u00bb css=\u00a0\u00bb%7B%22default%22%3A%7B%22border-style%22%3A%22solid%22%2C%22border-bottom-width%22%3A%221px%22%2C%22border-color%22%3A%22%23008a3c%22%7D%7D\u00a0\u00bb]<div class=\"g-cols wpb_row via_flex valign_top type_default stacking_default\"><div class=\"vc_col-sm-6 wpb_column vc_column_container\"><div class=\"vc_column-inner\"><div class=\"wpb_wrapper\"><div class=\"wpb_text_column us_custom_ae99f6aa has_text_color\"><div class=\"wpb_wrapper\"><h6>Longueur du c\u00e2ble :<br \/>\n<strong>600mm<\/strong><\/h6>\n<\/div><\/div><\/div><\/div><\/div><div class=\"vc_col-sm-6 wpb_column vc_column_container\"><div class=\"vc_column-inner\"><div class=\"wpb_wrapper\"><div class=\"wpb_text_column\"><div class=\"wpb_wrapper\"><h6>Dimensions internes des \u0153illets : <strong><br \/>\n6.4mm (M6)<\/strong><\/h6>\n<\/div><\/div><\/div><\/div><\/div><\/div>[vc_custom_heading text=\u00a0\u00bbT\u00c9L\u00c9CHARGEMENT\u00a0\u00bb font_container=\u00a0\u00bbtag:h3|text_align:left\u00a0\u00bb use_theme_fonts=\u00a0\u00bbyes\u00a0\u00bb css=\u00a0\u00bb%7B%22default%22%3A%7B%22border-style%22%3A%22solid%22%2C%22border-bottom-width%22%3A%221px%22%2C%22border-color%22%3A%22%23008a3c%22%7D%7D\u00a0\u00bb]<div class=\"g-cols wpb_row via_flex valign_top type_default stacking_default\"><div class=\"vc_col-sm-6 wpb_column vc_column_container\"><div class=\"vc_column-inner\"><div class=\"wpb_wrapper\"><div class=\"w-html\"><script src=\"https:\/\/cdnc.heyzine.com\/release\/addons.5.min.js\" style=\"display:none;\" onload=\"heyzinea.addons.init();\"><\/script><a href=\"https:\/\/fulbat.aflip.in\/leaflet_testers_accessories\" target=\"_BLANK\" class=\"heyzine-link fp-link\" data-heyzine-open=\"modal\"><img decoding=\"async\" src=\"https:\/\/cdnc.heyzine.com\/flip-book\/cover\/6c4de43903.jpg\" class=\"fp-thumb\" style=\"border: 1px solid lightgray; box-shadow: lightgray 0px 0px 4px 1px; width: 250px;\"><\/a><\/div><div class=\"w-btn-wrapper align_none\"><a class=\"w-btn us-btn-style_10 icon_atleft\" href=\"https:\/\/fulbat.aflip.in\/leaflet_testers_accessories\"><i class=\"fas fa-file-pdf\"><\/i><span class=\"w-btn-label\">Leaflet<\/span><\/a><\/div><div class=\"w-btn-wrapper align_none\"><a class=\"w-btn us-btn-style_10 icon_atleft\" href=\"https:\/\/fulbat.com\/wp-content\/uploads\/2025\/12\/FT_Fulconnect_datasheet_2025-2.pdf\"><i class=\"fas fa-file-pdf\"><\/i><span class=\"w-btn-label\">Fiche technique<\/span><\/a><\/div><\/div><\/div><\/div><div class=\"vc_col-sm-6 wpb_column vc_column_container\"><div class=\"vc_column-inner\"><div class=\"wpb_wrapper\"><\/div><\/div><\/div><\/div><\/div><\/div><\/div><div class=\"vc_col-sm-12 wpb_column vc_column_container\"><div class=\"vc_column-inner\"><div class=\"wpb_wrapper\"><div class=\"wpb_text_column\"><div class=\"wpb_wrapper\"><\/div><\/div>[vc_custom_heading text=\u00a0\u00bbProduits li\u00e9s\u00a0\u00bb font_container=\u00a0\u00bbtag:h3|text_align:left\u00a0\u00bb use_theme_fonts=\u00a0\u00bbyes\u00a0\u00bb css=\u00a0\u00bb%7B%22default%22%3A%7B%22border-style%22%3A%22solid%22%2C%22border-bottom-width%22%3A%221px%22%2C%22border-color%22%3A%22%23008a3c%22%7D%7D\u00a0\u00bb]<div class=\"w-grid type_grid layout_blog_1 cols_4 ratio_16x9\" id=\"us_grid_1\" style=\"--gap:0.5rem;\"><style>@media (max-width:1280px){#us_grid_1 .w-grid-item{width:33.3333%}#us_grid_1 .w-grid-item.size_2x1,#us_grid_1 .w-grid-item.size_2x2{width:66.6667%}}@media (max-width:1024px){#us_grid_1 .w-grid-item{width:50%}#us_grid_1 .w-grid-item.size_2x1,#us_grid_1 .w-grid-item.size_2x2{width:100%}}@media (max-width:600px){#us_grid_1 .w-grid-list{margin:0}#us_grid_1 .w-grid-item{width:100%;padding:0;margin-bottom:var(--gap,0px)}}#us_grid_1 .w-grid-item-h:before{padding-bottom:56.25%}.layout_blog_1 .w-grid-item-h:before{padding-bottom:100%}@media (min-width:601px){.layout_blog_1 .w-grid-item.size_1x2 .w-grid-item-h:before{padding-bottom:calc(200% + var(--gap,0px) * 2)}.layout_blog_1 .w-grid-item.size_2x1 .w-grid-item-h:before{padding-bottom:calc(50% - var(--gap,0px) * 1)}.layout_blog_1 .w-grid-item.size_2x2 .w-grid-item-h:before{padding-bottom:calc(100% - var(--gap,0px) * 0)}}.layout_blog_1 .w-grid-item-h{}.layout_blog_1 .usg_post_image_1{margin-bottom:0.5rem!important}.layout_blog_1 .usg_post_title_1{font-size:1rem!important}@media (min-width:1025px) and (max-width:1280px){.layout_blog_1 .usg_post_image_1{margin-bottom:0.5rem!important}.layout_blog_1 .usg_post_title_1{font-size:1rem!important}}@media (min-width:601px) and (max-width:1024px){.layout_blog_1 .usg_post_image_1{margin-bottom:0.5rem!important}.layout_blog_1 .usg_post_title_1{font-size:1rem!important}}@media (max-width:600px){.layout_blog_1 .usg_post_image_1{margin-bottom:0.5rem!important}.layout_blog_1 .usg_post_title_1{font-size:1rem!important}}<\/style><div class=\"w-grid-list\">\t<article class=\"w-grid-item size_1x1 post-9894 page type-page status-publish has-post-thumbnail hentry\" data-id=\"9894\">\r\n\t\t<div class=\"w-grid-item-h\">\r\n\t\t\t\t\t\t\t<a href=\"https:\/\/fulbat.com\/fr\/chargeur\/chargeur\/fulload-1000\/\" class=\"w-grid-item-anchor\" aria-label=\"Fulload 1000\"><\/a>\r\n\t\t\t\t\t\t<div class=\"w-post-elm post_image usg_post_image_1 stretched\"><a href=\"https:\/\/fulbat.com\/fr\/chargeur\/chargeur\/fulload-1000\/\" aria-label=\"Fulload 1000\"><img loading=\"lazy\" decoding=\"async\" width=\"1024\" height=\"683\" src=\"https:\/\/fulbat.com\/wp-content\/uploads\/2025\/09\/Fulbat_photo_produit-charger.f10001png-1024x683.png\" class=\"attachment-large size-large wp-post-image\" alt=\"Fulbat_photo_produit-charger.f10001png\" srcset=\"https:\/\/fulbat.com\/wp-content\/uploads\/2025\/09\/Fulbat_photo_produit-charger.f10001png-1024x683.png 1024w, https:\/\/fulbat.com\/wp-content\/uploads\/2025\/09\/Fulbat_photo_produit-charger.f10001png-300x200.png 300w, https:\/\/fulbat.com\/wp-content\/uploads\/2025\/09\/Fulbat_photo_produit-charger.f10001png-150x100.png 150w, https:\/\/fulbat.com\/wp-content\/uploads\/2025\/09\/Fulbat_photo_produit-charger.f10001png-432x288.png 432w, https:\/\/fulbat.com\/wp-content\/uploads\/2025\/09\/Fulbat_photo_produit-charger.f10001png-800x533.png 800w, https:\/\/fulbat.com\/wp-content\/uploads\/2025\/09\/Fulbat_photo_produit-charger.f10001png-600x400.png 600w, https:\/\/fulbat.com\/wp-content\/uploads\/2025\/09\/Fulbat_photo_produit-charger.f10001png.png 1200w\" sizes=\"auto, (max-width: 1024px) 100vw, 1024px\" \/><\/a><\/div><h2 class=\"w-post-elm post_title usg_post_title_1 entry-title color_link_inherit\"><a href=\"https:\/\/fulbat.com\/fr\/chargeur\/chargeur\/fulload-1000\/\">Fulload 1000<\/a><\/h2>\t\t<\/div>\r\n\t<\/article>\r\n\t<article class=\"w-grid-item size_1x1 post-9899 page type-page status-publish has-post-thumbnail hentry\" data-id=\"9899\">\r\n\t\t<div class=\"w-grid-item-h\">\r\n\t\t\t\t\t\t\t<a href=\"https:\/\/fulbat.com\/fr\/chargeur\/chargeur\/fulload-f4\/\" class=\"w-grid-item-anchor\" aria-label=\"Fulload F4\"><\/a>\r\n\t\t\t\t\t\t<div class=\"w-post-elm post_image usg_post_image_1 stretched\"><a href=\"https:\/\/fulbat.com\/fr\/chargeur\/chargeur\/fulload-f4\/\" aria-label=\"Fulload F4\"><img loading=\"lazy\" decoding=\"async\" width=\"1024\" height=\"683\" src=\"https:\/\/fulbat.com\/wp-content\/uploads\/2025\/09\/Fulbat_photo_produit-charger1-1024x683.png\" class=\"attachment-large size-large wp-post-image\" alt=\"Fulbat_photo_produit-charger1\" srcset=\"https:\/\/fulbat.com\/wp-content\/uploads\/2025\/09\/Fulbat_photo_produit-charger1-1024x683.png 1024w, https:\/\/fulbat.com\/wp-content\/uploads\/2025\/09\/Fulbat_photo_produit-charger1-300x200.png 300w, https:\/\/fulbat.com\/wp-content\/uploads\/2025\/09\/Fulbat_photo_produit-charger1-150x100.png 150w, https:\/\/fulbat.com\/wp-content\/uploads\/2025\/09\/Fulbat_photo_produit-charger1-432x288.png 432w, https:\/\/fulbat.com\/wp-content\/uploads\/2025\/09\/Fulbat_photo_produit-charger1-800x533.png 800w, https:\/\/fulbat.com\/wp-content\/uploads\/2025\/09\/Fulbat_photo_produit-charger1-600x400.png 600w, https:\/\/fulbat.com\/wp-content\/uploads\/2025\/09\/Fulbat_photo_produit-charger1.png 1200w\" sizes=\"auto, (max-width: 1024px) 100vw, 1024px\" \/><\/a><\/div><h2 class=\"w-post-elm post_title usg_post_title_1 entry-title color_link_inherit\"><a href=\"https:\/\/fulbat.com\/fr\/chargeur\/chargeur\/fulload-f4\/\">Fulload F4<\/a><\/h2>\t\t<\/div>\r\n\t<\/article>\r\n<\/div><div class=\"w-grid-preloader\">\t<div class=\"g-preloader type_1\">\r\n\t\t<div><\/div>\r\n\t<\/div>\r\n\t<\/div>\t<div class=\"w-grid-json hidden\" onclick='return {&quot;action&quot;:&quot;us_ajax_grid&quot;,&quot;ajax_url&quot;:&quot;https:\\\/\\\/fulbat.com\\\/wp-admin\\\/admin-ajax.php&quot;,&quot;infinite_scroll&quot;:0,&quot;max_num_pages&quot;:1,&quot;pagination&quot;:&quot;none&quot;,&quot;template_vars&quot;:{&quot;columns&quot;:&quot;4&quot;,&quot;exclude_items&quot;:&quot;none&quot;,&quot;img_size&quot;:&quot;default&quot;,&quot;ignore_items_size&quot;:0,&quot;items_layout&quot;:&quot;blog_1&quot;,&quot;items_offset&quot;:&quot;1&quot;,&quot;load_animation&quot;:&quot;none&quot;,&quot;overriding_link&quot;:&quot;%7B%22type%22%3A%22post%22%7D&quot;,&quot;post_id&quot;:0,&quot;query_args&quot;:{&quot;ignore_sticky_posts&quot;:1,&quot;post_type&quot;:&quot;any&quot;,&quot;post__in&quot;:[&quot;5544&quot;,&quot;5601&quot;,&quot;5643&quot;,&quot;5661&quot;],&quot;tax_query&quot;:[{&quot;taxonomy&quot;:&quot;product_visibility&quot;,&quot;field&quot;:&quot;slug&quot;,&quot;terms&quot;:[&quot;exclude-from-catalog&quot;],&quot;operator&quot;:&quot;NOT IN&quot;}],&quot;posts_per_page&quot;:&quot;10&quot;},&quot;orderby_query_args&quot;:{&quot;orderby&quot;:{&quot;post__in&quot;:&quot;ASC&quot;},&quot;order&quot;:&quot;ASC&quot;},&quot;type&quot;:&quot;grid&quot;,&quot;us_grid_ajax_index&quot;:1,&quot;us_grid_filter_params&quot;:[],&quot;us_grid_index&quot;:1,&quot;_us_grid_post_type&quot;:&quot;ids&quot;,&quot;page_args&quot;:[],&quot;lang&quot;:&quot;fr&quot;}}'><\/div>\r\n\t<\/div><\/div><\/div><\/div><\/div><\/div><\/section>\n","protected":false},"excerpt":{"rendered":"[vc_custom_heading source=\"post_title\" font_container=\"tag:h1|text_align:left\" use_theme_fonts=\"yes\" css=\"%7B%22default%22%3A%7B%22color%22%3A%22%23ffffff%22%7D%7D\"]ACCUEILPagesLe FULLOAD F4 est un chargeur et mainteneur de batterie intelligent et enti\u00e8rement automatique, con\u00e7u sp\u00e9cialement pour les batteries plomb-acide et lithium de sports motoris\u00e9s. Avec 7 modes s\u00e9lectionnables \u2014 dont un mode Lithium d\u00e9di\u00e9 \u2014 il charge en toute s\u00e9curit\u00e9 les batteries 6V et 12V avec un courant de 2A...","protected":false},"author":1,"featured_media":6126,"parent":9574,"menu_order":0,"comment_status":"closed","ping_status":"closed","template":"","meta":{"footnotes":""},"class_list":["post-9947","page","type-page","status-publish","has-post-thumbnail","hentry"],"yoast_head":"<!-- This site is optimized with the Yoast SEO plugin v26.9 - https:\/\/yoast.com\/product\/yoast-seo-wordpress\/ -->\n<title>Fulconnect - Fulbat<\/title>\n<meta name=\"robots\" content=\"index, follow, max-snippet:-1, max-image-preview:large, max-video-preview:-1\" \/>\n<link rel=\"canonical\" href=\"https:\/\/fulbat.com\/fr\/chargeur\/accessoires\/fulconnect\/\" \/>\n<meta property=\"og:locale\" content=\"fr_FR\" \/>\n<meta property=\"og:type\" content=\"article\" \/>\n<meta property=\"og:title\" content=\"Fulconnect - Fulbat\" \/>\n<meta property=\"og:url\" content=\"https:\/\/fulbat.com\/fr\/chargeur\/accessoires\/fulconnect\/\" \/>\n<meta property=\"og:site_name\" content=\"Fulbat\" \/>\n<meta property=\"article:modified_time\" content=\"2025-12-19T10:58:04+00:00\" \/>\n<meta property=\"og:image\" content=\"https:\/\/fulbat.com\/wp-content\/uploads\/2020\/09\/Fulbat_Fulconnect_battery-0.png\" \/>\n\t<meta property=\"og:image:width\" content=\"400\" \/>\n\t<meta property=\"og:image:height\" content=\"267\" \/>\n\t<meta property=\"og:image:type\" content=\"image\/png\" \/>\n<meta name=\"twitter:card\" content=\"summary_large_image\" \/>\n<meta name=\"twitter:label1\" content=\"Dur\u00e9e de lecture estim\u00e9e\" \/>\n\t<meta name=\"twitter:data1\" content=\"1 minute\" \/>\n<script type=\"application\/ld+json\" class=\"yoast-schema-graph\">{\"@context\":\"https:\/\/schema.org\",\"@graph\":[{\"@type\":\"WebPage\",\"@id\":\"https:\/\/fulbat.com\/fr\/chargeur\/accessoires\/fulconnect\/\",\"url\":\"https:\/\/fulbat.com\/fr\/chargeur\/accessoires\/fulconnect\/\",\"name\":\"Fulconnect - Fulbat\",\"isPartOf\":{\"@id\":\"https:\/\/fulbat.com\/fr\/#website\"},\"primaryImageOfPage\":{\"@id\":\"https:\/\/fulbat.com\/fr\/chargeur\/accessoires\/fulconnect\/#primaryimage\"},\"image\":{\"@id\":\"https:\/\/fulbat.com\/fr\/chargeur\/accessoires\/fulconnect\/#primaryimage\"},\"thumbnailUrl\":\"https:\/\/fulbat.com\/wp-content\/uploads\/2020\/09\/Fulbat_Fulconnect_battery-0.png\",\"datePublished\":\"2021-04-30T12:58:05+00:00\",\"dateModified\":\"2025-12-19T10:58:04+00:00\",\"breadcrumb\":{\"@id\":\"https:\/\/fulbat.com\/fr\/chargeur\/accessoires\/fulconnect\/#breadcrumb\"},\"inLanguage\":\"fr-FR\",\"potentialAction\":[{\"@type\":\"ReadAction\",\"target\":[\"https:\/\/fulbat.com\/fr\/chargeur\/accessoires\/fulconnect\/\"]}]},{\"@type\":\"ImageObject\",\"inLanguage\":\"fr-FR\",\"@id\":\"https:\/\/fulbat.com\/fr\/chargeur\/accessoires\/fulconnect\/#primaryimage\",\"url\":\"https:\/\/fulbat.com\/wp-content\/uploads\/2020\/09\/Fulbat_Fulconnect_battery-0.png\",\"contentUrl\":\"https:\/\/fulbat.com\/wp-content\/uploads\/2020\/09\/Fulbat_Fulconnect_battery-0.png\",\"width\":400,\"height\":267,\"caption\":\"Fulbat_Fulconnect_battery-0\"},{\"@type\":\"BreadcrumbList\",\"@id\":\"https:\/\/fulbat.com\/fr\/chargeur\/accessoires\/fulconnect\/#breadcrumb\",\"itemListElement\":[{\"@type\":\"ListItem\",\"position\":1,\"name\":\"Home\",\"item\":\"https:\/\/fulbat.com\/fr\/\"},{\"@type\":\"ListItem\",\"position\":2,\"name\":\"CHARGEUR\",\"item\":\"https:\/\/fulbat.com\/fr\/chargeur\/\"},{\"@type\":\"ListItem\",\"position\":3,\"name\":\"Accessoires\",\"item\":\"https:\/\/fulbat.com\/fr\/chargeur\/accessoires\/\"},{\"@type\":\"ListItem\",\"position\":4,\"name\":\"Fulconnect\"}]},{\"@type\":\"WebSite\",\"@id\":\"https:\/\/fulbat.com\/fr\/#website\",\"url\":\"https:\/\/fulbat.com\/fr\/\",\"name\":\"Fulbat\",\"description\":\"Qualitative, performing &amp; reliable battery solutions\",\"potentialAction\":[{\"@type\":\"SearchAction\",\"target\":{\"@type\":\"EntryPoint\",\"urlTemplate\":\"https:\/\/fulbat.com\/fr\/?s={search_term_string}\"},\"query-input\":{\"@type\":\"PropertyValueSpecification\",\"valueRequired\":true,\"valueName\":\"search_term_string\"}}],\"inLanguage\":\"fr-FR\"}]}<\/script>\n<!-- \/ Yoast SEO plugin. -->","yoast_head_json":{"title":"Fulconnect - Fulbat","robots":{"index":"index","follow":"follow","max-snippet":"max-snippet:-1","max-image-preview":"max-image-preview:large","max-video-preview":"max-video-preview:-1"},"canonical":"https:\/\/fulbat.com\/fr\/chargeur\/accessoires\/fulconnect\/","og_locale":"fr_FR","og_type":"article","og_title":"Fulconnect - Fulbat","og_url":"https:\/\/fulbat.com\/fr\/chargeur\/accessoires\/fulconnect\/","og_site_name":"Fulbat","article_modified_time":"2025-12-19T10:58:04+00:00","og_image":[{"width":400,"height":267,"url":"https:\/\/fulbat.com\/wp-content\/uploads\/2020\/09\/Fulbat_Fulconnect_battery-0.png","type":"image\/png"}],"twitter_card":"summary_large_image","twitter_misc":{"Dur\u00e9e de lecture estim\u00e9e":"1 minute"},"schema":{"@context":"https:\/\/schema.org","@graph":[{"@type":"WebPage","@id":"https:\/\/fulbat.com\/fr\/chargeur\/accessoires\/fulconnect\/","url":"https:\/\/fulbat.com\/fr\/chargeur\/accessoires\/fulconnect\/","name":"Fulconnect - Fulbat","isPartOf":{"@id":"https:\/\/fulbat.com\/fr\/#website"},"primaryImageOfPage":{"@id":"https:\/\/fulbat.com\/fr\/chargeur\/accessoires\/fulconnect\/#primaryimage"},"image":{"@id":"https:\/\/fulbat.com\/fr\/chargeur\/accessoires\/fulconnect\/#primaryimage"},"thumbnailUrl":"https:\/\/fulbat.com\/wp-content\/uploads\/2020\/09\/Fulbat_Fulconnect_battery-0.png","datePublished":"2021-04-30T12:58:05+00:00","dateModified":"2025-12-19T10:58:04+00:00","breadcrumb":{"@id":"https:\/\/fulbat.com\/fr\/chargeur\/accessoires\/fulconnect\/#breadcrumb"},"inLanguage":"fr-FR","potentialAction":[{"@type":"ReadAction","target":["https:\/\/fulbat.com\/fr\/chargeur\/accessoires\/fulconnect\/"]}]},{"@type":"ImageObject","inLanguage":"fr-FR","@id":"https:\/\/fulbat.com\/fr\/chargeur\/accessoires\/fulconnect\/#primaryimage","url":"https:\/\/fulbat.com\/wp-content\/uploads\/2020\/09\/Fulbat_Fulconnect_battery-0.png","contentUrl":"https:\/\/fulbat.com\/wp-content\/uploads\/2020\/09\/Fulbat_Fulconnect_battery-0.png","width":400,"height":267,"caption":"Fulbat_Fulconnect_battery-0"},{"@type":"BreadcrumbList","@id":"https:\/\/fulbat.com\/fr\/chargeur\/accessoires\/fulconnect\/#breadcrumb","itemListElement":[{"@type":"ListItem","position":1,"name":"Home","item":"https:\/\/fulbat.com\/fr\/"},{"@type":"ListItem","position":2,"name":"CHARGEUR","item":"https:\/\/fulbat.com\/fr\/chargeur\/"},{"@type":"ListItem","position":3,"name":"Accessoires","item":"https:\/\/fulbat.com\/fr\/chargeur\/accessoires\/"},{"@type":"ListItem","position":4,"name":"Fulconnect"}]},{"@type":"WebSite","@id":"https:\/\/fulbat.com\/fr\/#website","url":"https:\/\/fulbat.com\/fr\/","name":"Fulbat","description":"Qualitative, performing &amp; reliable battery solutions","potentialAction":[{"@type":"SearchAction","target":{"@type":"EntryPoint","urlTemplate":"https:\/\/fulbat.com\/fr\/?s={search_term_string}"},"query-input":{"@type":"PropertyValueSpecification","valueRequired":true,"valueName":"search_term_string"}}],"inLanguage":"fr-FR"}]}},"_links":{"self":[{"href":"https:\/\/fulbat.com\/fr\/wp-json\/wp\/v2\/pages\/9947","targetHints":{"allow":["GET"]}}],"collection":[{"href":"https:\/\/fulbat.com\/fr\/wp-json\/wp\/v2\/pages"}],"about":[{"href":"https:\/\/fulbat.com\/fr\/wp-json\/wp\/v2\/types\/page"}],"author":[{"embeddable":true,"href":"https:\/\/fulbat.com\/fr\/wp-json\/wp\/v2\/users\/1"}],"replies":[{"embeddable":true,"href":"https:\/\/fulbat.com\/fr\/wp-json\/wp\/v2\/comments?post=9947"}],"version-history":[{"count":24,"href":"https:\/\/fulbat.com\/fr\/wp-json\/wp\/v2\/pages\/9947\/revisions"}],"predecessor-version":[{"id":39166,"href":"https:\/\/fulbat.com\/fr\/wp-json\/wp\/v2\/pages\/9947\/revisions\/39166"}],"up":[{"embeddable":true,"href":"https:\/\/fulbat.com\/fr\/wp-json\/wp\/v2\/pages\/9574"}],"wp:featuredmedia":[{"embeddable":true,"href":"https:\/\/fulbat.com\/fr\/wp-json\/wp\/v2\/media\/6126"}],"wp:attachment":[{"href":"https:\/\/fulbat.com\/fr\/wp-json\/wp\/v2\/media?parent=9947"}],"curies":[{"name":"wp","href":"https:\/\/api.w.org\/{rel}","templated":true}]}}